{"id":13978,"date":"2025-07-23T15:34:45","date_gmt":"2025-07-23T07:34:45","guid":{"rendered":"https:\/\/k-level.com\/?post_type=product&#038;p=13978"},"modified":"2025-07-23T15:35:24","modified_gmt":"2025-07-23T07:35:24","slug":"wysokiej-jakosci-statyw-do-poziomicy-laserowej","status":"publish","type":"product","link":"https:\/\/k-level.com\/pl\/produkt\/wysokiej-jakosci-statyw-do-poziomicy-laserowej\/","title":{"rendered":"Wysokiej jako\u015bci statyw do poziomicy laserowej"},"content":{"rendered":"<p>Seria statyw\u00f3w do poziomic laserowych wysokiej jako\u015bci <a href=\"https:\/\/k-level.com\/pl\/o-nas\/\">Poziom K<\/a> Zapewnia precyzj\u0119, trwa\u0142o\u015b\u0107 i stabilno\u015b\u0107 w profesjonalnych zastosowaniach geodezyjnych i budowlanych. Zaprojektowane z my\u015bl\u0105 o wymagaj\u0105cych warunkach.<\/p>\n<p>Ten <a href=\"https:\/\/k-level.com\/pl\/o-nas\/\">Czarny statyw do poziomicy laserowej<\/a> wykonany jest z wysokiej jako\u015bci tlenku aluminium (A), co zapewnia lekko\u015b\u0107, wytrzyma\u0142o\u015b\u0107 i odporno\u015b\u0107 na korozj\u0119.<\/p>\n<p><img fetchpriority=\"high\" decoding=\"async\" class=\"size-medium wp-image-13980 aligncenter\" src=\"https:\/\/k-level.com\/wp-content\/uploads\/2025\/07\/B3160HP2-2-300x300.jpg\" alt=\"Wysokiej jako\u015bci statyw do poziomicy laserowej\" width=\"300\" height=\"300\" srcset=\"https:\/\/k-level.com\/wp-content\/uploads\/2025\/07\/B3160HP2-2-300x300.jpg 300w, https:\/\/k-level.com\/wp-content\/uploads\/2025\/07\/B3160HP2-2-150x150.jpg 150w, https:\/\/k-level.com\/wp-content\/uploads\/2025\/07\/B3160HP2-2-768x768.jpg 768w, https:\/\/k-level.com\/wp-content\/uploads\/2025\/07\/B3160HP2-2-12x12.jpg 12w, https:\/\/k-level.com\/wp-content\/uploads\/2025\/07\/B3160HP2-2-370x370.jpg 370w, https:\/\/k-level.com\/wp-content\/uploads\/2025\/07\/B3160HP2-2-400x400.jpg 400w, https:\/\/k-level.com\/wp-content\/uploads\/2025\/07\/B3160HP2-2-100x100.jpg 100w, https:\/\/k-level.com\/wp-content\/uploads\/2025\/07\/B3160HP2-2-50x50.jpg 50w, https:\/\/k-level.com\/wp-content\/uploads\/2025\/07\/B3160HP2-2.jpg 800w\" sizes=\"(max-width: 300px) 100vw, 300px\" \/><\/p>\n<p><a href=\"https:\/\/k-level.com\/pl\/o-nas\/\">Wysokiej jako\u015bci statyw do poziomicy laserowej<\/a> Seria 3<br \/>\nBA3-045HP: 0,45 metra, z g\u0142owic\u0105 plastikow\u0105 5\/8\u2033-11<br \/>\nBA3-120HP: 1,20 metra, z g\u0142owic\u0105 plastikow\u0105 5\/8\u2033-11<br \/>\nBA3-160HP: 1,60 metra, z g\u0142owic\u0105 plastikow\u0105 5\/8\u2033-11<br \/>\nBA3-180HB: 1,80 metra, z du\u017c\u0105 okr\u0105g\u0142\u0105 g\u0142owic\u0105 5\/8\u2033-11<br \/>\nBA3-200HB: 2,00 m, z du\u017c\u0105 okr\u0105g\u0142\u0105 g\u0142owic\u0105 5\/8\u2033-11<br \/>\nBA3-300HA: 3,00 m, z g\u0142owic\u0105 aluminiow\u0105 5\/8\u2033-11<\/p>\n<p><img decoding=\"async\" class=\"size-medium wp-image-13982 aligncenter\" src=\"https:\/\/k-level.com\/wp-content\/uploads\/2025\/07\/B3160HP5-300x300.jpg\" alt=\"Wysokiej jako\u015bci statyw do poziomicy laserowej\" width=\"300\" height=\"300\" srcset=\"https:\/\/k-level.com\/wp-content\/uploads\/2025\/07\/B3160HP5-300x300.jpg 300w, https:\/\/k-level.com\/wp-content\/uploads\/2025\/07\/B3160HP5-150x150.jpg 150w, https:\/\/k-level.com\/wp-content\/uploads\/2025\/07\/B3160HP5-768x768.jpg 768w, https:\/\/k-level.com\/wp-content\/uploads\/2025\/07\/B3160HP5-12x12.jpg 12w, https:\/\/k-level.com\/wp-content\/uploads\/2025\/07\/B3160HP5-370x370.jpg 370w, https:\/\/k-level.com\/wp-content\/uploads\/2025\/07\/B3160HP5-400x400.jpg 400w, https:\/\/k-level.com\/wp-content\/uploads\/2025\/07\/B3160HP5-100x100.jpg 100w, https:\/\/k-level.com\/wp-content\/uploads\/2025\/07\/B3160HP5-50x50.jpg 50w, https:\/\/k-level.com\/wp-content\/uploads\/2025\/07\/B3160HP5.jpg 800w\" sizes=\"(max-width: 300px) 100vw, 300px\" \/><\/p>\n<p>Potrzebujesz rozwi\u0105zania?<\/p>\n<p>K-level oferuje us\u0142ugi konsultingowe w zakresie sprz\u0119tu geodezyjnego. Skontaktuj si\u0119 z nami w sprawie zam\u00f3wie\u0144 hurtowych lub wsparcia technicznego!<\/p>","protected":false},"excerpt":{"rendered":"<ul>\n<li>Niezale\u017cnie od tego, czy potrzebujesz wysokiej jako\u015bci statywu do poziomowania laserowego do ustawiania wind, planowania budowy czy pomiar\u00f3w geodezyjnych,<\/li>\n<li>lub wytrzyma\u0142y statyw z laserem Black Elevator do ci\u0119\u017ckich zastosowa\u0144<\/li>\n<li>Seria BA3 oferuje niezawodno\u015b\u0107 i precyzj\u0119 w ka\u017cdym modelu.<\/li>\n<\/ul>\n<p><img decoding=\"async\" class=\"alignnone size-medium wp-image-13646\" src=\"https:\/\/k-level.com\/wp-content\/uploads\/2025\/05\/logo-300x98.png\" alt=\"\" width=\"300\" height=\"98\" srcset=\"https:\/\/k-level.com\/wp-content\/uploads\/2025\/05\/logo-300x98.png 300w, https:\/\/k-level.com\/wp-content\/uploads\/2025\/05\/logo-18x6.png 18w, https:\/\/k-level.com\/wp-content\/uploads\/2025\/05\/logo.png 307w\" sizes=\"(max-width: 300px) 100vw, 300px\" \/><\/p>","protected":false},"featured_media":13982,"comment_status":"open","ping_status":"closed","template":"","meta":[],"product_brand":[],"product_cat":[263],"product_tag":[238],"class_list":{"0":"post-13978","1":"product","2":"type-product","3":"status-publish","4":"has-post-thumbnail","6":"product_cat-laser-level-tripod","7":"product_tag-carpentry-and-furniture","9":"first","10":"instock","11":"shipping-taxable","12":"product-type-simple"},"_links":{"self":[{"href":"https:\/\/k-level.com\/pl\/wp-json\/wp\/v2\/product\/13978","targetHints":{"allow":["GET"]}}],"collection":[{"href":"https:\/\/k-level.com\/pl\/wp-json\/wp\/v2\/product"}],"about":[{"href":"https:\/\/k-level.com\/pl\/wp-json\/wp\/v2\/types\/product"}],"replies":[{"embeddable":true,"href":"https:\/\/k-level.com\/pl\/wp-json\/wp\/v2\/comments?post=13978"}],"version-history":[{"count":2,"href":"https:\/\/k-level.com\/pl\/wp-json\/wp\/v2\/product\/13978\/revisions"}],"predecessor-version":[{"id":13985,"href":"https:\/\/k-level.com\/pl\/wp-json\/wp\/v2\/product\/13978\/revisions\/13985"}],"wp:featuredmedia":[{"embeddable":true,"href":"https:\/\/k-level.com\/pl\/wp-json\/wp\/v2\/media\/13982"}],"wp:attachment":[{"href":"https:\/\/k-level.com\/pl\/wp-json\/wp\/v2\/media?parent=13978"}],"wp:term":[{"taxonomy":"product_brand","embeddable":true,"href":"https:\/\/k-level.com\/pl\/wp-json\/wp\/v2\/product_brand?post=13978"},{"taxonomy":"product_cat","embeddable":true,"href":"https:\/\/k-level.com\/pl\/wp-json\/wp\/v2\/product_cat?post=13978"},{"taxonomy":"product_tag","embeddable":true,"href":"https:\/\/k-level.com\/pl\/wp-json\/wp\/v2\/product_tag?post=13978"}],"curies":[{"name":"wp","href":"https:\/\/api.w.org\/{rel}","templated":true}]}}