{"id":13891,"date":"2025-07-21T11:23:25","date_gmt":"2025-07-21T03:23:25","guid":{"rendered":"https:\/\/k-level.com\/?post_type=product&#038;p=13891"},"modified":"2025-07-21T11:23:25","modified_gmt":"2025-07-21T03:23:25","slug":"personel-laserowy-lr350-2t-2q","status":"publish","type":"product","link":"https:\/\/k-level.com\/pl\/produkt\/personel-laserowy-lr350-2t-2q\/","title":{"rendered":"Laska laserowa LR350-2T\/2Q"},"content":{"rendered":"<p><strong>Laska laserowa LR350-2T\/2Q firmy K-level<\/strong><\/p>\n<p>Poziom K wprowadza <a href=\"https:\/\/k-level.com\/pl\/skontaktuj-sie-z-nami\/\">Kij laserowy LR350-2T\/2Q,<\/a> premia <a href=\"https:\/\/k-level.com\/pl\/skontaktuj-sie-z-nami\/\">Teleskopowa aluminiowa \u0142ata poziomuj\u0105ca<\/a> Zaprojektowane do profesjonalnych zastosowa\u0144 geodezyjnych i budowlanych.<\/p>\n<p>Dost\u0119pny w dw\u00f3ch wariantach blokowania \u2014 LR350-2T (blokada obrotowa) i LR350-2Q (blokada szybka) \u2014 <a href=\"https:\/\/k-level.com\/pl\/skontaktuj-sie-z-nami\/\">Laski poziomuj\u0105ce<\/a> Rozwi\u0105zanie to zapewnia wszechstronno\u015b\u0107 i niezawodno\u015b\u0107 precyzyjnych pomiar\u00f3w wysoko\u015bci.<\/p>\n<p><img fetchpriority=\"high\" decoding=\"async\" class=\"aligncenter wp-image-13882 size-medium\" src=\"https:\/\/k-level.com\/wp-content\/uploads\/2025\/07\/IMG_8243_\u526f\u672c-300x300.png\" alt=\"Teleskopowa aluminiowa \u0142ata poziomuj\u0105ca\" width=\"300\" height=\"300\" srcset=\"https:\/\/k-level.com\/wp-content\/uploads\/2025\/07\/IMG_8243_\u526f\u672c-300x300.png 300w, https:\/\/k-level.com\/wp-content\/uploads\/2025\/07\/IMG_8243_\u526f\u672c-150x150.png 150w, https:\/\/k-level.com\/wp-content\/uploads\/2025\/07\/IMG_8243_\u526f\u672c-768x768.png 768w, https:\/\/k-level.com\/wp-content\/uploads\/2025\/07\/IMG_8243_\u526f\u672c-12x12.png 12w, https:\/\/k-level.com\/wp-content\/uploads\/2025\/07\/IMG_8243_\u526f\u672c-370x370.png 370w, https:\/\/k-level.com\/wp-content\/uploads\/2025\/07\/IMG_8243_\u526f\u672c-400x400.png 400w, https:\/\/k-level.com\/wp-content\/uploads\/2025\/07\/IMG_8243_\u526f\u672c-100x100.png 100w, https:\/\/k-level.com\/wp-content\/uploads\/2025\/07\/IMG_8243_\u526f\u672c-50x50.png 50w, https:\/\/k-level.com\/wp-content\/uploads\/2025\/07\/IMG_8243_\u526f\u672c.png 800w\" sizes=\"(max-width: 300px) 100vw, 300px\" \/><\/p>\n<p>Rozszerz sw\u00f3j zestaw narz\u0119dzi o teleskopow\u0105 aluminiow\u0105 \u0142at\u0119 niwelacyjn\u0105 LR350-2T\/2Q firmy K-level. To najlepsze \u0142aty niwelacyjne do pomiar\u00f3w geodezyjnych, zapewniaj\u0105ce niezr\u00f3wnan\u0105 dok\u0142adno\u015b\u0107 i trwa\u0142o\u015b\u0107.<\/p>\n<p>Potrzebujesz rozwi\u0105zania?<\/p>\n<p>K-level oferuje us\u0142ugi konsultingowe w zakresie sprz\u0119tu geodezyjnego. Skontaktuj si\u0119 z nami w sprawie zam\u00f3wie\u0144 hurtowych lub wsparcia technicznego!<\/p>","protected":false},"excerpt":{"rendered":"<ul>\n<li style=\"text-align: left;\">Teleskopowa aluminiowa \u0142ata poziomuj\u0105ca p\u0142ynnie rozci\u0105ga si\u0119 do 3,5 m<\/li>\n<li style=\"text-align: left;\">zwi\u0119kszenie efektywno\u015bci pomiar\u00f3w w pracach geodezyjnych i budowlanych.<\/li>\n<\/ul>\n<p><img decoding=\"async\" class=\"alignnone size-medium wp-image-13646\" src=\"https:\/\/k-level.com\/wp-content\/uploads\/2025\/05\/logo-300x98.png\" alt=\"\" width=\"300\" height=\"98\" srcset=\"https:\/\/k-level.com\/wp-content\/uploads\/2025\/05\/logo-300x98.png 300w, https:\/\/k-level.com\/wp-content\/uploads\/2025\/05\/logo-18x6.png 18w, https:\/\/k-level.com\/wp-content\/uploads\/2025\/05\/logo.png 307w\" sizes=\"(max-width: 300px) 100vw, 300px\" \/><\/p>","protected":false},"featured_media":13882,"comment_status":"open","ping_status":"closed","template":"","meta":[],"product_brand":[],"product_cat":[249],"product_tag":[237],"class_list":{"0":"post-13891","1":"product","2":"type-product","3":"status-publish","4":"has-post-thumbnail","6":"product_cat-laser-staff","7":"product_tag-professional-engineering","9":"first","10":"instock","11":"shipping-taxable","12":"product-type-simple"},"_links":{"self":[{"href":"https:\/\/k-level.com\/pl\/wp-json\/wp\/v2\/product\/13891","targetHints":{"allow":["GET"]}}],"collection":[{"href":"https:\/\/k-level.com\/pl\/wp-json\/wp\/v2\/product"}],"about":[{"href":"https:\/\/k-level.com\/pl\/wp-json\/wp\/v2\/types\/product"}],"replies":[{"embeddable":true,"href":"https:\/\/k-level.com\/pl\/wp-json\/wp\/v2\/comments?post=13891"}],"version-history":[{"count":2,"href":"https:\/\/k-level.com\/pl\/wp-json\/wp\/v2\/product\/13891\/revisions"}],"predecessor-version":[{"id":13893,"href":"https:\/\/k-level.com\/pl\/wp-json\/wp\/v2\/product\/13891\/revisions\/13893"}],"wp:featuredmedia":[{"embeddable":true,"href":"https:\/\/k-level.com\/pl\/wp-json\/wp\/v2\/media\/13882"}],"wp:attachment":[{"href":"https:\/\/k-level.com\/pl\/wp-json\/wp\/v2\/media?parent=13891"}],"wp:term":[{"taxonomy":"product_brand","embeddable":true,"href":"https:\/\/k-level.com\/pl\/wp-json\/wp\/v2\/product_brand?post=13891"},{"taxonomy":"product_cat","embeddable":true,"href":"https:\/\/k-level.com\/pl\/wp-json\/wp\/v2\/product_cat?post=13891"},{"taxonomy":"product_tag","embeddable":true,"href":"https:\/\/k-level.com\/pl\/wp-json\/wp\/v2\/product_tag?post=13891"}],"curies":[{"name":"wp","href":"https:\/\/api.w.org\/{rel}","templated":true}]}}