{"id":13883,"date":"2025-07-21T11:04:32","date_gmt":"2025-07-21T03:04:32","guid":{"rendered":"https:\/\/k-level.com\/?post_type=product&#038;p=13883"},"modified":"2025-07-21T11:04:51","modified_gmt":"2025-07-21T03:04:51","slug":"personel-laserowy-lr240-2t-2q","status":"publish","type":"product","link":"https:\/\/k-level.com\/pl\/produkt\/personel-laserowy-lr240-2t-2q\/","title":{"rendered":"Laska laserowa LR240-2T\/2Q"},"content":{"rendered":"<p>Firma K-level prezentuje LR240-2T\/2Q Laser Staff, wysokowydajny <a href=\"https:\/\/k-level.com\/pl\/sklep\/\">Personel pomiarowy laserowy<\/a> Zaprojektowane z my\u015bl\u0105 o zapewnieniu precyzji i wydajno\u015bci w zastosowaniach budowlanych, geodezyjnych i in\u017cynieryjnych.<\/p>\n<p>Ten poziomicowy przyrz\u0105d do poziomowania laserowego jest dost\u0119pny w dw\u00f3ch modelach \u2014 LR240-2T Laser Staff (blokada obrotowa) i LR240-2Q Laser Staff (blokada szybka) \u2014 zapewniaj\u0105c elastyczno\u015b\u0107 w zale\u017cno\u015bci od preferencji u\u017cytkownika.<\/p>\n<p>Niezale\u017cnie od tego, czy potrzebujesz wersji Twist Lock (LR240-2T), czy Quick Lock (LR240-2Q), K-level <a href=\"https:\/\/k-level.com\/pl\/\">Personel pomiarowy laserowy<\/a> zapewnia profesjonalistom niezr\u00f3wnan\u0105 precyzj\u0119 i wygod\u0119.<br \/>\nUzupe\u0142nij sw\u00f3j zestaw narz\u0119dzi o ten wysokiej jako\u015bci dr\u0105\u017cek do poziomicy laserowej ju\u017c dzi\u015b!<\/p>\n<p><img fetchpriority=\"high\" decoding=\"async\" class=\"aligncenter wp-image-13886 size-medium\" src=\"https:\/\/k-level.com\/wp-content\/uploads\/2025\/07\/01-4-300x300.jpg\" alt=\"Personel pomiarowy laserowy\" width=\"300\" height=\"300\" srcset=\"https:\/\/k-level.com\/wp-content\/uploads\/2025\/07\/01-4-300x300.jpg 300w, https:\/\/k-level.com\/wp-content\/uploads\/2025\/07\/01-4-150x150.jpg 150w, https:\/\/k-level.com\/wp-content\/uploads\/2025\/07\/01-4-768x768.jpg 768w, https:\/\/k-level.com\/wp-content\/uploads\/2025\/07\/01-4-12x12.jpg 12w, https:\/\/k-level.com\/wp-content\/uploads\/2025\/07\/01-4-370x370.jpg 370w, https:\/\/k-level.com\/wp-content\/uploads\/2025\/07\/01-4-400x400.jpg 400w, https:\/\/k-level.com\/wp-content\/uploads\/2025\/07\/01-4-100x100.jpg 100w, https:\/\/k-level.com\/wp-content\/uploads\/2025\/07\/01-4-50x50.jpg 50w, https:\/\/k-level.com\/wp-content\/uploads\/2025\/07\/01-4.jpg 800w\" sizes=\"(max-width: 300px) 100vw, 300px\" \/><\/p>\n<p>Potrzebujesz rozwi\u0105zania?<\/p>\n<p><a href=\"https:\/\/k-level.com\/pl\/sklep\/\">Poziom K<\/a>\u00a0Oferujemy us\u0142ugi konsultingowe w zakresie sprz\u0119tu geodezyjnego. Skontaktuj si\u0119 z nami w sprawie zam\u00f3wie\u0144 hurtowych lub wsparcia technicznego!<\/p>","protected":false},"excerpt":{"rendered":"<ul>\n<li>Kij laserowy LR240-2T\/2Q Wystarczy przesun\u0105\u0107, aby dostosowa\u0107 i przyspieszy\u0107<\/li>\n<li>LR240-2T\/2Q Laser Staff zapewnia dok\u0142adniejsze pomiary.<\/li>\n<\/ul>\n<p><img decoding=\"async\" class=\"alignnone size-medium wp-image-13646\" src=\"https:\/\/k-level.com\/wp-content\/uploads\/2025\/05\/logo-300x98.png\" alt=\"\" width=\"300\" height=\"98\" srcset=\"https:\/\/k-level.com\/wp-content\/uploads\/2025\/05\/logo-300x98.png 300w, https:\/\/k-level.com\/wp-content\/uploads\/2025\/05\/logo-18x6.png 18w, https:\/\/k-level.com\/wp-content\/uploads\/2025\/05\/logo.png 307w\" sizes=\"(max-width: 300px) 100vw, 300px\" \/><\/p>","protected":false},"featured_media":13885,"comment_status":"open","ping_status":"closed","template":"","meta":[],"product_brand":[],"product_cat":[249],"product_tag":[237],"class_list":{"0":"post-13883","1":"product","2":"type-product","3":"status-publish","4":"has-post-thumbnail","6":"product_cat-laser-staff","7":"product_tag-professional-engineering","9":"first","10":"instock","11":"shipping-taxable","12":"product-type-simple"},"_links":{"self":[{"href":"https:\/\/k-level.com\/pl\/wp-json\/wp\/v2\/product\/13883","targetHints":{"allow":["GET"]}}],"collection":[{"href":"https:\/\/k-level.com\/pl\/wp-json\/wp\/v2\/product"}],"about":[{"href":"https:\/\/k-level.com\/pl\/wp-json\/wp\/v2\/types\/product"}],"replies":[{"embeddable":true,"href":"https:\/\/k-level.com\/pl\/wp-json\/wp\/v2\/comments?post=13883"}],"version-history":[{"count":2,"href":"https:\/\/k-level.com\/pl\/wp-json\/wp\/v2\/product\/13883\/revisions"}],"predecessor-version":[{"id":13890,"href":"https:\/\/k-level.com\/pl\/wp-json\/wp\/v2\/product\/13883\/revisions\/13890"}],"wp:featuredmedia":[{"embeddable":true,"href":"https:\/\/k-level.com\/pl\/wp-json\/wp\/v2\/media\/13885"}],"wp:attachment":[{"href":"https:\/\/k-level.com\/pl\/wp-json\/wp\/v2\/media?parent=13883"}],"wp:term":[{"taxonomy":"product_brand","embeddable":true,"href":"https:\/\/k-level.com\/pl\/wp-json\/wp\/v2\/product_brand?post=13883"},{"taxonomy":"product_cat","embeddable":true,"href":"https:\/\/k-level.com\/pl\/wp-json\/wp\/v2\/product_cat?post=13883"},{"taxonomy":"product_tag","embeddable":true,"href":"https:\/\/k-level.com\/pl\/wp-json\/wp\/v2\/product_tag?post=13883"}],"curies":[{"name":"wp","href":"https:\/\/api.w.org\/{rel}","templated":true}]}}