{"id":13870,"date":"2025-07-18T17:25:28","date_gmt":"2025-07-18T09:25:28","guid":{"rendered":"https:\/\/k-level.com\/?post_type=product&#038;p=13870"},"modified":"2025-07-25T09:39:30","modified_gmt":"2025-07-25T01:39:30","slug":"l8s8-35-personel-poziomujacy","status":"publish","type":"product","link":"https:\/\/k-level.com\/pl\/produkt\/l8s8-35-personel-poziomujacy\/","title":{"rendered":"\u0141ata poziomuj\u0105ca L8S8-35"},"content":{"rendered":"<p>\u0141ata niwelacyjna L8S8-35 firmy K-level, doskona\u0142y wyb\u00f3r dla profesjonalist\u00f3w z bran\u017cy geodezyjnej. Ta wszechstronna <a href=\"https:\/\/k-level.com\/pl\/o-nas\/\">tyczka do poziomicy laserowej<\/a> Zosta\u0142 zaprojektowany, aby sprosta\u0107 r\u00f3\u017cnorodnym potrzebom geodezyjnym, \u0142\u0105cz\u0105c dok\u0142adno\u015b\u0107, trwa\u0142o\u015b\u0107 i \u0142atwo\u015b\u0107 obs\u0142ugi. Nasz zesp\u00f3\u0142 geodet\u00f3w oferuje ten wyj\u0105tkowy model, starannie wykonany, aby ulepszy\u0107 Twoje do\u015bwiadczenie geodezyjne.<\/p>\n<p>\u0141ata niwelacyjna L8S8-35 oferuje wyb\u00f3r skal pomiarowych, pozwalaj\u0105c u\u017cytkownikom wybiera\u0107 mi\u0119dzy stopami\/dziesi\u0105tymi a stopami\/calami. Wykonana z lekkiego, a zarazem wytrzyma\u0142ego stopu aluminium, ta prostok\u0105tna \u0142ata niwelacyjna jest zaprojektowana tak, aby sprosta\u0107 trudom prac terenowych. Skala z ty\u0142u u\u0142atwia odczyt wysoko\u015bci ca\u0142kowitej, umo\u017cliwiaj\u0105c geodetom szybkie i dok\u0142adne pomiary.<\/p>\n<p><img fetchpriority=\"high\" decoding=\"async\" class=\"aligncenter wp-image-13871 size-medium\" src=\"https:\/\/k-level.com\/wp-content\/uploads\/2025\/07\/L8S8-351-300x300.jpg\" alt=\"tyczka do poziomicy laserowej\" width=\"300\" height=\"300\" srcset=\"https:\/\/k-level.com\/wp-content\/uploads\/2025\/07\/L8S8-351-300x300.jpg 300w, https:\/\/k-level.com\/wp-content\/uploads\/2025\/07\/L8S8-351-150x150.jpg 150w, https:\/\/k-level.com\/wp-content\/uploads\/2025\/07\/L8S8-351-768x768.jpg 768w, https:\/\/k-level.com\/wp-content\/uploads\/2025\/07\/L8S8-351-12x12.jpg 12w, https:\/\/k-level.com\/wp-content\/uploads\/2025\/07\/L8S8-351-370x370.jpg 370w, https:\/\/k-level.com\/wp-content\/uploads\/2025\/07\/L8S8-351-400x400.jpg 400w, https:\/\/k-level.com\/wp-content\/uploads\/2025\/07\/L8S8-351-100x100.jpg 100w, https:\/\/k-level.com\/wp-content\/uploads\/2025\/07\/L8S8-351-50x50.jpg 50w, https:\/\/k-level.com\/wp-content\/uploads\/2025\/07\/L8S8-351.jpg 800w\" sizes=\"(max-width: 300px) 100vw, 300px\" \/><\/p>\n<p>Z czterema regulowanymi sekcjami i bezpiecznym przyciskiem blokuj\u0105cym,<a href=\"https:\/\/k-level.com\/pl\/o-nas\/\"> Poziomica laserowa L8S8-35<\/a> Zapewnia elastyczno\u015b\u0107 i stabilno\u015b\u0107 podczas u\u017cytkowania. Jest r\u00f3wnie\u017c wodoodporny i odporny na korozj\u0119, dzi\u0119ki czemu idealnie sprawdza si\u0119 w r\u00f3\u017cnych warunkach pogodowych. Aby u\u0142atwi\u0107 przenoszenie, \u0142ata niwelacyjna jest dostarczana z wygodn\u0105 torb\u0105 transportow\u0105, umo\u017cliwiaj\u0105c\u0105 geodetom \u0142atwe przenoszenie jej z jednego miejsca pracy na drugie.<\/p>\n<p>Potrzebujesz rozwi\u0105zania?<\/p>\n<p>K-level oferuje us\u0142ugi konsultingowe w zakresie sprz\u0119tu geodezyjnego. Skontaktuj si\u0119 z nami w sprawie zam\u00f3wie\u0144 hurtowych lub wsparcia technicznego!<\/p>\n<p>&nbsp;<\/p>","protected":false},"excerpt":{"rendered":"<ul>\n<li>Firma K-level gwarantuje, \u017ce ka\u017cdy dr\u0105\u017cek poziomicy laserowej jest zaprojektowany z my\u015bl\u0105 o precyzji i niezawodno\u015bci<\/li>\n<li>co czyni go cennym uzupe\u0142nieniem ka\u017cdego zestawu narz\u0119dzi geodezyjnych.<\/li>\n<li>Nasz personel geodet\u00f3w na sprzeda\u017c, w tym L8S8-35, jest idealny zar\u00f3wno dla do\u015bwiadczonych profesjonalist\u00f3w, jak i nowicjuszy w tej dziedzinie<\/li>\n<\/ul>\n<p><img decoding=\"async\" class=\"alignnone size-medium wp-image-13646\" src=\"https:\/\/k-level.com\/wp-content\/uploads\/2025\/05\/logo-300x98.png\" alt=\"\" width=\"300\" height=\"98\" srcset=\"https:\/\/k-level.com\/wp-content\/uploads\/2025\/05\/logo-300x98.png 300w, https:\/\/k-level.com\/wp-content\/uploads\/2025\/05\/logo-18x6.png 18w, https:\/\/k-level.com\/wp-content\/uploads\/2025\/05\/logo.png 307w\" sizes=\"(max-width: 300px) 100vw, 300px\" \/><\/p>","protected":false},"featured_media":13875,"comment_status":"open","ping_status":"closed","template":"","meta":[],"product_brand":[],"product_cat":[248],"product_tag":[237],"class_list":{"0":"post-13870","1":"product","2":"type-product","3":"status-publish","4":"has-post-thumbnail","6":"product_cat-leveling-staff","7":"product_tag-professional-engineering","9":"first","10":"instock","11":"shipping-taxable","12":"product-type-simple"},"_links":{"self":[{"href":"https:\/\/k-level.com\/pl\/wp-json\/wp\/v2\/product\/13870","targetHints":{"allow":["GET"]}}],"collection":[{"href":"https:\/\/k-level.com\/pl\/wp-json\/wp\/v2\/product"}],"about":[{"href":"https:\/\/k-level.com\/pl\/wp-json\/wp\/v2\/types\/product"}],"replies":[{"embeddable":true,"href":"https:\/\/k-level.com\/pl\/wp-json\/wp\/v2\/comments?post=13870"}],"version-history":[{"count":2,"href":"https:\/\/k-level.com\/pl\/wp-json\/wp\/v2\/product\/13870\/revisions"}],"predecessor-version":[{"id":13877,"href":"https:\/\/k-level.com\/pl\/wp-json\/wp\/v2\/product\/13870\/revisions\/13877"}],"wp:featuredmedia":[{"embeddable":true,"href":"https:\/\/k-level.com\/pl\/wp-json\/wp\/v2\/media\/13875"}],"wp:attachment":[{"href":"https:\/\/k-level.com\/pl\/wp-json\/wp\/v2\/media?parent=13870"}],"wp:term":[{"taxonomy":"product_brand","embeddable":true,"href":"https:\/\/k-level.com\/pl\/wp-json\/wp\/v2\/product_brand?post=13870"},{"taxonomy":"product_cat","embeddable":true,"href":"https:\/\/k-level.com\/pl\/wp-json\/wp\/v2\/product_cat?post=13870"},{"taxonomy":"product_tag","embeddable":true,"href":"https:\/\/k-level.com\/pl\/wp-json\/wp\/v2\/product_tag?post=13870"}],"curies":[{"name":"wp","href":"https:\/\/api.w.org\/{rel}","templated":true}]}}