{"id":13853,"date":"2025-07-17T17:48:15","date_gmt":"2025-07-17T09:48:15","guid":{"rendered":"https:\/\/k-level.com\/?post_type=product&#038;p=13853"},"modified":"2025-07-21T17:48:11","modified_gmt":"2025-07-21T09:48:11","slug":"slupek-podtrzymujacy-szafke-cs100","status":"publish","type":"product","link":"https:\/\/k-level.com\/pl\/produkt\/slupek-podtrzymujacy-szafke-cs100\/","title":{"rendered":"S\u0142upek podtrzymuj\u0105cy szafk\u0119 CS100"},"content":{"rendered":"<p>S\u0142upek podporowy do szafek CS100 \u2013 niezb\u0119dny, regulowany s\u0142upek podporowy do szafek, zaprojektowany z my\u015bl\u0105 o zrewolucjonizowaniu kolekcji narz\u0119dzi do monta\u017cu szafek. Zaprojektowany z my\u015bl\u0105 o wzmocnionej stabilno\u015bci i inteligentnych funkcjach, ten s\u0142upek podporowy zapewnia niezr\u00f3wnane wsparcie podczas monta\u017cu szafek kuchennych i \u0142azienkowych.<\/p>\n<p><a href=\"https:\/\/k-level.com\/pl\/sklep\/\">Kompletny s\u0142upek podtrzymuj\u0105cy szafk\u0119<\/a> Szereg:<br \/>\nS\u0142upek podporowy do szafek CS100: zakres 60-100 cm\/23,6-39,4 cala \u2013 idealny do standardowych szafek dolnych<\/p>\n<p>S\u0142upek podtrzymuj\u0105cy szafk\u0119 CS160: zakres 90\u2013160 cm\/35,4\u201363 cali \u2013 idealny do urz\u0105dze\u0144 montowanych na \u015bcianie<\/p>\n<p>S\u0142upek podporowy do szafek CS290: zakres 145\u2013290 cm\/57\u2013114,2 cala \u2013 przeznaczony do wysokich rozwi\u0105za\u0144 magazynowych<\/p>\n<p>&nbsp;<\/p>\n<p><strong><a href=\"https:\/\/k-level.com\/pl\/sklep\/\">Narz\u0119dzia do monta\u017cu szafek<\/a> \u0141atwa obs\u0142uga w 4 prostych krokach:<\/strong><\/p>\n<p>1. Naci\u015bnij prawy przycisk odblokowania<\/p>\n<p>2. Ustaw \u017c\u0105dan\u0105 wysoko\u015b\u0107, przytrzymuj\u0105c przycisk<\/p>\n<p>3. W\u0142\u0105cz blokad\u0119 bezpiecze\u0144stwa<\/p>\n<p>4. Dopasuj ko\u0144c\u00f3wki za pomoc\u0105 gwint\u00f3w, aby zapewni\u0107 idealne wsparcie<\/p>\n<p><img fetchpriority=\"high\" decoding=\"async\" class=\"aligncenter wp-image-13855 size-medium\" src=\"https:\/\/k-level.com\/wp-content\/uploads\/2025\/07\/04-2-300x300.jpg\" alt=\"Narz\u0119dzia do monta\u017cu szafek\" width=\"300\" height=\"300\" srcset=\"https:\/\/k-level.com\/wp-content\/uploads\/2025\/07\/04-2-300x300.jpg 300w, https:\/\/k-level.com\/wp-content\/uploads\/2025\/07\/04-2-150x150.jpg 150w, https:\/\/k-level.com\/wp-content\/uploads\/2025\/07\/04-2-768x768.jpg 768w, https:\/\/k-level.com\/wp-content\/uploads\/2025\/07\/04-2-12x12.jpg 12w, https:\/\/k-level.com\/wp-content\/uploads\/2025\/07\/04-2-370x370.jpg 370w, https:\/\/k-level.com\/wp-content\/uploads\/2025\/07\/04-2-400x400.jpg 400w, https:\/\/k-level.com\/wp-content\/uploads\/2025\/07\/04-2-100x100.jpg 100w, https:\/\/k-level.com\/wp-content\/uploads\/2025\/07\/04-2-50x50.jpg 50w, https:\/\/k-level.com\/wp-content\/uploads\/2025\/07\/04-2.jpg 800w\" sizes=\"(max-width: 300px) 100vw, 300px\" \/><\/p>\n<p>Jako najbardziej niezawodny regulowany dr\u0105\u017cek podporowy do szafek w naszej ofercie, CS100 wyr\u00f3\u017cnia si\u0119 w\u015br\u00f3d profesjonalnych narz\u0119dzi do monta\u017cu szafek, oferuj\u0105c bezpiecze\u0144stwo i precyzj\u0119 w ka\u017cdym projekcie instalacyjnym.<\/p>\n<p><img decoding=\"async\" class=\"aligncenter wp-image-13858 size-medium\" src=\"https:\/\/k-level.com\/wp-content\/uploads\/2025\/07\/07-300x300.jpg\" alt=\"narz\u0119dzia do monta\u017cu szafek\" width=\"300\" height=\"300\" srcset=\"https:\/\/k-level.com\/wp-content\/uploads\/2025\/07\/07-300x300.jpg 300w, https:\/\/k-level.com\/wp-content\/uploads\/2025\/07\/07-150x150.jpg 150w, https:\/\/k-level.com\/wp-content\/uploads\/2025\/07\/07-768x768.jpg 768w, https:\/\/k-level.com\/wp-content\/uploads\/2025\/07\/07-12x12.jpg 12w, https:\/\/k-level.com\/wp-content\/uploads\/2025\/07\/07-370x370.jpg 370w, https:\/\/k-level.com\/wp-content\/uploads\/2025\/07\/07-400x400.jpg 400w, https:\/\/k-level.com\/wp-content\/uploads\/2025\/07\/07-100x100.jpg 100w, https:\/\/k-level.com\/wp-content\/uploads\/2025\/07\/07-50x50.jpg 50w, https:\/\/k-level.com\/wp-content\/uploads\/2025\/07\/07.jpg 800w\" sizes=\"(max-width: 300px) 100vw, 300px\" \/><\/p>\n<p>Potrzebujesz rozwi\u0105zania?<\/p>\n<p><a href=\"https:\/\/k-level.com\/pl\/\">Poziom K<\/a>\u00a0Oferujemy us\u0142ugi konsultingowe w zakresie sprz\u0119tu geodezyjnego. Skontaktuj si\u0119 z nami w sprawie zam\u00f3wie\u0144 hurtowych lub wsparcia technicznego!<\/p>","protected":false},"excerpt":{"rendered":"<ul>\n<li>Zaprojektowane z my\u015bl\u0105 o wzmocnionej stabilno\u015bci i inteligentnych funkcjach<\/li>\n<li>S\u0142upek podporowy do szafek CS100 zapewnia niezr\u00f3wnane wsparcie podczas monta\u017cu szafek kuchennych i \u0142azienkowych.<\/li>\n<\/ul>\n<p><img decoding=\"async\" class=\"alignnone size-medium wp-image-13646\" src=\"https:\/\/k-level.com\/wp-content\/uploads\/2025\/05\/logo-300x98.png\" alt=\"\" width=\"300\" height=\"98\" srcset=\"https:\/\/k-level.com\/wp-content\/uploads\/2025\/05\/logo-300x98.png 300w, https:\/\/k-level.com\/wp-content\/uploads\/2025\/05\/logo-18x6.png 18w, https:\/\/k-level.com\/wp-content\/uploads\/2025\/05\/logo.png 307w\" sizes=\"(max-width: 300px) 100vw, 300px\" \/><\/p>","protected":false},"featured_media":13852,"comment_status":"open","ping_status":"closed","template":"","meta":[],"product_brand":[],"product_cat":[262],"product_tag":[],"class_list":{"0":"post-13853","1":"product","2":"type-product","3":"status-publish","4":"has-post-thumbnail","6":"product_cat-cabinet-support-pole","8":"first","9":"instock","10":"shipping-taxable","11":"product-type-simple"},"_links":{"self":[{"href":"https:\/\/k-level.com\/pl\/wp-json\/wp\/v2\/product\/13853","targetHints":{"allow":["GET"]}}],"collection":[{"href":"https:\/\/k-level.com\/pl\/wp-json\/wp\/v2\/product"}],"about":[{"href":"https:\/\/k-level.com\/pl\/wp-json\/wp\/v2\/types\/product"}],"replies":[{"embeddable":true,"href":"https:\/\/k-level.com\/pl\/wp-json\/wp\/v2\/comments?post=13853"}],"version-history":[{"count":2,"href":"https:\/\/k-level.com\/pl\/wp-json\/wp\/v2\/product\/13853\/revisions"}],"predecessor-version":[{"id":13860,"href":"https:\/\/k-level.com\/pl\/wp-json\/wp\/v2\/product\/13853\/revisions\/13860"}],"wp:featuredmedia":[{"embeddable":true,"href":"https:\/\/k-level.com\/pl\/wp-json\/wp\/v2\/media\/13852"}],"wp:attachment":[{"href":"https:\/\/k-level.com\/pl\/wp-json\/wp\/v2\/media?parent=13853"}],"wp:term":[{"taxonomy":"product_brand","embeddable":true,"href":"https:\/\/k-level.com\/pl\/wp-json\/wp\/v2\/product_brand?post=13853"},{"taxonomy":"product_cat","embeddable":true,"href":"https:\/\/k-level.com\/pl\/wp-json\/wp\/v2\/product_cat?post=13853"},{"taxonomy":"product_tag","embeddable":true,"href":"https:\/\/k-level.com\/pl\/wp-json\/wp\/v2\/product_tag?post=13853"}],"curies":[{"name":"wp","href":"https:\/\/api.w.org\/{rel}","templated":true}]}}