{"id":13846,"date":"2025-07-17T16:51:27","date_gmt":"2025-07-17T08:51:27","guid":{"rendered":"https:\/\/k-level.com\/?post_type=product&#038;p=13846"},"modified":"2025-07-21T17:49:12","modified_gmt":"2025-07-21T09:49:12","slug":"sp1-sp2-slup-podporowy","status":"publish","type":"product","link":"https:\/\/k-level.com\/pl\/produkt\/sp1-sp2-slup-podporowy\/","title":{"rendered":"S\u0142up podporowy SP1\/ SP2"},"content":{"rendered":"<p>S\u0142upek podporowy SP1\/SP2 \u2013 najlepsze rozwi\u0105zanie zapewniaj\u0105ce stabilne i regulowane podparcie poziomicy laserowej.<\/p>\n<p>Niezale\u017cnie od tego, czy potrzebujesz <a href=\"https:\/\/k-level.com\/pl\/o-nas\/\">Wielofunkcyjny poziom laserowy<\/a> do wszechstronnej regulacji wysoko\u015bci lub profesjonalny poziom laserowy na tyczkach ze statywem zapewniaj\u0105cy wi\u0119ksz\u0105 stabilno\u015b\u0107. K-Level oferuje wydajne narz\u0119dzia do prac budowlanych, geodezyjnych i wyr\u00f3wnywania poziom\u00f3w.<\/p>\n<p><img fetchpriority=\"high\" decoding=\"async\" class=\"aligncenter wp-image-13848 size-medium\" src=\"https:\/\/k-level.com\/wp-content\/uploads\/2025\/07\/3-300x300.jpg\" alt=\"Wielofunkcyjny poziom laserowy\" width=\"300\" height=\"300\" srcset=\"https:\/\/k-level.com\/wp-content\/uploads\/2025\/07\/3-300x300.jpg 300w, https:\/\/k-level.com\/wp-content\/uploads\/2025\/07\/3-150x150.jpg 150w, https:\/\/k-level.com\/wp-content\/uploads\/2025\/07\/3-768x768.jpg 768w, https:\/\/k-level.com\/wp-content\/uploads\/2025\/07\/3-12x12.jpg 12w, https:\/\/k-level.com\/wp-content\/uploads\/2025\/07\/3-370x370.jpg 370w, https:\/\/k-level.com\/wp-content\/uploads\/2025\/07\/3-400x400.jpg 400w, https:\/\/k-level.com\/wp-content\/uploads\/2025\/07\/3-100x100.jpg 100w, https:\/\/k-level.com\/wp-content\/uploads\/2025\/07\/3-50x50.jpg 50w, https:\/\/k-level.com\/wp-content\/uploads\/2025\/07\/3.jpg 800w\" sizes=\"(max-width: 300px) 100vw, 300px\" \/><\/p>\n<p><strong>S\u0142up podporowy SP1 kontra s\u0142up podporowy SP2:<\/strong><\/p>\n<p>S\u0142up podporowy SP1 \u2013 A <a href=\"https:\/\/k-level.com\/pl\/o-nas\/\">Wielofunkcyjny poziom laserowy<\/a> z teleskopow\u0105 regulacj\u0105 wysoko\u015bci (opcje 3,0\u20134,8 m).<\/p>\n<p><a href=\"https:\/\/k-level.com\/pl\/o-nas\/\">S\u0142up podporowy SP2<\/a> \u2013 Profesjonalny poziom laserowy na tyczkach ze statywem, oferuj\u0105cy te same funkcje co SP1, ale z dodatkow\u0105 stabilno\u015bci\u0105 statywu (opcje 3,0\u20134,8 m).<\/p>\n<p>Potrzebujesz rozwi\u0105zania?<\/p>\n<p>K-level oferuje us\u0142ugi konsultingowe w zakresie sprz\u0119tu geodezyjnego. Skontaktuj si\u0119 z nami w sprawie zam\u00f3wie\u0144 hurtowych lub wsparcia technicznego!<\/p>","protected":false},"excerpt":{"rendered":"<ul>\n<li>Dost\u0119pne w r\u00f3\u017cnych wysoko\u015bciach (SP1-36, SP2-36, SP1-30\/40\/42\/48, SP2-30\/40\/42\/48).<\/li>\n<li>Wielofunkcyjny poziom laserowy na tyczce i profesjonalny poziom laserowy na tyczce ze statywem firmy K-Level<\/li>\n<li>zapewni\u0107 dok\u0142adno\u015b\u0107 i efektywno\u015b\u0107 ka\u017cdego projektu.<\/li>\n<\/ul>\n<p><img decoding=\"async\" class=\"alignnone size-medium wp-image-13646\" src=\"https:\/\/k-level.com\/wp-content\/uploads\/2025\/05\/logo-300x98.png\" alt=\"\" width=\"300\" height=\"98\" srcset=\"https:\/\/k-level.com\/wp-content\/uploads\/2025\/05\/logo-300x98.png 300w, https:\/\/k-level.com\/wp-content\/uploads\/2025\/05\/logo-18x6.png 18w, https:\/\/k-level.com\/wp-content\/uploads\/2025\/05\/logo.png 307w\" sizes=\"(max-width: 300px) 100vw, 300px\" \/><\/p>","protected":false},"featured_media":13845,"comment_status":"open","ping_status":"closed","template":"","meta":[],"product_brand":[],"product_cat":[247],"product_tag":[238],"class_list":{"0":"post-13846","1":"product","2":"type-product","3":"status-publish","4":"has-post-thumbnail","6":"product_cat-laser-level-support-pole","7":"product_tag-carpentry-and-furniture","9":"first","10":"instock","11":"shipping-taxable","12":"product-type-simple"},"_links":{"self":[{"href":"https:\/\/k-level.com\/pl\/wp-json\/wp\/v2\/product\/13846","targetHints":{"allow":["GET"]}}],"collection":[{"href":"https:\/\/k-level.com\/pl\/wp-json\/wp\/v2\/product"}],"about":[{"href":"https:\/\/k-level.com\/pl\/wp-json\/wp\/v2\/types\/product"}],"replies":[{"embeddable":true,"href":"https:\/\/k-level.com\/pl\/wp-json\/wp\/v2\/comments?post=13846"}],"version-history":[{"count":2,"href":"https:\/\/k-level.com\/pl\/wp-json\/wp\/v2\/product\/13846\/revisions"}],"predecessor-version":[{"id":13851,"href":"https:\/\/k-level.com\/pl\/wp-json\/wp\/v2\/product\/13846\/revisions\/13851"}],"wp:featuredmedia":[{"embeddable":true,"href":"https:\/\/k-level.com\/pl\/wp-json\/wp\/v2\/media\/13845"}],"wp:attachment":[{"href":"https:\/\/k-level.com\/pl\/wp-json\/wp\/v2\/media?parent=13846"}],"wp:term":[{"taxonomy":"product_brand","embeddable":true,"href":"https:\/\/k-level.com\/pl\/wp-json\/wp\/v2\/product_brand?post=13846"},{"taxonomy":"product_cat","embeddable":true,"href":"https:\/\/k-level.com\/pl\/wp-json\/wp\/v2\/product_cat?post=13846"},{"taxonomy":"product_tag","embeddable":true,"href":"https:\/\/k-level.com\/pl\/wp-json\/wp\/v2\/product_tag?post=13846"}],"curies":[{"name":"wp","href":"https:\/\/api.w.org\/{rel}","templated":true}]}}