{"id":13841,"date":"2025-07-16T17:43:50","date_gmt":"2025-07-16T09:43:50","guid":{"rendered":"https:\/\/k-level.com\/?post_type=product&#038;p=13841"},"modified":"2025-07-16T17:43:50","modified_gmt":"2025-07-16T09:43:50","slug":"llra09a-09b-adapter-obrotowy-do-poziomicy-laserowej","status":"publish","type":"product","link":"https:\/\/k-level.com\/pl\/produkt\/llra09a-09b-adapter-obrotowy-do-poziomicy-laserowej\/","title":{"rendered":"Obrotowy adapter do poziomicy laserowej LLRA09A\/ 09B"},"content":{"rendered":"<p>Obrotowy adapter poziomicy laserowej LLRA09A\/09B do monta\u017cu poziomic laserowych na statywach z ulepszon\u0105 kontrol\u0105 obrotu. Ta seria adapter\u00f3w to niezb\u0119dny element wyposa\u017cenia. <a href=\"https:\/\/k-level.com\/pl\/sklep\/\">adapter statywu do poziomicy laserowej<\/a> dla profesjonalist\u00f3w, kt\u00f3rzy wymagaj\u0105 wszechstronno\u015bci, precyzji i wytrzyma\u0142o\u015bci w terenie.<\/p>\n<p>Obrotowy adapter poziomicy laserowej LLRA09A\/09B jest wyposa\u017cony w dwa gwinty, kt\u00f3re pasuj\u0105 do r\u00f3\u017cnych konfiguracji lasera i statywu. Obrotowy adapter poziomicy laserowej LLRA09A posiada gwint 1\/4\u2033-20, natomiast obrotowy adapter poziomicy laserowej LLRA09B posiada gwint 5\/8\u2033-11, co zapewnia kompatybilno\u015b\u0107 z szerok\u0105 gam\u0105 poziomic laserowych i statyw\u00f3w powszechnie stosowanych w budownictwie i geodezji. Niezale\u017cnie od tego, czy pracujesz z laserami obrotowymi, czy liniowymi, ten adapter zapewnia bezpieczne dopasowanie i precyzyjne ustawienie.<\/p>\n<p>Jako wiarygodny <a href=\"https:\/\/k-level.com\/pl\/o-nas\/\">adapter statywu do poziomicy laserowej<\/a>Oba modele zosta\u0142y zaprojektowane z my\u015bl\u0105 o p\u0142ynnym obrocie o 360\u00b0, co umo\u017cliwia precyzyjn\u0105 regulacj\u0119 kierunku bez konieczno\u015bci przesuwania statywu. To znacznie zwi\u0119ksza wydajno\u015b\u0107 podczas prac monta\u017cowych i konstrukcyjnych. Wykonane z wysokiej jako\u015bci materia\u0142\u00f3w, modele LLRA09A\/09B oferuj\u0105 d\u0142ugotrwa\u0142\u0105 trwa\u0142o\u015b\u0107 i stabiln\u0105 platform\u0119 dla narz\u0119dzi laserowych w wymagaj\u0105cych warunkach pracy.<\/p>\n<p><img fetchpriority=\"high\" decoding=\"async\" class=\"aligncenter wp-image-13842 size-medium\" src=\"https:\/\/k-level.com\/wp-content\/uploads\/2025\/07\/LLRA091-300x300.jpg\" alt=\"adapter statywu do poziomicy laserowej\" width=\"300\" height=\"300\" srcset=\"https:\/\/k-level.com\/wp-content\/uploads\/2025\/07\/LLRA091-300x300.jpg 300w, https:\/\/k-level.com\/wp-content\/uploads\/2025\/07\/LLRA091-150x150.jpg 150w, https:\/\/k-level.com\/wp-content\/uploads\/2025\/07\/LLRA091-768x768.jpg 768w, https:\/\/k-level.com\/wp-content\/uploads\/2025\/07\/LLRA091-12x12.jpg 12w, https:\/\/k-level.com\/wp-content\/uploads\/2025\/07\/LLRA091-370x370.jpg 370w, https:\/\/k-level.com\/wp-content\/uploads\/2025\/07\/LLRA091-400x400.jpg 400w, https:\/\/k-level.com\/wp-content\/uploads\/2025\/07\/LLRA091-100x100.jpg 100w, https:\/\/k-level.com\/wp-content\/uploads\/2025\/07\/LLRA091-50x50.jpg 50w, https:\/\/k-level.com\/wp-content\/uploads\/2025\/07\/LLRA091.jpg 800w\" sizes=\"(max-width: 300px) 100vw, 300px\" \/><\/p>\n<p>Potrzebujesz rozwi\u0105zania?<\/p>\n<p><a href=\"https:\/\/k-level.com\/pl\/o-nas\/\">Poziom K<\/a>\u00a0Oferujemy us\u0142ugi konsultingowe w zakresie sprz\u0119tu geodezyjnego. Skontaktuj si\u0119 z nami w sprawie zam\u00f3wie\u0144 hurtowych lub wsparcia technicznego!<\/p>\n<p>&nbsp;<\/p>","protected":false},"excerpt":{"rendered":"<ul>\n<li>K-level nadal dostarcza profesjonalne rozwi\u0105zania, kt\u00f3re s\u0105 proste, inteligentne i skuteczne.<\/li>\n<li>Idealny adapter do statywu poziomicy laserowej, kt\u00f3ry usprawni Twoj\u0105 prac\u0119 i zwi\u0119kszy precyzj\u0119 lasera.<\/li>\n<\/ul>\n<p><img decoding=\"async\" class=\"alignnone size-medium wp-image-13646\" src=\"https:\/\/k-level.com\/wp-content\/uploads\/2025\/05\/logo-300x98.png\" alt=\"\" width=\"300\" height=\"98\" srcset=\"https:\/\/k-level.com\/wp-content\/uploads\/2025\/05\/logo-300x98.png 300w, https:\/\/k-level.com\/wp-content\/uploads\/2025\/05\/logo-18x6.png 18w, https:\/\/k-level.com\/wp-content\/uploads\/2025\/05\/logo.png 307w\" sizes=\"(max-width: 300px) 100vw, 300px\" \/><\/p>","protected":false},"featured_media":13842,"comment_status":"open","ping_status":"closed","template":"","meta":[],"product_brand":[],"product_cat":[264],"product_tag":[238],"class_list":{"0":"post-13841","1":"product","2":"type-product","3":"status-publish","4":"has-post-thumbnail","6":"product_cat-rotation-adapter","7":"product_tag-carpentry-and-furniture","9":"first","10":"instock","11":"shipping-taxable","12":"product-type-simple"},"_links":{"self":[{"href":"https:\/\/k-level.com\/pl\/wp-json\/wp\/v2\/product\/13841","targetHints":{"allow":["GET"]}}],"collection":[{"href":"https:\/\/k-level.com\/pl\/wp-json\/wp\/v2\/product"}],"about":[{"href":"https:\/\/k-level.com\/pl\/wp-json\/wp\/v2\/types\/product"}],"replies":[{"embeddable":true,"href":"https:\/\/k-level.com\/pl\/wp-json\/wp\/v2\/comments?post=13841"}],"version-history":[{"count":2,"href":"https:\/\/k-level.com\/pl\/wp-json\/wp\/v2\/product\/13841\/revisions"}],"predecessor-version":[{"id":13844,"href":"https:\/\/k-level.com\/pl\/wp-json\/wp\/v2\/product\/13841\/revisions\/13844"}],"wp:featuredmedia":[{"embeddable":true,"href":"https:\/\/k-level.com\/pl\/wp-json\/wp\/v2\/media\/13842"}],"wp:attachment":[{"href":"https:\/\/k-level.com\/pl\/wp-json\/wp\/v2\/media?parent=13841"}],"wp:term":[{"taxonomy":"product_brand","embeddable":true,"href":"https:\/\/k-level.com\/pl\/wp-json\/wp\/v2\/product_brand?post=13841"},{"taxonomy":"product_cat","embeddable":true,"href":"https:\/\/k-level.com\/pl\/wp-json\/wp\/v2\/product_cat?post=13841"},{"taxonomy":"product_tag","embeddable":true,"href":"https:\/\/k-level.com\/pl\/wp-json\/wp\/v2\/product_tag?post=13841"}],"curies":[{"name":"wp","href":"https:\/\/api.w.org\/{rel}","templated":true}]}}