{"id":13837,"date":"2025-07-16T17:30:07","date_gmt":"2025-07-16T09:30:07","guid":{"rendered":"https:\/\/k-level.com\/?post_type=product&#038;p=13837"},"modified":"2025-07-16T17:30:07","modified_gmt":"2025-07-16T09:30:07","slug":"obrotowy-adapter-do-poziomicy-laserowej-llra05","status":"publish","type":"product","link":"https:\/\/k-level.com\/pl\/produkt\/obrotowy-adapter-do-poziomicy-laserowej-llra05\/","title":{"rendered":"Obrotowy adapter do poziomicy laserowej LLRA05"},"content":{"rendered":"<p>Obrotowy adapter do poziomicy laserowej LLRA05 to precyzyjne akcesorium zaprojektowane z my\u015bl\u0105 o p\u0142ynnym i dok\u0142adnym obrocie o 360\u00b0 w celu ustawienia poziomu laserowego. Zaprojektowany z my\u015bl\u0105 o wydajno\u015bci i wszechstronno\u015bci, LLRA05 pe\u0142ni funkcj\u0119 niwelatora laserowego. <a href=\"https:\/\/k-level.com\/pl\/o-nas\/\">Adapter podstawy obrotowej 360\u00b0<\/a> i niezawodny <a href=\"https:\/\/k-level.com\/pl\/o-nas\/\">Adapter poziomicy laserowej z obrotow\u0105 podstaw\u0105 360 stopni<\/a> dla potrzeb profesjonalnych prac budowlanych i geodezyjnych.<\/p>\n<p>Obrotowy adapter podstawy LLRA05 360\u00b0 do poziomicy laserowej jest wyposa\u017cony w gwint 1\/4\u2033-20, dzi\u0119ki czemu jest uniwersalny i kompatybilny z wi\u0119kszo\u015bci\u0105 poziomic laserowych i statyw\u00f3w. Niezale\u017cnie od tego, czy pracujesz nad poziomowaniem, uk\u0142adem, czy ustawianiem wsp\u00f3\u0142rz\u0119dnych, ten adapter pozwala na precyzyjne i \u0142atwe obracanie poziomicy laserowej, bez naruszania statywu lub podstawy. Niezwykle p\u0142ynny mechanizm obrotowy zapewnia precyzyjn\u0105 regulacj\u0119 podczas krytycznych zada\u0144, pomagaj\u0105c osi\u0105gn\u0105\u0107 doskona\u0142e rezultaty na miejscu.<\/p>\n<p><img fetchpriority=\"high\" decoding=\"async\" class=\"size-medium wp-image-13838 aligncenter\" src=\"https:\/\/k-level.com\/wp-content\/uploads\/2025\/07\/LLRA051-300x300.jpg\" alt=\"Obrotowy adapter do poziomicy laserowej LLRA05\" width=\"300\" height=\"300\" srcset=\"https:\/\/k-level.com\/wp-content\/uploads\/2025\/07\/LLRA051-300x300.jpg 300w, https:\/\/k-level.com\/wp-content\/uploads\/2025\/07\/LLRA051-150x150.jpg 150w, https:\/\/k-level.com\/wp-content\/uploads\/2025\/07\/LLRA051-768x768.jpg 768w, https:\/\/k-level.com\/wp-content\/uploads\/2025\/07\/LLRA051-12x12.jpg 12w, https:\/\/k-level.com\/wp-content\/uploads\/2025\/07\/LLRA051-370x370.jpg 370w, https:\/\/k-level.com\/wp-content\/uploads\/2025\/07\/LLRA051-400x400.jpg 400w, https:\/\/k-level.com\/wp-content\/uploads\/2025\/07\/LLRA051-100x100.jpg 100w, https:\/\/k-level.com\/wp-content\/uploads\/2025\/07\/LLRA051-50x50.jpg 50w, https:\/\/k-level.com\/wp-content\/uploads\/2025\/07\/LLRA051.jpg 800w\" sizes=\"(max-width: 300px) 100vw, 300px\" \/><\/p>\n<p>Precyzyjny obrotowy adapter poziomicy laserowej LLRA05 to idealne rozwi\u0105zanie dla ka\u017cdego, kto poszukuje niezawodnego, 360-stopniowego adaptera z obrotow\u0105 podstaw\u0105. Jego kompaktowa i stabilna konstrukcja zapewnia niezb\u0119dne wsparcie dla precyzyjnej kontroli k\u0105ta zar\u00f3wno wewn\u0105trz, jak i na zewn\u0105trz. Adapter zwi\u0119ksza funkcjonalno\u015b\u0107 narz\u0119dzia laserowego, umo\u017cliwiaj\u0105c pe\u0142n\u0105 kontrol\u0119 kierunku i k\u0105ta podczas u\u017cytkowania.<\/p>\n<p>Potrzebujesz rozwi\u0105zania?<\/p>\n<p><a href=\"https:\/\/k-level.com\/pl\/\">Poziom K<\/a>\u00a0Oferujemy us\u0142ugi konsultingowe w zakresie sprz\u0119tu geodezyjnego. Skontaktuj si\u0119 z nami w sprawie zam\u00f3wie\u0144 hurtowych lub wsparcia technicznego!<\/p>","protected":false},"excerpt":{"rendered":"<ul>\n<li>Zaufany przez profesjonalist\u00f3w w tej dziedzinie, adapter z obrotow\u0105 podstaw\u0105 360\u00b0 do poziomicy laserowej LLRA05 to niezb\u0119dne narz\u0119dzie dla tych, kt\u00f3rzy<br \/>\nwymagaj\u0105 dok\u0142adno\u015bci, niezawodno\u015bci i p\u0142ynnej pracy od swoich urz\u0105dze\u0144 laserowych.<\/li>\n<\/ul>\n<p><img decoding=\"async\" class=\"alignnone size-medium wp-image-13646\" src=\"https:\/\/k-level.com\/wp-content\/uploads\/2025\/05\/logo-300x98.png\" alt=\"\" width=\"300\" height=\"98\" srcset=\"https:\/\/k-level.com\/wp-content\/uploads\/2025\/05\/logo-300x98.png 300w, https:\/\/k-level.com\/wp-content\/uploads\/2025\/05\/logo-18x6.png 18w, https:\/\/k-level.com\/wp-content\/uploads\/2025\/05\/logo.png 307w\" sizes=\"(max-width: 300px) 100vw, 300px\" \/><\/p>","protected":false},"featured_media":13838,"comment_status":"open","ping_status":"closed","template":"","meta":[],"product_brand":[],"product_cat":[264],"product_tag":[238],"class_list":{"0":"post-13837","1":"product","2":"type-product","3":"status-publish","4":"has-post-thumbnail","6":"product_cat-rotation-adapter","7":"product_tag-carpentry-and-furniture","9":"first","10":"instock","11":"shipping-taxable","12":"product-type-simple"},"_links":{"self":[{"href":"https:\/\/k-level.com\/pl\/wp-json\/wp\/v2\/product\/13837","targetHints":{"allow":["GET"]}}],"collection":[{"href":"https:\/\/k-level.com\/pl\/wp-json\/wp\/v2\/product"}],"about":[{"href":"https:\/\/k-level.com\/pl\/wp-json\/wp\/v2\/types\/product"}],"replies":[{"embeddable":true,"href":"https:\/\/k-level.com\/pl\/wp-json\/wp\/v2\/comments?post=13837"}],"version-history":[{"count":2,"href":"https:\/\/k-level.com\/pl\/wp-json\/wp\/v2\/product\/13837\/revisions"}],"predecessor-version":[{"id":13840,"href":"https:\/\/k-level.com\/pl\/wp-json\/wp\/v2\/product\/13837\/revisions\/13840"}],"wp:featuredmedia":[{"embeddable":true,"href":"https:\/\/k-level.com\/pl\/wp-json\/wp\/v2\/media\/13838"}],"wp:attachment":[{"href":"https:\/\/k-level.com\/pl\/wp-json\/wp\/v2\/media?parent=13837"}],"wp:term":[{"taxonomy":"product_brand","embeddable":true,"href":"https:\/\/k-level.com\/pl\/wp-json\/wp\/v2\/product_brand?post=13837"},{"taxonomy":"product_cat","embeddable":true,"href":"https:\/\/k-level.com\/pl\/wp-json\/wp\/v2\/product_cat?post=13837"},{"taxonomy":"product_tag","embeddable":true,"href":"https:\/\/k-level.com\/pl\/wp-json\/wp\/v2\/product_tag?post=13837"}],"curies":[{"name":"wp","href":"https:\/\/api.w.org\/{rel}","templated":true}]}}