{"id":13812,"date":"2025-07-16T15:39:18","date_gmt":"2025-07-16T07:39:18","guid":{"rendered":"https:\/\/k-level.com\/?post_type=product&#038;p=13812"},"modified":"2025-07-16T15:39:18","modified_gmt":"2025-07-16T07:39:18","slug":"rltb01-laserowa-podstawa-pochylana","status":"publish","type":"product","link":"https:\/\/k-level.com\/pl\/produkt\/rltb01-laserowa-podstawa-pochylana\/","title":{"rendered":"RLTB01 Podstawa pochylana laserowo"},"content":{"rendered":"<p><strong>Przegl\u0105d pochylanej podstawy laserowej RLTB01<\/strong><\/p>\n<p>RLTB01 \u2013 uchylna podstawa lasera, niezb\u0119dne akcesorium do przekszta\u0142cenia standardowego lasera w laser jednoosiowy o nachyleniu. Zaprojektowane dla profesjonalist\u00f3w wymagaj\u0105cych elastyczno\u015bci i dok\u0142adno\u015bci, urz\u0105dzenie \u0142\u0105czy w sobie funkcje k\u0105towego uchwytu lasera i adaptera uchylnej podstawy, co czyni je idealnym rozwi\u0105zaniem do prac na nachyleniu i uk\u0142adania pod k\u0105tem.<\/p>\n<p>Ten <a href=\"https:\/\/k-level.com\/pl\/sklep\/\">RLTB01 Podstawa pochylana laserowo<\/a> Oferuje p\u0142ynne i kontrolowane pochylanie, pozwalaj\u0105c u\u017cytkownikom na \u0142atwe i pewne ustawianie okre\u015blonych k\u0105t\u00f3w. Przekszta\u0142caj\u0105c dowolny standardowy laser obrotowy lub liniowy w jednoosiowy laser nachylenia, to urz\u0105dzenie znacznie zwi\u0119ksza wszechstronno\u015b\u0107 Twoich narz\u0119dzi. Niezale\u017cnie od tego, czy zajmujesz si\u0119 budownictwem, niwelacj\u0105 terenu, czy aran\u017cacj\u0105 wn\u0119trz, to <a href=\"https:\/\/k-level.com\/pl\/sklep\/\">Adapter podstawy pochylanej<\/a> zapewnia precyzyjn\u0105 kontrol\u0119 k\u0105ta i stabiln\u0105 prac\u0119.<\/p>\n<p><img fetchpriority=\"high\" decoding=\"async\" class=\"aligncenter wp-image-13817 size-medium\" src=\"https:\/\/k-level.com\/wp-content\/uploads\/2025\/07\/RLTB018-300x300.jpg\" alt=\"RLTB01 Podstawa pochylana laserowo\" width=\"300\" height=\"300\" srcset=\"https:\/\/k-level.com\/wp-content\/uploads\/2025\/07\/RLTB018-300x300.jpg 300w, https:\/\/k-level.com\/wp-content\/uploads\/2025\/07\/RLTB018-150x150.jpg 150w, https:\/\/k-level.com\/wp-content\/uploads\/2025\/07\/RLTB018-768x768.jpg 768w, https:\/\/k-level.com\/wp-content\/uploads\/2025\/07\/RLTB018-12x12.jpg 12w, https:\/\/k-level.com\/wp-content\/uploads\/2025\/07\/RLTB018-370x370.jpg 370w, https:\/\/k-level.com\/wp-content\/uploads\/2025\/07\/RLTB018-400x400.jpg 400w, https:\/\/k-level.com\/wp-content\/uploads\/2025\/07\/RLTB018-100x100.jpg 100w, https:\/\/k-level.com\/wp-content\/uploads\/2025\/07\/RLTB018-50x50.jpg 50w, https:\/\/k-level.com\/wp-content\/uploads\/2025\/07\/RLTB018.jpg 800w\" sizes=\"(max-width: 300px) 100vw, 300px\" \/><\/p>\n<p>Wykonany z materia\u0142\u00f3w o wysokiej wytrzyma\u0142o\u015bci, <a href=\"https:\/\/k-level.com\/pl\/sklep\/\">RLTB01 dostarcza<\/a> Trwa\u0142o\u015b\u0107 i precyzja, nawet w trudnych warunkach. Uniwersalna konstrukcja mocowania pasuje do szerokiej gamy modeli laser\u00f3w, dzi\u0119ki czemu jest to wszechstronny uchwyt k\u0105towy do laser\u00f3w dla profesjonalist\u00f3w z r\u00f3\u017cnych bran\u017c.<\/p>\n<p>Potrzebujesz rozwi\u0105zania?<\/p>\n<p>K-level oferuje us\u0142ugi konsultingowe w zakresie sprz\u0119tu geodezyjnego. Skontaktuj si\u0119 z nami w sprawie zam\u00f3wie\u0144 hurtowych lub wsparcia technicznego!<\/p>","protected":false},"excerpt":{"rendered":"<ul>\n<li>Ten uchwyt k\u0105towy do lasera jest idealnym wyborem zar\u00f3wno do codziennego u\u017cytku, jak i wymagaj\u0105cych zastosowa\u0144 technicznych.<\/li>\n<li>Wykorzystaj w pe\u0142ni mo\u017cliwo\u015bci swoich narz\u0119dzi laserowych dzi\u0119ki pochylanej podstawie laserowej RLTB01<\/li>\n<li>Najlepszy adapter z podstaw\u0105 uchyln\u0105 do pomiar\u00f3w nachylenia.<\/li>\n<\/ul>\n<p><img decoding=\"async\" class=\"alignnone size-medium wp-image-13646\" src=\"https:\/\/k-level.com\/wp-content\/uploads\/2025\/05\/logo-300x98.png\" alt=\"\" width=\"300\" height=\"98\" srcset=\"https:\/\/k-level.com\/wp-content\/uploads\/2025\/05\/logo-300x98.png 300w, https:\/\/k-level.com\/wp-content\/uploads\/2025\/05\/logo-18x6.png 18w, https:\/\/k-level.com\/wp-content\/uploads\/2025\/05\/logo.png 307w\" sizes=\"(max-width: 300px) 100vw, 300px\" \/><\/p>","protected":false},"featured_media":13813,"comment_status":"open","ping_status":"closed","template":"","meta":[],"product_brand":[],"product_cat":[261],"product_tag":[238],"class_list":{"0":"post-13812","1":"product","2":"type-product","3":"status-publish","4":"has-post-thumbnail","6":"product_cat-rotary-laser-bracket","7":"product_tag-carpentry-and-furniture","9":"first","10":"instock","11":"shipping-taxable","12":"product-type-simple"},"_links":{"self":[{"href":"https:\/\/k-level.com\/pl\/wp-json\/wp\/v2\/product\/13812","targetHints":{"allow":["GET"]}}],"collection":[{"href":"https:\/\/k-level.com\/pl\/wp-json\/wp\/v2\/product"}],"about":[{"href":"https:\/\/k-level.com\/pl\/wp-json\/wp\/v2\/types\/product"}],"replies":[{"embeddable":true,"href":"https:\/\/k-level.com\/pl\/wp-json\/wp\/v2\/comments?post=13812"}],"version-history":[{"count":2,"href":"https:\/\/k-level.com\/pl\/wp-json\/wp\/v2\/product\/13812\/revisions"}],"predecessor-version":[{"id":13819,"href":"https:\/\/k-level.com\/pl\/wp-json\/wp\/v2\/product\/13812\/revisions\/13819"}],"wp:featuredmedia":[{"embeddable":true,"href":"https:\/\/k-level.com\/pl\/wp-json\/wp\/v2\/media\/13813"}],"wp:attachment":[{"href":"https:\/\/k-level.com\/pl\/wp-json\/wp\/v2\/media?parent=13812"}],"wp:term":[{"taxonomy":"product_brand","embeddable":true,"href":"https:\/\/k-level.com\/pl\/wp-json\/wp\/v2\/product_brand?post=13812"},{"taxonomy":"product_cat","embeddable":true,"href":"https:\/\/k-level.com\/pl\/wp-json\/wp\/v2\/product_cat?post=13812"},{"taxonomy":"product_tag","embeddable":true,"href":"https:\/\/k-level.com\/pl\/wp-json\/wp\/v2\/product_tag?post=13812"}],"curies":[{"name":"wp","href":"https:\/\/api.w.org\/{rel}","templated":true}]}}