{"id":13805,"date":"2025-07-16T15:29:23","date_gmt":"2025-07-16T07:29:23","guid":{"rendered":"https:\/\/k-level.com\/?post_type=product&#038;p=13805"},"modified":"2025-07-16T15:31:45","modified_gmt":"2025-07-16T07:31:45","slug":"uchwyt-lasera-obrotowego-rlb02a-02b","status":"publish","type":"product","link":"https:\/\/k-level.com\/pl\/produkt\/uchwyt-lasera-obrotowego-rlb02a-02b\/","title":{"rendered":"Uchwyt lasera obrotowego RLB02A\/02B"},"content":{"rendered":"<p><strong>Przegl\u0105d uchwytu lasera obrotowego RLB02A\/02B<\/strong><\/p>\n<p><a href=\"https:\/\/k-level.com\/pl\/o-nas\/\">Uchwyt lasera obrotowego RLB02A\/02B<\/a> seria \u2014 wszechstronne rozwi\u0105zanie przeznaczone dla profesjonalist\u00f3w poszukuj\u0105cych <a href=\"https:\/\/k-level.com\/pl\/o-nas\/\">Najlepszy uchwyt lasera obrotowego<\/a> Do monta\u017cu na sufitach i stalowych ramach w kszta\u0142cie litery L. Zaprojektowany w ca\u0142o\u015bci z metalow\u0105 obudow\u0105, obrotowy uchwyt laserowy RLB02A\/02B zapewnia trwa\u0142o\u015b\u0107, stabilno\u015b\u0107 i \u0142atwo\u015b\u0107 u\u017cytkowania w wymagaj\u0105cych miejscach pracy.<\/p>\n<p><img fetchpriority=\"high\" decoding=\"async\" class=\"aligncenter wp-image-13809 size-medium\" src=\"https:\/\/k-level.com\/wp-content\/uploads\/2025\/07\/RLB02B1-1-300x300.jpg\" alt=\"Najlepszy uchwyt lasera obrotowego\" width=\"300\" height=\"300\" srcset=\"https:\/\/k-level.com\/wp-content\/uploads\/2025\/07\/RLB02B1-1-300x300.jpg 300w, https:\/\/k-level.com\/wp-content\/uploads\/2025\/07\/RLB02B1-1-150x150.jpg 150w, https:\/\/k-level.com\/wp-content\/uploads\/2025\/07\/RLB02B1-1-768x768.jpg 768w, https:\/\/k-level.com\/wp-content\/uploads\/2025\/07\/RLB02B1-1-12x12.jpg 12w, https:\/\/k-level.com\/wp-content\/uploads\/2025\/07\/RLB02B1-1-370x370.jpg 370w, https:\/\/k-level.com\/wp-content\/uploads\/2025\/07\/RLB02B1-1-400x400.jpg 400w, https:\/\/k-level.com\/wp-content\/uploads\/2025\/07\/RLB02B1-1-100x100.jpg 100w, https:\/\/k-level.com\/wp-content\/uploads\/2025\/07\/RLB02B1-1-50x50.jpg 50w, https:\/\/k-level.com\/wp-content\/uploads\/2025\/07\/RLB02B1-1.jpg 800w\" sizes=\"(max-width: 300px) 100vw, 300px\" \/><\/p>\n<p>Seria obrotowych uchwyt\u00f3w laserowych RLB02 obejmuje dwa modele: obrotowy uchwyt laserowy RLB02A i obrotowy uchwyt laserowy RLB02B, z kt\u00f3rych ka\u017cdy oferuje r\u00f3\u017cne metody monta\u017cu, dostosowane do zr\u00f3\u017cnicowanych scenariuszy budowy. Niezale\u017cnie od tego, czy pracujesz na drewnianej ramie sufitu, czy na stalowym systemie ceownik\u00f3w, te uchwyty zosta\u0142y zaprojektowane tak, aby instalacja niwelatora laserowego by\u0142a bardziej wydajna i bezpieczna.<\/p>\n<p>RLB02A Obrotowy uchwyt laserowy do lekkiej stali.<\/p>\n<p>RLB02B Uchwyt lasera obrotowego do drewna.<\/p>\n<p>Uznany za jednego z <a href=\"https:\/\/k-level.com\/pl\/o-nas\/\">Najlepszy uchwyt lasera obrotowego<\/a> W\u015br\u00f3d dost\u0119pnych na rynku opcji, lasery RLB02A\/02B s\u0105 szeroko stosowane w obr\u00f3bce drewna, monta\u017cu sufit\u00f3w podwieszanych oraz projektach z wykorzystaniem profili stalowych w kszta\u0142cie litery L. Uchwyty umo\u017cliwiaj\u0105 szybki monta\u017c i pozycjonowanie laser\u00f3w obrotowych, zapewniaj\u0105c maksymaln\u0105 elastyczno\u015b\u0107 bez utraty dok\u0142adno\u015bci. Dzi\u0119ki solidnej, ca\u0142kowicie metalowej konstrukcji, lasery te s\u0105 odporne na zu\u017cycie i uszkodzenia, zachowuj\u0105c jednocze\u015bnie wysok\u0105 wydajno\u015b\u0107.<\/p>\n<p>Potrzebujesz rozwi\u0105zania?<\/p>\n<p>K-level oferuje us\u0142ugi konsultingowe w zakresie sprz\u0119tu geodezyjnego. Skontaktuj si\u0119 z nami w sprawie zam\u00f3wie\u0144 hurtowych lub wsparcia technicznego!<\/p>","protected":false},"excerpt":{"rendered":"<ul>\n<li>Obrotowy uchwyt laserowy RLB02A to wielofunkcyjny uchwyt \u015bcienny do lekkich konstrukcji stalowych<\/li>\n<li>Uchwyt laserowy obrotowy RLB02B to wielofunkcyjny uchwyt \u015bcienny do drewna<\/li>\n<\/ul>\n<p><img decoding=\"async\" class=\"alignnone size-medium wp-image-13646\" src=\"https:\/\/k-level.com\/wp-content\/uploads\/2025\/05\/logo-300x98.png\" alt=\"\" width=\"300\" height=\"98\" srcset=\"https:\/\/k-level.com\/wp-content\/uploads\/2025\/05\/logo-300x98.png 300w, https:\/\/k-level.com\/wp-content\/uploads\/2025\/05\/logo-18x6.png 18w, https:\/\/k-level.com\/wp-content\/uploads\/2025\/05\/logo.png 307w\" sizes=\"(max-width: 300px) 100vw, 300px\" \/><\/p>","protected":false},"featured_media":13806,"comment_status":"open","ping_status":"closed","template":"","meta":[],"product_brand":[],"product_cat":[261],"product_tag":[238],"class_list":{"0":"post-13805","1":"product","2":"type-product","3":"status-publish","4":"has-post-thumbnail","6":"product_cat-rotary-laser-bracket","7":"product_tag-carpentry-and-furniture","9":"first","10":"instock","11":"shipping-taxable","12":"product-type-simple"},"_links":{"self":[{"href":"https:\/\/k-level.com\/pl\/wp-json\/wp\/v2\/product\/13805","targetHints":{"allow":["GET"]}}],"collection":[{"href":"https:\/\/k-level.com\/pl\/wp-json\/wp\/v2\/product"}],"about":[{"href":"https:\/\/k-level.com\/pl\/wp-json\/wp\/v2\/types\/product"}],"replies":[{"embeddable":true,"href":"https:\/\/k-level.com\/pl\/wp-json\/wp\/v2\/comments?post=13805"}],"version-history":[{"count":2,"href":"https:\/\/k-level.com\/pl\/wp-json\/wp\/v2\/product\/13805\/revisions"}],"predecessor-version":[{"id":13811,"href":"https:\/\/k-level.com\/pl\/wp-json\/wp\/v2\/product\/13805\/revisions\/13811"}],"wp:featuredmedia":[{"embeddable":true,"href":"https:\/\/k-level.com\/pl\/wp-json\/wp\/v2\/media\/13806"}],"wp:attachment":[{"href":"https:\/\/k-level.com\/pl\/wp-json\/wp\/v2\/media?parent=13805"}],"wp:term":[{"taxonomy":"product_brand","embeddable":true,"href":"https:\/\/k-level.com\/pl\/wp-json\/wp\/v2\/product_brand?post=13805"},{"taxonomy":"product_cat","embeddable":true,"href":"https:\/\/k-level.com\/pl\/wp-json\/wp\/v2\/product_cat?post=13805"},{"taxonomy":"product_tag","embeddable":true,"href":"https:\/\/k-level.com\/pl\/wp-json\/wp\/v2\/product_tag?post=13805"}],"curies":[{"name":"wp","href":"https:\/\/api.w.org\/{rel}","templated":true}]}}