{"id":13796,"date":"2025-07-16T14:40:47","date_gmt":"2025-07-16T06:40:47","guid":{"rendered":"https:\/\/k-level.com\/?post_type=product&#038;p=13796"},"modified":"2025-07-16T14:43:26","modified_gmt":"2025-07-16T06:43:26","slug":"uchwyt-lasera-obrotowego-rlb01a","status":"publish","type":"product","link":"https:\/\/k-level.com\/pl\/produkt\/uchwyt-lasera-obrotowego-rlb01a\/","title":{"rendered":"RLB01A Uchwyt lasera obrotowego"},"content":{"rendered":"<p><strong>RLB01A Uchwyt lasera obrotowego \u2013 przegl\u0105d<\/strong><\/p>\n<p>Jednym z naszych wyr\u00f3\u017cniaj\u0105cych si\u0119 produkt\u00f3w w ofercie akcesori\u00f3w laserowych jest obrotowy uchwyt laserowy RLB01A, zaprojektowany specjalnie dla os\u00f3b wymagaj\u0105cych precyzji i trwa\u0142o\u015bci przy ka\u017cdym zadaniu. Jako cz\u0119\u015b\u0107 naszej serii Ultimate Wall Bracket, <a href=\"https:\/\/k-level.com\/pl\/o-nas\/\">Uchwyt lasera obrotowego RLB01A<\/a> zapewnia wytrzyma\u0142\u0105, ca\u0142kowicie metalow\u0105 konstrukcj\u0119, kt\u00f3ra gwarantuje d\u0142ugotrwa\u0142\u0105 wydajno\u015b\u0107 w trudnych warunkach pracy.<\/p>\n<p>Ten <a href=\"https:\/\/k-level.com\/pl\/o-nas\/\">Uchwyt lasera obrotowego RLB01A<\/a> zosta\u0142 zaprojektowany, aby zapewni\u0107 doskona\u0142\u0105 stabilno\u015b\u0107 monta\u017cu na \u015bcianie laser\u00f3w obrotowych, zar\u00f3wno wewn\u0105trz, jak i na zewn\u0105trz. Posiada precyzyjn\u0105 mikroregulacj\u0119, kt\u00f3ra pozwala u\u017cytkownikom z \u0142atwo\u015bci\u0105 precyzyjnie ustawi\u0107 kierunek p\u0142aszczyzny pionowej. Dzi\u0119ki temu jest szczeg\u00f3lnie przydatny do ustawiania niwelator\u00f3w laserowych w instalacjach sufitowych, \u015bciankach dzia\u0142owych i innych zadaniach wymagaj\u0105cych wysokiej precyzji.<\/p>\n<p><img fetchpriority=\"high\" decoding=\"async\" class=\"size-medium wp-image-13801 aligncenter\" src=\"https:\/\/k-level.com\/wp-content\/uploads\/2025\/07\/RLB01A5-300x300.jpg\" alt=\"RLB01A Uchwyt lasera obrotowego\" width=\"300\" height=\"300\" srcset=\"https:\/\/k-level.com\/wp-content\/uploads\/2025\/07\/RLB01A5-300x300.jpg 300w, https:\/\/k-level.com\/wp-content\/uploads\/2025\/07\/RLB01A5-150x150.jpg 150w, https:\/\/k-level.com\/wp-content\/uploads\/2025\/07\/RLB01A5-768x768.jpg 768w, https:\/\/k-level.com\/wp-content\/uploads\/2025\/07\/RLB01A5-12x12.jpg 12w, https:\/\/k-level.com\/wp-content\/uploads\/2025\/07\/RLB01A5-370x370.jpg 370w, https:\/\/k-level.com\/wp-content\/uploads\/2025\/07\/RLB01A5-400x400.jpg 400w, https:\/\/k-level.com\/wp-content\/uploads\/2025\/07\/RLB01A5-100x100.jpg 100w, https:\/\/k-level.com\/wp-content\/uploads\/2025\/07\/RLB01A5-50x50.jpg 50w, https:\/\/k-level.com\/wp-content\/uploads\/2025\/07\/RLB01A5.jpg 800w\" sizes=\"(max-width: 300px) 100vw, 300px\" \/><\/p>\n<p>Jako element serii Ultimate Wall Bracket, uchwyt \u015bcienny RLB01A jest kompatybilny z wi\u0119kszo\u015bci\u0105 standardowych obrotowych niwelator\u00f3w laserowych. Wytrzyma\u0142a metalowa konstrukcja uchwytu jest odporna na zu\u017cycie i uszkodzenia, co czyni go d\u0142ugoterminow\u0105 inwestycj\u0105 dla profesjonalist\u00f3w budowlanych i wykonawc\u00f3w. Jego intuicyjna konstrukcja obejmuje proste mechanizmy monta\u017cu i blokowania, kt\u00f3re skracaj\u0105 czas konfiguracji i zwi\u0119kszaj\u0105 wydajno\u015b\u0107 na miejscu.<\/p>\n<p>Potrzebujesz rozwi\u0105zania?<\/p>\n<p><a href=\"https:\/\/k-level.com\/pl\/\">Poziom K<\/a>\u00a0Oferujemy us\u0142ugi konsultingowe w zakresie sprz\u0119tu geodezyjnego. Skontaktuj si\u0119 z nami w sprawie zam\u00f3wie\u0144 hurtowych lub wsparcia technicznego!<\/p>","protected":false},"excerpt":{"rendered":"<ul>\n<li>Wybierz obrotowy uchwyt laserowy RLB01A i przekonaj si\u0119 sam<\/li>\n<li>Profesjonalne wsparcie, kt\u00f3remu ufaj\u0105 eksperci na ca\u0142ym \u015bwiecie.<\/li>\n<\/ul>\n<p><img decoding=\"async\" class=\"alignnone size-medium wp-image-13646\" src=\"https:\/\/k-level.com\/wp-content\/uploads\/2025\/05\/logo-300x98.png\" alt=\"\" width=\"300\" height=\"98\" srcset=\"https:\/\/k-level.com\/wp-content\/uploads\/2025\/05\/logo-300x98.png 300w, https:\/\/k-level.com\/wp-content\/uploads\/2025\/05\/logo-18x6.png 18w, https:\/\/k-level.com\/wp-content\/uploads\/2025\/05\/logo.png 307w\" sizes=\"(max-width: 300px) 100vw, 300px\" \/><\/p>","protected":false},"featured_media":13797,"comment_status":"open","ping_status":"closed","template":"","meta":[],"product_brand":[],"product_cat":[261],"product_tag":[238],"class_list":{"0":"post-13796","1":"product","2":"type-product","3":"status-publish","4":"has-post-thumbnail","6":"product_cat-rotary-laser-bracket","7":"product_tag-carpentry-and-furniture","9":"first","10":"instock","11":"shipping-taxable","12":"product-type-simple"},"_links":{"self":[{"href":"https:\/\/k-level.com\/pl\/wp-json\/wp\/v2\/product\/13796","targetHints":{"allow":["GET"]}}],"collection":[{"href":"https:\/\/k-level.com\/pl\/wp-json\/wp\/v2\/product"}],"about":[{"href":"https:\/\/k-level.com\/pl\/wp-json\/wp\/v2\/types\/product"}],"replies":[{"embeddable":true,"href":"https:\/\/k-level.com\/pl\/wp-json\/wp\/v2\/comments?post=13796"}],"version-history":[{"count":3,"href":"https:\/\/k-level.com\/pl\/wp-json\/wp\/v2\/product\/13796\/revisions"}],"predecessor-version":[{"id":13804,"href":"https:\/\/k-level.com\/pl\/wp-json\/wp\/v2\/product\/13796\/revisions\/13804"}],"wp:featuredmedia":[{"embeddable":true,"href":"https:\/\/k-level.com\/pl\/wp-json\/wp\/v2\/media\/13797"}],"wp:attachment":[{"href":"https:\/\/k-level.com\/pl\/wp-json\/wp\/v2\/media?parent=13796"}],"wp:term":[{"taxonomy":"product_brand","embeddable":true,"href":"https:\/\/k-level.com\/pl\/wp-json\/wp\/v2\/product_brand?post=13796"},{"taxonomy":"product_cat","embeddable":true,"href":"https:\/\/k-level.com\/pl\/wp-json\/wp\/v2\/product_cat?post=13796"},{"taxonomy":"product_tag","embeddable":true,"href":"https:\/\/k-level.com\/pl\/wp-json\/wp\/v2\/product_tag?post=13796"}],"curies":[{"name":"wp","href":"https:\/\/api.w.org\/{rel}","templated":true}]}}