{"id":13597,"date":"2025-07-01T14:55:06","date_gmt":"2025-07-01T06:55:06","guid":{"rendered":"https:\/\/k-level.com\/?post_type=product&#038;p=13597"},"modified":"2025-07-15T17:28:17","modified_gmt":"2025-07-15T09:28:17","slug":"uchwyt-lasera-liniowego-llb24a-24ab","status":"publish","type":"product","link":"https:\/\/k-level.com\/pl\/produkt\/uchwyt-lasera-liniowego-llb24a-24ab\/","title":{"rendered":"Uchwyt lasera liniowego LLB24A\/24AB"},"content":{"rendered":"<p>Uchwyt lasera liniowego LLB24A\/24AB to idealne akcesorium zaprojektowane do wszystkich niwelator\u00f3w laserowych. Gwint 1\/4\u2033 jest kompatybilny ze sprz\u0119tem laserowym wszystkich marek i sprawdzi si\u0119 w ka\u017cdym miejscu pracy, gwarantuj\u0105c stabilne i dok\u0142adne pomiary. Niezale\u017cnie od tego, czy chodzi o plac budowy, czy remont domu, uchwyt ten zapewni doskona\u0142e wsparcie.<\/p>\n<p>Uchwyt lasera liniowego LLB24A\/24AB ma silne magnesy i mo\u017cna go \u0142atwo przymocowa\u0107 do ram metalowych.<\/p>\n<p>Uchwyt \u015bcienny do wielokierunkowych poziomic laserowych jest kluczow\u0105 cech\u0105<a href=\"https:\/\/k-level.com\/pl\/sklep\/\"> Wspornik LLB24A\/24AB<\/a>Jego unikalna konstrukcja pozwala na \u0142atwy monta\u017c na r\u00f3\u017cnych powierzchniach \u015bciennych, zapewniaj\u0105c stabiln\u0105 platform\u0119 dla poziomicy laserowej. Dzi\u0119ki bezpiecznemu mocowaniu lasera, uchwyt gwarantuje dok\u0142adno\u015b\u0107 i sp\u00f3jno\u015b\u0107 pomiar\u00f3w, zmniejszaj\u0105c ryzyko b\u0142\u0119d\u00f3w w ka\u017cdym projekcie. Niezale\u017cnie od tego, czy pracujesz na budowie, remontujesz dom, czy tworzysz instalacje artystyczne, ten uchwyt \u015bcienny upraszcza Twoj\u0105 prac\u0119.<\/p>\n<p>Jedn\u0105 z najwa\u017cniejszych zalet LLB24A\/24AB jest jego wielokierunkowa zdolno\u015b\u0107. <a href=\"https:\/\/k-level.com\/pl\/sklep\/\">Uchwyt \u015bcienny do wielokierunkowych poziomic laserowych<\/a> Umo\u017cliwia u\u017cytkownikom wy\u015bwietlanie linii laserowych w wielu orientacjach, co czyni go niezwykle wszechstronnym. Funkcja ta idealnie sprawdza si\u0119 w zadaniach wymagaj\u0105cych precyzyjnego ustawienia, takich jak wieszanie p\u00f3\u0142ek, wyr\u00f3wnywanie p\u0142ytek czy poziomowanie szafek.<\/p>\n<p><img fetchpriority=\"high\" decoding=\"async\" class=\"aligncenter wp-image-13600 size-medium\" src=\"https:\/\/k-level.com\/wp-content\/uploads\/2025\/07\/06-300x300.jpg\" alt=\"Uchwyt \u015bcienny do wielokierunkowych poziomic laserowych\" width=\"300\" height=\"300\" srcset=\"https:\/\/k-level.com\/wp-content\/uploads\/2025\/07\/06-300x300.jpg 300w, https:\/\/k-level.com\/wp-content\/uploads\/2025\/07\/06-150x150.jpg 150w, https:\/\/k-level.com\/wp-content\/uploads\/2025\/07\/06-768x768.jpg 768w, https:\/\/k-level.com\/wp-content\/uploads\/2025\/07\/06-12x12.jpg 12w, https:\/\/k-level.com\/wp-content\/uploads\/2025\/07\/06-370x370.jpg 370w, https:\/\/k-level.com\/wp-content\/uploads\/2025\/07\/06-400x400.jpg 400w, https:\/\/k-level.com\/wp-content\/uploads\/2025\/07\/06-100x100.jpg 100w, https:\/\/k-level.com\/wp-content\/uploads\/2025\/07\/06-50x50.jpg 50w, https:\/\/k-level.com\/wp-content\/uploads\/2025\/07\/06.jpg 800w\" sizes=\"(max-width: 300px) 100vw, 300px\" \/><br \/>\nUchwyt lasera liniowego LLB24A\/24AB mo\u017cna r\u00f3wnie\u017c zamontowa\u0107 do p\u0142yty gipsowo-kartonowej poprzez g\u00f3rny otw\u00f3r lub u\u017cy\u0107 z profesjonalnym dr\u0105\u017ckiem teleskopowym. Precyzyjny system regulacji wysoko\u015bci pozwala szybko i precyzyjnie ustawi\u0107 lini\u0119 lasera, zwi\u0119kszaj\u0105c wydajno\u015b\u0107 pracy.<\/p>\n<p>Istniej\u0105 dwa r\u00f3\u017cne modele uchwytu lasera liniowego LLB24: uchwyt lasera liniowego LLB24A i uchwyt lasera liniowego LLB24AB. Uchwyt lasera liniowego LLB24AB ma uchwyt z ty\u0142u.<\/p>\n<p>Potrzebujesz rozwi\u0105zania?<br \/>\nK-level oferuje us\u0142ugi konsultingowe w zakresie sprz\u0119tu geodezyjnego. Skontaktuj si\u0119 z nami w sprawie zam\u00f3wie\u0144 hurtowych lub wsparcia technicznego!<\/p>","protected":false},"excerpt":{"rendered":"<ul>\n<li>Uchwyt lasera liniowego LLB24A\/24AB to idealny wyb\u00f3r do pomiar\u00f3w<\/li>\n<li>konstrukcja z jej rozbudowanymi funkcjami i wygodn\u0105 konstrukcj\u0105.<\/li>\n<li>Niezale\u017cnie od tego, czy szukasz precyzyjnego narz\u0119dzia do laserowego ustawiania pozycji, czy potrzebujesz przeno\u015bnego uchwytu.<\/li>\n<\/ul>\n<p><img decoding=\"async\" class=\"alignnone size-medium wp-image-13646\" src=\"https:\/\/k-level.com\/wp-content\/uploads\/2025\/05\/logo-300x98.png\" alt=\"\" width=\"300\" height=\"98\" srcset=\"https:\/\/k-level.com\/wp-content\/uploads\/2025\/05\/logo-300x98.png 300w, https:\/\/k-level.com\/wp-content\/uploads\/2025\/05\/logo-18x6.png 18w, https:\/\/k-level.com\/wp-content\/uploads\/2025\/05\/logo.png 307w\" sizes=\"(max-width: 300px) 100vw, 300px\" \/><\/p>","protected":false},"featured_media":13598,"comment_status":"open","ping_status":"closed","template":"","meta":[],"product_brand":[],"product_cat":[260],"product_tag":[238],"class_list":{"0":"post-13597","1":"product","2":"type-product","3":"status-publish","4":"has-post-thumbnail","6":"product_cat-line-laser-bracket","7":"product_tag-carpentry-and-furniture","9":"first","10":"instock","11":"shipping-taxable","12":"product-type-simple"},"_links":{"self":[{"href":"https:\/\/k-level.com\/pl\/wp-json\/wp\/v2\/product\/13597","targetHints":{"allow":["GET"]}}],"collection":[{"href":"https:\/\/k-level.com\/pl\/wp-json\/wp\/v2\/product"}],"about":[{"href":"https:\/\/k-level.com\/pl\/wp-json\/wp\/v2\/types\/product"}],"replies":[{"embeddable":true,"href":"https:\/\/k-level.com\/pl\/wp-json\/wp\/v2\/comments?post=13597"}],"version-history":[{"count":5,"href":"https:\/\/k-level.com\/pl\/wp-json\/wp\/v2\/product\/13597\/revisions"}],"predecessor-version":[{"id":13792,"href":"https:\/\/k-level.com\/pl\/wp-json\/wp\/v2\/product\/13597\/revisions\/13792"}],"wp:featuredmedia":[{"embeddable":true,"href":"https:\/\/k-level.com\/pl\/wp-json\/wp\/v2\/media\/13598"}],"wp:attachment":[{"href":"https:\/\/k-level.com\/pl\/wp-json\/wp\/v2\/media?parent=13597"}],"wp:term":[{"taxonomy":"product_brand","embeddable":true,"href":"https:\/\/k-level.com\/pl\/wp-json\/wp\/v2\/product_brand?post=13597"},{"taxonomy":"product_cat","embeddable":true,"href":"https:\/\/k-level.com\/pl\/wp-json\/wp\/v2\/product_cat?post=13597"},{"taxonomy":"product_tag","embeddable":true,"href":"https:\/\/k-level.com\/pl\/wp-json\/wp\/v2\/product_tag?post=13597"}],"curies":[{"name":"wp","href":"https:\/\/api.w.org\/{rel}","templated":true}]}}