{"id":13591,"date":"2025-07-01T14:00:59","date_gmt":"2025-07-01T06:00:59","guid":{"rendered":"https:\/\/k-level.com\/?post_type=product&#038;p=13591"},"modified":"2025-07-15T17:12:27","modified_gmt":"2025-07-15T09:12:27","slug":"zestaw-akcesoriow-do-poziomicy-laserowej-i-uchwytu-lasera-liniowego-llb23a","status":"publish","type":"product","link":"https:\/\/k-level.com\/pl\/produkt\/zestaw-akcesoriow-do-poziomicy-laserowej-i-uchwytu-lasera-liniowego-llb23a\/","title":{"rendered":"Uchwyt lasera liniowego LLB23A"},"content":{"rendered":"<p>Uniwersalny uchwyt do lasera liniowego LLB23A \u2013 konstrukcja magnetyczna i regulowany zacisk<\/p>\n<p>Uchwyt lasera liniowego LLB23A to idealne uzupe\u0142nienie Twoich narz\u0119dzi pomiarowych, \u0142\u0105cz\u0105ce innowacyjny design z praktyczn\u0105 funkcjonalno\u015bci\u0105.<br \/>\nUchwyt lasera liniowego LLB23A jest wyposa\u017cony w regulowany zacisk \u015brubowy, kt\u00f3ry mo\u017cna bezpiecznie zamontowa\u0107 na panelach o wysoko\u015bci do 8,7 cm. Zapewnia on szerszy zakres zacisku ni\u017c tradycyjne konstrukcje spr\u0119\u017cynowe, dostosowuj\u0105c si\u0119 do r\u00f3\u017cnych scenariuszy u\u017cytkowania.<\/p>\n<p><a href=\"https:\/\/k-level.com\/pl\/sklep\/\">Uchwyt lasera liniowego LLB23A<\/a>, centralny punkt naszej kompleksowej oferty <a href=\"https:\/\/k-level.com\/pl\/sklep\/\">Zestaw akcesori\u00f3w do poziomicy laserowej<\/a>Zaprojektowane dla profesjonalist\u00f3w wymagaj\u0105cych wszechstronno\u015bci i precyzji, to kompletne rozwi\u0105zanie monta\u017cowe zmienia spos\u00f3b pracy z laserami liniowymi w budownictwie, geodezji i zastosowaniach przemys\u0142owych.<\/p>\n<p>Zestaw akcesori\u00f3w do poziomicy laserowej wyr\u00f3\u017cnia si\u0119 innowacyjnym systemem szybkiej wymiany, kt\u00f3ry umo\u017cliwia bezproblemow\u0105 zmian\u0119 konfiguracji monta\u017cu w kilka sekund. Niezale\u017cnie od tego, czy potrzebujesz monta\u017cu sufitowego, \u015bciennego, czy statywu, ten <a href=\"https:\/\/k-level.com\/pl\/sklep\/\">Zestaw akcesori\u00f3w do poziomicy laserowej<\/a> zapewnia idealne rozwi\u0105zanie. Konstrukcja LLB23A z aluminium lotniczego gwarantuje trwa\u0142o\u015b\u0107 przy jednoczesnym zachowaniu lekko\u015bci i mobilno\u015bci.<\/p>\n<p><img fetchpriority=\"high\" decoding=\"async\" class=\"aligncenter wp-image-13592 size-medium\" src=\"https:\/\/k-level.com\/wp-content\/uploads\/2025\/07\/01-300x300.jpg\" alt=\"Zestaw akcesori\u00f3w do poziomicy laserowej\" width=\"300\" height=\"300\" srcset=\"https:\/\/k-level.com\/wp-content\/uploads\/2025\/07\/01-300x300.jpg 300w, https:\/\/k-level.com\/wp-content\/uploads\/2025\/07\/01-150x150.jpg 150w, https:\/\/k-level.com\/wp-content\/uploads\/2025\/07\/01-768x768.jpg 768w, https:\/\/k-level.com\/wp-content\/uploads\/2025\/07\/01-12x12.jpg 12w, https:\/\/k-level.com\/wp-content\/uploads\/2025\/07\/01-370x370.jpg 370w, https:\/\/k-level.com\/wp-content\/uploads\/2025\/07\/01-400x400.jpg 400w, https:\/\/k-level.com\/wp-content\/uploads\/2025\/07\/01-100x100.jpg 100w, https:\/\/k-level.com\/wp-content\/uploads\/2025\/07\/01-50x50.jpg 50w, https:\/\/k-level.com\/wp-content\/uploads\/2025\/07\/01.jpg 800w\" sizes=\"(max-width: 300px) 100vw, 300px\" \/><\/p>\n<p>Niezale\u017cnie od tego, czy u\u017cywasz go wewn\u0105trz, czy na zewn\u0105trz, ten uchwyt oferuje cztery opcje monta\u017cu: mocowanie magnetyczne, mocowanie za pomoc\u0105 p\u0142ytki zaciskowej, zawieszenie na gwo\u017adziach lub monta\u017c na statywie z gwintem 1\/4\u2033-20. Wielokierunkowa funkcja regulacji pozwala na \u0142atw\u0105 regulacj\u0119 k\u0105ta nachylenia lasera, gwarantuj\u0105c dok\u0142adno\u015b\u0107 ka\u017cdego pomiaru.<\/p>\n<p>Potrzebujesz rozwi\u0105zania?<br \/>\nK-level oferuje us\u0142ugi konsultingowe w zakresie sprz\u0119tu geodezyjnego. Skontaktuj si\u0119 z nami w sprawie zam\u00f3wie\u0144 hurtowych lub wsparcia technicznego!<\/p>","protected":false},"excerpt":{"rendered":"<ul>\n<li>Uchwyt lasera liniowego LLB23A to idealny wyb\u00f3r dla<\/li>\n<li>Prace pomiarowe dzi\u0119ki solidnej konstrukcji i wszechstronno\u015bci.<\/li>\n<li>Uchwyt zapewnia doskona\u0142e wsparcie i stabilno\u015b\u0107, dzi\u0119ki czemu mo\u017cesz \u0142atwo wykona\u0107 ka\u017cde zadanie pomiarowe.<\/li>\n<\/ul>\n<p><img decoding=\"async\" class=\"alignnone size-medium wp-image-13646\" src=\"https:\/\/k-level.com\/wp-content\/uploads\/2025\/05\/logo-300x98.png\" alt=\"\" width=\"300\" height=\"98\" srcset=\"https:\/\/k-level.com\/wp-content\/uploads\/2025\/05\/logo-300x98.png 300w, https:\/\/k-level.com\/wp-content\/uploads\/2025\/05\/logo-18x6.png 18w, https:\/\/k-level.com\/wp-content\/uploads\/2025\/05\/logo.png 307w\" sizes=\"(max-width: 300px) 100vw, 300px\" \/><\/p>","protected":false},"featured_media":13593,"comment_status":"open","ping_status":"closed","template":"","meta":[],"product_brand":[],"product_cat":[260],"product_tag":[238],"class_list":{"0":"post-13591","1":"product","2":"type-product","3":"status-publish","4":"has-post-thumbnail","6":"product_cat-line-laser-bracket","7":"product_tag-carpentry-and-furniture","9":"first","10":"instock","11":"shipping-taxable","12":"product-type-simple"},"_links":{"self":[{"href":"https:\/\/k-level.com\/pl\/wp-json\/wp\/v2\/product\/13591","targetHints":{"allow":["GET"]}}],"collection":[{"href":"https:\/\/k-level.com\/pl\/wp-json\/wp\/v2\/product"}],"about":[{"href":"https:\/\/k-level.com\/pl\/wp-json\/wp\/v2\/types\/product"}],"replies":[{"embeddable":true,"href":"https:\/\/k-level.com\/pl\/wp-json\/wp\/v2\/comments?post=13591"}],"version-history":[{"count":3,"href":"https:\/\/k-level.com\/pl\/wp-json\/wp\/v2\/product\/13591\/revisions"}],"predecessor-version":[{"id":13791,"href":"https:\/\/k-level.com\/pl\/wp-json\/wp\/v2\/product\/13591\/revisions\/13791"}],"wp:featuredmedia":[{"embeddable":true,"href":"https:\/\/k-level.com\/pl\/wp-json\/wp\/v2\/media\/13593"}],"wp:attachment":[{"href":"https:\/\/k-level.com\/pl\/wp-json\/wp\/v2\/media?parent=13591"}],"wp:term":[{"taxonomy":"product_brand","embeddable":true,"href":"https:\/\/k-level.com\/pl\/wp-json\/wp\/v2\/product_brand?post=13591"},{"taxonomy":"product_cat","embeddable":true,"href":"https:\/\/k-level.com\/pl\/wp-json\/wp\/v2\/product_cat?post=13591"},{"taxonomy":"product_tag","embeddable":true,"href":"https:\/\/k-level.com\/pl\/wp-json\/wp\/v2\/product_tag?post=13591"}],"curies":[{"name":"wp","href":"https:\/\/api.w.org\/{rel}","templated":true}]}}