{"id":13574,"date":"2025-06-30T17:09:18","date_gmt":"2025-06-30T09:09:18","guid":{"rendered":"https:\/\/k-level.com\/?post_type=product&#038;p=13574"},"modified":"2025-07-15T16:27:03","modified_gmt":"2025-07-15T08:27:03","slug":"uchwyt-lasera-liniowego-llb18a","status":"publish","type":"product","link":"https:\/\/k-level.com\/pl\/produkt\/uchwyt-lasera-liniowego-llb18a\/","title":{"rendered":"Uchwyt lasera liniowego LLB18A"},"content":{"rendered":"<p>Uchwyt lasera liniowego LLB18A to niezawodne i wszechstronne narz\u0119dzie przeznaczone do zastosowa\u0144 laserowych, wyposa\u017cone w magnetyczn\u0105 podstaw\u0119 i gwint 1\/4\u2033-20 umo\u017cliwiaj\u0105cy \u0142atwe mocowanie.<\/p>\n<p>Lekka, a jednocze\u015bnie trwa\u0142a konstrukcja i regulowana konstrukcja sprawiaj\u0105, \u017ce doskonale nadaje si\u0119 do wykonywania precyzyjnych pomiar\u00f3w.<\/p>\n<p>Uchwyt lasera liniowego LLB18A to niezb\u0119dne narz\u0119dzie przeznaczone dla profesjonalist\u00f3w poszukuj\u0105cych niezawodnego i <a href=\"https:\/\/k-level.com\/pl\/o-nas\/\">Praktyczny uchwyt do poziomicy laserowej<\/a> rozwi\u0105zania.<\/p>\n<p>Nasz praktyczny uchwyt do poziomicy laserowej wyr\u00f3\u017cnia si\u0119 solidn\u0105 aluminiow\u0105 konstrukcj\u0105, kt\u00f3ra zapewnia d\u0142ugotrwa\u0142\u0105 wydajno\u015b\u0107 nawet w wymagaj\u0105cych warunkach pracy. Uchwyt LLB18A posiada mechanizm szybkiego zwalniania i mo\u017cliwo\u015b\u0107 obrotu o 360\u00b0, co pozwala na \u0142atw\u0105 regulacj\u0119 i optymalne ustawienie lasera liniowego. Jako prawdziwie praktyczny uchwyt do poziomicy laserowej, oferuje on uniwersaln\u0105 kompatybilno\u015b\u0107 z wi\u0119kszo\u015bci\u0105 popularnych marek laser\u00f3w liniowych, eliminuj\u0105c potrzeb\u0119 stosowania wielu rozwi\u0105za\u0144 monta\u017cowych.<\/p>\n<p>Inteligentna konstrukcja LLB18A oferuje wiele opcji monta\u017cu, w tym kompatybilno\u015b\u0107 ze statywem i mo\u017cliwo\u015b\u0107 monta\u017cu na \u015bcianie, dzi\u0119ki czemu ten praktyczny uchwyt do poziomicy laserowej sprawdza si\u0119 w r\u00f3\u017cnych warunkach pracy. Kompaktowa, a jednocze\u015bnie solidna konstrukcja zapewnia stabilno\u015b\u0107 podczas pracy, a jednocze\u015bnie jest lekka, co u\u0142atwia transport.<\/p>\n<p>Z LLB18A <a href=\"https:\/\/k-level.com\/pl\/o-nas\/\">Praktyczny uchwyt do poziomicy laserowej<\/a>profesjonali\u015bci zyskuj\u0105 niezawodne narz\u0119dzie, kt\u00f3re zwi\u0119ksza dok\u0142adno\u015b\u0107 pomiar\u00f3w, oszcz\u0119dzaj\u0105c jednocze\u015bnie cenny czas po\u015bwi\u0119cany na konfiguracj\u0119 i regulacje.<\/p>\n<p><img fetchpriority=\"high\" decoding=\"async\" class=\"aligncenter wp-image-13576 size-medium\" src=\"https:\/\/k-level.com\/wp-content\/uploads\/2025\/06\/LLB18A2-300x300.jpg\" alt=\"Praktyczny uchwyt do poziomicy laserowej\" width=\"300\" height=\"300\" srcset=\"https:\/\/k-level.com\/wp-content\/uploads\/2025\/06\/LLB18A2-300x300.jpg 300w, https:\/\/k-level.com\/wp-content\/uploads\/2025\/06\/LLB18A2-150x150.jpg 150w, https:\/\/k-level.com\/wp-content\/uploads\/2025\/06\/LLB18A2-768x768.jpg 768w, https:\/\/k-level.com\/wp-content\/uploads\/2025\/06\/LLB18A2-12x12.jpg 12w, https:\/\/k-level.com\/wp-content\/uploads\/2025\/06\/LLB18A2-370x370.jpg 370w, https:\/\/k-level.com\/wp-content\/uploads\/2025\/06\/LLB18A2-400x400.jpg 400w, https:\/\/k-level.com\/wp-content\/uploads\/2025\/06\/LLB18A2-100x100.jpg 100w, https:\/\/k-level.com\/wp-content\/uploads\/2025\/06\/LLB18A2-50x50.jpg 50w, https:\/\/k-level.com\/wp-content\/uploads\/2025\/06\/LLB18A2.jpg 800w\" sizes=\"(max-width: 300px) 100vw, 300px\" \/><br \/>\nUchwyt lasera liniowego LLB18A umo\u017cliwia precyzyjne pozycjonowanie i gwarantuje dok\u0142adne ustawienie we wszystkich projektach laserowych.<\/p>\n<p>Potrzebujesz rozwi\u0105zania?<br \/>\nK-level oferuje us\u0142ugi konsultingowe w zakresie sprz\u0119tu geodezyjnego. Skontaktuj si\u0119 z nami w sprawie zam\u00f3wie\u0144 hurtowych lub wsparcia technicznego!<\/p>","protected":false},"excerpt":{"rendered":"<ul>\n<li>Uchwyt lasera liniowego LLB18A Idealny dla profesjonalist\u00f3w z bran\u017cy budowlanej i geodezyjnej.<\/li>\n<li>dzi\u0119ki czemu uchwyt lasera liniowego LLB18A jest odpowiedni<\/li>\n<li>do zastosowa\u0144 wewn\u0119trznych i zewn\u0119trznych.<\/li>\n<\/ul>\n<p><img decoding=\"async\" class=\"alignnone size-medium wp-image-13646\" src=\"https:\/\/k-level.com\/wp-content\/uploads\/2025\/05\/logo-300x98.png\" alt=\"\" width=\"300\" height=\"98\" srcset=\"https:\/\/k-level.com\/wp-content\/uploads\/2025\/05\/logo-300x98.png 300w, https:\/\/k-level.com\/wp-content\/uploads\/2025\/05\/logo-18x6.png 18w, https:\/\/k-level.com\/wp-content\/uploads\/2025\/05\/logo.png 307w\" sizes=\"(max-width: 300px) 100vw, 300px\" \/><\/p>\n<p>&nbsp;<\/p>","protected":false},"featured_media":13575,"comment_status":"open","ping_status":"closed","template":"","meta":[],"product_brand":[],"product_cat":[260],"product_tag":[238],"class_list":{"0":"post-13574","1":"product","2":"type-product","3":"status-publish","4":"has-post-thumbnail","6":"product_cat-line-laser-bracket","7":"product_tag-carpentry-and-furniture","9":"first","10":"instock","11":"shipping-taxable","12":"product-type-simple"},"_links":{"self":[{"href":"https:\/\/k-level.com\/pl\/wp-json\/wp\/v2\/product\/13574","targetHints":{"allow":["GET"]}}],"collection":[{"href":"https:\/\/k-level.com\/pl\/wp-json\/wp\/v2\/product"}],"about":[{"href":"https:\/\/k-level.com\/pl\/wp-json\/wp\/v2\/types\/product"}],"replies":[{"embeddable":true,"href":"https:\/\/k-level.com\/pl\/wp-json\/wp\/v2\/comments?post=13574"}],"version-history":[{"count":4,"href":"https:\/\/k-level.com\/pl\/wp-json\/wp\/v2\/product\/13574\/revisions"}],"predecessor-version":[{"id":13787,"href":"https:\/\/k-level.com\/pl\/wp-json\/wp\/v2\/product\/13574\/revisions\/13787"}],"wp:featuredmedia":[{"embeddable":true,"href":"https:\/\/k-level.com\/pl\/wp-json\/wp\/v2\/media\/13575"}],"wp:attachment":[{"href":"https:\/\/k-level.com\/pl\/wp-json\/wp\/v2\/media?parent=13574"}],"wp:term":[{"taxonomy":"product_brand","embeddable":true,"href":"https:\/\/k-level.com\/pl\/wp-json\/wp\/v2\/product_brand?post=13574"},{"taxonomy":"product_cat","embeddable":true,"href":"https:\/\/k-level.com\/pl\/wp-json\/wp\/v2\/product_cat?post=13574"},{"taxonomy":"product_tag","embeddable":true,"href":"https:\/\/k-level.com\/pl\/wp-json\/wp\/v2\/product_tag?post=13574"}],"curies":[{"name":"wp","href":"https:\/\/api.w.org\/{rel}","templated":true}]}}