{"id":13571,"date":"2025-06-30T16:55:31","date_gmt":"2025-06-30T08:55:31","guid":{"rendered":"https:\/\/k-level.com\/?post_type=product&#038;p=13571"},"modified":"2025-07-15T15:46:26","modified_gmt":"2025-07-15T07:46:26","slug":"uchwyt-lasera-liniowego-llb06","status":"publish","type":"product","link":"https:\/\/k-level.com\/pl\/produkt\/uchwyt-lasera-liniowego-llb06\/","title":{"rendered":"Uchwyt lasera liniowego LLB06"},"content":{"rendered":"<p>Ten <a href=\"https:\/\/k-level.com\/pl\/skontaktuj-sie-z-nami\/\">Uchwyt lasera liniowego LLB06<\/a> To profesjonalne rozwi\u0105zanie monta\u017cowe zaprojektowane z my\u015bl\u0105 o precyzji i wygodzie. Wyposa\u017cone w silny magnes, regulowany k\u0105t 0\u00b0-90\u00b0 oraz dwa adaptery (1\/4\u2033-20 i 5\/8\u2033-11), zapewnia bezpieczne i wszechstronne mocowanie laser\u00f3w liniowych w budownictwie, geodezji i przemy\u015ble.<\/p>\n<p><img fetchpriority=\"high\" decoding=\"async\" class=\"aligncenter wp-image-13572 size-medium\" src=\"https:\/\/k-level.com\/wp-content\/uploads\/2025\/06\/01-3-300x300.jpg\" alt=\"Magnetyczny poziom laserowy uchwyt L\" width=\"300\" height=\"300\" srcset=\"https:\/\/k-level.com\/wp-content\/uploads\/2025\/06\/01-3-300x300.jpg 300w, https:\/\/k-level.com\/wp-content\/uploads\/2025\/06\/01-3-150x150.jpg 150w, https:\/\/k-level.com\/wp-content\/uploads\/2025\/06\/01-3-768x768.jpg 768w, https:\/\/k-level.com\/wp-content\/uploads\/2025\/06\/01-3-12x12.jpg 12w, https:\/\/k-level.com\/wp-content\/uploads\/2025\/06\/01-3-370x370.jpg 370w, https:\/\/k-level.com\/wp-content\/uploads\/2025\/06\/01-3-400x400.jpg 400w, https:\/\/k-level.com\/wp-content\/uploads\/2025\/06\/01-3-100x100.jpg 100w, https:\/\/k-level.com\/wp-content\/uploads\/2025\/06\/01-3-50x50.jpg 50w, https:\/\/k-level.com\/wp-content\/uploads\/2025\/06\/01-3.jpg 800w\" sizes=\"(max-width: 300px) 100vw, 300px\" \/><\/p>\n<p>Uchwyt lasera liniowego LLB06 charakteryzuje si\u0119 trwa\u0142\u0105 konstrukcj\u0105 i \u0142atwo\u015bci\u0105 monta\u017cu, co czyni go niezb\u0119dnym narz\u0119dziem dla profesjonalist\u00f3w poszukuj\u0105cych niezawodnego i wydajnego pozycjonowania lasera.<\/p>\n<p>Uchwyt do lasera liniowego LLB06 to dow\u00f3d naszego zaanga\u017cowania w jako\u015b\u0107 i innowacyjno\u015b\u0107. To wszechstronne narz\u0119dzie zosta\u0142o zaprojektowane, aby zwi\u0119kszy\u0107 funkcjonalno\u015b\u0107 poziomic laserowych, zapewniaj\u0105c precyzj\u0119 i elastyczno\u015b\u0107 w r\u00f3\u017cnorodnych zastosowaniach.<\/p>\n<p>Ten <a href=\"https:\/\/k-level.com\/pl\/skontaktuj-sie-z-nami\/\">Magnetyczny poziom laserowy uchwyt L<\/a> To niezb\u0119dne akcesorium dla ka\u017cdego profesjonalisty lub majsterkowicza, kt\u00f3ry chce wykonywa\u0107 dok\u0142adne pomiary. Jego solidna magnetyczna podstawa bezpiecznie mocuje si\u0119 do metalowych powierzchni, zapewniaj\u0105c stabiln\u0105 platform\u0119 dla lasera liniowego, niezale\u017cnie od tego, czy pracujesz na budowie, remontujesz dom, czy nawet tworzysz instalacje artystyczne. Magnetyczny uchwyt L-Bracket do poziomicy laserowej zapewnia, \u017ce laser pozostaje na swoim miejscu, gdy Ty skupiasz si\u0119 na pomiarach, zmniejszaj\u0105c ryzyko b\u0142\u0119d\u00f3w i poprawiaj\u0105c og\u00f3ln\u0105 wydajno\u015b\u0107.<\/p>\n<p>Jedn\u0105 z wyr\u00f3\u017cniaj\u0105cych cech LLB06 jest jej regulowana konstrukcja. Magnetyczny uchwyt L-Bracket do poziomicy laserowej mo\u017cna \u0142atwo ustawi\u0107 pod r\u00f3\u017cnymi k\u0105tami, co pozwala na wy\u015bwietlanie linii laserowych dok\u0142adnie tam, gdzie s\u0105 potrzebne. Ta elastyczno\u015b\u0107 jest szczeg\u00f3lnie przydatna przy takich zadaniach, jak wyr\u00f3wnywanie p\u00f3\u0142ek, monta\u017c szafek czy znakowanie \u015bcian do malowania. Dzi\u0119ki mo\u017cliwo\u015bci regulacji k\u0105ta i wysoko\u015bci, uchwyt ten dopasowuje si\u0119 do konkretnych potrzeb projektu, staj\u0105c si\u0119 niezast\u0105pionym narz\u0119dziem w arsenale pomiarowym.<\/p>\n<p>Trwa\u0142o\u015b\u0107 to kolejna cecha charakterystyczna LLB06. Wykonany z wysokiej jako\u015bci materia\u0142\u00f3w, <a href=\"https:\/\/k-level.com\/pl\/skontaktuj-sie-z-nami\/\">Magnetyczny poziom laserowy uchwyt L<\/a> jest skonstruowany tak, aby wytrzyma\u0107 trudy codziennego u\u017cytkowania.<\/p>\n<p>Potrzebujesz rozwi\u0105zania?<br \/>\nK-level oferuje us\u0142ugi konsultingowe w zakresie sprz\u0119tu geodezyjnego. Skontaktuj si\u0119 z nami w sprawie zam\u00f3wie\u0144 hurtowych lub wsparcia technicznego!<\/p>","protected":false},"excerpt":{"rendered":"<ul>\n<li>Uchwyt lasera liniowego LLB06 do stabilnego ustawienia lasera w r\u00f3\u017cnych \u015brodowiskach pracy<\/li>\n<li>co sprawia, \u017ce uchwyt lasera liniowego LLB06 jest idealny dla profesjonalist\u00f3w, kt\u00f3rzy<br \/>\npotrzebujesz wydajnych i dok\u0142adnych rozwi\u0105za\u0144 monta\u017cu lasera.<\/li>\n<\/ul>\n<p><img decoding=\"async\" class=\"alignnone size-medium wp-image-13646\" src=\"https:\/\/k-level.com\/wp-content\/uploads\/2025\/05\/logo-300x98.png\" alt=\"\" width=\"300\" height=\"98\" srcset=\"https:\/\/k-level.com\/wp-content\/uploads\/2025\/05\/logo-300x98.png 300w, https:\/\/k-level.com\/wp-content\/uploads\/2025\/05\/logo-18x6.png 18w, https:\/\/k-level.com\/wp-content\/uploads\/2025\/05\/logo.png 307w\" sizes=\"(max-width: 300px) 100vw, 300px\" \/><\/p>","protected":false},"featured_media":13572,"comment_status":"open","ping_status":"closed","template":"","meta":[],"product_brand":[],"product_cat":[260],"product_tag":[238],"class_list":{"0":"post-13571","1":"product","2":"type-product","3":"status-publish","4":"has-post-thumbnail","6":"product_cat-line-laser-bracket","7":"product_tag-carpentry-and-furniture","9":"first","10":"instock","11":"shipping-taxable","12":"product-type-simple"},"_links":{"self":[{"href":"https:\/\/k-level.com\/pl\/wp-json\/wp\/v2\/product\/13571","targetHints":{"allow":["GET"]}}],"collection":[{"href":"https:\/\/k-level.com\/pl\/wp-json\/wp\/v2\/product"}],"about":[{"href":"https:\/\/k-level.com\/pl\/wp-json\/wp\/v2\/types\/product"}],"replies":[{"embeddable":true,"href":"https:\/\/k-level.com\/pl\/wp-json\/wp\/v2\/comments?post=13571"}],"version-history":[{"count":4,"href":"https:\/\/k-level.com\/pl\/wp-json\/wp\/v2\/product\/13571\/revisions"}],"predecessor-version":[{"id":13785,"href":"https:\/\/k-level.com\/pl\/wp-json\/wp\/v2\/product\/13571\/revisions\/13785"}],"wp:featuredmedia":[{"embeddable":true,"href":"https:\/\/k-level.com\/pl\/wp-json\/wp\/v2\/media\/13572"}],"wp:attachment":[{"href":"https:\/\/k-level.com\/pl\/wp-json\/wp\/v2\/media?parent=13571"}],"wp:term":[{"taxonomy":"product_brand","embeddable":true,"href":"https:\/\/k-level.com\/pl\/wp-json\/wp\/v2\/product_brand?post=13571"},{"taxonomy":"product_cat","embeddable":true,"href":"https:\/\/k-level.com\/pl\/wp-json\/wp\/v2\/product_cat?post=13571"},{"taxonomy":"product_tag","embeddable":true,"href":"https:\/\/k-level.com\/pl\/wp-json\/wp\/v2\/product_tag?post=13571"}],"curies":[{"name":"wp","href":"https:\/\/api.w.org\/{rel}","templated":true}]}}