{"id":13565,"date":"2025-06-30T16:40:23","date_gmt":"2025-06-30T08:40:23","guid":{"rendered":"https:\/\/k-level.com\/?post_type=product&#038;p=13565"},"modified":"2025-07-15T15:27:15","modified_gmt":"2025-07-15T07:27:15","slug":"uchwyt-lasera-liniowego-llb04","status":"publish","type":"product","link":"https:\/\/k-level.com\/pl\/produkt\/uchwyt-lasera-liniowego-llb04\/","title":{"rendered":"Uchwyt lasera liniowego LLB04"},"content":{"rendered":"<p>Uchwyt lasera liniowego LLB04 to wszechstronne i wytrzyma\u0142e narz\u0119dzie przeznaczone do zastosowa\u0144 laserowych, charakteryzuj\u0105ce si\u0119 magnetyczn\u0105 konstrukcj\u0105 w kszta\u0142cie litery L i dost\u0119pne z dwoma rodzajami gwintu.<\/p>\n<p>Teleskopowa konstrukcja uchwytu lasera liniowego LLB04 umo\u017cliwia \u0142atw\u0105 regulacj\u0119, a tryb automatycznej pracy zwi\u0119ksza wygod\u0119 u\u017cytkowania.<\/p>\n<p>Uchwyt lasera liniowego LLB04A: gwint 1\/4\u2033-20<br \/>\nUchwyt lasera liniowego LLB04B: gwint 5\/8\u2033-11<\/p>\n<p>Uchwyt lasera liniowego LLB04A\/04B i<a href=\"https:\/\/k-level.com\/pl\/o-nas\/\"> Uchwyt magnetyczny do poziomicy laserowej w kszta\u0142cie litery L<\/a>, zaprojektowane tak, aby spe\u0142nia\u0107 zr\u00f3\u017cnicowane wymagania monta\u017cowe w budownictwie, projektowaniu wn\u0119trz i zadaniach zwi\u0105zanych z ustawianiem parametr\u00f3w w przemy\u015ble.<\/p>\n<p>Ten <a href=\"https:\/\/k-level.com\/pl\/o-nas\/\">Uchwyt lasera liniowego LLB04A\/04B<\/a> System oferuje wszechstronne opcje monta\u017cu dzi\u0119ki regulowanej konstrukcji, umo\u017cliwiaj\u0105c precyzyjne ustawienie k\u0105ta i bezpieczne mocowanie do r\u00f3\u017cnych powierzchni. Dla profesjonalist\u00f3w poszukuj\u0105cych magnetycznej wygody, nasz magnetyczny uchwyt poziomnicy laserowej w kszta\u0142cie litery L zapewnia wyj\u0105tkow\u0105 funkcjonalno\u015b\u0107 dzi\u0119ki mocnej podstawie magnetycznej, kt\u00f3ra bezpiecznie mocuje si\u0119 do metalowych powierzchni, zachowuj\u0105c jednocze\u015bnie idealne ustawienie pod k\u0105tem 90\u00b0. Zar\u00f3wno uchwyt poziomnicy laserowej LLB04A\/04B, jak i magnetyczny uchwyt poziomnicy laserowej w kszta\u0142cie litery L s\u0105 wykonane z trwa\u0142ych materia\u0142\u00f3w, aby sprosta\u0107 trudnym warunkom panuj\u0105cym na miejscu pracy.<\/p>\n<p>Zaprojektowany z my\u015bl\u0105 o wydajno\u015bci, magnetyczny uchwyt poziomnicy laserowej w kszta\u0142cie litery L umo\u017cliwia szybk\u0105 konfiguracj\u0119 i zmian\u0119 po\u0142o\u017cenia, znacznie poprawiaj\u0105c wydajno\u015b\u0107 pracy. Z kolei uchwyt lasera liniowego LLB04A\/04B zapewnia zwi\u0119kszon\u0105 stabilno\u015b\u0107 podczas d\u0142u\u017cszej pracy.<\/p>\n<p><img fetchpriority=\"high\" decoding=\"async\" class=\"aligncenter wp-image-13567 size-medium\" src=\"https:\/\/k-level.com\/wp-content\/uploads\/2025\/06\/02-3-300x300.jpg\" alt=\"Uchwyt magnetyczny do poziomicy laserowej w kszta\u0142cie litery L\" width=\"300\" height=\"300\" srcset=\"https:\/\/k-level.com\/wp-content\/uploads\/2025\/06\/02-3-300x300.jpg 300w, https:\/\/k-level.com\/wp-content\/uploads\/2025\/06\/02-3-150x150.jpg 150w, https:\/\/k-level.com\/wp-content\/uploads\/2025\/06\/02-3-768x768.jpg 768w, https:\/\/k-level.com\/wp-content\/uploads\/2025\/06\/02-3-12x12.jpg 12w, https:\/\/k-level.com\/wp-content\/uploads\/2025\/06\/02-3-370x370.jpg 370w, https:\/\/k-level.com\/wp-content\/uploads\/2025\/06\/02-3-400x400.jpg 400w, https:\/\/k-level.com\/wp-content\/uploads\/2025\/06\/02-3-100x100.jpg 100w, https:\/\/k-level.com\/wp-content\/uploads\/2025\/06\/02-3-50x50.jpg 50w, https:\/\/k-level.com\/wp-content\/uploads\/2025\/06\/02-3.jpg 800w\" sizes=\"(max-width: 300px) 100vw, 300px\" \/><\/p>\n<p>Ten uchwyt jest idealnym dodatkiem dla profesjonalist\u00f3w, kt\u00f3rzy oczekuj\u0105 niezawodno\u015bci i precyzji w swoich konfiguracjach laserowych.<\/p>\n<p>Potrzebujesz rozwi\u0105zania?<br \/>\n<a href=\"https:\/\/k-level.com\/pl\/o-nas\/\">Poziom K<\/a> Oferujemy us\u0142ugi konsultingowe w zakresie sprz\u0119tu geodezyjnego. Skontaktuj si\u0119 z nami w sprawie zam\u00f3wie\u0144 hurtowych lub wsparcia technicznego!<\/p>","protected":false},"excerpt":{"rendered":"<ul>\n<li>Uchwyt lasera liniowego LLB04 z automatycznym trybem pracy<\/li>\n<li>Uchwyt lasera liniowego LLB04 u\u0142atwia konfiguracj\u0119 i zapewnia szybk\u0105 regulacj\u0119.<\/li>\n<li>Dzi\u0119ki temu jest to niezb\u0119dne narz\u0119dzie dla profesjonalist\u00f3w z bran\u017cy budowlanej i geodezyjnej.<\/li>\n<\/ul>\n<p><img decoding=\"async\" class=\"alignnone size-medium wp-image-13646\" src=\"https:\/\/k-level.com\/wp-content\/uploads\/2025\/05\/logo-300x98.png\" alt=\"\" width=\"300\" height=\"98\" srcset=\"https:\/\/k-level.com\/wp-content\/uploads\/2025\/05\/logo-300x98.png 300w, https:\/\/k-level.com\/wp-content\/uploads\/2025\/05\/logo-18x6.png 18w, https:\/\/k-level.com\/wp-content\/uploads\/2025\/05\/logo.png 307w\" sizes=\"(max-width: 300px) 100vw, 300px\" \/><\/p>","protected":false},"featured_media":13566,"comment_status":"open","ping_status":"closed","template":"","meta":[],"product_brand":[],"product_cat":[260],"product_tag":[238],"class_list":{"0":"post-13565","1":"product","2":"type-product","3":"status-publish","4":"has-post-thumbnail","6":"product_cat-line-laser-bracket","7":"product_tag-carpentry-and-furniture","9":"first","10":"instock","11":"shipping-taxable","12":"product-type-simple"},"_links":{"self":[{"href":"https:\/\/k-level.com\/pl\/wp-json\/wp\/v2\/product\/13565","targetHints":{"allow":["GET"]}}],"collection":[{"href":"https:\/\/k-level.com\/pl\/wp-json\/wp\/v2\/product"}],"about":[{"href":"https:\/\/k-level.com\/pl\/wp-json\/wp\/v2\/types\/product"}],"replies":[{"embeddable":true,"href":"https:\/\/k-level.com\/pl\/wp-json\/wp\/v2\/comments?post=13565"}],"version-history":[{"count":4,"href":"https:\/\/k-level.com\/pl\/wp-json\/wp\/v2\/product\/13565\/revisions"}],"predecessor-version":[{"id":13783,"href":"https:\/\/k-level.com\/pl\/wp-json\/wp\/v2\/product\/13565\/revisions\/13783"}],"wp:featuredmedia":[{"embeddable":true,"href":"https:\/\/k-level.com\/pl\/wp-json\/wp\/v2\/media\/13566"}],"wp:attachment":[{"href":"https:\/\/k-level.com\/pl\/wp-json\/wp\/v2\/media?parent=13565"}],"wp:term":[{"taxonomy":"product_brand","embeddable":true,"href":"https:\/\/k-level.com\/pl\/wp-json\/wp\/v2\/product_brand?post=13565"},{"taxonomy":"product_cat","embeddable":true,"href":"https:\/\/k-level.com\/pl\/wp-json\/wp\/v2\/product_cat?post=13565"},{"taxonomy":"product_tag","embeddable":true,"href":"https:\/\/k-level.com\/pl\/wp-json\/wp\/v2\/product_tag?post=13565"}],"curies":[{"name":"wp","href":"https:\/\/api.w.org\/{rel}","templated":true}]}}