{"id":13541,"date":"2025-06-25T17:29:16","date_gmt":"2025-06-25T09:29:16","guid":{"rendered":"https:\/\/k-level.com\/?post_type=product&#038;p=13541"},"modified":"2025-07-15T14:33:56","modified_gmt":"2025-07-15T06:33:56","slug":"plytka-docelowa-laserowa-ltp02","status":"publish","type":"product","link":"https:\/\/k-level.com\/pl\/produkt\/plytka-docelowa-laserowa-ltp02\/","title":{"rendered":"P\u0142ytka celownicza laserowa LTP02"},"content":{"rendered":"<p>Nasza tarcza celownicza laserowa LTP02 zosta\u0142a zaprojektowana w celu zwi\u0119kszenia dok\u0142adno\u015bci w zastosowaniach zwi\u0105zanych z ustawianiem i poziomowaniem laserowym.<br \/>\nOdblaskowa magnetyczna tarcza celownicza laserowa i tarcza celownicza do czerwonego lasera, obie zaprojektowane z my\u015bl\u0105 o doskona\u0142ej wydajno\u015bci w zastosowaniach budowlanych, geodezyjnych i przemys\u0142owych.<\/p>\n<p>Ten <a href=\"https:\/\/k-level.com\/pl\/skontaktuj-sie-z-nami\/\">Odblaskowa magnetyczna tarcza laserowa<\/a> zosta\u0142 zaprojektowany z my\u015bl\u0105 o zapewnieniu maksymalnej widoczno\u015bci i trwa\u0142o\u015bci. Posiada wysoce odblaskow\u0105 powierzchni\u0119, kt\u00f3ra gwarantuje wyra\u017ane wykrywanie wi\u0105zki laserowej nawet w warunkach jasnego lub s\u0142abego o\u015bwietlenia.<br \/>\nTymczasem tarcza docelowa dla czerwonego lasera zosta\u0142a zoptymalizowana pod k\u0105tem kompatybilno\u015bci z czerwonymi wi\u0105zkami laserowymi, zapewniaj\u0105c ostry kontrast i precyzyjne celowanie, co przek\u0142ada si\u0119 na wi\u0119ksz\u0105 dok\u0142adno\u015b\u0107 pomiaru.<\/p>\n<p>Seria tarcz celowniczych LTP02 zapewnia niezr\u00f3wnan\u0105 niezawodno\u015b\u0107. Zaprojektowane dla profesjonalist\u00f3w wymagaj\u0105cych wydajno\u015bci i precyzji, narz\u0119dzia te pomagaj\u0105 usprawni\u0107 przep\u0142yw pracy i zredukowa\u0107 liczb\u0119 b\u0142\u0119d\u00f3w w kluczowych projektach. Zaufaj marce K-level, kt\u00f3ra oferuje trwa\u0142e i wydajne rozwi\u0105zania z tarczami celowniczymi laserowymi, spe\u0142niaj\u0105ce najwy\u017csze standardy bran\u017cowe.<\/p>\n<p>&nbsp;<\/p>\n<p><img fetchpriority=\"high\" decoding=\"async\" class=\"aligncenter wp-image-13544 size-medium\" src=\"https:\/\/k-level.com\/wp-content\/uploads\/2025\/06\/LTP024-300x300.jpg\" alt=\"Odblaskowa magnetyczna tarcza laserowa\" width=\"300\" height=\"300\" srcset=\"https:\/\/k-level.com\/wp-content\/uploads\/2025\/06\/LTP024-300x300.jpg 300w, https:\/\/k-level.com\/wp-content\/uploads\/2025\/06\/LTP024-150x150.jpg 150w, https:\/\/k-level.com\/wp-content\/uploads\/2025\/06\/LTP024-768x768.jpg 768w, https:\/\/k-level.com\/wp-content\/uploads\/2025\/06\/LTP024-12x12.jpg 12w, https:\/\/k-level.com\/wp-content\/uploads\/2025\/06\/LTP024-370x370.jpg 370w, https:\/\/k-level.com\/wp-content\/uploads\/2025\/06\/LTP024-400x400.jpg 400w, https:\/\/k-level.com\/wp-content\/uploads\/2025\/06\/LTP024-100x100.jpg 100w, https:\/\/k-level.com\/wp-content\/uploads\/2025\/06\/LTP024-50x50.jpg 50w, https:\/\/k-level.com\/wp-content\/uploads\/2025\/06\/LTP024.jpg 800w\" sizes=\"(max-width: 300px) 100vw, 300px\" \/><\/p>\n<p>Tarcze celownicze laserowe LTP02R (czerwone) i LTP02G (zielone) ze stojakiem \u2013 tarcze o zwi\u0119kszonej widoczno\u015bci 1,3X do ustawiania na du\u017ce odleg\u0142o\u015bci<\/p>\n<p>1,3-krotnie lepsza widoczno\u015b\u0107 \u2013 specjalna folia odblaskowa zwi\u0119ksza przejrzysto\u015b\u0107 linii\/punktu laserowego<\/p>\n<p>Podw\u00f3jne skale pomiarowe \u2013 precyzyjne oznaczenia w calach i centymetrach z punktem zerowym w \u015brodku<\/p>\n<p>Monta\u017c w wielu pozycjach \u2013 magnetyczny ty\u0142, sk\u0142adana podstawka i otw\u00f3r do zawieszania<\/p>\n<p>Uniwersalna kompatybilno\u015b\u0107 \u2013 wsp\u00f3\u0142pracuje ze wszystkimi poziomami laserowymi z wi\u0105zk\u0105 czerwon\u0105\/zielon\u0105<\/p>\n<p>Klasa profesjonalna \u2013 idealna do pracy na du\u017ce odleg\u0142o\u015bci w jasnych warunkach<\/p>\n<p>Potrzebujesz rozwi\u0105zania?<br \/>\n<a href=\"https:\/\/k-level.com\/pl\/skontaktuj-sie-z-nami\/\">Poziom K<\/a> Oferujemy us\u0142ugi konsultingowe w zakresie sprz\u0119tu geodezyjnego. Skontaktuj si\u0119 z nami w sprawie zam\u00f3wie\u0144 hurtowych lub wsparcia technicznego!<\/p>","protected":false},"excerpt":{"rendered":"<ul>\n<li>Lepsza wydajno\u015b\u0107 \u2013 zobacz wyra\u017aniej lini\u0119 laserow\u0105 30%<\/li>\n<li>Wszechstronne pozycjonowanie \u2013 wiele opcji monta\u017cu<\/li>\n<li>Precyzyjne oznaczenia \u2013 dok\u0142adne pomiary w obu jednostkach<\/li>\n<li>Trwa\u0142a konstrukcja \u2013 wytrzymuje warunki panuj\u0105ce na placu budowy<\/li>\n<\/ul>\n<p><img decoding=\"async\" class=\"alignnone size-medium wp-image-13646\" src=\"https:\/\/k-level.com\/wp-content\/uploads\/2025\/05\/logo-300x98.png\" alt=\"\" width=\"300\" height=\"98\" srcset=\"https:\/\/k-level.com\/wp-content\/uploads\/2025\/05\/logo-300x98.png 300w, https:\/\/k-level.com\/wp-content\/uploads\/2025\/05\/logo-18x6.png 18w, https:\/\/k-level.com\/wp-content\/uploads\/2025\/05\/logo.png 307w\" sizes=\"(max-width: 300px) 100vw, 300px\" \/><\/p>","protected":false},"featured_media":13542,"comment_status":"open","ping_status":"closed","template":"","meta":[],"product_brand":[],"product_cat":[255],"product_tag":[238],"class_list":{"0":"post-13541","1":"product","2":"type-product","3":"status-publish","4":"has-post-thumbnail","6":"product_cat-laser-target-plate","7":"product_tag-carpentry-and-furniture","9":"first","10":"instock","11":"shipping-taxable","12":"product-type-simple"},"_links":{"self":[{"href":"https:\/\/k-level.com\/pl\/wp-json\/wp\/v2\/product\/13541","targetHints":{"allow":["GET"]}}],"collection":[{"href":"https:\/\/k-level.com\/pl\/wp-json\/wp\/v2\/product"}],"about":[{"href":"https:\/\/k-level.com\/pl\/wp-json\/wp\/v2\/types\/product"}],"replies":[{"embeddable":true,"href":"https:\/\/k-level.com\/pl\/wp-json\/wp\/v2\/comments?post=13541"}],"version-history":[{"count":5,"href":"https:\/\/k-level.com\/pl\/wp-json\/wp\/v2\/product\/13541\/revisions"}],"predecessor-version":[{"id":13781,"href":"https:\/\/k-level.com\/pl\/wp-json\/wp\/v2\/product\/13541\/revisions\/13781"}],"wp:featuredmedia":[{"embeddable":true,"href":"https:\/\/k-level.com\/pl\/wp-json\/wp\/v2\/media\/13542"}],"wp:attachment":[{"href":"https:\/\/k-level.com\/pl\/wp-json\/wp\/v2\/media?parent=13541"}],"wp:term":[{"taxonomy":"product_brand","embeddable":true,"href":"https:\/\/k-level.com\/pl\/wp-json\/wp\/v2\/product_brand?post=13541"},{"taxonomy":"product_cat","embeddable":true,"href":"https:\/\/k-level.com\/pl\/wp-json\/wp\/v2\/product_cat?post=13541"},{"taxonomy":"product_tag","embeddable":true,"href":"https:\/\/k-level.com\/pl\/wp-json\/wp\/v2\/product_tag?post=13541"}],"curies":[{"name":"wp","href":"https:\/\/api.w.org\/{rel}","templated":true}]}}