{"id":13525,"date":"2025-06-25T17:08:07","date_gmt":"2025-06-25T09:08:07","guid":{"rendered":"https:\/\/k-level.com\/?post_type=product&#038;p=13525"},"modified":"2025-07-14T17:36:57","modified_gmt":"2025-07-14T09:36:57","slug":"okulary-laserowe-lg01","status":"publish","type":"product","link":"https:\/\/k-level.com\/pl\/produkt\/okulary-laserowe-lg01\/","title":{"rendered":"Okulary laserowe LG01"},"content":{"rendered":"<p>Okulary laserowe LG01R\/LG01G \u2013 profesjonalna ochrona oczu do niwelator\u00f3w laserowych<\/p>\n<p>Ten <a href=\"https:\/\/k-level.com\/pl\/o-nas\/\">Okulary laserowe LG01<\/a> Seria oferuje specjalistyczn\u0105 ochron\u0119 oczu z dwoma modelami o okre\u015blonej d\u0142ugo\u015bci fali: LG01R dla laser\u00f3w czerwonych (635-650 nm) i LG01G dla laser\u00f3w zielonych (520-532 nm).<\/p>\n<p>Okulary ochronne LG01 Zaprojektowane specjalnie do stosowania z laserami liniowymi, te okulary ochronne znacz\u0105co poprawiaj\u0105 widoczno\u015b\u0107 lasera, zapewniaj\u0105c jednocze\u015bnie niezb\u0119dn\u0105 ochron\u0119 oczu przed szkodliwym promieniowaniem.<\/p>\n<p>W K-level specjalizujemy si\u0119 w wysokiej jako\u015bci przyrz\u0105dach pomiarowych i sprz\u0119cie bezpiecze\u0144stwa, w tym w naszych wysoko ocenianych okularach laserowych LG01. Zaprojektowane dla profesjonalist\u00f3w pracuj\u0105cych z urz\u0105dzeniami laserowymi, te gogle ochronne zapewniaj\u0105 niezr\u00f3wnan\u0105 ochron\u0119, gwarantuj\u0105c jednocze\u015bnie optymaln\u0105 widoczno\u015b\u0107.<\/p>\n<p>Okulary laserowe LG01 zosta\u0142y zaprojektowane tak, aby blokowa\u0107 szkodliwe promieniowanie laserowe, dzi\u0119ki czemu idealnie nadaj\u0105 si\u0119 dla geodet\u00f3w, in\u017cynier\u00f3w i technik\u00f3w laboratoryjnych. Jako specjalistyczna kategoria zielonych okular\u00f3w ochronnych, oferuj\u0105 one ulepszone filtrowanie dla d\u0142ugo\u015bci fal 532 nm, powszechnie stosowanych w budownictwie, niwelacji i zastosowaniach naukowych. W przeciwie\u0144stwie do standardowych okular\u00f3w, nasze gogle ochronne z laserem przechodz\u0105 rygorystyczne testy, aby spe\u0142nia\u0107 mi\u0119dzynarodowe normy bezpiecze\u0144stwa (EN 207 i ANSI Z136.1), zapewniaj\u0105c niezawodn\u0105 ochron\u0119 przed przypadkowym nara\u017ceniem na promieniowanie.<\/p>\n<p>Niezale\u017cnie od tego, czy potrzebujesz zielonych okular\u00f3w ochronnych z laserem do prac geodezyjnych, <a href=\"https:\/\/k-level.com\/pl\/o-nas\/\">okulary ochronne laserowe<\/a> Do zastosowa\u0144 przemys\u0142owych, LG01 zapewnia profesjonaln\u0105 ochron\u0119 bez kompromis\u00f3w w zakresie komfortu. Zaufaj K-level, precyzyjnemu sprz\u0119towi ochronnemu, kt\u00f3ry zapewni Ci skupienie i bezpiecze\u0144stwo.<\/p>\n<p><img fetchpriority=\"high\" decoding=\"async\" class=\"aligncenter wp-image-13527 size-medium\" src=\"https:\/\/k-level.com\/wp-content\/uploads\/2025\/06\/LG012-300x300.jpg\" alt=\"okulary ochronne laserowe\" width=\"300\" height=\"300\" srcset=\"https:\/\/k-level.com\/wp-content\/uploads\/2025\/06\/LG012-300x300.jpg 300w, https:\/\/k-level.com\/wp-content\/uploads\/2025\/06\/LG012-150x150.jpg 150w, https:\/\/k-level.com\/wp-content\/uploads\/2025\/06\/LG012-768x768.jpg 768w, https:\/\/k-level.com\/wp-content\/uploads\/2025\/06\/LG012-12x12.jpg 12w, https:\/\/k-level.com\/wp-content\/uploads\/2025\/06\/LG012-370x370.jpg 370w, https:\/\/k-level.com\/wp-content\/uploads\/2025\/06\/LG012-400x400.jpg 400w, https:\/\/k-level.com\/wp-content\/uploads\/2025\/06\/LG012-100x100.jpg 100w, https:\/\/k-level.com\/wp-content\/uploads\/2025\/06\/LG012-50x50.jpg 50w, https:\/\/k-level.com\/wp-content\/uploads\/2025\/06\/LG012.jpg 800w\" sizes=\"(max-width: 300px) 100vw, 300px\" \/><\/p>\n<p>Zoptymalizowane filtry optyczne sprawiaj\u0105, \u017ce linie laserowe s\u0105 ja\u015bniejsze i ostrzejsze, co przek\u0142ada si\u0119 na wi\u0119ksz\u0105 dok\u0142adno\u015b\u0107 w zastosowaniach budowlanych, wyr\u00f3wnywaniu i poziomowaniu.<\/p>\n<p>Potrzebujesz rozwi\u0105zania?<br \/>\nK-level oferuje us\u0142ugi konsultingowe w zakresie sprz\u0119tu geodezyjnego. Skontaktuj si\u0119 z nami w sprawie zam\u00f3wie\u0144 hurtowych lub wsparcia technicznego!<\/p>","protected":false},"excerpt":{"rendered":"<ul>\n<li>Okulary laserowe LG01R i LG01G zapewniaj\u0105 profesjonalistom ukierunkowan\u0105 ochron\u0119 oczu i lepsz\u0105 widoczno\u015b\u0107.<\/li>\n<li>Ich okulary ochronne laserowe \u0142\u0105cz\u0105 w sobie bezpiecze\u0144stwo, wygod\u0119 i przejrzysto\u015b\u0107 optyczn\u0105<\/li>\n<li>Niezb\u0119dne akcesorium dla wykonawc\u00f3w, geodet\u00f3w i majsterkowicz\u00f3w pracuj\u0105cych z laserami liniowymi.<\/li>\n<\/ul>\n<p><img decoding=\"async\" class=\"alignnone size-medium wp-image-13646\" src=\"https:\/\/k-level.com\/wp-content\/uploads\/2025\/05\/logo-300x98.png\" alt=\"\" width=\"300\" height=\"98\" srcset=\"https:\/\/k-level.com\/wp-content\/uploads\/2025\/05\/logo-300x98.png 300w, https:\/\/k-level.com\/wp-content\/uploads\/2025\/05\/logo-18x6.png 18w, https:\/\/k-level.com\/wp-content\/uploads\/2025\/05\/logo.png 307w\" sizes=\"(max-width: 300px) 100vw, 300px\" \/><\/p>","protected":false},"featured_media":13526,"comment_status":"open","ping_status":"closed","template":"","meta":[],"product_brand":[],"product_cat":[254],"product_tag":[238],"class_list":{"0":"post-13525","1":"product","2":"type-product","3":"status-publish","4":"has-post-thumbnail","6":"product_cat-laser-safety-glasses","7":"product_tag-carpentry-and-furniture","9":"first","10":"instock","11":"shipping-taxable","12":"product-type-simple"},"_links":{"self":[{"href":"https:\/\/k-level.com\/pl\/wp-json\/wp\/v2\/product\/13525","targetHints":{"allow":["GET"]}}],"collection":[{"href":"https:\/\/k-level.com\/pl\/wp-json\/wp\/v2\/product"}],"about":[{"href":"https:\/\/k-level.com\/pl\/wp-json\/wp\/v2\/types\/product"}],"replies":[{"embeddable":true,"href":"https:\/\/k-level.com\/pl\/wp-json\/wp\/v2\/comments?post=13525"}],"version-history":[{"count":3,"href":"https:\/\/k-level.com\/pl\/wp-json\/wp\/v2\/product\/13525\/revisions"}],"predecessor-version":[{"id":13777,"href":"https:\/\/k-level.com\/pl\/wp-json\/wp\/v2\/product\/13525\/revisions\/13777"}],"wp:featuredmedia":[{"embeddable":true,"href":"https:\/\/k-level.com\/pl\/wp-json\/wp\/v2\/media\/13526"}],"wp:attachment":[{"href":"https:\/\/k-level.com\/pl\/wp-json\/wp\/v2\/media?parent=13525"}],"wp:term":[{"taxonomy":"product_brand","embeddable":true,"href":"https:\/\/k-level.com\/pl\/wp-json\/wp\/v2\/product_brand?post=13525"},{"taxonomy":"product_cat","embeddable":true,"href":"https:\/\/k-level.com\/pl\/wp-json\/wp\/v2\/product_cat?post=13525"},{"taxonomy":"product_tag","embeddable":true,"href":"https:\/\/k-level.com\/pl\/wp-json\/wp\/v2\/product_tag?post=13525"}],"curies":[{"name":"wp","href":"https:\/\/api.w.org\/{rel}","templated":true}]}}