{"id":13519,"date":"2025-06-25T16:27:09","date_gmt":"2025-06-25T08:27:09","guid":{"rendered":"https:\/\/k-level.com\/?post_type=product&#038;p=13519"},"modified":"2026-03-30T10:07:01","modified_gmt":"2026-03-30T02:07:01","slug":"pilot-zdalnego-sterowania-laserem-obrotowym-rc300","status":"publish","type":"product","link":"https:\/\/k-level.com\/pl\/produkt\/pilot-zdalnego-sterowania-laserem-obrotowym-rc300\/","title":{"rendered":"Pilot zdalnego sterowania RC300 do lasera obrotowego"},"content":{"rendered":"<p>Pilot zdalnego sterowania RC300 do lasera obrotowego \u2013 profesjonalny bezprzewodowy pilot LCD z ustawieniem nachylenia<\/p>\n<p>Ten <strong>Pilot zdalnego sterowania RC300 do lasera obrotowego<\/strong> rewolucjonizuje wydajno\u015b\u0107 na placu budowy dzi\u0119ki ekranowi LCD umo\u017cliwiaj\u0105cemu wygodne ustawianie nachylenia i mo\u017cliwo\u015bci dwukierunkowej komunikacji.<\/p>\n<p>Ten <a href=\"https:\/\/k-level.com\/pl\/sklep\/\">Pilot zdalnego sterowania RC300 do lasera obrotowego<\/a> wyr\u00f3\u017cnia si\u0119 jako najbardziej op\u0142acalny, tani pilot zdalnego sterowania do poziomic laserowych w swojej klasie, oferuj\u0105cy wysokiej klasy funkcje w przyst\u0119pnej cenie.<br \/>\nPomimo przyst\u0119pnej ceny, ten pilot do poziomowania laserowego zachowuje precyzj\u0119 i niezawodno\u015b\u0107, jakich mo\u017cna oczekiwa\u0107 od produkt\u00f3w K-level.<\/p>\n<p>Cho\u0107 jest sprzedawany jako <a href=\"https:\/\/k-level.com\/pl\/sklep\/\">tani pilot do poziomicy laserowej<\/a>RC300 nie idzie na kompromisy tam, gdzie to konieczne.<\/p>\n<p><img fetchpriority=\"high\" decoding=\"async\" class=\"aligncenter wp-image-13520 size-medium\" src=\"https:\/\/k-level.com\/wp-content\/uploads\/2025\/06\/RC3001-300x300.jpg\" alt=\"tani pilot do poziomicy laserowej\" width=\"300\" height=\"300\" srcset=\"https:\/\/k-level.com\/wp-content\/uploads\/2025\/06\/RC3001-300x300.jpg 300w, https:\/\/k-level.com\/wp-content\/uploads\/2025\/06\/RC3001-150x150.jpg 150w, https:\/\/k-level.com\/wp-content\/uploads\/2025\/06\/RC3001-768x768.jpg 768w, https:\/\/k-level.com\/wp-content\/uploads\/2025\/06\/RC3001-12x12.jpg 12w, https:\/\/k-level.com\/wp-content\/uploads\/2025\/06\/RC3001-370x370.jpg 370w, https:\/\/k-level.com\/wp-content\/uploads\/2025\/06\/RC3001-400x400.jpg 400w, https:\/\/k-level.com\/wp-content\/uploads\/2025\/06\/RC3001-100x100.jpg 100w, https:\/\/k-level.com\/wp-content\/uploads\/2025\/06\/RC3001-50x50.jpg 50w, https:\/\/k-level.com\/wp-content\/uploads\/2025\/06\/RC3001.jpg 800w\" sizes=\"(max-width: 300px) 100vw, 300px\" \/><\/p>\n<p>Ten zaawansowany pilot zdalnego sterowania do laser\u00f3w obrotowych zapewnia niezr\u00f3wnan\u0105 kontrol\u0119 nad laserami obrotowymi z odleg\u0142o\u015bci \u2265300 m, oferuje monitorowanie stanu w czasie rzeczywistym i pi\u0119\u0107 regulowanych pr\u0119dko\u015bci obrotu lasera (300\/600\/1000\/1500\/3000 obr.\/min) dla uzyskania najwy\u017cszej precyzji w zastosowaniach budowlanych i geodezyjnych.<\/p>\n<p>&nbsp;<\/p>\n<p><img decoding=\"async\" class=\"wp-image-13523 aligncenter\" src=\"https:\/\/k-level.com\/wp-content\/uploads\/2025\/06\/1750839659214-300x205.png\" alt=\"\" width=\"559\" height=\"382\" \/><\/p>\n<p>&nbsp;<\/p>\n<p>&nbsp;<\/p>\n<p>Potrzebujesz rozwi\u0105zania?<br \/>\nK-level oferuje us\u0142ugi konsultingowe w zakresie sprz\u0119tu geodezyjnego. Skontaktuj si\u0119 z nami w sprawie zam\u00f3wie\u0144 hurtowych lub wsparcia technicznego!<\/p>","protected":false},"excerpt":{"rendered":"<ul>\n<li>Pi\u0119\u0107 opcji pr\u0119dko\u015bci (300-3000 obr.\/min) \u2013 wszechstronna kontrola pr\u0119dko\u015bci obrotowej lasera do wszystkich zastosowa\u0144<\/li>\n<li>Wska\u017aniki stanu w czasie rzeczywistym \u2013 natychmiast monitoruj dzia\u0142anie swojego lasera obrotowego za pomoc\u0105 wyra\u017anych kontrolek funkcyjnych<\/li>\n<li>Wytrzyma\u0142a obudowa pokryta gum\u0105 \u2013 tani i wytrzyma\u0142y pilot zdalnego sterowania do poziomicy laserowej.<\/li>\n<\/ul>\n<p><img decoding=\"async\" class=\"alignnone size-medium wp-image-13646\" src=\"https:\/\/k-level.com\/wp-content\/uploads\/2025\/05\/logo-300x98.png\" alt=\"\" width=\"300\" height=\"98\" srcset=\"https:\/\/k-level.com\/wp-content\/uploads\/2025\/05\/logo-300x98.png 300w, https:\/\/k-level.com\/wp-content\/uploads\/2025\/05\/logo-18x6.png 18w, https:\/\/k-level.com\/wp-content\/uploads\/2025\/05\/logo.png 307w\" sizes=\"(max-width: 300px) 100vw, 300px\" \/><\/p>","protected":false},"featured_media":14006,"comment_status":"open","ping_status":"closed","template":"","meta":[],"product_brand":[],"product_cat":[251],"product_tag":[237],"class_list":{"0":"post-13519","1":"product","2":"type-product","3":"status-publish","4":"has-post-thumbnail","6":"product_cat-rotary-laser-remote-control","7":"product_tag-professional-engineering","9":"first","10":"instock","11":"shipping-taxable","12":"product-type-simple"},"_links":{"self":[{"href":"https:\/\/k-level.com\/pl\/wp-json\/wp\/v2\/product\/13519","targetHints":{"allow":["GET"]}}],"collection":[{"href":"https:\/\/k-level.com\/pl\/wp-json\/wp\/v2\/product"}],"about":[{"href":"https:\/\/k-level.com\/pl\/wp-json\/wp\/v2\/types\/product"}],"replies":[{"embeddable":true,"href":"https:\/\/k-level.com\/pl\/wp-json\/wp\/v2\/comments?post=13519"}],"version-history":[{"count":4,"href":"https:\/\/k-level.com\/pl\/wp-json\/wp\/v2\/product\/13519\/revisions"}],"predecessor-version":[{"id":13776,"href":"https:\/\/k-level.com\/pl\/wp-json\/wp\/v2\/product\/13519\/revisions\/13776"}],"wp:featuredmedia":[{"embeddable":true,"href":"https:\/\/k-level.com\/pl\/wp-json\/wp\/v2\/media\/14006"}],"wp:attachment":[{"href":"https:\/\/k-level.com\/pl\/wp-json\/wp\/v2\/media?parent=13519"}],"wp:term":[{"taxonomy":"product_brand","embeddable":true,"href":"https:\/\/k-level.com\/pl\/wp-json\/wp\/v2\/product_brand?post=13519"},{"taxonomy":"product_cat","embeddable":true,"href":"https:\/\/k-level.com\/pl\/wp-json\/wp\/v2\/product_cat?post=13519"},{"taxonomy":"product_tag","embeddable":true,"href":"https:\/\/k-level.com\/pl\/wp-json\/wp\/v2\/product_tag?post=13519"}],"curies":[{"name":"wp","href":"https:\/\/api.w.org\/{rel}","templated":true}]}}