{"id":13514,"date":"2025-06-25T16:11:56","date_gmt":"2025-06-25T08:11:56","guid":{"rendered":"https:\/\/k-level.com\/?post_type=product&#038;p=13514"},"modified":"2026-03-30T10:06:15","modified_gmt":"2026-03-30T02:06:15","slug":"pilot-zdalnego-sterowania-laserem-obrotowym-rc200","status":"publish","type":"product","link":"https:\/\/k-level.com\/pl\/produkt\/pilot-zdalnego-sterowania-laserem-obrotowym-rc200\/","title":{"rendered":"Pilot zdalnego sterowania RC200 do lasera obrotowego"},"content":{"rendered":"<p>Pilot zdalnego sterowania RC200 do lasera obrotowego \u2013 dwukierunkowy pilot bezprzewodowy z wy\u015bwietlaczem stanu w czasie rzeczywistym<\/p>\n<p>Jako czo\u0142owy producent profesjonalnych przyrz\u0105d\u00f3w pomiarowych, K-level z dum\u0105 prezentuje obrotowy pilot laserowy RC200, kt\u00f3ry wyznacza nowe standardy jako najlepszy obrotowy pilot laserowy na rynku. Zaprojektowany z my\u015bl\u0105 o wymagaj\u0105cych zastosowaniach budowlanych i geodezyjnych, nasz RC200 oferuje niezr\u00f3wnan\u0105 wydajno\u015b\u0107, niezawodno\u015b\u0107 i \u0142atwo\u015b\u0107 obs\u0142ugi.<\/p>\n<p>Dlaczego RC200 wyr\u00f3\u017cnia si\u0119 jako najlepszy obrotowy pilot laserowy:<\/p>\n<p>RC200 ugruntowuje swoj\u0105 pozycj\u0119 jako <a href=\"https:\/\/k-level.com\/pl\/sklep\/\">najlepszy pilot zdalnego sterowania do lasera obrotowego<\/a> Dzi\u0119ki imponuj\u0105cemu zasi\u0119gowi 400 m operatorzy mog\u0105 precyzyjnie regulowa\u0107 ustawienia z bezpiecznej odleg\u0142o\u015bci. Zaawansowana technologia bezprzewodowa 2,4 GHz zapewnia stabiln\u0105 \u0142\u0105czno\u015b\u0107 nawet w trudnych warunkach na placu budowy.<\/p>\n<p><strong>Zastosowania zdalnego sterowania laserem obrotowym RC200:<\/strong><br \/>\nIdealna do uk\u0142adania konstrukcji, niwelacji terenu, prac fundamentowych i wyka\u0144czania wn\u0119trz, maszyna RC200 <a href=\"https:\/\/k-level.com\/pl\/\">najlepszy pilot zdalnego sterowania do lasera obrotowego<\/a> pomaga profesjonalistom realizowa\u0107 projekty szybciej i dok\u0142adniej, jednocze\u015bnie redukuj\u0105c obci\u0105\u017cenie fizyczne wynikaj\u0105ce z ci\u0105g\u0142ych r\u0119cznych regulacji.<\/p>\n<p><img fetchpriority=\"high\" decoding=\"async\" class=\"aligncenter wp-image-13516 size-medium\" src=\"https:\/\/k-level.com\/wp-content\/uploads\/2025\/06\/RC2002-300x300.jpg\" alt=\"Najlepszy pilot zdalnego sterowania do lasera obrotowego\" width=\"300\" height=\"300\" srcset=\"https:\/\/k-level.com\/wp-content\/uploads\/2025\/06\/RC2002-300x300.jpg 300w, https:\/\/k-level.com\/wp-content\/uploads\/2025\/06\/RC2002-150x150.jpg 150w, https:\/\/k-level.com\/wp-content\/uploads\/2025\/06\/RC2002-768x768.jpg 768w, https:\/\/k-level.com\/wp-content\/uploads\/2025\/06\/RC2002-12x12.jpg 12w, https:\/\/k-level.com\/wp-content\/uploads\/2025\/06\/RC2002-370x370.jpg 370w, https:\/\/k-level.com\/wp-content\/uploads\/2025\/06\/RC2002-400x400.jpg 400w, https:\/\/k-level.com\/wp-content\/uploads\/2025\/06\/RC2002-100x100.jpg 100w, https:\/\/k-level.com\/wp-content\/uploads\/2025\/06\/RC2002-50x50.jpg 50w, https:\/\/k-level.com\/wp-content\/uploads\/2025\/06\/RC2002.jpg 800w\" sizes=\"(max-width: 300px) 100vw, 300px\" \/><\/p>\n<p>Pilot zdalnego sterowania RC200 do lasera obrotowego Dzi\u0119ki dwukierunkowej komunikacji ten pilot zdalnego sterowania do lasera obrotowego umo\u017cliwia u\u017cytkownikom dostosowywanie ustawie\u0144, monitorowanie stanu lasera i zmian\u0119 pr\u0119dko\u015bci obrotowej (300\/600\/1000\/1500 obr.\/min) z odleg\u0142o\u015bci \u2265300 m, co zwi\u0119ksza wydajno\u015b\u0107 prac budowlanych, niwelacyjnych i wyr\u00f3wnywania terenu.<\/p>\n<p>Potrzebujesz rozwi\u0105zania?<br \/>\nK-level oferuje us\u0142ugi konsultingowe w zakresie sprz\u0119tu geodezyjnego. Skontaktuj si\u0119 z nami w sprawie zam\u00f3wie\u0144 hurtowych lub wsparcia technicznego!<\/p>","protected":false},"excerpt":{"rendered":"<ul>\n<li>Wska\u017aniki stanu w czasie rzeczywistym \u2013 natychmiastowa kontrola stanu roboczego poziomicy laserowej.<\/li>\n<li>Wbudowany akumulator litowy \u2013 d\u0142u\u017cszy czas pracy pozwalaj\u0105cy na ca\u0142odzienn\u0105 produktywno\u015b\u0107.<\/li>\n<li>Konstrukcja pokryta gum\u0105 i odporna na upadki \u2013 najlepszy obrotowy pilot laserowy.<\/li>\n<\/ul>\n<p><img decoding=\"async\" class=\"alignnone size-medium wp-image-13646\" src=\"https:\/\/k-level.com\/wp-content\/uploads\/2025\/05\/logo-300x98.png\" alt=\"\" width=\"300\" height=\"98\" srcset=\"https:\/\/k-level.com\/wp-content\/uploads\/2025\/05\/logo-300x98.png 300w, https:\/\/k-level.com\/wp-content\/uploads\/2025\/05\/logo-18x6.png 18w, https:\/\/k-level.com\/wp-content\/uploads\/2025\/05\/logo.png 307w\" sizes=\"(max-width: 300px) 100vw, 300px\" \/><\/p>","protected":false},"featured_media":14005,"comment_status":"open","ping_status":"closed","template":"","meta":[],"product_brand":[],"product_cat":[251],"product_tag":[237],"class_list":{"0":"post-13514","1":"product","2":"type-product","3":"status-publish","4":"has-post-thumbnail","6":"product_cat-rotary-laser-remote-control","7":"product_tag-professional-engineering","9":"first","10":"instock","11":"shipping-taxable","12":"product-type-simple"},"_links":{"self":[{"href":"https:\/\/k-level.com\/pl\/wp-json\/wp\/v2\/product\/13514","targetHints":{"allow":["GET"]}}],"collection":[{"href":"https:\/\/k-level.com\/pl\/wp-json\/wp\/v2\/product"}],"about":[{"href":"https:\/\/k-level.com\/pl\/wp-json\/wp\/v2\/types\/product"}],"replies":[{"embeddable":true,"href":"https:\/\/k-level.com\/pl\/wp-json\/wp\/v2\/comments?post=13514"}],"version-history":[{"count":4,"href":"https:\/\/k-level.com\/pl\/wp-json\/wp\/v2\/product\/13514\/revisions"}],"predecessor-version":[{"id":13774,"href":"https:\/\/k-level.com\/pl\/wp-json\/wp\/v2\/product\/13514\/revisions\/13774"}],"wp:featuredmedia":[{"embeddable":true,"href":"https:\/\/k-level.com\/pl\/wp-json\/wp\/v2\/media\/14005"}],"wp:attachment":[{"href":"https:\/\/k-level.com\/pl\/wp-json\/wp\/v2\/media?parent=13514"}],"wp:term":[{"taxonomy":"product_brand","embeddable":true,"href":"https:\/\/k-level.com\/pl\/wp-json\/wp\/v2\/product_brand?post=13514"},{"taxonomy":"product_cat","embeddable":true,"href":"https:\/\/k-level.com\/pl\/wp-json\/wp\/v2\/product_cat?post=13514"},{"taxonomy":"product_tag","embeddable":true,"href":"https:\/\/k-level.com\/pl\/wp-json\/wp\/v2\/product_tag?post=13514"}],"curies":[{"name":"wp","href":"https:\/\/api.w.org\/{rel}","templated":true}]}}