{"id":13509,"date":"2025-06-25T15:49:01","date_gmt":"2025-06-25T07:49:01","guid":{"rendered":"https:\/\/k-level.com\/?post_type=product&#038;p=13509"},"modified":"2026-03-30T10:05:12","modified_gmt":"2026-03-30T02:05:12","slug":"pilot-zdalnego-sterowania-laserem-obrotowym-rc100","status":"publish","type":"product","link":"https:\/\/k-level.com\/pl\/produkt\/pilot-zdalnego-sterowania-laserem-obrotowym-rc100\/","title":{"rendered":"Pilot zdalnego sterowania RC100 do lasera obrotowego"},"content":{"rendered":"<p>Pilot zdalnego sterowania RC100 do lasera obrotowego zosta\u0142 zaprojektowany z my\u015bl\u0105 o niezr\u00f3wnanej wydajno\u015bci w zastosowaniach budowlanych i geodezyjnych. Zaprojektowany z my\u015bl\u0105 o bezproblemowej integracji z systemami niwelacji laserowej 360\u00b0, ten pilot zdalnego sterowania 360\u00b0 zapewnia precyzyjn\u0105 obs\u0142ug\u0119 bez u\u017cycia r\u0105k, zwi\u0119kszaj\u0105c wydajno\u015b\u0107 na ka\u017cdym placu budowy.<\/p>\n<p>RC100 <a href=\"https:\/\/k-level.com\/pl\/skontaktuj-sie-z-nami\/\">Zdalnie sterowany poziom laserowy 360\u00b0<\/a> Zapewnia pe\u0142n\u0105 kontrol\u0119 nad 360 poziomicami laserowymi, umo\u017cliwiaj\u0105c u\u017cytkownikom regulacj\u0119 nachylenia, spadku i wyr\u00f3wnania z odleg\u0142o\u015bci. Dzi\u0119ki \u0142\u0105czno\u015bci dalekiego zasi\u0119gu (do 300 m) idealnie nadaje si\u0119 do du\u017cych projekt\u00f3w budowlanych.<\/p>\n<p>W por\u00f3wnaniu z konkurencj\u0105, obrotowy pilot laserowy RC100 oferuje wyj\u0105tkow\u0105 warto\u015b\u0107 bez kompromis\u00f3w w zakresie trwa\u0142o\u015bci i funkcjonalno\u015bci. Zosta\u0142 zaprojektowany tak, aby wytrzyma\u0107 trudne warunki dzi\u0119ki odpornej na wstrz\u0105sy konstrukcji o stopniu ochrony IP54.<\/p>\n<p><img fetchpriority=\"high\" decoding=\"async\" class=\"aligncenter wp-image-13512 size-medium\" src=\"https:\/\/k-level.com\/wp-content\/uploads\/2025\/06\/RC1003-300x300.jpg\" alt=\"Pilot zdalnego sterowania poziomic\u0105 laserow\u0105 RC100 360\" width=\"300\" height=\"300\" srcset=\"https:\/\/k-level.com\/wp-content\/uploads\/2025\/06\/RC1003-300x300.jpg 300w, https:\/\/k-level.com\/wp-content\/uploads\/2025\/06\/RC1003-150x150.jpg 150w, https:\/\/k-level.com\/wp-content\/uploads\/2025\/06\/RC1003-768x768.jpg 768w, https:\/\/k-level.com\/wp-content\/uploads\/2025\/06\/RC1003-12x12.jpg 12w, https:\/\/k-level.com\/wp-content\/uploads\/2025\/06\/RC1003-370x370.jpg 370w, https:\/\/k-level.com\/wp-content\/uploads\/2025\/06\/RC1003-400x400.jpg 400w, https:\/\/k-level.com\/wp-content\/uploads\/2025\/06\/RC1003-100x100.jpg 100w, https:\/\/k-level.com\/wp-content\/uploads\/2025\/06\/RC1003-50x50.jpg 50w, https:\/\/k-level.com\/wp-content\/uploads\/2025\/06\/RC1003.jpg 800w\" sizes=\"(max-width: 300px) 100vw, 300px\" \/><\/p>\n<p>Dzi\u0119ki przyjaznej dla u\u017cytkownika konstrukcji i zwi\u0119kszonemu zasi\u0119gowi dzia\u0142ania ten pilot zdalnego sterowania u\u0142atwia proces poziomowania, co czyni go nieocenionym uzupe\u0142nieniem ka\u017cdego zestawu narz\u0119dzi.<\/p>\n<p>Potrzebujesz rozwi\u0105zania?<br \/>\n<a href=\"https:\/\/k-level.com\/pl\/skontaktuj-sie-z-nami\/\">Poziom K<\/a> Oferujemy us\u0142ugi konsultingowe w zakresie sprz\u0119tu geodezyjnego. Skontaktuj si\u0119 z nami w sprawie zam\u00f3wie\u0144 hurtowych lub wsparcia technicznego!<\/p>","protected":false},"excerpt":{"rendered":"<ul>\n<li>\u0141atwo\u015b\u0107 u\u017cytkowania: Pilot zdalnego sterowania RC100 Rotary Laser umo\u017cliwia intuicyjne sterowanie.<\/li>\n<li>Kompatybilno\u015b\u0107: Zdalny sterownik poziomu lasera 360\u00b0 Zaprojektowany do bezproblemowej wsp\u00f3\u0142pracy z r\u00f3\u017cnymi modelami laser\u00f3w obrotowych, zwi\u0119kszaj\u0105c ich funkcjonalno\u015b\u0107.<\/li>\n<li>Trwa\u0142o\u015b\u0107: Zaprojektowane tak, aby wytrzyma\u0107 trudne warunki panuj\u0105ce na placu budowy, co gwarantuje niezawodn\u0105 wydajno\u015b\u0107 przez d\u0142ugi czas.<\/li>\n<\/ul>\n<p><img decoding=\"async\" class=\"alignnone size-medium wp-image-13646\" src=\"https:\/\/k-level.com\/wp-content\/uploads\/2025\/05\/logo-300x98.png\" alt=\"\" width=\"300\" height=\"98\" srcset=\"https:\/\/k-level.com\/wp-content\/uploads\/2025\/05\/logo-300x98.png 300w, https:\/\/k-level.com\/wp-content\/uploads\/2025\/05\/logo-18x6.png 18w, https:\/\/k-level.com\/wp-content\/uploads\/2025\/05\/logo.png 307w\" sizes=\"(max-width: 300px) 100vw, 300px\" \/><\/p>","protected":false},"featured_media":14004,"comment_status":"open","ping_status":"closed","template":"","meta":[],"product_brand":[],"product_cat":[251],"product_tag":[237],"class_list":{"0":"post-13509","1":"product","2":"type-product","3":"status-publish","4":"has-post-thumbnail","6":"product_cat-rotary-laser-remote-control","7":"product_tag-professional-engineering","9":"first","10":"instock","11":"shipping-taxable","12":"product-type-simple"},"_links":{"self":[{"href":"https:\/\/k-level.com\/pl\/wp-json\/wp\/v2\/product\/13509","targetHints":{"allow":["GET"]}}],"collection":[{"href":"https:\/\/k-level.com\/pl\/wp-json\/wp\/v2\/product"}],"about":[{"href":"https:\/\/k-level.com\/pl\/wp-json\/wp\/v2\/types\/product"}],"replies":[{"embeddable":true,"href":"https:\/\/k-level.com\/pl\/wp-json\/wp\/v2\/comments?post=13509"}],"version-history":[{"count":4,"href":"https:\/\/k-level.com\/pl\/wp-json\/wp\/v2\/product\/13509\/revisions"}],"predecessor-version":[{"id":13771,"href":"https:\/\/k-level.com\/pl\/wp-json\/wp\/v2\/product\/13509\/revisions\/13771"}],"wp:featuredmedia":[{"embeddable":true,"href":"https:\/\/k-level.com\/pl\/wp-json\/wp\/v2\/media\/14004"}],"wp:attachment":[{"href":"https:\/\/k-level.com\/pl\/wp-json\/wp\/v2\/media?parent=13509"}],"wp:term":[{"taxonomy":"product_brand","embeddable":true,"href":"https:\/\/k-level.com\/pl\/wp-json\/wp\/v2\/product_brand?post=13509"},{"taxonomy":"product_cat","embeddable":true,"href":"https:\/\/k-level.com\/pl\/wp-json\/wp\/v2\/product_cat?post=13509"},{"taxonomy":"product_tag","embeddable":true,"href":"https:\/\/k-level.com\/pl\/wp-json\/wp\/v2\/product_tag?post=13509"}],"curies":[{"name":"wp","href":"https:\/\/api.w.org\/{rel}","templated":true}]}}