{"id":13498,"date":"2025-06-24T17:24:47","date_gmt":"2025-06-24T09:24:47","guid":{"rendered":"https:\/\/k-level.com\/?post_type=product&#038;p=13498"},"modified":"2025-07-10T17:27:22","modified_gmt":"2025-07-10T09:27:22","slug":"odbiornik-laserowy-sterujacy-maszyna-kmr01m","status":"publish","type":"product","link":"https:\/\/k-level.com\/pl\/produkt\/odbiornik-laserowy-sterujacy-maszyna-kmr01m\/","title":{"rendered":"Odbiornik laserowy do sterowania maszyn\u0105 KMR01M"},"content":{"rendered":"<p>Odbiornik laserowy do sterowania maszyn\u0105 KMR01M z silnym magnesem \u2013 wytrzyma\u0142y czujnik laserowy do sprz\u0119tu budowlanego<\/p>\n<p>Odbiornik laserowy do sterowania maszynami KMR01M to zaawansowane rozwi\u0105zanie dla operator\u00f3w, przeznaczone do precyzyjnego niwelowania terenu, wykop\u00f3w i automatyzacji budowy. Zaprojektowany z my\u015bl\u0105 o kontroli wysoko\u015bci w czasie rzeczywistym. <strong>Odbiornik laserowy do sterowania maszyn\u0105 KMR01M<\/strong> zapewnia dok\u0142adno\u015b\u0107 na poziomie milimetra operatorom pracuj\u0105cym ze spycharkami, r\u00f3wniarkami i zag\u0119szczarkami.<\/p>\n<p>W ramach pakietu premium K-level <a href=\"https:\/\/k-level.com\/pl\/o-nas\/\">Operatorzy maszyn steruj\u0105cych odbiornikami laserowymi<\/a> Seria odbiornik\u00f3w laserowych KMR01M do sterowania maszyn\u0105 idealnie nadaje si\u0119 do:<br \/>\nNiwelacja i poziomowanie bez u\u017cycia GPS<br \/>\nPrecyzyjne wykopy i instalacja infrastruktury<br \/>\nBudowa dr\u00f3g i uk\u0142adanie asfaltu<br \/>\nZagospodarowanie terenu i przygotowanie terenu<\/p>\n<p>Rozwi\u0105zanie odbiornik\u00f3w laserowych Operators Machine Control, zaprojektowane z my\u015bl\u0105 o wydajno\u015bci i niezawodno\u015bci, pomaga wykonawcom:<br \/>\n\u2022 Zmniejsz liczb\u0119 przer\u00f3bek dzi\u0119ki \u015bledzeniu wysoko\u015bci w czasie rzeczywistym<br \/>\n\u2022 Zwi\u0119ksz wydajno\u015b\u0107 dzi\u0119ki automatycznemu sterowaniu lemieszem\/listw\u0105<br \/>\n\u2022 Zmaksymalizuj dok\u0142adno\u015b\u0107 w trudnych warunkach na placu budowy<\/p>\n<p>Zaufaj odbiornikowi laserowemu KMR01M firmy K-level do sterowania maszynami \u2014 najnowocze\u015bniejszemu narz\u0119dziu do sterowania maszynami dla operator\u00f3w w zakresie automatyzacji nowoczesnego budownictwa.<\/p>\n<p><img fetchpriority=\"high\" decoding=\"async\" class=\"aligncenter wp-image-13492 size-medium\" src=\"https:\/\/k-level.com\/wp-content\/uploads\/2025\/06\/KMR012-300x300.jpg\" alt=\"Operatorzy maszyn steruj\u0105cych odbiornikami laserowymi\" width=\"300\" height=\"300\" srcset=\"https:\/\/k-level.com\/wp-content\/uploads\/2025\/06\/KMR012-300x300.jpg 300w, https:\/\/k-level.com\/wp-content\/uploads\/2025\/06\/KMR012-150x150.jpg 150w, https:\/\/k-level.com\/wp-content\/uploads\/2025\/06\/KMR012-768x768.jpg 768w, https:\/\/k-level.com\/wp-content\/uploads\/2025\/06\/KMR012-12x12.jpg 12w, https:\/\/k-level.com\/wp-content\/uploads\/2025\/06\/KMR012-370x370.jpg 370w, https:\/\/k-level.com\/wp-content\/uploads\/2025\/06\/KMR012-400x400.jpg 400w, https:\/\/k-level.com\/wp-content\/uploads\/2025\/06\/KMR012-100x100.jpg 100w, https:\/\/k-level.com\/wp-content\/uploads\/2025\/06\/KMR012-50x50.jpg 50w, https:\/\/k-level.com\/wp-content\/uploads\/2025\/06\/KMR012.jpg 800w\" sizes=\"(max-width: 300px) 100vw, 300px\" \/><\/p>\n<p>Potrzebujesz rozwi\u0105zania?<br \/>\n<a href=\"https:\/\/k-level.com\/pl\/o-nas\/\">Poziom K<\/a> Oferujemy us\u0142ugi konsultingowe w zakresie sprz\u0119tu geodezyjnego. Skontaktuj si\u0119 z nami w sprawie zam\u00f3wie\u0144 hurtowych lub wsparcia technicznego!<\/p>","protected":false},"excerpt":{"rendered":"<ul>\n<li>Mocny uchwyt magnetyczny \u2013 \u0142atwe mocowanie do powierzchni metalowych<\/li>\n<li>Trwa\u0142e i odporne na warunki atmosferyczne \u2013 Zaprojektowane, aby wytrzyma\u0107 trudne warunki<\/li>\n<li>Szeroka kompatybilno\u015b\u0107 \u2013 odbiorniki laserowe do sterowania maszynami operator\u00f3w Wsp\u00f3\u0142pracuje z wi\u0119kszo\u015bci\u0105 system\u00f3w sterowania laserem<\/li>\n<li>Wysoka dok\u0142adno\u015b\u0107 wykrywania \u2013 zapewnia precyzyjne wyniki oceniania<\/li>\n<\/ul>\n<p><img decoding=\"async\" class=\"alignnone size-medium wp-image-13646\" src=\"https:\/\/k-level.com\/wp-content\/uploads\/2025\/05\/logo-300x98.png\" alt=\"\" width=\"300\" height=\"98\" srcset=\"https:\/\/k-level.com\/wp-content\/uploads\/2025\/05\/logo-300x98.png 300w, https:\/\/k-level.com\/wp-content\/uploads\/2025\/05\/logo-18x6.png 18w, https:\/\/k-level.com\/wp-content\/uploads\/2025\/05\/logo.png 307w\" sizes=\"(max-width: 300px) 100vw, 300px\" \/><\/p>","protected":false},"featured_media":13492,"comment_status":"open","ping_status":"closed","template":"","meta":[],"product_brand":[],"product_cat":[250],"product_tag":[237],"class_list":{"0":"post-13498","1":"product","2":"type-product","3":"status-publish","4":"has-post-thumbnail","6":"product_cat-machine-receiver-control-box","7":"product_tag-professional-engineering","9":"first","10":"instock","11":"shipping-taxable","12":"product-type-simple"},"_links":{"self":[{"href":"https:\/\/k-level.com\/pl\/wp-json\/wp\/v2\/product\/13498","targetHints":{"allow":["GET"]}}],"collection":[{"href":"https:\/\/k-level.com\/pl\/wp-json\/wp\/v2\/product"}],"about":[{"href":"https:\/\/k-level.com\/pl\/wp-json\/wp\/v2\/types\/product"}],"replies":[{"embeddable":true,"href":"https:\/\/k-level.com\/pl\/wp-json\/wp\/v2\/comments?post=13498"}],"version-history":[{"count":4,"href":"https:\/\/k-level.com\/pl\/wp-json\/wp\/v2\/product\/13498\/revisions"}],"predecessor-version":[{"id":13769,"href":"https:\/\/k-level.com\/pl\/wp-json\/wp\/v2\/product\/13498\/revisions\/13769"}],"wp:featuredmedia":[{"embeddable":true,"href":"https:\/\/k-level.com\/pl\/wp-json\/wp\/v2\/media\/13492"}],"wp:attachment":[{"href":"https:\/\/k-level.com\/pl\/wp-json\/wp\/v2\/media?parent=13498"}],"wp:term":[{"taxonomy":"product_brand","embeddable":true,"href":"https:\/\/k-level.com\/pl\/wp-json\/wp\/v2\/product_brand?post=13498"},{"taxonomy":"product_cat","embeddable":true,"href":"https:\/\/k-level.com\/pl\/wp-json\/wp\/v2\/product_cat?post=13498"},{"taxonomy":"product_tag","embeddable":true,"href":"https:\/\/k-level.com\/pl\/wp-json\/wp\/v2\/product_tag?post=13498"}],"curies":[{"name":"wp","href":"https:\/\/api.w.org\/{rel}","templated":true}]}}