{"id":13489,"date":"2025-06-24T16:59:42","date_gmt":"2025-06-24T08:59:42","guid":{"rendered":"https:\/\/k-level.com\/?post_type=product&#038;p=13489"},"modified":"2025-07-10T17:09:09","modified_gmt":"2025-07-10T09:09:09","slug":"odbiornik-laserowy-sterujacy-maszyna-kmr01","status":"publish","type":"product","link":"https:\/\/k-level.com\/pl\/produkt\/odbiornik-laserowy-sterujacy-maszyna-kmr01\/","title":{"rendered":"Odbiornik laserowy do sterowania maszyn\u0105 KMR01"},"content":{"rendered":"<p>Odbiornik laserowy do sterowania maszyn\u0105 KMR01 z zaciskiem \u015brubowym \u2013 wysoce precyzyjny czujnik laserowy do maszyn niweluj\u0105cych i do rob\u00f3t ziemnych<\/p>\n<p>Poziom K wprowadza<strong> Odbiornik laserowy do sterowania maszyn\u0105 KMR01<\/strong>, precyzyjny odbiornik laserowy do system\u00f3w sterowania maszynami, przeznaczony do zautomatyzowanego niwelowania terenu i prac ziemnych. Odbiornik laserowy do system\u00f3w sterowania maszynami KMR01C, b\u0119d\u0105cy cz\u0119\u015bci\u0105 naszych zaawansowanych rozwi\u0105za\u0144 w zakresie technologii budowlanych, dostarcza dane wysoko\u015bciowe w czasie rzeczywistym z dok\u0142adno\u015bci\u0105 do milimetra, zapewniaj\u0105c bezb\u0142\u0119dne sterowanie maszynami w projektach rob\u00f3t ziemnych i zagospodarowania terenu.<\/p>\n<p>Ten <a href=\"https:\/\/k-level.com\/pl\/skontaktuj-sie-z-nami\/\">Odbiornik laserowy do sterowania maszyn\u0105 KMR01C<\/a> jest idealny dla:<br \/>\nOperacje niwelacyjne bez u\u017cycia GPS<br \/>\nPrecyzyjne wykopy i uk\u0142adanie rur<br \/>\nPrzygotowanie p\u0142yty betonowej<br \/>\nBudowa dr\u00f3g i zagospodarowanie terenu<\/p>\n<p>Jako podstawowy element ka\u017cdego nowoczesnego <a href=\"https:\/\/k-level.com\/pl\/skontaktuj-sie-z-nami\/\">Odbiornik laserowy uk\u0142adu sterowania maszyn\u0105<\/a> konfiguracja, seria KMR01 zapewnia:<br \/>\n\u2022 Automatyczna kontrola lemiesza\/listwy<br \/>\n\u2022 Ci\u0105g\u0142y monitoring wysoko\u015bci<br \/>\n\u2022 Odporno\u015b\u0107 na wibracje<\/p>\n<p>Odbiornik laserowy steruj\u0105cy maszyn\u0105 KMR01C firmy K-level reprezentuje now\u0105 generacj\u0119 automatyzacji maszyn, \u0142\u0105cz\u0105c niezawodne \u015bledzenie laserowe z intuicyjn\u0105 obs\u0142ug\u0105 dla wykonawc\u00f3w wymagaj\u0105cych maksymalnej wydajno\u015bci i dok\u0142adno\u015bci.<\/p>\n<p><img fetchpriority=\"high\" decoding=\"async\" class=\"aligncenter wp-image-13491 size-medium\" src=\"https:\/\/k-level.com\/wp-content\/uploads\/2025\/06\/KMR011-300x300.jpg\" alt=\"Odbiornik laserowy uk\u0142adu sterowania maszyn\u0105\" width=\"300\" height=\"300\" srcset=\"https:\/\/k-level.com\/wp-content\/uploads\/2025\/06\/KMR011-300x300.jpg 300w, https:\/\/k-level.com\/wp-content\/uploads\/2025\/06\/KMR011-150x150.jpg 150w, https:\/\/k-level.com\/wp-content\/uploads\/2025\/06\/KMR011-768x768.jpg 768w, https:\/\/k-level.com\/wp-content\/uploads\/2025\/06\/KMR011-12x12.jpg 12w, https:\/\/k-level.com\/wp-content\/uploads\/2025\/06\/KMR011-370x370.jpg 370w, https:\/\/k-level.com\/wp-content\/uploads\/2025\/06\/KMR011-400x400.jpg 400w, https:\/\/k-level.com\/wp-content\/uploads\/2025\/06\/KMR011-100x100.jpg 100w, https:\/\/k-level.com\/wp-content\/uploads\/2025\/06\/KMR011-50x50.jpg 50w, https:\/\/k-level.com\/wp-content\/uploads\/2025\/06\/KMR011.jpg 800w\" sizes=\"(max-width: 300px) 100vw, 300px\" \/><\/p>\n<p>Wyposa\u017cony w bezpieczny zacisk \u015brubowy, u\u0142atwiaj\u0105cy monta\u017c, odbiornik zapewnia stabilne wykrywanie sygna\u0142u nawet w trudnych warunkach na placu budowy. Kompatybilny z wi\u0119kszo\u015bci\u0105 nadajnik\u00f3w laserowych, zapewnia kontrol\u0119 wysoko\u015bci w czasie rzeczywistym dla buldo\u017cer\u00f3w, r\u00f3wniarek i zgarniarek, zwi\u0119kszaj\u0105c wydajno\u015b\u0107 i precyzj\u0119 pracy.<\/p>\n<p>Potrzebujesz rozwi\u0105zania?<br \/>\nK-level oferuje us\u0142ugi konsultingowe w zakresie sprz\u0119tu geodezyjnego. Skontaktuj si\u0119 z nami w sprawie zam\u00f3wie\u0144 hurtowych lub wsparcia technicznego!<\/p>","protected":false},"excerpt":{"rendered":"<ul>\n<li>Wysoka czu\u0142o\u015b\u0107 detekcji \u2013 niezawodny odbi\u00f3r sygna\u0142u umo\u017cliwiaj\u0105cy dok\u0142adn\u0105 gradacj\u0119<\/li>\n<li>Trwa\u0142e i odporne na warunki atmosferyczne \u2013 stworzone do pracy w trudnych warunkach budowlanych<\/li>\n<li>Uniwersalny zacisk \u015brubowy \u2013 \u0142atwa instalacja na r\u00f3\u017cnych typach maszyn<\/li>\n<li>Szeroka kompatybilno\u015b\u0107 \u2013 wsp\u00f3\u0142pracuje ze standardowym odbiornikiem laserowym systemu sterowania maszyn\u0105<\/li>\n<\/ul>\n<p><img decoding=\"async\" class=\"alignnone size-medium wp-image-13646\" src=\"https:\/\/k-level.com\/wp-content\/uploads\/2025\/05\/logo-300x98.png\" alt=\"\" width=\"300\" height=\"98\" srcset=\"https:\/\/k-level.com\/wp-content\/uploads\/2025\/05\/logo-300x98.png 300w, https:\/\/k-level.com\/wp-content\/uploads\/2025\/05\/logo-18x6.png 18w, https:\/\/k-level.com\/wp-content\/uploads\/2025\/05\/logo.png 307w\" sizes=\"(max-width: 300px) 100vw, 300px\" \/><\/p>","protected":false},"featured_media":13490,"comment_status":"open","ping_status":"closed","template":"","meta":[],"product_brand":[],"product_cat":[250],"product_tag":[237],"class_list":{"0":"post-13489","1":"product","2":"type-product","3":"status-publish","4":"has-post-thumbnail","6":"product_cat-machine-receiver-control-box","7":"product_tag-professional-engineering","9":"first","10":"instock","11":"shipping-taxable","12":"product-type-simple"},"_links":{"self":[{"href":"https:\/\/k-level.com\/pl\/wp-json\/wp\/v2\/product\/13489","targetHints":{"allow":["GET"]}}],"collection":[{"href":"https:\/\/k-level.com\/pl\/wp-json\/wp\/v2\/product"}],"about":[{"href":"https:\/\/k-level.com\/pl\/wp-json\/wp\/v2\/types\/product"}],"replies":[{"embeddable":true,"href":"https:\/\/k-level.com\/pl\/wp-json\/wp\/v2\/comments?post=13489"}],"version-history":[{"count":5,"href":"https:\/\/k-level.com\/pl\/wp-json\/wp\/v2\/product\/13489\/revisions"}],"predecessor-version":[{"id":13768,"href":"https:\/\/k-level.com\/pl\/wp-json\/wp\/v2\/product\/13489\/revisions\/13768"}],"wp:featuredmedia":[{"embeddable":true,"href":"https:\/\/k-level.com\/pl\/wp-json\/wp\/v2\/media\/13490"}],"wp:attachment":[{"href":"https:\/\/k-level.com\/pl\/wp-json\/wp\/v2\/media?parent=13489"}],"wp:term":[{"taxonomy":"product_brand","embeddable":true,"href":"https:\/\/k-level.com\/pl\/wp-json\/wp\/v2\/product_brand?post=13489"},{"taxonomy":"product_cat","embeddable":true,"href":"https:\/\/k-level.com\/pl\/wp-json\/wp\/v2\/product_cat?post=13489"},{"taxonomy":"product_tag","embeddable":true,"href":"https:\/\/k-level.com\/pl\/wp-json\/wp\/v2\/product_tag?post=13489"}],"curies":[{"name":"wp","href":"https:\/\/api.w.org\/{rel}","templated":true}]}}