{"id":13464,"date":"2025-06-20T17:04:48","date_gmt":"2025-06-20T09:04:48","guid":{"rendered":"https:\/\/k-level.com\/?post_type=product&#038;p=13464"},"modified":"2026-03-30T10:04:24","modified_gmt":"2026-03-30T02:04:24","slug":"odbiornik-laserowy-lp700-do-poziomicy-laserowej","status":"publish","type":"product","link":"https:\/\/k-level.com\/pl\/produkt\/odbiornik-laserowy-lp700-do-poziomicy-laserowej\/","title":{"rendered":"Odbiornik LP700"},"content":{"rendered":"<p>Odbiornik LP700 \u2013 idealny towarzysz precyzyjnych pomiar\u00f3w<\/p>\n<p>Zaprojektowany w celu zwi\u0119kszenia funkcjonalno\u015bci poziomic laserowych, LP700 to zaawansowany <a href=\"https:\/\/k-level.com\/pl\/o-nas\/\">odbiornik laserowy do poziomicy laserowej<\/a> zastosowa\u0144, co czyni je niezb\u0119dnym narz\u0119dziem dla profesjonalist\u00f3w z bran\u017cy budowlanej, geodezyjnej i r\u00f3\u017cnych projekt\u00f3w typu \u201ezr\u00f3b to sam\u201d.<\/p>\n<p>Jako wszechstronny detektor laserowy, LP700 posiada czytelny wy\u015bwietlacz, kt\u00f3ry zapewnia informacje zwrotne w czasie rzeczywistym. U\u017cytkownicy mog\u0105 wybiera\u0107 mi\u0119dzy wska\u017anikami d\u017awi\u0119kowymi i wizualnymi, co zapewnia p\u0142ynn\u0105 prac\u0119 niezale\u017cnie od warunk\u00f3w otoczenia. Niezale\u017cnie od tego, czy tyczysz teren, ustawiasz obiekty w linii, czy wykonujesz prace niwelacyjne, odbiornik laserowy LP700 do zastosowa\u0144 z niwelatorem laserowym gwarantuje pewno\u015b\u0107 osi\u0105gni\u0119cia wyznaczonych cel\u00f3w.<\/p>\n<p>LP700 zosta\u0142 zaprojektowany z my\u015bl\u0105 o wygodzie u\u017cytkownika. Jego lekka i kompaktowa konstrukcja sprawia, \u017ce jest przeno\u015bny i \u0142atwy w obs\u0142udze, a solidna konstrukcja gwarantuje trwa\u0142o\u015b\u0107 w wymagaj\u0105cych warunkach pracy. Odbiornik mo\u017cna \u0142atwo zamontowa\u0107 na statywach lub innych powierzchniach, co zapewnia elastyczno\u015b\u0107 w r\u00f3\u017cnych zastosowaniach. Dodatkowo, d\u0142ugi czas pracy na baterii gwarantuje, \u017ce mo\u017cesz polega\u0107 na LP700 przez ca\u0142y dzie\u0144 pracy bez przerw.<\/p>\n<p><img fetchpriority=\"high\" decoding=\"async\" class=\"aligncenter wp-image-13467 size-medium\" src=\"https:\/\/k-level.com\/wp-content\/uploads\/2025\/06\/03-1-300x300.jpg\" alt=\"Odbiornik laserowy LP700 do poziomicy laserowej\" width=\"300\" height=\"300\" srcset=\"https:\/\/k-level.com\/wp-content\/uploads\/2025\/06\/03-1-300x300.jpg 300w, https:\/\/k-level.com\/wp-content\/uploads\/2025\/06\/03-1-150x150.jpg 150w, https:\/\/k-level.com\/wp-content\/uploads\/2025\/06\/03-1-768x768.jpg 768w, https:\/\/k-level.com\/wp-content\/uploads\/2025\/06\/03-1-12x12.jpg 12w, https:\/\/k-level.com\/wp-content\/uploads\/2025\/06\/03-1-370x370.jpg 370w, https:\/\/k-level.com\/wp-content\/uploads\/2025\/06\/03-1-400x400.jpg 400w, https:\/\/k-level.com\/wp-content\/uploads\/2025\/06\/03-1-100x100.jpg 100w, https:\/\/k-level.com\/wp-content\/uploads\/2025\/06\/03-1-50x50.jpg 50w, https:\/\/k-level.com\/wp-content\/uploads\/2025\/06\/03-1.jpg 800w\" sizes=\"(max-width: 300px) 100vw, 300px\" \/><\/p>\n<p>Ten <a href=\"https:\/\/k-level.com\/pl\/o-nas\/\">Odbiornik LP700<\/a> Zasi\u0119g do 400 metr\u00f3w (w po\u0142\u0105czeniu z laserem obrotowym K-LEVEL) i do 300 metr\u00f3w w po\u0142\u0105czeniu z innymi laserami obrotowymi. Wyposa\u017cony w zacisk, umo\u017cliwia \u0142atwe mocowanie i regulacj\u0119 po\u0142o\u017cenia. Zasilany bateriami alkalicznymi nr 5, urz\u0105dzenie wyra\u017anie wy\u015bwietla zmierzon\u0105 odleg\u0142o\u015b\u0107.<\/p>\n<p>Potrzebujesz rozwi\u0105zania?<br \/>\nK-level oferuje us\u0142ugi konsultingowe w zakresie sprz\u0119tu geodezyjnego. Skontaktuj si\u0119 z nami w sprawie zam\u00f3wie\u0144 hurtowych lub wsparcia technicznego!<\/p>\n<p>&nbsp;<\/p>","protected":false},"excerpt":{"rendered":"<ul>\n<li>Odbiornik LP700 to wydajny i wytrzyma\u0142y odbiornik pomiarowy.<\/li>\n<li>Nadaje si\u0119 do stosowania z zestawem LASERA OBROTOWEGO.<\/li>\n<li>Odbiornik laserowy LP700 do poziomicy laserowej zapewnia dok\u0142adne i niezawodne pomiary.<\/li>\n<\/ul>\n<p><img decoding=\"async\" class=\"alignnone size-medium wp-image-13646\" src=\"https:\/\/k-level.com\/wp-content\/uploads\/2025\/05\/logo-300x98.png\" alt=\"\" width=\"300\" height=\"98\" srcset=\"https:\/\/k-level.com\/wp-content\/uploads\/2025\/05\/logo-300x98.png 300w, https:\/\/k-level.com\/wp-content\/uploads\/2025\/05\/logo-18x6.png 18w, https:\/\/k-level.com\/wp-content\/uploads\/2025\/05\/logo.png 307w\" sizes=\"(max-width: 300px) 100vw, 300px\" \/><\/p>","protected":false},"featured_media":14003,"comment_status":"open","ping_status":"closed","template":"","meta":[],"product_brand":[],"product_cat":[223],"product_tag":[237],"class_list":{"0":"post-13464","1":"product","2":"type-product","3":"status-publish","4":"has-post-thumbnail","6":"product_cat-rotary-laser-detector","7":"product_tag-professional-engineering","9":"first","10":"instock","11":"shipping-taxable","12":"product-type-simple"},"_links":{"self":[{"href":"https:\/\/k-level.com\/pl\/wp-json\/wp\/v2\/product\/13464","targetHints":{"allow":["GET"]}}],"collection":[{"href":"https:\/\/k-level.com\/pl\/wp-json\/wp\/v2\/product"}],"about":[{"href":"https:\/\/k-level.com\/pl\/wp-json\/wp\/v2\/types\/product"}],"replies":[{"embeddable":true,"href":"https:\/\/k-level.com\/pl\/wp-json\/wp\/v2\/comments?post=13464"}],"version-history":[{"count":4,"href":"https:\/\/k-level.com\/pl\/wp-json\/wp\/v2\/product\/13464\/revisions"}],"predecessor-version":[{"id":13767,"href":"https:\/\/k-level.com\/pl\/wp-json\/wp\/v2\/product\/13464\/revisions\/13767"}],"wp:featuredmedia":[{"embeddable":true,"href":"https:\/\/k-level.com\/pl\/wp-json\/wp\/v2\/media\/14003"}],"wp:attachment":[{"href":"https:\/\/k-level.com\/pl\/wp-json\/wp\/v2\/media?parent=13464"}],"wp:term":[{"taxonomy":"product_brand","embeddable":true,"href":"https:\/\/k-level.com\/pl\/wp-json\/wp\/v2\/product_brand?post=13464"},{"taxonomy":"product_cat","embeddable":true,"href":"https:\/\/k-level.com\/pl\/wp-json\/wp\/v2\/product_cat?post=13464"},{"taxonomy":"product_tag","embeddable":true,"href":"https:\/\/k-level.com\/pl\/wp-json\/wp\/v2\/product_tag?post=13464"}],"curies":[{"name":"wp","href":"https:\/\/api.w.org\/{rel}","templated":true}]}}