{"id":13128,"date":"2025-06-12T16:01:59","date_gmt":"2025-06-12T08:01:59","guid":{"rendered":"https:\/\/k-level.com\/?post_type=product&#038;p=13128"},"modified":"2026-03-30T10:03:39","modified_gmt":"2026-03-30T02:03:39","slug":"odbiornik-lp500","status":"publish","type":"product","link":"https:\/\/k-level.com\/pl\/produkt\/odbiornik-lp500\/","title":{"rendered":"Odbiornik LP500"},"content":{"rendered":"<p><strong>Wprowadzenie do odbiornika LP500<\/strong><\/p>\n<p>Odbiornik LP500, b\u0119d\u0105cy niezb\u0119dnym elementem profesjonalnego sprz\u0119tu geodezyjnego i budowlanego, umo\u017cliwia precyzyjne wykrywanie wi\u0105zki laserowej w celu niwelacji i ustawiania obiekt\u00f3w nawet w jasnych warunkach atmosferycznych.<\/p>\n<p>Ten<strong> Odbiornik LP500<\/strong> jest zaprojektowany tak, aby bezproblemowo integrowa\u0107 si\u0119 z dowolnym <a href=\"https:\/\/k-level.com\/pl\/o-nas\/\">zestaw poziomicy laserowej obrotowej<\/a>.<\/p>\n<p>Idealny dla:<br \/>\n\u2713 Wyr\u00f3wnywanie i profilowanie terenu budowy<br \/>\n\u2713 Projekty geodezyjne i wykopaliskowe<br \/>\n\u2713 Wylewanie betonu i prace fundamentowe<br \/>\n\u2713 Wyr\u00f3wnanie skarp i odwodnienia<\/p>\n<p>Jako kluczowy odbiornik laserowy w ka\u017cdym obrotowym zestawie niwelacyjnym, LP500 zapewnia niezawodn\u0105 i precyzyjn\u0105 prac\u0119, gwarantuj\u0105c profesjonalistom bezb\u0142\u0119dne rezultaty w zadaniach pomiarowych. Zaufaj K-level, kt\u00f3ry zapewni Ci narz\u0119dzia usprawniaj\u0105ce Tw\u00f3j proces pracy.<\/p>\n<p><img fetchpriority=\"high\" decoding=\"async\" class=\"aligncenter wp-image-13131 size-medium\" src=\"https:\/\/k-level.com\/wp-content\/uploads\/2025\/06\/03-300x300.jpg\" alt=\"zestaw poziomicy laserowej obrotowej\" width=\"300\" height=\"300\" srcset=\"https:\/\/k-level.com\/wp-content\/uploads\/2025\/06\/03-300x300.jpg 300w, https:\/\/k-level.com\/wp-content\/uploads\/2025\/06\/03-150x150.jpg 150w, https:\/\/k-level.com\/wp-content\/uploads\/2025\/06\/03-768x768.jpg 768w, https:\/\/k-level.com\/wp-content\/uploads\/2025\/06\/03-12x12.jpg 12w, https:\/\/k-level.com\/wp-content\/uploads\/2025\/06\/03-370x370.jpg 370w, https:\/\/k-level.com\/wp-content\/uploads\/2025\/06\/03-400x400.jpg 400w, https:\/\/k-level.com\/wp-content\/uploads\/2025\/06\/03-100x100.jpg 100w, https:\/\/k-level.com\/wp-content\/uploads\/2025\/06\/03-50x50.jpg 50w, https:\/\/k-level.com\/wp-content\/uploads\/2025\/06\/03.jpg 800w\" sizes=\"(max-width: 300px) 100vw, 300px\" \/><\/p>\n<p>Potrzebujesz rozwi\u0105zania?<br \/>\n<a href=\"https:\/\/k-level.com\/pl\/o-nas\/\">Poziom K<\/a> Oferujemy us\u0142ugi konsultingowe w zakresie sprz\u0119tu geodezyjnego. Skontaktuj si\u0119 z nami w sprawie zam\u00f3wie\u0144 hurtowych lub wsparcia technicznego!<\/p>\n<p>&nbsp;<\/p>","protected":false},"excerpt":{"rendered":"<ul>\n<li>Odbiornik LP500 jest niezb\u0119dnym detektorem laserowym obrotowym.<\/li>\n<li>Zwi\u0119ksza mo\u017cliwo\u015bci ka\u017cdego poziomicy laserowej.<\/li>\n<li>Zestaw z obrotow\u0105 poziomic\u0105 laserow\u0105. Zwi\u0119ksz jako\u015b\u0107 poziomowania.<\/li>\n<\/ul>\n<p><img decoding=\"async\" class=\"alignnone size-medium wp-image-13646\" src=\"https:\/\/k-level.com\/wp-content\/uploads\/2025\/05\/logo-300x98.png\" alt=\"\" width=\"300\" height=\"98\" srcset=\"https:\/\/k-level.com\/wp-content\/uploads\/2025\/05\/logo-300x98.png 300w, https:\/\/k-level.com\/wp-content\/uploads\/2025\/05\/logo-18x6.png 18w, https:\/\/k-level.com\/wp-content\/uploads\/2025\/05\/logo.png 307w\" sizes=\"(max-width: 300px) 100vw, 300px\" \/><\/p>","protected":false},"featured_media":14002,"comment_status":"open","ping_status":"closed","template":"","meta":[],"product_brand":[],"product_cat":[223],"product_tag":[237],"class_list":{"0":"post-13128","1":"product","2":"type-product","3":"status-publish","4":"has-post-thumbnail","6":"product_cat-rotary-laser-detector","7":"product_tag-professional-engineering","9":"first","10":"instock","11":"shipping-taxable","12":"product-type-simple"},"_links":{"self":[{"href":"https:\/\/k-level.com\/pl\/wp-json\/wp\/v2\/product\/13128","targetHints":{"allow":["GET"]}}],"collection":[{"href":"https:\/\/k-level.com\/pl\/wp-json\/wp\/v2\/product"}],"about":[{"href":"https:\/\/k-level.com\/pl\/wp-json\/wp\/v2\/types\/product"}],"replies":[{"embeddable":true,"href":"https:\/\/k-level.com\/pl\/wp-json\/wp\/v2\/comments?post=13128"}],"version-history":[{"count":5,"href":"https:\/\/k-level.com\/pl\/wp-json\/wp\/v2\/product\/13128\/revisions"}],"predecessor-version":[{"id":13329,"href":"https:\/\/k-level.com\/pl\/wp-json\/wp\/v2\/product\/13128\/revisions\/13329"}],"wp:featuredmedia":[{"embeddable":true,"href":"https:\/\/k-level.com\/pl\/wp-json\/wp\/v2\/media\/14002"}],"wp:attachment":[{"href":"https:\/\/k-level.com\/pl\/wp-json\/wp\/v2\/media?parent=13128"}],"wp:term":[{"taxonomy":"product_brand","embeddable":true,"href":"https:\/\/k-level.com\/pl\/wp-json\/wp\/v2\/product_brand?post=13128"},{"taxonomy":"product_cat","embeddable":true,"href":"https:\/\/k-level.com\/pl\/wp-json\/wp\/v2\/product_cat?post=13128"},{"taxonomy":"product_tag","embeddable":true,"href":"https:\/\/k-level.com\/pl\/wp-json\/wp\/v2\/product_tag?post=13128"}],"curies":[{"name":"wp","href":"https:\/\/api.w.org\/{rel}","templated":true}]}}