{"id":13093,"date":"2025-06-11T17:10:07","date_gmt":"2025-06-11T09:10:07","guid":{"rendered":"https:\/\/k-level.com\/?post_type=product&#038;p=13093"},"modified":"2025-07-24T09:20:04","modified_gmt":"2025-07-24T01:20:04","slug":"k-level-kal-32-automatyczny-pomiar-niwelacyjny","status":"publish","type":"product","link":"https:\/\/k-level.com\/pl\/produkt\/k-level-kal-32-automatyczny-pomiar-niwelacyjny\/","title":{"rendered":"Poziomica automatyczna KAL-32"},"content":{"rendered":"<p>KAL-32 Auto Level \u2013 precyzyjny automatyczny instrument do pomiaru poziomu firmy K-level<\/p>\n<p>Ten <strong>Poziomica automatyczna KAL-32<\/strong> Niwelator firmy K-level to idealne po\u0142\u0105czenie tradycyjnej precyzji optycznej i nowoczesnej wydajno\u015bci geodezyjnej. Jako profesjonalny automatyczny niwelator geodezyjny, urz\u0105dzenie to zapewnia dok\u0142adno\u015b\u0107 \u00b12,0 mm na 1 km, zachowuj\u0105c jednocze\u015bnie niezawodno\u015b\u0107 klasycznej konstrukcji niwelatora optycznego. Nasi in\u017cynierowie udoskonalili ten cyfrowy niwelator geodezyjny o zaawansowane funkcje, takie jak soczewka o 32-krotnym powi\u0119kszeniu, automatyczny kompensator i ultraprecyzyjna libelka poziomowania, co umo\u017cliwia szybk\u0105 i dok\u0142adn\u0105 konfiguracj\u0119 na ka\u017cdym placu budowy.<\/p>\n<p>Zaprojektowany dla profesjonalist\u00f3w budowlanych i geodet\u00f3w, niwelator automatyczny KAL-32 \u0142\u0105czy w sobie najlepsze cechy cyfrowego niwelatora geodezyjnego ze sprawdzon\u0105 wydajno\u015bci\u0105 niwelatora optycznego. Automatyczny kompensator wahad\u0142owy dzia\u0142a w zakresie \u00b115\u2032, utrzymuj\u0105c idealny poziom nawet na nier\u00f3wnym terenie, co czyni go idealnym do prac fundamentowych, niwelacji terenu i pomiar\u00f3w topograficznych. Jako najpopularniejszy niwelator firmy K-level <a href=\"https:\/\/k-level.com\/pl\/skontaktuj-sie-z-nami\/\">automatyczne pomiary poziomu<\/a> Rozwi\u0105zanie to charakteryzuje si\u0119 ca\u0142kowicie uszczelnion\u0105 \u015bcie\u017ck\u0105 optyczn\u0105, zapobiegaj\u0105c\u0105 przedostawaniu si\u0119 wilgoci i kurzu, a tak\u017ce wytrzyma\u0142\u0105 aluminiow\u0105 obudow\u0105 odporn\u0105 na trudne warunki pracy.<\/p>\n<p>Zestaw KAL-32 Auto Level zawiera nasz\u0105 wysokiej jako\u015bci aluminiow\u0105 \u0142at\u0119 niwelacyjn\u0105 o dok\u0142adno\u015bci E-Grade, futera\u0142 ochronny oraz zestaw do czyszczenia soczewek. Niezale\u017cnie od tego, czy potrzebujesz precyzji niwelatora optycznego, czy wydajno\u015bci nowoczesnej cyfrowej technologii niwelacyjnej, to automatyczne narz\u0119dzie do niwelacji geodezyjnej oferuje wyj\u0105tkow\u0105 warto\u015b\u0107. Dzi\u0119ki 32-krotnemu powi\u0119kszeniu, zapewniaj\u0105cemu krystalicznie czysty obraz i interwa\u0142owi 0,3 mm dla precyzyjnych pomiar\u00f3w, KAL-32 kontynuuje tradycj\u0119 firmy K-level w produkcji \u015bwiatowej klasy instrument\u00f3w geodezyjnych, kt\u00f3rym ufaj\u0105 profesjonali\u015bci na ca\u0142ym \u015bwiecie.<\/p>\n<p>&nbsp;<\/p>\n<p><img fetchpriority=\"high\" decoding=\"async\" class=\"aligncenter wp-image-13096 size-medium\" src=\"https:\/\/k-level.com\/wp-content\/uploads\/2025\/06\/KAL-323-300x300.jpg\" alt=\"Automatyczny pomiar poziomu KAL-32\" width=\"300\" height=\"300\" srcset=\"https:\/\/k-level.com\/wp-content\/uploads\/2025\/06\/KAL-323-300x300.jpg 300w, https:\/\/k-level.com\/wp-content\/uploads\/2025\/06\/KAL-323-370x370.jpg 370w, https:\/\/k-level.com\/wp-content\/uploads\/2025\/06\/KAL-323-100x100.jpg 100w, https:\/\/k-level.com\/wp-content\/uploads\/2025\/06\/KAL-323-400x400.jpg 400w, https:\/\/k-level.com\/wp-content\/uploads\/2025\/06\/KAL-323-150x150.jpg 150w, https:\/\/k-level.com\/wp-content\/uploads\/2025\/06\/KAL-323-768x768.jpg 768w, https:\/\/k-level.com\/wp-content\/uploads\/2025\/06\/KAL-323-12x12.jpg 12w, https:\/\/k-level.com\/wp-content\/uploads\/2025\/06\/KAL-323-50x50.jpg 50w, https:\/\/k-level.com\/wp-content\/uploads\/2025\/06\/KAL-323.jpg 800w\" sizes=\"(max-width: 300px) 100vw, 300px\" \/><\/p>\n<p><strong><a href=\"https:\/\/k-level.com\/pl\/skontaktuj-sie-z-nami\/\">Poziomica automatyczna KAL-32<\/a> Wszechstronne zastosowania<\/strong><\/p>\n<p>Doskonale nadaje si\u0119 do zada\u0144 zwi\u0105zanych z pomiarami automatycznego poziomowania, takich jak:<\/p>\n<p>Wyr\u00f3wnywanie terenu budowy<\/p>\n<p>Trasa drogowa i kolejowa<\/p>\n<p>Niwelacja terenu i wykopaliska<\/p>\n<p>Kontrola fundament\u00f3w budynku<\/p>\n<p>Do\u0142\u0105czona regulowana podstawka, instrukcja obs\u0142ugi i ochronne plastikowe etui u\u0142atwiaj\u0105 transport i monta\u017c na ka\u017cdym terenie.<\/p>\n<p>Potrzebujesz rozwi\u0105zania?<br \/>\n<a href=\"https:\/\/k-level.com\/pl\/\">Poziom K<\/a> Oferujemy us\u0142ugi konsultingowe w zakresie sprz\u0119tu geodezyjnego. Skontaktuj si\u0119 z nami w sprawie zam\u00f3wie\u0144 hurtowych lub wsparcia technicznego!<\/p>\n<p>&nbsp;<\/p>","protected":false},"excerpt":{"rendered":"<ul>\n<li>Poziomica automatyczna KAL-32 zapewnia precyzj\u0119<\/li>\n<li>Trwa\u0142o\u015b\u0107 wymagana do pomiar\u00f3w profesjonalnych.<\/li>\n<li>Automatyczny niwelator KAL-32 charakteryzuje si\u0119 precyzyjn\u0105 optyk\u0105 i solidn\u0105 konstrukcj\u0105.<\/li>\n<\/ul>\n<p><img decoding=\"async\" class=\"alignnone size-medium wp-image-13646\" src=\"https:\/\/k-level.com\/wp-content\/uploads\/2025\/05\/logo-300x98.png\" alt=\"\" width=\"300\" height=\"98\" srcset=\"https:\/\/k-level.com\/wp-content\/uploads\/2025\/05\/logo-300x98.png 300w, https:\/\/k-level.com\/wp-content\/uploads\/2025\/05\/logo-18x6.png 18w, https:\/\/k-level.com\/wp-content\/uploads\/2025\/05\/logo.png 307w\" sizes=\"(max-width: 300px) 100vw, 300px\" \/><\/p>","protected":false},"featured_media":14001,"comment_status":"open","ping_status":"closed","template":"","meta":[],"product_brand":[],"product_cat":[245],"product_tag":[236],"class_list":{"0":"post-13093","1":"product","2":"type-product","3":"status-publish","4":"has-post-thumbnail","6":"product_cat-kal-32","7":"product_tag-construction","9":"first","10":"instock","11":"shipping-taxable","12":"product-type-simple"},"_links":{"self":[{"href":"https:\/\/k-level.com\/pl\/wp-json\/wp\/v2\/product\/13093","targetHints":{"allow":["GET"]}}],"collection":[{"href":"https:\/\/k-level.com\/pl\/wp-json\/wp\/v2\/product"}],"about":[{"href":"https:\/\/k-level.com\/pl\/wp-json\/wp\/v2\/types\/product"}],"replies":[{"embeddable":true,"href":"https:\/\/k-level.com\/pl\/wp-json\/wp\/v2\/comments?post=13093"}],"version-history":[{"count":4,"href":"https:\/\/k-level.com\/pl\/wp-json\/wp\/v2\/product\/13093\/revisions"}],"predecessor-version":[{"id":13659,"href":"https:\/\/k-level.com\/pl\/wp-json\/wp\/v2\/product\/13093\/revisions\/13659"}],"wp:featuredmedia":[{"embeddable":true,"href":"https:\/\/k-level.com\/pl\/wp-json\/wp\/v2\/media\/14001"}],"wp:attachment":[{"href":"https:\/\/k-level.com\/pl\/wp-json\/wp\/v2\/media?parent=13093"}],"wp:term":[{"taxonomy":"product_brand","embeddable":true,"href":"https:\/\/k-level.com\/pl\/wp-json\/wp\/v2\/product_brand?post=13093"},{"taxonomy":"product_cat","embeddable":true,"href":"https:\/\/k-level.com\/pl\/wp-json\/wp\/v2\/product_cat?post=13093"},{"taxonomy":"product_tag","embeddable":true,"href":"https:\/\/k-level.com\/pl\/wp-json\/wp\/v2\/product_tag?post=13093"}],"curies":[{"name":"wp","href":"https:\/\/api.w.org\/{rel}","templated":true}]}}