{"id":13075,"date":"2025-06-11T15:16:35","date_gmt":"2025-06-11T07:16:35","guid":{"rendered":"https:\/\/k-level.com\/?post_type=product&#038;p=13075"},"modified":"2026-03-30T09:49:36","modified_gmt":"2026-03-30T01:49:36","slug":"krl-440-automatyczny-laser-obrotowy","status":"publish","type":"product","link":"https:\/\/k-level.com\/pl\/produkt\/krl-440-automatyczny-laser-obrotowy\/","title":{"rendered":"Laser obrotowy KRL-440"},"content":{"rendered":"<p><strong>Wprowadzenie do lasera obrotowego KRL-440<\/strong><\/p>\n<p>Ten <strong>KRL-440 Automatycznie wyr\u00f3wnuj\u0105cy laser obrotowy<\/strong> reprezentuje nast\u0119pne pokolenie <a href=\"https:\/\/k-level.com\/pl\/skontaktuj-sie-z-nami\/\">technologia precyzyjnego poziomowania<\/a>\u0141\u0105cz\u0105c zaawansowane funkcje samopoziomowania z funkcjonalno\u015bci\u0105 dwuosiow\u0105. Ten profesjonalny obrotowy laser poziomniczy do pomiaru w poziomie i pionie, z automatycznym wyr\u00f3wnywaniem zapewnia wyj\u0105tkow\u0105 dok\u0142adno\u015b\u0107 \u00b13 mm w odleg\u0142o\u015bci 30 m, co czyni go idealnym do wymagaj\u0105cych zastosowa\u0144 budowlanych, niwelacyjnych i rozplanowania. Obrotowy laser poziomniczy wyposa\u017cony jest w unikalny mechanizm autokompensacji, kt\u00f3ry utrzymuje idealne ustawienie nawet na nier\u00f3wnych powierzchniach, znacznie skracaj\u0105c czas ustawiania i poprawiaj\u0105c wydajno\u015b\u0107 na miejscu pracy.<\/p>\n<p>Nasz innowacyjny poziomy i pionowy obrotowy poziom laserowy oferuje niezr\u00f3wnan\u0105 wszechstronno\u015b\u0107 dzi\u0119ki mo\u017cliwo\u015bci jednoczesnego wy\u015bwietlania p\u0142aszczyzn poziomych 360\u00b0 i precyzyjnych pionowych linii pionu. Wysokowyra\u017ana wi\u0105zka lasera obrotowego KRL-440 z automatycznym wyr\u00f3wnywaniem pozostaje wyra\u017anie widoczna do 150 m w warunkach dziennych, a rozszerzony zasi\u0119g roboczy do 800 m z detektorem gwarantuje niezawodn\u0105 prac\u0119 w projektach na du\u017c\u0105 skal\u0119. Ten obrotowy poziom laserowy jest szczeg\u00f3lnie cenny w zastosowaniach wymagaj\u0105cych zar\u00f3wno p\u0142asko\u015bci, jak i pionu, takich jak monta\u017c konstrukcji stalowych, szalunki betonowe i \u015bcianki dzia\u0142owe.<\/p>\n<p>Automatycznie wyr\u00f3wnuj\u0105cy laser obrotowy KRL-440 jest wyposa\u017cony w wytrzyma\u0142\u0105 obudow\u0119 o stopniu ochrony IP66, odporn\u0105 na trudne warunki panuj\u0105ce na placu budowy, w tym na kurz, wod\u0119 i przypadkowe upadki. System jest wyposa\u017cony w opatentowany kontroler SmartRemote\u2122, umo\u017cliwiaj\u0105cy jednoosobow\u0105 obs\u0142ug\u0119 z odleg\u0142o\u015bci do 100 m. Jako prawdziwy laser obrotowy w poziomie i pionie, oferuje intuicyjn\u0105 funkcj\u0119 nachylenia z regulacj\u0105 \u00b110\u00b0, co umo\u017cliwia precyzyjne niwelacje. Wykonawcy doceni\u0105 odporn\u0105 na wibracje konstrukcj\u0119 i wyd\u0142u\u017cony, 40-godzinny czas pracy baterii tego profesjonalnego lasera obrotowego, kt\u00f3ry zapewnia sta\u0142\u0105 wydajno\u015b\u0107 nawet podczas najd\u0142u\u017cszych zmian roboczych.<\/p>\n<p>&nbsp;<\/p>\n<p><img fetchpriority=\"high\" decoding=\"async\" class=\"aligncenter wp-image-13077 size-medium\" src=\"https:\/\/k-level.com\/wp-content\/uploads\/2025\/06\/KRL-4402-1-300x300.jpg\" alt=\"KRL-440 Automatycznie wyr\u00f3wnuj\u0105cy laser obrotowy\" width=\"300\" height=\"300\" srcset=\"https:\/\/k-level.com\/wp-content\/uploads\/2025\/06\/KRL-4402-1-300x300.jpg 300w, https:\/\/k-level.com\/wp-content\/uploads\/2025\/06\/KRL-4402-1-370x370.jpg 370w, https:\/\/k-level.com\/wp-content\/uploads\/2025\/06\/KRL-4402-1-100x100.jpg 100w, https:\/\/k-level.com\/wp-content\/uploads\/2025\/06\/KRL-4402-1-400x400.jpg 400w, https:\/\/k-level.com\/wp-content\/uploads\/2025\/06\/KRL-4402-1-150x150.jpg 150w, https:\/\/k-level.com\/wp-content\/uploads\/2025\/06\/KRL-4402-1-768x768.jpg 768w, https:\/\/k-level.com\/wp-content\/uploads\/2025\/06\/KRL-4402-1-12x12.jpg 12w, https:\/\/k-level.com\/wp-content\/uploads\/2025\/06\/KRL-4402-1-50x50.jpg 50w, https:\/\/k-level.com\/wp-content\/uploads\/2025\/06\/KRL-4402-1.jpg 800w\" sizes=\"(max-width: 300px) 100vw, 300px\" \/><\/p>\n<p>KRL-440 <a href=\"https:\/\/k-level.com\/pl\/skontaktuj-sie-z-nami\/\">Laser obrotowy<\/a> Idealnie nadaje si\u0119 do r\u00f3\u017cnorodnych zastosowa\u0144, w tym do niwelacji terenu, wykop\u00f3w i uk\u0142adania fundament\u00f3w. Wysoka precyzja i szeroki zakres roboczy sprawiaj\u0105, \u017ce nadaje si\u0119 zar\u00f3wno do u\u017cytku wewn\u0105trz, jak i na zewn\u0105trz, co czyni go cennym narz\u0119dziem dla wykonawc\u00f3w, geodet\u00f3w i budowniczych.<\/p>\n<p><strong>Por\u00f3wnanie parametr\u00f3w modelu r\u00f3\u017cnych obrotowych instrument\u00f3w laserowych<\/strong><\/p>\n<table width=\"1112\">\n<tbody>\n<tr>\n<td width=\"101\">Numer przedmiotu<\/td>\n<td width=\"101\">Belka<\/td>\n<td width=\"101\">Poziomy<\/td>\n<td width=\"101\">Pionowy<\/td>\n<td width=\"101\">Najwy\u017cszy punkt<\/td>\n<td width=\"101\">Dolny punkt<\/td>\n<td width=\"168\">Uchwyt<\/td>\n<td width=\"333\">Ba\u0144ka<\/td>\n<\/tr>\n<tr>\n<td>KRL-405R<\/td>\n<td>Czerwony promie\u0144<\/td>\n<td>\u2714<\/td>\n<td><\/td>\n<td><\/td>\n<td><\/td>\n<td>Pojedynczy uchwyt<\/td>\n<td>1 niezale\u017cna ba\u0144ka + 1 okr\u0105g\u0142a ba\u0144ka<\/td>\n<\/tr>\n<tr>\n<td>KRL-405G<\/td>\n<td>Zielony promie\u0144<\/td>\n<td>\u2714<\/td>\n<td><\/td>\n<td><\/td>\n<td><\/td>\n<td>Pojedynczy uchwyt<\/td>\n<td>1 niezale\u017cna ba\u0144ka + 1 okr\u0105g\u0142a ba\u0144ka<\/td>\n<\/tr>\n<tr>\n<td>KRL-410R<\/td>\n<td>Czerwony promie\u0144<\/td>\n<td>\u2714<\/td>\n<td>\u2714<\/td>\n<td>\u2714<\/td>\n<td><\/td>\n<td>Pojedynczy uchwyt<\/td>\n<td>1 niezale\u017cna ba\u0144ka + 1 okr\u0105g\u0142a ba\u0144ka<\/td>\n<\/tr>\n<tr>\n<td>KRL-410G<\/td>\n<td>Zielony promie\u0144<\/td>\n<td>\u2714<\/td>\n<td>\u2714<\/td>\n<td>\u2714<\/td>\n<td><\/td>\n<td>Pojedynczy uchwyt<\/td>\n<td>1 niezale\u017cna ba\u0144ka + 1 okr\u0105g\u0142a ba\u0144ka<\/td>\n<\/tr>\n<tr>\n<td>KRL-420G<\/td>\n<td>Zielony promie\u0144<\/td>\n<td>\u2714<\/td>\n<td>\u2714<\/td>\n<td>\u2714<\/td>\n<td>\u2714<\/td>\n<td>Podw\u00f3jny uchwyt<\/td>\n<td>1 niezale\u017cna ba\u0144ka + 1 okr\u0105g\u0142a ba\u0144ka<\/td>\n<\/tr>\n<tr>\n<td>KRL-420R<\/td>\n<td>Czerwony promie\u0144<\/td>\n<td>\u2714<\/td>\n<td>\u2714<\/td>\n<td>\u2714<\/td>\n<td>\u2714<\/td>\n<td>Podw\u00f3jny uchwyt<\/td>\n<td>1 niezale\u017cna ba\u0144ka + 1 okr\u0105g\u0142a ba\u0144ka<\/td>\n<\/tr>\n<tr>\n<td>KRL-440R<\/td>\n<td>Czerwony promie\u0144<\/td>\n<td>\u2714<\/td>\n<td>\u2714<\/td>\n<td>\u2714<\/td>\n<td>\u2714<\/td>\n<td>Cztery uchwyty<\/td>\n<td>1 niezale\u017cna ba\u0144ka + 1 okr\u0105g\u0142a ba\u0144ka<\/td>\n<\/tr>\n<tr>\n<td>KRL-440G<\/td>\n<td>Zielony promie\u0144<\/td>\n<td>\u2714<\/td>\n<td>\u2714<\/td>\n<td>\u2714<\/td>\n<td>\u2714<\/td>\n<td>Cztery uchwyty<\/td>\n<td>1 niezale\u017cna ba\u0144ka + 1 okr\u0105g\u0142a ba\u0144ka<\/td>\n<\/tr>\n<tr>\n<td>KRL-540G<\/td>\n<td>Zielony promie\u0144<\/td>\n<td>\u2714<\/td>\n<td>\u2714<\/td>\n<td colspan=\"2\" width=\"203\">3 niezale\u017cne d\u0142ugie czujniki<\/td>\n<td>Cztery uchwyty<\/td>\n<td>3 niezale\u017cne d\u0142ugie p\u0119cherze<\/td>\n<\/tr>\n<tr>\n<td>KRL-540R<\/td>\n<td>Czerwony promie\u0144<\/td>\n<td>\u2714<\/td>\n<td>\u2714<\/td>\n<td colspan=\"2\" width=\"203\">3 niezale\u017cne d\u0142ugie czujniki<\/td>\n<td>Cztery uchwyty<\/td>\n<td>3 niezale\u017cne d\u0142ugie p\u0119cherze<\/td>\n<\/tr>\n<tr>\n<td>KRL-640R<\/td>\n<td>Czerwony promie\u0144<\/td>\n<td>\u2714<\/td>\n<td>\u2714<\/td>\n<td colspan=\"2\" width=\"203\">3 niezale\u017cne d\u0142ugie czujniki<\/td>\n<td>Cztery uchwyty<\/td>\n<td>3 niezale\u017cne d\u0142ugie p\u0119cherze<\/td>\n<\/tr>\n<tr>\n<td>KRL-640G<\/td>\n<td>Zielony promie\u0144<\/td>\n<td>\u2714<\/td>\n<td>\u2714<\/td>\n<td colspan=\"2\" width=\"203\">3 niezale\u017cne d\u0142ugie czujniki<\/td>\n<td>Cztery uchwyty<\/td>\n<td>3 niezale\u017cne d\u0142ugie p\u0119cherze<\/td>\n<\/tr>\n<\/tbody>\n<\/table>\n<p>Potrzebujesz rozwi\u0105zania?<\/p>\n<p>K-level zapewnia us\u0142ugi konsultingowe dla <a href=\"https:\/\/k-level.com\/pl\/sklep\/\">sprz\u0119t geodezyjny<\/a>Skontaktuj si\u0119 z nami w sprawie zam\u00f3wie\u0144 hurtowych lub wsparcia technicznego!<\/p>","protected":false},"excerpt":{"rendered":"<ul>\n<li>Laser obrotowy KRL-440 wyr\u00f3\u017cnia si\u0119 jako najwy\u017cszej klasy laser obrotowy.<\/li>\n<li>KRL-440 Automatyczne wyr\u00f3wnywanie obrotowego narz\u0119dzia pomiarowego laserowego<\/li>\n<li>Automatycznie wyr\u00f3wnuj\u0105cy obrotowy laser zapewnia precyzyjne i wydajne poziomowanie za ka\u017cdym razem.<\/li>\n<\/ul>\n<p><img decoding=\"async\" class=\"alignnone size-medium wp-image-13646\" src=\"https:\/\/k-level.com\/wp-content\/uploads\/2025\/05\/logo-300x98.png\" alt=\"\" width=\"300\" height=\"98\" srcset=\"https:\/\/k-level.com\/wp-content\/uploads\/2025\/05\/logo-300x98.png 300w, https:\/\/k-level.com\/wp-content\/uploads\/2025\/05\/logo-18x6.png 18w, https:\/\/k-level.com\/wp-content\/uploads\/2025\/05\/logo.png 307w\" sizes=\"(max-width: 300px) 100vw, 300px\" \/><\/p>","protected":false},"featured_media":14000,"comment_status":"open","ping_status":"closed","template":"","meta":[],"product_brand":[],"product_cat":[242],"product_tag":[236],"class_list":{"0":"post-13075","1":"product","2":"type-product","3":"status-publish","4":"has-post-thumbnail","6":"product_cat-krl-440","7":"product_tag-construction","9":"first","10":"instock","11":"shipping-taxable","12":"product-type-simple"},"_links":{"self":[{"href":"https:\/\/k-level.com\/pl\/wp-json\/wp\/v2\/product\/13075","targetHints":{"allow":["GET"]}}],"collection":[{"href":"https:\/\/k-level.com\/pl\/wp-json\/wp\/v2\/product"}],"about":[{"href":"https:\/\/k-level.com\/pl\/wp-json\/wp\/v2\/types\/product"}],"replies":[{"embeddable":true,"href":"https:\/\/k-level.com\/pl\/wp-json\/wp\/v2\/comments?post=13075"}],"version-history":[{"count":4,"href":"https:\/\/k-level.com\/pl\/wp-json\/wp\/v2\/product\/13075\/revisions"}],"predecessor-version":[{"id":14081,"href":"https:\/\/k-level.com\/pl\/wp-json\/wp\/v2\/product\/13075\/revisions\/14081"}],"wp:featuredmedia":[{"embeddable":true,"href":"https:\/\/k-level.com\/pl\/wp-json\/wp\/v2\/media\/14000"}],"wp:attachment":[{"href":"https:\/\/k-level.com\/pl\/wp-json\/wp\/v2\/media?parent=13075"}],"wp:term":[{"taxonomy":"product_brand","embeddable":true,"href":"https:\/\/k-level.com\/pl\/wp-json\/wp\/v2\/product_brand?post=13075"},{"taxonomy":"product_cat","embeddable":true,"href":"https:\/\/k-level.com\/pl\/wp-json\/wp\/v2\/product_cat?post=13075"},{"taxonomy":"product_tag","embeddable":true,"href":"https:\/\/k-level.com\/pl\/wp-json\/wp\/v2\/product_tag?post=13075"}],"curies":[{"name":"wp","href":"https:\/\/api.w.org\/{rel}","templated":true}]}}