{"id":13031,"date":"2025-06-11T11:12:47","date_gmt":"2025-06-11T03:12:47","guid":{"rendered":"https:\/\/k-level.com\/?post_type=product&#038;p=13031"},"modified":"2026-03-30T09:35:16","modified_gmt":"2026-03-30T01:35:16","slug":"laser-liniowy-kll-d600","status":"publish","type":"product","link":"https:\/\/k-level.com\/pl\/produkt\/laser-liniowy-kll-d600\/","title":{"rendered":"Laser liniowy KLL-D600"},"content":{"rendered":"<p>Przedstawiamy laser liniowy KLL-D600 \u2013 precyzja i wszechstronno\u015b\u0107 dla profesjonalist\u00f3w<\/p>\n<p>W K-Level szczycimy si\u0119 tym, \u017ce jeste\u015bmy wiod\u0105cym producentem przyrz\u0105d\u00f3w pomiarowych, a nasza seria laser\u00f3w liniowych KLL-D600 jest przyk\u0142adem tego zaanga\u017cowania w jako\u015b\u0107 i precyzj\u0119. W\u015br\u00f3d wyr\u00f3\u017cniaj\u0105cych si\u0119 produkt\u00f3w z tej serii znajduje si\u0119 <a href=\"https:\/\/k-level.com\/pl\/skontaktuj-sie-z-nami\/\">Zestaw samopoziomuj\u0105cy z laserem krzy\u017cowym<\/a>, zaprojektowany zar\u00f3wno dla profesjonalist\u00f3w, jak i majsterkowicz\u00f3w. Ten innowacyjny zestaw poziomicy laserowej zosta\u0142 zaprojektowany tak, aby zapewnia\u0107 dok\u0142adne i niezawodne wyniki w r\u00f3\u017cnych zastosowaniach, co czyni go niezb\u0119dnym narz\u0119dziem w ka\u017cdym projekcie budowlanym lub remontowym.<\/p>\n<p>Zestaw samopoziomuj\u0105cej laserowej poziomicy krzy\u017cowej wykorzystuje zaawansowan\u0105 technologi\u0119 samopoziomowania, zapewniaj\u0105c\u0105 idealne odwzorowanie linii laserowych w poziomie i pionie. Ta funkcja automatycznego poziomowania oszcz\u0119dza czas i nerwy, pozwalaj\u0105c u\u017cytkownikom skupi\u0107 si\u0119 na swoich zadaniach, zamiast r\u0119cznie regulowa\u0107 narz\u0119dzie. Dzi\u0119ki zasi\u0119gowi do 30 metr\u00f3w (100 st\u00f3p), poziomica KLL-D600 nadaje si\u0119 zar\u00f3wno do u\u017cytku wewn\u0105trz, jak i na zewn\u0105trz, dzi\u0119ki czemu jest wszechstronna i nadaje si\u0119 do szerokiego zakresu zastosowa\u0144, od wieszania obraz\u00f3w po monta\u017c szafek.<\/p>\n<p>Opr\u00f3cz funkcji samopoziomowania, <a href=\"https:\/\/k-level.com\/pl\/\">Zestaw samopoziomuj\u0105cy z laserem krzy\u017cowym<\/a> Zosta\u0142 zaprojektowany z my\u015bl\u0105 o \u0142atwo\u015bci u\u017cytkowania. Kompaktowa i lekka konstrukcja u\u0142atwia transport, a trwa\u0142a konstrukcja gwarantuje odporno\u015b\u0107 na trudne warunki panuj\u0105ce na placach budowy. Zestaw zawiera r\u00f3wnie\u017c uchwyty monta\u017cowe i pilota zdalnego sterowania, dzi\u0119ki czemu u\u017cytkownicy mog\u0105 obs\u0142ugiwa\u0107 laser z odleg\u0142o\u015bci i bezproblemowo uzyska\u0107 precyzyjne ustawienie.<\/p>\n<p>Dost\u0119pny w wersji z wi\u0105zk\u0105 czerwon\u0105 i zielon\u0105 \u2014 KLL-D601R\/602R\/603R (czerwony) i KLL-D601G\/602G\/603G (zielony) \u2014 laser liniowy KLL-D600 zapewnia optymaln\u0105 widoczno\u015b\u0107 i dok\u0142adno\u015b\u0107 w r\u00f3\u017cnych warunkach pracy.<\/p>\n<p>&nbsp;<\/p>\n<p><img fetchpriority=\"high\" decoding=\"async\" class=\"aligncenter wp-image-13033 size-medium\" src=\"https:\/\/k-level.com\/wp-content\/uploads\/2025\/06\/KLL-6002-300x300.jpg\" alt=\"Zestaw samopoziomuj\u0105cy z laserem krzy\u017cowym\" width=\"300\" height=\"300\" srcset=\"https:\/\/k-level.com\/wp-content\/uploads\/2025\/06\/KLL-6002-300x300.jpg 300w, https:\/\/k-level.com\/wp-content\/uploads\/2025\/06\/KLL-6002-370x370.jpg 370w, https:\/\/k-level.com\/wp-content\/uploads\/2025\/06\/KLL-6002-100x100.jpg 100w, https:\/\/k-level.com\/wp-content\/uploads\/2025\/06\/KLL-6002-400x400.jpg 400w, https:\/\/k-level.com\/wp-content\/uploads\/2025\/06\/KLL-6002-150x150.jpg 150w, https:\/\/k-level.com\/wp-content\/uploads\/2025\/06\/KLL-6002-768x768.jpg 768w, https:\/\/k-level.com\/wp-content\/uploads\/2025\/06\/KLL-6002-12x12.jpg 12w, https:\/\/k-level.com\/wp-content\/uploads\/2025\/06\/KLL-6002-50x50.jpg 50w, https:\/\/k-level.com\/wp-content\/uploads\/2025\/06\/KLL-6002.jpg 800w\" sizes=\"(max-width: 300px) 100vw, 300px\" \/><\/p>\n<p>Dlaczego warto wybra\u0107 laser liniowy KLL-D600?<br \/>\nNiezale\u017cnie od tego, czy jeste\u015b wykonawc\u0105, stolarzem czy majsterkowiczem, laser liniowy KLL-D600 zosta\u0142 zaprojektowany tak, aby zwi\u0119kszy\u0107 wydajno\u015b\u0107 i precyzj\u0119.<\/p>\n<p>Potrzebujesz rozwi\u0105zania?<br \/>\nK-level oferuje us\u0142ugi konsultingowe w zakresie sprz\u0119tu geodezyjnego. Skontaktuj si\u0119 z nami w sprawie zam\u00f3wie\u0144 hurtowych lub wsparcia technicznego!<\/p>\n<p>&nbsp;<\/p>","protected":false},"excerpt":{"rendered":"<ul>\n<li>Laser liniowy KLL-D600 posiada funkcj\u0119 samopoziomowania i jasne wi\u0105zki laserowe<\/li>\n<li>Wytrzyma\u0142a konstrukcja sprawia, \u017ce zestaw samopoziomuj\u0105cy lasera krzy\u017cowego KLL-D600<\/li>\n<li>Niezb\u0119dne narz\u0119dzie \u2013 poziomica laserowa do ka\u017cdego projektu.<\/li>\n<\/ul>\n<p><img decoding=\"async\" class=\"alignnone size-medium wp-image-13646\" src=\"https:\/\/k-level.com\/wp-content\/uploads\/2025\/05\/logo-300x98.png\" alt=\"\" width=\"300\" height=\"98\" srcset=\"https:\/\/k-level.com\/wp-content\/uploads\/2025\/05\/logo-300x98.png 300w, https:\/\/k-level.com\/wp-content\/uploads\/2025\/05\/logo-18x6.png 18w, https:\/\/k-level.com\/wp-content\/uploads\/2025\/05\/logo.png 307w\" sizes=\"(max-width: 300px) 100vw, 300px\" \/><\/p>","protected":false},"featured_media":14021,"comment_status":"open","ping_status":"closed","template":"","meta":[],"product_brand":[109],"product_cat":[133],"product_tag":[235],"class_list":{"0":"post-13031","1":"product","2":"type-product","3":"status-publish","4":"has-post-thumbnail","6":"product_brand-kll-d600","7":"product_cat-electronic-line-laser-for-sale","8":"product_tag-interior-decoration","10":"first","11":"instock","12":"shipping-taxable","13":"product-type-simple"},"_links":{"self":[{"href":"https:\/\/k-level.com\/pl\/wp-json\/wp\/v2\/product\/13031","targetHints":{"allow":["GET"]}}],"collection":[{"href":"https:\/\/k-level.com\/pl\/wp-json\/wp\/v2\/product"}],"about":[{"href":"https:\/\/k-level.com\/pl\/wp-json\/wp\/v2\/types\/product"}],"replies":[{"embeddable":true,"href":"https:\/\/k-level.com\/pl\/wp-json\/wp\/v2\/comments?post=13031"}],"version-history":[{"count":5,"href":"https:\/\/k-level.com\/pl\/wp-json\/wp\/v2\/product\/13031\/revisions"}],"predecessor-version":[{"id":13764,"href":"https:\/\/k-level.com\/pl\/wp-json\/wp\/v2\/product\/13031\/revisions\/13764"}],"wp:featuredmedia":[{"embeddable":true,"href":"https:\/\/k-level.com\/pl\/wp-json\/wp\/v2\/media\/14021"}],"wp:attachment":[{"href":"https:\/\/k-level.com\/pl\/wp-json\/wp\/v2\/media?parent=13031"}],"wp:term":[{"taxonomy":"product_brand","embeddable":true,"href":"https:\/\/k-level.com\/pl\/wp-json\/wp\/v2\/product_brand?post=13031"},{"taxonomy":"product_cat","embeddable":true,"href":"https:\/\/k-level.com\/pl\/wp-json\/wp\/v2\/product_cat?post=13031"},{"taxonomy":"product_tag","embeddable":true,"href":"https:\/\/k-level.com\/pl\/wp-json\/wp\/v2\/product_tag?post=13031"}],"curies":[{"name":"wp","href":"https:\/\/api.w.org\/{rel}","templated":true}]}}