{"id":13021,"date":"2025-06-11T10:13:04","date_gmt":"2025-06-11T02:13:04","guid":{"rendered":"https:\/\/k-level.com\/?post_type=product&#038;p=13021"},"modified":"2026-03-30T09:19:22","modified_gmt":"2026-03-30T01:19:22","slug":"laser-liniowy-kll-d300","status":"publish","type":"product","link":"https:\/\/k-level.com\/pl\/produkt\/laser-liniowy-kll-d300\/","title":{"rendered":"Laser liniowy KLL-D300"},"content":{"rendered":"<p>K-level z dum\u0105 prezentuje<strong> Laser liniowy KLL-D300<\/strong>, zaawansowany<a href=\"https:\/\/k-level.com\/pl\/sklep\/\"> samopoziomuj\u0105cy laser krzy\u017cowy<\/a> narz\u0119dzie zaprojektowane dla profesjonalnych wykonawc\u00f3w i zastosowa\u0144 wymagaj\u0105cych precyzji.<br \/>\nTo wydajne urz\u0105dzenie \u0142\u0105czy w sobie wyj\u0105tkow\u0105 dok\u0142adno\u015b\u0107 z technologi\u0105 automatycznego poziomowania, dzi\u0119ki czemu idealnie nadaje si\u0119 do prac budowlanych, aran\u017cacji wn\u0119trz i renowacji, w kt\u00f3rych wymagane jest idealne ustawienie.<\/p>\n<p>Dost\u0119pne w dw\u00f3ch r\u00f3\u017cnych opcjach wi\u0105zki \u2014 czerwonej i zielonej \u2014 <a href=\"https:\/\/k-level.com\/pl\/sklep\/\">Laser liniowy KLL-D300<\/a> gwarantuje niezr\u00f3wnan\u0105 dok\u0142adno\u015b\u0107 i widoczno\u015b\u0107 dla wszystkich potrzeb zwi\u0105zanych z poziomowaniem i ustawianiem.<\/p>\n<p>Jako premia <a href=\"https:\/\/k-level.com\/pl\/sklep\/\">urz\u0105dzenie samopoziomuj\u0105ce z laserem krzy\u017cowym<\/a>Model KLL-D300 wy\u015bwietla jasne, doskonale widoczne linie poprzeczne (poziome i pionowe) z dok\u0142adno\u015bci\u0105 \u00b10,2 mm\/m. Mechanizm samopoziomowania (w zakresie \u00b14\u00b0) zapewnia szybk\u0105 konfiguracj\u0119 i niezawodn\u0105 prac\u0119, a tryb r\u0119czny umo\u017cliwia wyr\u00f3wnanie nachylenia w razie potrzeby.<\/p>\n<p>&nbsp;<\/p>\n<p>&nbsp;<\/p>\n<p><img fetchpriority=\"high\" decoding=\"async\" class=\"aligncenter wp-image-13024 size-medium\" src=\"https:\/\/k-level.com\/wp-content\/uploads\/2025\/06\/KLL-3002-300x300.jpg\" alt=\"samopoziomuj\u0105cy laser krzy\u017cowy\" width=\"300\" height=\"300\" srcset=\"https:\/\/k-level.com\/wp-content\/uploads\/2025\/06\/KLL-3002-300x300.jpg 300w, https:\/\/k-level.com\/wp-content\/uploads\/2025\/06\/KLL-3002-370x370.jpg 370w, https:\/\/k-level.com\/wp-content\/uploads\/2025\/06\/KLL-3002-100x100.jpg 100w, https:\/\/k-level.com\/wp-content\/uploads\/2025\/06\/KLL-3002-400x400.jpg 400w, https:\/\/k-level.com\/wp-content\/uploads\/2025\/06\/KLL-3002-150x150.jpg 150w, https:\/\/k-level.com\/wp-content\/uploads\/2025\/06\/KLL-3002-768x768.jpg 768w, https:\/\/k-level.com\/wp-content\/uploads\/2025\/06\/KLL-3002-12x12.jpg 12w, https:\/\/k-level.com\/wp-content\/uploads\/2025\/06\/KLL-3002-50x50.jpg 50w, https:\/\/k-level.com\/wp-content\/uploads\/2025\/06\/KLL-3002.jpg 800w\" sizes=\"(max-width: 300px) 100vw, 300px\" \/><\/p>\n<p>Potrzebujesz rozwi\u0105zania?<br \/>\nK-level oferuje us\u0142ugi konsultingowe w zakresie sprz\u0119tu geodezyjnego. Skontaktuj si\u0119 z nami w sprawie zam\u00f3wie\u0144 hurtowych lub wsparcia technicznego!<\/p>","protected":false},"excerpt":{"rendered":"<ul>\n<li>Laser liniowy KLL-D300 gwarantuje precyzj\u0119 i wydajno\u015b\u0107<\/li>\n<li>Samopoziomuj\u0105cy laser krzy\u017cowy KLL-D300 Trwa\u0142o\u015b\u0107 \u2013 co czyni go najlepszym urz\u0105dzeniem do poziomowania<\/li>\n<li>Poziomica laserowa dla profesjonalist\u00f3w, kt\u00f3rzy wymagaj\u0105 najwy\u017cszej jako\u015bci.<\/li>\n<\/ul>\n<p><img decoding=\"async\" class=\"alignnone size-medium wp-image-13646\" src=\"https:\/\/k-level.com\/wp-content\/uploads\/2025\/05\/logo-300x98.png\" alt=\"\" width=\"300\" height=\"98\" srcset=\"https:\/\/k-level.com\/wp-content\/uploads\/2025\/05\/logo-300x98.png 300w, https:\/\/k-level.com\/wp-content\/uploads\/2025\/05\/logo-18x6.png 18w, https:\/\/k-level.com\/wp-content\/uploads\/2025\/05\/logo.png 307w\" sizes=\"(max-width: 300px) 100vw, 300px\" \/><\/p>","protected":false},"featured_media":14020,"comment_status":"open","ping_status":"closed","template":"","meta":[],"product_brand":[256],"product_cat":[133],"product_tag":[235],"class_list":{"0":"post-13021","1":"product","2":"type-product","3":"status-publish","4":"has-post-thumbnail","6":"product_brand-kll-d300","7":"product_cat-electronic-line-laser-for-sale","8":"product_tag-interior-decoration","10":"first","11":"instock","12":"shipping-taxable","13":"product-type-simple"},"_links":{"self":[{"href":"https:\/\/k-level.com\/pl\/wp-json\/wp\/v2\/product\/13021","targetHints":{"allow":["GET"]}}],"collection":[{"href":"https:\/\/k-level.com\/pl\/wp-json\/wp\/v2\/product"}],"about":[{"href":"https:\/\/k-level.com\/pl\/wp-json\/wp\/v2\/types\/product"}],"replies":[{"embeddable":true,"href":"https:\/\/k-level.com\/pl\/wp-json\/wp\/v2\/comments?post=13021"}],"version-history":[{"count":5,"href":"https:\/\/k-level.com\/pl\/wp-json\/wp\/v2\/product\/13021\/revisions"}],"predecessor-version":[{"id":13763,"href":"https:\/\/k-level.com\/pl\/wp-json\/wp\/v2\/product\/13021\/revisions\/13763"}],"wp:featuredmedia":[{"embeddable":true,"href":"https:\/\/k-level.com\/pl\/wp-json\/wp\/v2\/media\/14020"}],"wp:attachment":[{"href":"https:\/\/k-level.com\/pl\/wp-json\/wp\/v2\/media?parent=13021"}],"wp:term":[{"taxonomy":"product_brand","embeddable":true,"href":"https:\/\/k-level.com\/pl\/wp-json\/wp\/v2\/product_brand?post=13021"},{"taxonomy":"product_cat","embeddable":true,"href":"https:\/\/k-level.com\/pl\/wp-json\/wp\/v2\/product_cat?post=13021"},{"taxonomy":"product_tag","embeddable":true,"href":"https:\/\/k-level.com\/pl\/wp-json\/wp\/v2\/product_tag?post=13021"}],"curies":[{"name":"wp","href":"https:\/\/api.w.org\/{rel}","templated":true}]}}