{"id":12643,"date":"2025-05-07T15:57:06","date_gmt":"2025-05-07T07:57:06","guid":{"rendered":"http:\/\/www.xcar.com\/?post_type=product&#038;p=12643"},"modified":"2026-03-30T09:08:25","modified_gmt":"2026-03-30T01:08:25","slug":"krl-410-laser-obrotowy-z-nachyleniem","status":"publish","type":"product","link":"https:\/\/k-level.com\/pl\/produkt\/krl-410-laser-obrotowy-z-nachyleniem\/","title":{"rendered":"Laser obrotowy KRL-410"},"content":{"rendered":"<p><strong>Wprowadzenie do lasera obrotowego KRL-410<\/strong><\/p>\n<p>Obrotowy poziom laserowy KRL-410 to precyzyjny przyrz\u0105d pomiarowy przeznaczony do profesjonalnych zastosowa\u0144 w budownictwie, niwelacji terenu i geodezji.<br \/>\nJako obrotowy poziom laserowy z funkcj\u0105 nachylenia umo\u017cliwia dok\u0142adne poziomowanie i regulacj\u0119 nachylenia (\u00b15\u00b0), co sprawia, <strong>poziomica laserowa obrotowa z nachyleniem<\/strong> Idealny do prac fundamentowych, wylewania betonu i projekt\u00f3w drena\u017cowych. Laser emituje wi\u0105zk\u0119 obrotow\u0105 o k\u0105cie 360\u00b0 i wysokiej widoczno\u015bci (do 800 m z laserem obrotowym z odbiornikiem), zapewniaj\u0105c niezawodn\u0105 prac\u0119 nawet w jasnych warunkach zewn\u0119trznych.<\/p>\n<p>Ten <a href=\"https:\/\/k-level.com\/pl\/skontaktuj-sie-z-nami\/\">zestaw poziomicy laserowej obrotowej<\/a> W zestawie znajduje si\u0119 wytrzyma\u0142a walizka transportowa, magnetyczny uchwyt monta\u017cowy, pilot zdalnego sterowania oraz akumulator do d\u0142u\u017cszych prac w terenie. Poziomica laserowa KRL-410 wyposa\u017cona jest w technologi\u0119 samopoziomowania z dok\u0142adno\u015bci\u0105 \u00b11,5 mm w odleg\u0142o\u015bci 30 m, co skraca czas konfiguracji i minimalizuje ryzyko b\u0142\u0119du ludzkiego. Niezale\u017cnie od tego, czy jest u\u017cywana do poziomowania wewn\u0105trz budynk\u00f3w, czy do realizacji du\u017cych projekt\u00f3w na zewn\u0105trz, ta obrotowa poziomica laserowa z funkcj\u0105 nachylenia zapewnia wydajno\u015b\u0107 i precyzj\u0119.<\/p>\n<p><img fetchpriority=\"high\" decoding=\"async\" class=\"aligncenter\" src=\"https:\/\/k-level.com\/wp-content\/uploads\/2025\/05\/KRL-4103-1-300x300.jpg\" alt=\"Poziomica laserowa obrotowa z nachyleniem KRL-410\" width=\"300\" height=\"300\" \/><\/p>\n<p>Dla wykonawc\u00f3w i geodet\u00f3w poszukuj\u0105cych wytrzyma\u0142ego i wszechstronnego narz\u0119dzia, KRL-410 to doskona\u0142y wyb\u00f3r. Jego solidna obudowa o stopniu ochrony IP66 chroni przed py\u0142em i wod\u0105, a obrotowy laser z kompatybilno\u015bci\u0105 z odbiornikiem zwi\u0119ksza niezawodno\u015b\u0107 pomiar\u00f3w z du\u017cej odleg\u0142o\u015bci. Usprawnij swoj\u0105 prac\u0119 dzi\u0119ki KRL-410 \u2013 najlepszemu obrotowemu niwelatorowi laserowemu, kt\u00f3ry sprosta nowoczesnym wymaganiom budowlanym.<\/p>\n<p><a href=\"https:\/\/k-level.com\/pl\/skontaktuj-sie-z-nami\/\">Laser obrotowy KRL-410<\/a> sprawdza si\u0119 jako obrotowy poziom laserowy do niwelacji i innych zastosowa\u0144<br \/>\nzapewniaj\u0105c precyzj\u0119 i trwa\u0142o\u015b\u0107<br \/>\n\u0142atwo\u015b\u0107 u\u017cytkowania na ka\u017cdym placu budowy.<\/p>\n<p>&nbsp;<\/p>\n<p><strong>Por\u00f3wnanie parametr\u00f3w modelu r\u00f3\u017cnych obrotowych instrument\u00f3w laserowych<\/strong><\/p>\n<table width=\"1112\">\n<tbody>\n<tr>\n<td width=\"101\">Numer przedmiotu<\/td>\n<td width=\"101\">Belka<\/td>\n<td width=\"101\">Poziomy<\/td>\n<td width=\"101\">Pionowy<\/td>\n<td width=\"101\">Najwy\u017cszy punkt<\/td>\n<td width=\"101\">Dolny punkt<\/td>\n<td width=\"168\">Uchwyt<\/td>\n<td width=\"333\">Ba\u0144ka<\/td>\n<\/tr>\n<tr>\n<td>KRL-405R<\/td>\n<td>Czerwony promie\u0144<\/td>\n<td>\u2714<\/td>\n<td><\/td>\n<td><\/td>\n<td><\/td>\n<td>Pojedynczy uchwyt<\/td>\n<td>1 niezale\u017cna ba\u0144ka + 1 okr\u0105g\u0142a ba\u0144ka<\/td>\n<\/tr>\n<tr>\n<td>KRL-405G<\/td>\n<td>Zielony promie\u0144<\/td>\n<td>\u2714<\/td>\n<td><\/td>\n<td><\/td>\n<td><\/td>\n<td>Pojedynczy uchwyt<\/td>\n<td>1 niezale\u017cna ba\u0144ka + 1 okr\u0105g\u0142a ba\u0144ka<\/td>\n<\/tr>\n<tr>\n<td>KRL-410R<\/td>\n<td>Czerwony promie\u0144<\/td>\n<td>\u2714<\/td>\n<td>\u2714<\/td>\n<td>\u2714<\/td>\n<td><\/td>\n<td>Pojedynczy uchwyt<\/td>\n<td>1 niezale\u017cna ba\u0144ka + 1 okr\u0105g\u0142a ba\u0144ka<\/td>\n<\/tr>\n<tr>\n<td>KRL-410G<\/td>\n<td>Zielony promie\u0144<\/td>\n<td>\u2714<\/td>\n<td>\u2714<\/td>\n<td>\u2714<\/td>\n<td><\/td>\n<td>Pojedynczy uchwyt<\/td>\n<td>1 niezale\u017cna ba\u0144ka + 1 okr\u0105g\u0142a ba\u0144ka<\/td>\n<\/tr>\n<tr>\n<td>KRL-420G<\/td>\n<td>Zielony promie\u0144<\/td>\n<td>\u2714<\/td>\n<td>\u2714<\/td>\n<td>\u2714<\/td>\n<td>\u2714<\/td>\n<td>Podw\u00f3jny uchwyt<\/td>\n<td>1 niezale\u017cna ba\u0144ka + 1 okr\u0105g\u0142a ba\u0144ka<\/td>\n<\/tr>\n<tr>\n<td>KRL-420R<\/td>\n<td>Czerwony promie\u0144<\/td>\n<td>\u2714<\/td>\n<td>\u2714<\/td>\n<td>\u2714<\/td>\n<td>\u2714<\/td>\n<td>Podw\u00f3jny uchwyt<\/td>\n<td>1 niezale\u017cna ba\u0144ka + 1 okr\u0105g\u0142a ba\u0144ka<\/td>\n<\/tr>\n<tr>\n<td>KRL-440R<\/td>\n<td>Czerwony promie\u0144<\/td>\n<td>\u2714<\/td>\n<td>\u2714<\/td>\n<td>\u2714<\/td>\n<td>\u2714<\/td>\n<td>Cztery uchwyty<\/td>\n<td>1 niezale\u017cna ba\u0144ka + 1 okr\u0105g\u0142a ba\u0144ka<\/td>\n<\/tr>\n<tr>\n<td>KRL-440G<\/td>\n<td>Zielony promie\u0144<\/td>\n<td>\u2714<\/td>\n<td>\u2714<\/td>\n<td>\u2714<\/td>\n<td>\u2714<\/td>\n<td>Cztery uchwyty<\/td>\n<td>1 niezale\u017cna ba\u0144ka + 1 okr\u0105g\u0142a ba\u0144ka<\/td>\n<\/tr>\n<tr>\n<td>KRL-540G<\/td>\n<td>Zielony promie\u0144<\/td>\n<td>\u2714<\/td>\n<td>\u2714<\/td>\n<td colspan=\"2\" width=\"203\">3 niezale\u017cne d\u0142ugie czujniki<\/td>\n<td>Cztery uchwyty<\/td>\n<td>3 niezale\u017cne d\u0142ugie p\u0119cherze<\/td>\n<\/tr>\n<tr>\n<td>KRL-540R<\/td>\n<td>Czerwony promie\u0144<\/td>\n<td>\u2714<\/td>\n<td>\u2714<\/td>\n<td colspan=\"2\" width=\"203\">3 niezale\u017cne d\u0142ugie czujniki<\/td>\n<td>Cztery uchwyty<\/td>\n<td>3 niezale\u017cne d\u0142ugie p\u0119cherze<\/td>\n<\/tr>\n<tr>\n<td>KRL-640R<\/td>\n<td>Czerwony promie\u0144<\/td>\n<td>\u2714<\/td>\n<td>\u2714<\/td>\n<td colspan=\"2\" width=\"203\">3 niezale\u017cne d\u0142ugie czujniki<\/td>\n<td>Cztery uchwyty<\/td>\n<td>3 niezale\u017cne d\u0142ugie p\u0119cherze<\/td>\n<\/tr>\n<tr>\n<td>KRL-640G<\/td>\n<td>Zielony promie\u0144<\/td>\n<td>\u2714<\/td>\n<td>\u2714<\/td>\n<td colspan=\"2\" width=\"203\">3 niezale\u017cne d\u0142ugie czujniki<\/td>\n<td>Cztery uchwyty<\/td>\n<td>3 niezale\u017cne d\u0142ugie p\u0119cherze<\/td>\n<\/tr>\n<\/tbody>\n<\/table>\n<p>Potrzebujesz rozwi\u0105zania?<\/p>\n<p><a href=\"https:\/\/k-level.com\/pl\/\">Poziom K<\/a> Oferujemy us\u0142ugi konsultingowe w zakresie sprz\u0119tu geodezyjnego. Skontaktuj si\u0119 z nami w sprawie zam\u00f3wie\u0144 hurtowych lub wsparcia technicznego!<\/p>","protected":false},"excerpt":{"rendered":"<ul>\n<li>Laser obrotowy KRL-410 doskonale sprawdza si\u0119 jako niwelator laserowy do niwelacji.<\/li>\n<li>Inne zastosowania zapewniaj\u0105ce precyzj\u0119 i trwa\u0142o\u015b\u0107.<\/li>\n<li>Obrotowy poziom laserowy KRL-410 z mo\u017cliwo\u015bci\u0105 pracy na pochy\u0142o\u015bciach, idealny na ka\u017cde miejsce pracy.<\/li>\n<\/ul>\n<p><img decoding=\"async\" class=\"alignnone size-medium wp-image-13646\" src=\"https:\/\/k-level.com\/wp-content\/uploads\/2025\/05\/logo-300x98.png\" alt=\"\" width=\"300\" height=\"98\" srcset=\"https:\/\/k-level.com\/wp-content\/uploads\/2025\/05\/logo-300x98.png 300w, https:\/\/k-level.com\/wp-content\/uploads\/2025\/05\/logo-18x6.png 18w, https:\/\/k-level.com\/wp-content\/uploads\/2025\/05\/logo.png 307w\" sizes=\"(max-width: 300px) 100vw, 300px\" \/><\/p>","protected":false},"featured_media":13998,"comment_status":"open","ping_status":"closed","template":"","meta":[],"product_brand":[],"product_cat":[240],"product_tag":[236],"class_list":{"0":"post-12643","1":"product","2":"type-product","3":"status-publish","4":"has-post-thumbnail","6":"product_cat-krl-410","7":"product_tag-construction","9":"first","10":"instock","11":"shipping-taxable","12":"product-type-simple"},"_links":{"self":[{"href":"https:\/\/k-level.com\/pl\/wp-json\/wp\/v2\/product\/12643","targetHints":{"allow":["GET"]}}],"collection":[{"href":"https:\/\/k-level.com\/pl\/wp-json\/wp\/v2\/product"}],"about":[{"href":"https:\/\/k-level.com\/pl\/wp-json\/wp\/v2\/types\/product"}],"replies":[{"embeddable":true,"href":"https:\/\/k-level.com\/pl\/wp-json\/wp\/v2\/comments?post=12643"}],"version-history":[{"count":5,"href":"https:\/\/k-level.com\/pl\/wp-json\/wp\/v2\/product\/12643\/revisions"}],"predecessor-version":[{"id":14083,"href":"https:\/\/k-level.com\/pl\/wp-json\/wp\/v2\/product\/12643\/revisions\/14083"}],"wp:featuredmedia":[{"embeddable":true,"href":"https:\/\/k-level.com\/pl\/wp-json\/wp\/v2\/media\/13998"}],"wp:attachment":[{"href":"https:\/\/k-level.com\/pl\/wp-json\/wp\/v2\/media?parent=12643"}],"wp:term":[{"taxonomy":"product_brand","embeddable":true,"href":"https:\/\/k-level.com\/pl\/wp-json\/wp\/v2\/product_brand?post=12643"},{"taxonomy":"product_cat","embeddable":true,"href":"https:\/\/k-level.com\/pl\/wp-json\/wp\/v2\/product_cat?post=12643"},{"taxonomy":"product_tag","embeddable":true,"href":"https:\/\/k-level.com\/pl\/wp-json\/wp\/v2\/product_tag?post=12643"}],"curies":[{"name":"wp","href":"https:\/\/api.w.org\/{rel}","templated":true}]}}