{"id":12640,"date":"2025-05-07T15:24:04","date_gmt":"2025-05-07T07:24:04","guid":{"rendered":"http:\/\/www.xcar.com\/?post_type=product&#038;p=12640"},"modified":"2026-03-30T09:07:28","modified_gmt":"2026-03-30T01:07:28","slug":"krl-405-wielofunkcyjny-laser-obrotowy","status":"publish","type":"product","link":"https:\/\/k-level.com\/pl\/produkt\/krl-405-wielofunkcyjny-laser-obrotowy\/","title":{"rendered":"Laser obrotowy KRL-405"},"content":{"rendered":"<p>Laser obrotowy KRL-405 \u2013 precyzyjny wielofunkcyjny przyrz\u0105d pomiarowy<\/p>\n<p>Laser obrotowy KRL-405 to wysokowydajny <a href=\"https:\/\/k-level.com\/pl\/sklep\/\">wielofunkcyjny laser obrotowy<\/a> Zaprojektowane do zastosowa\u0144 w budownictwie, geodezji i przemy\u015ble. Dzi\u0119ki obrotowym laserom z zielon\u0105 i czerwon\u0105 wi\u0105zk\u0105, to wszechstronne narz\u0119dzie zapewnia optymaln\u0105 widoczno\u015b\u0107 w r\u00f3\u017cnych warunkach o\u015bwietleniowych, dzi\u0119ki czemu idealnie nadaje si\u0119 do u\u017cytku wewn\u0105trz i na zewn\u0105trz.<\/p>\n<p>Jako wielofunkcyjny laser obrotowy, KRL-405 oferuje automatyczne samopoziomowanie, r\u0119czny tryb nachylenia oraz wi\u0105zk\u0119 obrotow\u0105 o 360\u00b0, zapewniaj\u0105c\u0105 pe\u0142ne pokrycie miejsca pracy. Zielona wi\u0105zka lasera obrotowego (520 nm) zapewnia do 4 razy lepsz\u0105 widoczno\u015b\u0107 ni\u017c tradycyjna wi\u0105zka czerwona, co idealnie sprawdza si\u0119 w jasnym otoczeniu, a\u2026 <a href=\"https:\/\/k-level.com\/pl\/o-nas\/\">laser obrotowy<\/a> Czerwona wi\u0105zka (635 nm) pozostaje niezawodnym wyborem do standardowych zastosowa\u0144. Dzi\u0119ki zasi\u0119gowi roboczemu do 800 m (z detektorem) i dok\u0142adno\u015bci \u00b11,5 mm przy 30 m, ten laser zapewnia precyzj\u0119 na poziomie profesjonalnym.<\/p>\n<p><img fetchpriority=\"high\" decoding=\"async\" class=\"aligncenter wp-image-13057 size-medium\" src=\"https:\/\/k-level.com\/wp-content\/uploads\/2025\/05\/KRL-4053-300x300.jpg\" alt=\"Wielofunkcyjny laser obrotowy KRL-405\" width=\"300\" height=\"300\" srcset=\"https:\/\/k-level.com\/wp-content\/uploads\/2025\/05\/KRL-4053-300x300.jpg 300w, https:\/\/k-level.com\/wp-content\/uploads\/2025\/05\/KRL-4053-370x370.jpg 370w, https:\/\/k-level.com\/wp-content\/uploads\/2025\/05\/KRL-4053-100x100.jpg 100w, https:\/\/k-level.com\/wp-content\/uploads\/2025\/05\/KRL-4053-400x400.jpg 400w, https:\/\/k-level.com\/wp-content\/uploads\/2025\/05\/KRL-4053-150x150.jpg 150w, https:\/\/k-level.com\/wp-content\/uploads\/2025\/05\/KRL-4053-768x768.jpg 768w, https:\/\/k-level.com\/wp-content\/uploads\/2025\/05\/KRL-4053-12x12.jpg 12w, https:\/\/k-level.com\/wp-content\/uploads\/2025\/05\/KRL-4053-50x50.jpg 50w, https:\/\/k-level.com\/wp-content\/uploads\/2025\/05\/KRL-4053.jpg 800w\" sizes=\"(max-width: 300px) 100vw, 300px\" \/><\/p>\n<p><a href=\"https:\/\/k-level.com\/pl\/sklep\/\">Wielofunkcyjny laser obrotowy KRL-405<\/a> w\u0142\u0105cza\u0107:<\/p>\n<p>W razie potrzeby prze\u0142\u0105czaj si\u0119 mi\u0119dzy zielon\u0105 wi\u0105zk\u0105 lasera obrotowego a czerwon\u0105 wi\u0105zk\u0105 lasera obrotowego<br \/>\nOdporny na kurz i wod\u0119, do trudnych miejsc pracy<br \/>\nZwi\u0119ksza wydajno\u015b\u0107 w projektach na du\u017c\u0105 skal\u0119<\/p>\n<p>Niezale\u017cnie od tego, czy potrzebujesz precyzyjnego ustawienia z du\u017c\u0105 widoczno\u015bci\u0105, czy poziomowania o du\u017cym zasi\u0119gu, wielofunkcyjny laser obrotowy KRL-405 zapewni Ci niezr\u00f3wnan\u0105 wydajno\u015b\u0107.<\/p>\n<p><strong>Por\u00f3wnanie parametr\u00f3w modelu r\u00f3\u017cnych obrotowych instrument\u00f3w laserowych<\/strong><\/p>\n<table width=\"1112\">\n<tbody>\n<tr>\n<td width=\"101\">Numer przedmiotu<\/td>\n<td width=\"101\">Belka<\/td>\n<td width=\"101\">Poziomy<\/td>\n<td width=\"101\">Pionowy<\/td>\n<td width=\"101\">Najwy\u017cszy punkt<\/td>\n<td width=\"101\">Dolny punkt<\/td>\n<td width=\"168\">Uchwyt<\/td>\n<td width=\"333\">Ba\u0144ka<\/td>\n<\/tr>\n<tr>\n<td>KRL-405R<\/td>\n<td>Czerwony promie\u0144<\/td>\n<td>\u2714<\/td>\n<td><\/td>\n<td><\/td>\n<td><\/td>\n<td>Pojedynczy uchwyt<\/td>\n<td>1 niezale\u017cna ba\u0144ka + 1 okr\u0105g\u0142a ba\u0144ka<\/td>\n<\/tr>\n<tr>\n<td>KRL-405G<\/td>\n<td>Zielony promie\u0144<\/td>\n<td>\u2714<\/td>\n<td><\/td>\n<td><\/td>\n<td><\/td>\n<td>Pojedynczy uchwyt<\/td>\n<td>1 niezale\u017cna ba\u0144ka + 1 okr\u0105g\u0142a ba\u0144ka<\/td>\n<\/tr>\n<tr>\n<td>KRL-410R<\/td>\n<td>Czerwony promie\u0144<\/td>\n<td>\u2714<\/td>\n<td>\u2714<\/td>\n<td>\u2714<\/td>\n<td><\/td>\n<td>Pojedynczy uchwyt<\/td>\n<td>1 niezale\u017cna ba\u0144ka + 1 okr\u0105g\u0142a ba\u0144ka<\/td>\n<\/tr>\n<tr>\n<td>KRL-410G<\/td>\n<td>Zielony promie\u0144<\/td>\n<td>\u2714<\/td>\n<td>\u2714<\/td>\n<td>\u2714<\/td>\n<td><\/td>\n<td>Pojedynczy uchwyt<\/td>\n<td>1 niezale\u017cna ba\u0144ka + 1 okr\u0105g\u0142a ba\u0144ka<\/td>\n<\/tr>\n<tr>\n<td>KRL-420G<\/td>\n<td>Zielony promie\u0144<\/td>\n<td>\u2714<\/td>\n<td>\u2714<\/td>\n<td>\u2714<\/td>\n<td>\u2714<\/td>\n<td>Podw\u00f3jny uchwyt<\/td>\n<td>1 niezale\u017cna ba\u0144ka + 1 okr\u0105g\u0142a ba\u0144ka<\/td>\n<\/tr>\n<tr>\n<td>KRL-420R<\/td>\n<td>Czerwony promie\u0144<\/td>\n<td>\u2714<\/td>\n<td>\u2714<\/td>\n<td>\u2714<\/td>\n<td>\u2714<\/td>\n<td>Podw\u00f3jny uchwyt<\/td>\n<td>1 niezale\u017cna ba\u0144ka + 1 okr\u0105g\u0142a ba\u0144ka<\/td>\n<\/tr>\n<tr>\n<td>KRL-440R<\/td>\n<td>Czerwony promie\u0144<\/td>\n<td>\u2714<\/td>\n<td>\u2714<\/td>\n<td>\u2714<\/td>\n<td>\u2714<\/td>\n<td>Cztery uchwyty<\/td>\n<td>1 niezale\u017cna ba\u0144ka + 1 okr\u0105g\u0142a ba\u0144ka<\/td>\n<\/tr>\n<tr>\n<td>KRL-440G<\/td>\n<td>Zielony promie\u0144<\/td>\n<td>\u2714<\/td>\n<td>\u2714<\/td>\n<td>\u2714<\/td>\n<td>\u2714<\/td>\n<td>Cztery uchwyty<\/td>\n<td>1 niezale\u017cna ba\u0144ka + 1 okr\u0105g\u0142a ba\u0144ka<\/td>\n<\/tr>\n<tr>\n<td>KRL-540G<\/td>\n<td>Zielony promie\u0144<\/td>\n<td>\u2714<\/td>\n<td>\u2714<\/td>\n<td colspan=\"2\" width=\"203\">3 niezale\u017cne d\u0142ugie p\u0119cherze<\/td>\n<td>Cztery uchwyty<\/td>\n<td>3 niezale\u017cne d\u0142ugie p\u0119cherze<\/td>\n<\/tr>\n<tr>\n<td>KRL-540R<\/td>\n<td>Czerwony promie\u0144<\/td>\n<td>\u2714<\/td>\n<td>\u2714<\/td>\n<td colspan=\"2\" width=\"203\">3 niezale\u017cne d\u0142ugie p\u0119cherze<\/td>\n<td>Cztery uchwyty<\/td>\n<td>3 niezale\u017cne d\u0142ugie p\u0119cherze<\/td>\n<\/tr>\n<tr>\n<td>KRL-640R<\/td>\n<td>Czerwony promie\u0144<\/td>\n<td>\u2714<\/td>\n<td>\u2714<\/td>\n<td colspan=\"2\" width=\"203\">3 niezale\u017cne d\u0142ugie p\u0119cherze<\/td>\n<td>Cztery uchwyty<\/td>\n<td>3 niezale\u017cne d\u0142ugie p\u0119cherze<\/td>\n<\/tr>\n<tr>\n<td>KRL-640G<\/td>\n<td>Zielony promie\u0144<\/td>\n<td>\u2714<\/td>\n<td>\u2714<\/td>\n<td colspan=\"2\" width=\"203\">3 niezale\u017cne d\u0142ugie p\u0119cherze<\/td>\n<td>Cztery uchwyty<\/td>\n<td>3 niezale\u017cne d\u0142ugie p\u0119cherze<\/td>\n<\/tr>\n<\/tbody>\n<\/table>\n<p>Potrzebujesz rozwi\u0105zania?<\/p>\n<p>K-level oferuje us\u0142ugi konsultingowe w zakresie sprz\u0119tu geodezyjnego. Skontaktuj si\u0119 z nami w sprawie zam\u00f3wie\u0144 hurtowych lub wsparcia technicznego!<\/p>","protected":false},"excerpt":{"rendered":"<ul>\n<li>Laser obrotowy KRL-405 \u0142\u0105czy w sobie najnowocze\u015bniejsz\u0105 technologi\u0119<\/li>\n<li>Laser obrotowy KRL-405 o wytrzyma\u0142ej konstrukcji.<\/li>\n<li>Wielofunkcyjny laser obrotowy zapewnia precyzyjne poziomowanie, du\u017c\u0105 widoczno\u015b\u0107 i trwa\u0142\u0105 konstrukcj\u0119.<\/li>\n<\/ul>\n<p><img decoding=\"async\" class=\"alignnone size-medium wp-image-13646\" src=\"https:\/\/k-level.com\/wp-content\/uploads\/2025\/05\/logo-300x98.png\" alt=\"\" width=\"300\" height=\"98\" srcset=\"https:\/\/k-level.com\/wp-content\/uploads\/2025\/05\/logo-300x98.png 300w, https:\/\/k-level.com\/wp-content\/uploads\/2025\/05\/logo-18x6.png 18w, https:\/\/k-level.com\/wp-content\/uploads\/2025\/05\/logo.png 307w\" sizes=\"(max-width: 300px) 100vw, 300px\" \/><\/p>","protected":false},"featured_media":13997,"comment_status":"open","ping_status":"closed","template":"","meta":[],"product_brand":[],"product_cat":[239],"product_tag":[236],"class_list":{"0":"post-12640","1":"product","2":"type-product","3":"status-publish","4":"has-post-thumbnail","6":"product_cat-krl-405","7":"product_tag-construction","9":"first","10":"instock","11":"shipping-taxable","12":"product-type-simple"},"_links":{"self":[{"href":"https:\/\/k-level.com\/pl\/wp-json\/wp\/v2\/product\/12640","targetHints":{"allow":["GET"]}}],"collection":[{"href":"https:\/\/k-level.com\/pl\/wp-json\/wp\/v2\/product"}],"about":[{"href":"https:\/\/k-level.com\/pl\/wp-json\/wp\/v2\/types\/product"}],"replies":[{"embeddable":true,"href":"https:\/\/k-level.com\/pl\/wp-json\/wp\/v2\/comments?post=12640"}],"version-history":[{"count":5,"href":"https:\/\/k-level.com\/pl\/wp-json\/wp\/v2\/product\/12640\/revisions"}],"predecessor-version":[{"id":13651,"href":"https:\/\/k-level.com\/pl\/wp-json\/wp\/v2\/product\/12640\/revisions\/13651"}],"wp:featuredmedia":[{"embeddable":true,"href":"https:\/\/k-level.com\/pl\/wp-json\/wp\/v2\/media\/13997"}],"wp:attachment":[{"href":"https:\/\/k-level.com\/pl\/wp-json\/wp\/v2\/media?parent=12640"}],"wp:term":[{"taxonomy":"product_brand","embeddable":true,"href":"https:\/\/k-level.com\/pl\/wp-json\/wp\/v2\/product_brand?post=12640"},{"taxonomy":"product_cat","embeddable":true,"href":"https:\/\/k-level.com\/pl\/wp-json\/wp\/v2\/product_cat?post=12640"},{"taxonomy":"product_tag","embeddable":true,"href":"https:\/\/k-level.com\/pl\/wp-json\/wp\/v2\/product_tag?post=12640"}],"curies":[{"name":"wp","href":"https:\/\/api.w.org\/{rel}","templated":true}]}}