{"id":633,"date":"2020-10-13T09:00:26","date_gmt":"2020-10-13T09:00:26","guid":{"rendered":"http:\/\/localhost\/razzi\/?page_id=633"},"modified":"2025-12-31T10:39:20","modified_gmt":"2025-12-31T02:39:20","slug":"o-nas","status":"publish","type":"page","link":"https:\/\/k-level.com\/pl\/o-nas\/","title":{"rendered":"O nas"},"content":{"rendered":"<div data-elementor-type=\"wp-page\" data-elementor-id=\"633\" class=\"elementor elementor-633\" data-elementor-post-type=\"page\">\n\t\t\t\t<div class=\"elementor-element elementor-element-66b38a e-flex e-con-boxed e-con e-parent\" data-id=\"66b38a\" data-element_type=\"container\" data-settings=\"{&quot;background_background&quot;:&quot;classic&quot;}\">\n\t\t\t\t\t<div class=\"e-con-inner\">\n\t\t<div class=\"elementor-element elementor-element-ce067ec e-con-full e-flex e-con e-child\" data-id=\"ce067ec\" data-element_type=\"container\">\n\t\t\t\t<div class=\"elementor-element elementor-element-2f65cd82 elementor-invisible elementor-widget elementor-widget-heading\" data-id=\"2f65cd82\" data-element_type=\"widget\" data-settings=\"{&quot;_animation&quot;:&quot;fadeIn&quot;}\" data-widget_type=\"heading.default\">\n\t\t\t\t<div class=\"elementor-widget-container\">\n\t\t\t\t\t<h1 class=\"elementor-heading-title elementor-size-default\">O nas<\/h1>\t\t\t\t<\/div>\n\t\t\t\t<\/div>\n\t\t\t\t<div class=\"elementor-element elementor-element-39ee9d15 elementor-invisible elementor-widget elementor-widget-heading\" data-id=\"39ee9d15\" data-element_type=\"widget\" data-settings=\"{&quot;_animation&quot;:&quot;fadeIn&quot;,&quot;_animation_delay&quot;:200}\" data-widget_type=\"heading.default\">\n\t\t\t\t<div class=\"elementor-widget-container\">\n\t\t\t\t\t<h5 class=\"elementor-heading-title elementor-size-default\">K-Level to wiod\u0105cy producent precyzyjnych przyrz\u0105d\u00f3w geodezyjnych i pomiarowych. Specjalizujemy si\u0119 w badaniach, rozwoju i produkcji profesjonalnych laserowych narz\u0119dzi pomiarowych, w tym laser\u00f3w obrotowych, laser\u00f3w liniowych, niwelator\u00f3w automatycznych, akcesori\u00f3w do niwelator\u00f3w laserowych itp. \u2013 profesjonalnych narz\u0119dzi geodezyjnych zaprojektowanych z my\u015bl\u0105 o wymaganiach budownictwa, in\u017cynierii i zastosowa\u0144 przemys\u0142owych.<br>\n<br>\nK-level surveying instruments manufacturer With 70% of our products exported worldwide, K-Level is committed to delivering reliable,accurate, and durable measurement solutions. <br>\n<br>Jako\u015b\u0107 jest naszym fundamentem, trwa\u0142ym jak g\u00f3ra.<\/h5>\t\t\t\t<\/div>\n\t\t\t\t<\/div>\n\t\t\t\t<div class=\"elementor-element elementor-element-4effda6d elementor-tablet-align-center elementor-mobile-align-center elementor-widget__width-inherit elementor-invisible elementor-widget elementor-widget-button\" data-id=\"4effda6d\" data-element_type=\"widget\" data-settings=\"{&quot;_animation&quot;:&quot;fadeIn&quot;,&quot;_animation_delay&quot;:400}\" data-widget_type=\"button.default\">\n\t\t\t\t<div class=\"elementor-widget-container\">\n\t\t\t\t\t\t\t\t\t<div class=\"elementor-button-wrapper\">\n\t\t\t\t\t<a class=\"elementor-button elementor-button-link elementor-size-sm\" href=\"https:\/\/k-level.com\/pl\">\n\t\t\t\t\t\t<span class=\"elementor-button-content-wrapper\">\n\t\t\t\t\t\t\t\t\t<span class=\"elementor-button-text\">powr\u00f3t do domu<\/span>\n\t\t\t\t\t<\/span>\n\t\t\t\t\t<\/a>\n\t\t\t\t<\/div>\n\t\t\t\t\t\t\t\t<\/div>\n\t\t\t\t<\/div>\n\t\t\t\t<\/div>\n\t\t<div class=\"elementor-element elementor-element-447a4c09 e-con-full e-flex e-con e-child\" data-id=\"447a4c09\" data-element_type=\"container\" data-settings=\"{&quot;background_background&quot;:&quot;classic&quot;}\">\n\t\t\t\t<\/div>\n\t\t\t\t\t<\/div>\n\t\t\t\t<\/div>\n\t\t<div class=\"elementor-element elementor-element-302d6084 e-con-full e-flex e-con e-parent\" data-id=\"302d6084\" data-element_type=\"container\" data-settings=\"{&quot;background_background&quot;:&quot;classic&quot;}\">\n\t\t<div class=\"elementor-element elementor-element-343e0870 e-con-full e-flex e-con e-child\" data-id=\"343e0870\" data-element_type=\"container\">\n\t\t\t\t<div class=\"elementor-element elementor-element-13d41d64 elementor-invisible elementor-widget elementor-widget-image\" data-id=\"13d41d64\" data-element_type=\"widget\" data-settings=\"{&quot;_animation&quot;:&quot;fadeIn&quot;}\" data-widget_type=\"image.default\">\n\t\t\t\t<div class=\"elementor-widget-container\">\n\t\t\t\t\t\t\t\t\t\t\t\t\t\t\t<img fetchpriority=\"high\" decoding=\"async\" width=\"640\" height=\"314\" src=\"https:\/\/k-level.com\/wp-content\/uploads\/2025\/06\/3-1024x503.jpg\" class=\"attachment-large size-large wp-image-13615\" alt=\"\" srcset=\"https:\/\/k-level.com\/wp-content\/uploads\/2025\/06\/3-1024x503.jpg 1024w, https:\/\/k-level.com\/wp-content\/uploads\/2025\/06\/3-300x148.jpg 300w, https:\/\/k-level.com\/wp-content\/uploads\/2025\/06\/3-768x378.jpg 768w, https:\/\/k-level.com\/wp-content\/uploads\/2025\/06\/3-1536x755.jpg 1536w, https:\/\/k-level.com\/wp-content\/uploads\/2025\/06\/3-18x9.jpg 18w, https:\/\/k-level.com\/wp-content\/uploads\/2025\/06\/3-400x197.jpg 400w, https:\/\/k-level.com\/wp-content\/uploads\/2025\/06\/3.jpg 1920w\" sizes=\"(max-width: 640px) 100vw, 640px\" \/>\t\t\t\t\t\t\t\t\t\t\t\t\t\t\t<\/div>\n\t\t\t\t<\/div>\n\t\t\t\t<div class=\"elementor-element elementor-element-74753158 elementor-widget__width-auto elementor-absolute elementor-invisible elementor-widget elementor-widget-image\" data-id=\"74753158\" data-element_type=\"widget\" data-settings=\"{&quot;_position&quot;:&quot;absolute&quot;,&quot;_animation&quot;:&quot;fadeIn&quot;,&quot;_animation_delay&quot;:200}\" data-widget_type=\"image.default\">\n\t\t\t\t<div class=\"elementor-widget-container\">\n\t\t\t\t\t\t\t\t\t\t\t\t\t\t\t<img decoding=\"async\" width=\"525\" height=\"456\" src=\"https:\/\/k-level.com\/wp-content\/uploads\/2025\/07\/1751965247128.png\" class=\"attachment-large size-large wp-image-13706\" alt=\"\" srcset=\"https:\/\/k-level.com\/wp-content\/uploads\/2025\/07\/1751965247128.png 525w, https:\/\/k-level.com\/wp-content\/uploads\/2025\/07\/1751965247128-300x261.png 300w, https:\/\/k-level.com\/wp-content\/uploads\/2025\/07\/1751965247128-14x12.png 14w, https:\/\/k-level.com\/wp-content\/uploads\/2025\/07\/1751965247128-400x347.png 400w\" sizes=\"(max-width: 525px) 100vw, 525px\" \/>\t\t\t\t\t\t\t\t\t\t\t\t\t\t\t<\/div>\n\t\t\t\t<\/div>\n\t\t\t\t<\/div>\n\t\t<div class=\"elementor-element elementor-element-7d851c98 e-con-full e-flex e-con e-child\" data-id=\"7d851c98\" data-element_type=\"container\">\n\t\t\t\t<div class=\"elementor-element elementor-element-34ccd5e0 elementor-widget-tablet__width-inherit elementor-invisible elementor-widget elementor-widget-heading\" data-id=\"34ccd5e0\" data-element_type=\"widget\" data-settings=\"{&quot;_animation&quot;:&quot;fadeIn&quot;}\" data-widget_type=\"heading.default\">\n\t\t\t\t<div class=\"elementor-widget-container\">\n\t\t\t\t\t<h2 class=\"elementor-heading-title elementor-size-default\">Opinie klient\u00f3w<\/h2>\t\t\t\t<\/div>\n\t\t\t\t<\/div>\n\t\t\t\t<div class=\"elementor-element elementor-element-eb6fd7a elementor-widget-tablet__width-initial elementor-widget-mobile__width-inherit elementor-invisible elementor-widget elementor-widget-testimonial\" data-id=\"eb6fd7a\" data-element_type=\"widget\" data-settings=\"{&quot;_animation&quot;:&quot;fadeIn&quot;,&quot;_animation_delay&quot;:200}\" data-widget_type=\"testimonial.default\">\n\t\t\t\t<div class=\"elementor-widget-container\">\n\t\t\t\t\t\t\t<div class=\"elementor-testimonial-wrapper\">\n\t\t\t\t\t\t\t<div class=\"elementor-testimonial-content\">\u2605\u2605\u2605\u2605\u2605<br>\nPoziom laserowy og\u00f3lnie spe\u0142nia swoje zadanie, jego jako\u015b\u0107 jest ca\u0142kiem dobra, zapakowano go w opakowanie, kt\u00f3re wygl\u0105da\u0142o na wysokiej jako\u015bci, mia\u0142em okazj\u0119 go przetestowa\u0107, poziom wywa\u017cenia jest w porz\u0105dku. Podoba mi si\u0119 r\u00f3wnie\u017c mo\u017cliwo\u015b\u0107 u\u017cycia statywu, my\u015bl\u0119, \u017ce za t\u0119 cen\u0119 prezent mo\u017ce by\u0107 wart swojej ceny, bior\u0105c pod uwag\u0119 wszystko, co otrzymujesz.<\/div>\n\t\t\t\n\t\t\t\t\t\t<div class=\"elementor-testimonial-meta elementor-has-image elementor-testimonial-image-position-aside\">\n\t\t\t\t<div class=\"elementor-testimonial-meta-inner\">\n\t\t\t\t\t\t\t\t\t\t\t<div class=\"elementor-testimonial-image\">\n\t\t\t\t\t\t\t<img decoding=\"async\" width=\"460\" height=\"460\" src=\"https:\/\/k-level.com\/wp-content\/uploads\/2025\/07\/\u5ba2\u6237\u5934\u50cf.jpg\" class=\"attachment-full size-full wp-image-13701\" alt=\"\" srcset=\"https:\/\/k-level.com\/wp-content\/uploads\/2025\/07\/\u5ba2\u6237\u5934\u50cf.jpg 460w, https:\/\/k-level.com\/wp-content\/uploads\/2025\/07\/\u5ba2\u6237\u5934\u50cf-300x300.jpg 300w, https:\/\/k-level.com\/wp-content\/uploads\/2025\/07\/\u5ba2\u6237\u5934\u50cf-150x150.jpg 150w, https:\/\/k-level.com\/wp-content\/uploads\/2025\/07\/\u5ba2\u6237\u5934\u50cf-12x12.jpg 12w, https:\/\/k-level.com\/wp-content\/uploads\/2025\/07\/\u5ba2\u6237\u5934\u50cf-370x370.jpg 370w, https:\/\/k-level.com\/wp-content\/uploads\/2025\/07\/\u5ba2\u6237\u5934\u50cf-400x400.jpg 400w, https:\/\/k-level.com\/wp-content\/uploads\/2025\/07\/\u5ba2\u6237\u5934\u50cf-100x100.jpg 100w, https:\/\/k-level.com\/wp-content\/uploads\/2025\/07\/\u5ba2\u6237\u5934\u50cf-50x50.jpg 50w\" sizes=\"(max-width: 460px) 100vw, 460px\" \/>\t\t\t\t\t\t<\/div>\n\t\t\t\t\t\n\t\t\t\t\t\t\t\t\t\t<div class=\"elementor-testimonial-details\">\n\t\t\t\t\t\t\t\t\t\t\t\t\t\t<div class=\"elementor-testimonial-name\">PM0526<\/div>\n\t\t\t\t\t\t\t\t\t\t\t\t\t\t\t\t\t\t\t<\/div>\n\t\t\t\t\t\t\t\t\t<\/div>\n\t\t\t<\/div>\n\t\t\t\t\t<\/div>\n\t\t\t\t\t\t<\/div>\n\t\t\t\t<\/div>\n\t\t\t\t<div class=\"elementor-element elementor-element-796ac383 elementor-widget-tablet__width-initial elementor-widget-mobile__width-inherit elementor-invisible elementor-widget elementor-widget-testimonial\" data-id=\"796ac383\" data-element_type=\"widget\" data-settings=\"{&quot;_animation&quot;:&quot;fadeIn&quot;,&quot;_animation_delay&quot;:400}\" data-widget_type=\"testimonial.default\">\n\t\t\t\t<div class=\"elementor-widget-container\">\n\t\t\t\t\t\t\t<div class=\"elementor-testimonial-wrapper\">\n\t\t\t\t\t\t\t<div class=\"elementor-testimonial-content\">\u2605\u2605\u2605\u2605\u2605<br>\n\nDobra jako\u015b\u0107 za t\u0119 cen\u0119, wliczaj\u0105c w to wysy\u0142k\u0119. Zdecydowanie zam\u00f3wi\u0142bym ponownie i prawdopodobnie zam\u00f3wi\u0119 wi\u0119cej.<\/div>\n\t\t\t\n\t\t\t\t\t\t<div class=\"elementor-testimonial-meta elementor-has-image elementor-testimonial-image-position-aside\">\n\t\t\t\t<div class=\"elementor-testimonial-meta-inner\">\n\t\t\t\t\t\t\t\t\t\t\t<div class=\"elementor-testimonial-image\">\n\t\t\t\t\t\t\t<img decoding=\"async\" width=\"460\" height=\"460\" src=\"https:\/\/k-level.com\/wp-content\/uploads\/2025\/07\/\u5ba2\u6237\u5934\u50cf.jpg\" class=\"attachment-full size-full wp-image-13701\" alt=\"\" srcset=\"https:\/\/k-level.com\/wp-content\/uploads\/2025\/07\/\u5ba2\u6237\u5934\u50cf.jpg 460w, https:\/\/k-level.com\/wp-content\/uploads\/2025\/07\/\u5ba2\u6237\u5934\u50cf-300x300.jpg 300w, https:\/\/k-level.com\/wp-content\/uploads\/2025\/07\/\u5ba2\u6237\u5934\u50cf-150x150.jpg 150w, https:\/\/k-level.com\/wp-content\/uploads\/2025\/07\/\u5ba2\u6237\u5934\u50cf-12x12.jpg 12w, https:\/\/k-level.com\/wp-content\/uploads\/2025\/07\/\u5ba2\u6237\u5934\u50cf-370x370.jpg 370w, https:\/\/k-level.com\/wp-content\/uploads\/2025\/07\/\u5ba2\u6237\u5934\u50cf-400x400.jpg 400w, https:\/\/k-level.com\/wp-content\/uploads\/2025\/07\/\u5ba2\u6237\u5934\u50cf-100x100.jpg 100w, https:\/\/k-level.com\/wp-content\/uploads\/2025\/07\/\u5ba2\u6237\u5934\u50cf-50x50.jpg 50w\" sizes=\"(max-width: 460px) 100vw, 460px\" \/>\t\t\t\t\t\t<\/div>\n\t\t\t\t\t\n\t\t\t\t\t\t\t\t\t\t<div class=\"elementor-testimonial-details\">\n\t\t\t\t\t\t\t\t\t\t\t\t\t\t<div class=\"elementor-testimonial-name\">Mattius<\/div>\n\t\t\t\t\t\t\t\t\t\t\t\t\t\t\t\t\t\t\t<\/div>\n\t\t\t\t\t\t\t\t\t<\/div>\n\t\t\t<\/div>\n\t\t\t\t\t<\/div>\n\t\t\t\t\t\t<\/div>\n\t\t\t\t<\/div>\n\t\t\t\t<\/div>\n\t\t\t\t<\/div>\n\t\t<div class=\"elementor-element elementor-element-5d9cf0f3 e-con-full e-flex e-con e-parent\" data-id=\"5d9cf0f3\" data-element_type=\"container\" data-settings=\"{&quot;background_background&quot;:&quot;classic&quot;}\">\n\t\t<div class=\"elementor-element elementor-element-5498c2a8 e-con-full e-flex e-con e-child\" data-id=\"5498c2a8\" data-element_type=\"container\" data-settings=\"{&quot;background_background&quot;:&quot;classic&quot;}\">\n\t\t\t\t<div class=\"elementor-element elementor-element-66aeec8f elementor-widget elementor-widget-heading\" data-id=\"66aeec8f\" data-element_type=\"widget\" data-widget_type=\"heading.default\">\n\t\t\t\t<div class=\"elementor-widget-container\">\n\t\t\t\t\t<h1 class=\"elementor-heading-title elementor-size-default\">Skontaktuj si\u0119 z nami<\/h1>\t\t\t\t<\/div>\n\t\t\t\t<\/div>\n\t\t\t\t<div class=\"elementor-element elementor-element-3f8eacd2 elementor-widget elementor-widget-heading\" data-id=\"3f8eacd2\" data-element_type=\"widget\" data-widget_type=\"heading.default\">\n\t\t\t\t<div class=\"elementor-widget-container\">\n\t\t\t\t\t<p class=\"elementor-heading-title elementor-size-default\">Ch\u0119tnie z Tob\u0105 porozmawiamy.<br>Mo\u017cesz si\u0119 z nami skontaktowa\u0107 korzystaj\u0105c z poni\u017cszych danych.<\/p>\t\t\t\t<\/div>\n\t\t\t\t<\/div>\n\t\t\t\t<\/div>\n\t\t<div class=\"elementor-element elementor-element-55cfaaa2 e-con-full e-flex e-con e-child\" data-id=\"55cfaaa2\" data-element_type=\"container\">\n\t\t\t\t<div class=\"elementor-element elementor-element-5a84ff3f elementor-button-align-start elementor-tablet-button-align-center elementor-widget elementor-widget-form\" data-id=\"5a84ff3f\" data-element_type=\"widget\" data-settings=\"{&quot;step_next_label&quot;:&quot;Next&quot;,&quot;step_previous_label&quot;:&quot;Previous&quot;,&quot;button_width&quot;:&quot;100&quot;,&quot;step_type&quot;:&quot;number_text&quot;,&quot;step_icon_shape&quot;:&quot;circle&quot;}\" data-widget_type=\"form.default\">\n\t\t\t\t<div class=\"elementor-widget-container\">\n\t\t\t\t\t\t\t<form class=\"elementor-form\" method=\"post\" name=\"Contact Form\" aria-label=\"Formularz kontaktowy\" action=\"\">\r\n\t\t\t<input type=\"hidden\" name=\"post_id\" value=\"633\"\/>\r\n\t\t\t<input type=\"hidden\" name=\"form_id\" value=\"5a84ff3f\"\/>\r\n\t\t\t<input type=\"hidden\" name=\"referer_title\" value=\"K-level surveying instruments manufacturer for sal surveying instruments\" \/>\r\n\r\n\t\t\t\t\t\t\t<input type=\"hidden\" name=\"queried_id\" value=\"633\"\/>\r\n\t\t\t\r\n\t\t\t<div class=\"elementor-form-fields-wrapper elementor-labels-\">\r\n\t\t\t\t\t\t\t\t<div class=\"elementor-field-type-text elementor-field-group elementor-column elementor-field-group-name elementor-col-50 elementor-field-required\">\r\n\t\t\t\t\t\t\t\t\t\t\t\t<label for=\"form-field-name\" class=\"elementor-field-label elementor-screen-only\">\r\n\t\t\t\t\t\t\t\tTwoje imi\u0119\t\t\t\t\t\t\t<\/label>\r\n\t\t\t\t\t\t\t\t\t\t\t\t\t\t<input size=\"1\" type=\"text\" name=\"form_fields[name]\" id=\"form-field-name\" class=\"elementor-field elementor-size-sm  elementor-field-textual\" placeholder=\"Twoje imi\u0119*\" required=\"required\">\r\n\t\t\t\t\t\t\t\t\t\t\t<\/div>\r\n\t\t\t\t\t\t\t\t<div class=\"elementor-field-type-text elementor-field-group elementor-column elementor-field-group-field_b743cd7 elementor-col-50 elementor-field-required\">\r\n\t\t\t\t\t\t\t\t\t\t\t\t<label for=\"form-field-field_b743cd7\" class=\"elementor-field-label elementor-screen-only\">\r\n\t\t\t\t\t\t\t\tNazwisko\t\t\t\t\t\t\t<\/label>\r\n\t\t\t\t\t\t\t\t\t\t\t\t\t\t<input size=\"1\" type=\"text\" name=\"form_fields[field_b743cd7]\" id=\"form-field-field_b743cd7\" class=\"elementor-field elementor-size-sm  elementor-field-textual\" placeholder=\"Nazwisko*\" required=\"required\">\r\n\t\t\t\t\t\t\t\t\t\t\t<\/div>\r\n\t\t\t\t\t\t\t\t<div class=\"elementor-field-type-tel elementor-field-group elementor-column elementor-field-group-field_6c180a9 elementor-col-50 elementor-field-required\">\r\n\t\t\t\t\t\t\t\t\t\t\t\t<label for=\"form-field-field_6c180a9\" class=\"elementor-field-label elementor-screen-only\">\r\n\t\t\t\t\t\t\t\tNumer telefonu\t\t\t\t\t\t\t<\/label>\r\n\t\t\t\t\t\t\t\t<input size=\"1\" type=\"tel\" name=\"form_fields[field_6c180a9]\" id=\"form-field-field_6c180a9\" class=\"elementor-field elementor-size-sm  elementor-field-textual\" placeholder=\"Numer telefonu*\" required=\"required\" pattern=\"[0-9()#&amp;+*-=.]+\" title=\"\u6570\u5b57\u3068\u96fb\u8a71\u756a\u53f7\uff08#\u3001-\u3001* \u306a\u3069\uff09\u306e\u307f\u304c\u53d7\u3051\u5165\u308c\u3089\u308c\u307e\u3059\u3002\" data-no-translation-title=\"\">\r\n\r\n\t\t\t\t\t\t<\/div>\r\n\t\t\t\t\t\t\t\t<div class=\"elementor-field-type-email elementor-field-group elementor-column elementor-field-group-email elementor-col-50 elementor-field-required\">\r\n\t\t\t\t\t\t\t\t\t\t\t\t<label for=\"form-field-email\" class=\"elementor-field-label elementor-screen-only\">\r\n\t\t\t\t\t\t\t\tE-mail\t\t\t\t\t\t\t<\/label>\r\n\t\t\t\t\t\t\t\t\t\t\t\t\t\t<input size=\"1\" type=\"email\" name=\"form_fields[email]\" id=\"form-field-email\" class=\"elementor-field elementor-size-sm  elementor-field-textual\" placeholder=\"E-mail*\" required=\"required\">\r\n\t\t\t\t\t\t\t\t\t\t\t<\/div>\r\n\t\t\t\t\t\t\t\t<div class=\"elementor-field-type-textarea elementor-field-group elementor-column elementor-field-group-message elementor-col-100\">\r\n\t\t\t\t\t\t\t\t\t\t\t\t<label for=\"form-field-message\" class=\"elementor-field-label elementor-screen-only\">\r\n\t\t\t\t\t\t\t\tWiadomo\u015b\u0107\t\t\t\t\t\t\t<\/label>\r\n\t\t\t\t\t\t<textarea class=\"elementor-field-textual elementor-field  elementor-size-sm\" name=\"form_fields[message]\" id=\"form-field-message\" rows=\"4\" placeholder=\"Wiadomo\u015b\u0107\"><\/textarea>\t\t\t\t<\/div>\r\n\t\t\t\t\t\t\t\t<div class=\"elementor-field-group elementor-column elementor-field-type-submit elementor-col-100 e-form__buttons\">\r\n\t\t\t\t\t<button class=\"elementor-button elementor-size-sm\" type=\"submit\">\r\n\t\t\t\t\t\t<span class=\"elementor-button-content-wrapper\">\r\n\t\t\t\t\t\t\t\t\t\t\t\t\t\t\t\t\t\t\t\t\t\t<span class=\"elementor-button-text\">Sk\u0142ada\u0107<\/span>\r\n\t\t\t\t\t\t\t\t\t\t\t\t\t<\/span>\r\n\t\t\t\t\t<\/button>\r\n\t\t\t\t<\/div>\r\n\t\t\t<\/div>\r\n\t\t<input type=\"hidden\" name=\"trp-form-language\" value=\"pl\"\/><\/form>\r\n\t\t\t\t\t\t<\/div>\n\t\t\t\t<\/div>\n\t\t\t\t<\/div>\n\t\t\t\t<\/div>\n\t\t\t\t<\/div>","protected":false},"excerpt":{"rendered":"<p>About US K-Level is a leading manufacturer of high-precision surveying and measurement instruments. We specialize in the research, development, and manufacturing of professional-grade laser measurement tools, including Rotary Lasers, Line Lasers, Auto Levels, Laser Level Accessories etc,Professional Surveying Tools designed to meet the demands of construction, engineering, and industrial applications. K-level surveying instruments manufacturer With [&hellip;]<\/p>","protected":false},"author":1,"featured_media":0,"parent":0,"menu_order":0,"comment_status":"closed","ping_status":"closed","template":"","meta":{"footnotes":""},"class_list":["post-633","page","type-page","status-publish","hentry"],"_links":{"self":[{"href":"https:\/\/k-level.com\/pl\/wp-json\/wp\/v2\/pages\/633","targetHints":{"allow":["GET"]}}],"collection":[{"href":"https:\/\/k-level.com\/pl\/wp-json\/wp\/v2\/pages"}],"about":[{"href":"https:\/\/k-level.com\/pl\/wp-json\/wp\/v2\/types\/page"}],"author":[{"embeddable":true,"href":"https:\/\/k-level.com\/pl\/wp-json\/wp\/v2\/users\/1"}],"replies":[{"embeddable":true,"href":"https:\/\/k-level.com\/pl\/wp-json\/wp\/v2\/comments?post=633"}],"version-history":[{"count":5,"href":"https:\/\/k-level.com\/pl\/wp-json\/wp\/v2\/pages\/633\/revisions"}],"predecessor-version":[{"id":14533,"href":"https:\/\/k-level.com\/pl\/wp-json\/wp\/v2\/pages\/633\/revisions\/14533"}],"wp:attachment":[{"href":"https:\/\/k-level.com\/pl\/wp-json\/wp\/v2\/media?parent=633"}],"curies":[{"name":"wp","href":"https:\/\/api.w.org\/{rel}","templated":true}]}}