{"id":3,"date":"2025-04-25T14:35:44","date_gmt":"2025-04-25T06:35:44","guid":{"rendered":"http:\/\/www.xcar.com\/?page_id=3"},"modified":"2025-12-31T11:30:21","modified_gmt":"2025-12-31T03:30:21","slug":"polityka-prywatnosci","status":"publish","type":"page","link":"https:\/\/k-level.com\/pl\/polityka-prywatnosci\/","title":{"rendered":"Polityka prywatno\u015bci"},"content":{"rendered":"<h2 class=\"wp-block-heading\">Polityka prywatno\u015bci<\/h2>\n\n\n\n<p>K-Level zarz\u0105dza tym sklepem i witryn\u0105 internetow\u0105, w tym wszystkimi powi\u0105zanymi informacjami, tre\u015bciami, funkcjami, narz\u0119dziami, produktami i us\u0142ugami, aby zapewni\u0107 Tobie, klientowi, spersonalizowane do\u015bwiadczenie zakupowe (\u201eUs\u0142ugi\u201d).<\/p>\n\n\n\n<p>Niniejsza Polityka Prywatno\u015bci opisuje, w jaki spos\u00f3b gromadzimy, wykorzystujemy i ujawniamy Twoje dane osobowe, gdy odwiedzasz, korzystasz, dokonujesz zakupu lub innej transakcji za po\u015brednictwem Us\u0142ug lub w inny spos\u00f3b komunikujesz si\u0119 z nami. W przypadku konfliktu mi\u0119dzy naszymi Warunkami \u015awiadczenia Us\u0142ug a niniejsz\u0105 Polityk\u0105 Prywatno\u015bci, w zakresie gromadzenia, przetwarzania i ujawniania Twoich danych osobowych, pierwsze\u0144stwo ma niniejsza Polityka Prywatno\u015bci.<\/p>\n\n\n\n<p>Prosimy o uwa\u017cne zapoznanie si\u0119 z niniejsz\u0105 Polityk\u0105 Prywatno\u015bci. Korzystaj\u0105c z kt\u00f3rejkolwiek z Us\u0142ug i uzyskuj\u0105c do nich dost\u0119p, potwierdzasz, \u017ce zapozna\u0142e\u015b si\u0119 z niniejsz\u0105 Polityk\u0105 Prywatno\u015bci i rozumiesz zasady gromadzenia, wykorzystywania i ujawniania Twoich danych, zgodnie z opisem w niniejszej Polityce Prywatno\u015bci.<\/p>\n\n\n\n<h2 class=\"wp-block-heading\"><strong>Gromadzone lub przetwarzane przez nas dane osobowe<\/strong><strong><\/strong><\/h2>\n\n\n\n<p>U\u017cywaj\u0105c terminu \u201edane osobowe\u201d, odnosimy si\u0119 do informacji, kt\u00f3re identyfikuj\u0105 Ciebie lub inn\u0105 osob\u0119 lub kt\u00f3re mo\u017cna w uzasadniony spos\u00f3b powi\u0105za\u0107 z Tob\u0105 lub inn\u0105 osob\u0105. Dane osobowe nie obejmuj\u0105 informacji gromadzonych anonimowo lub zanonimizowanych, kt\u00f3re uniemo\u017cliwiaj\u0105 identyfikacj\u0119 lub powi\u0105zanie z Tob\u0105. Mo\u017cemy gromadzi\u0107 lub przetwarza\u0107 nast\u0119puj\u0105ce kategorie danych osobowych, w tym wnioski wyci\u0105gni\u0119te na ich podstawie, w zale\u017cno\u015bci od sposobu interakcji z Us\u0142ugami, miejsca zamieszkania oraz zgodnie z obowi\u0105zuj\u0105cym prawem:<\/p>\n\n\n\n<ul class=\"wp-block-list\">\n<li><strong>Dane kontaktowe<\/strong>\u00a0w tym Twoje imi\u0119 i nazwisko, adres, adres rozliczeniowy, adres wysy\u0142ki, numer telefonu i adres e-mail.<\/li>\n\n\n\n<li><strong>Informacje finansowe<\/strong>\u00a0w tym numery kart kredytowych, kart debetowych i rachunk\u00f3w finansowych, informacje o kartach p\u0142atniczych, informacje o rachunkach finansowych, szczeg\u00f3\u0142y transakcji, form\u0119 p\u0142atno\u015bci, potwierdzenie p\u0142atno\u015bci i inne szczeg\u00f3\u0142y p\u0142atno\u015bci.<\/li>\n\n\n\n<li><strong>Informacje o koncie<\/strong>\u00a0w tym nazw\u0119 u\u017cytkownika, has\u0142o, pytania bezpiecze\u0144stwa, preferencje i ustawienia.<\/li>\n\n\n\n<li><strong>Informacje o transakcji<\/strong>\u00a0w tym produkty, kt\u00f3re przegl\u0105dasz, dodajesz do koszyka, dodajesz do listy \u017cycze\u0144 lub kupujesz, zwracasz, wymieniasz lub anulujesz, a tak\u017ce Twoje poprzednie transakcje.<\/li>\n\n\n\n<li><strong>Komunikacja z nami<\/strong>\u00a0w tym informacje, kt\u00f3re podajesz w komunikacji z nami, na przyk\u0142ad wysy\u0142aj\u0105c zapytanie do dzia\u0142u obs\u0142ugi klienta.<\/li>\n\n\n\n<li><strong>Informacje o urz\u0105dzeniu<\/strong>\u00a0w tym informacje o Twoim urz\u0105dzeniu, przegl\u0105darce lub po\u0142\u0105czeniu sieciowym, Twoim adresie IP i innych unikalnych identyfikatorach.<\/li>\n\n\n\n<li><strong>Informacje o u\u017cytkowaniu<\/strong>\u00a0w tym informacje dotycz\u0105ce Twojej interakcji z Us\u0142ugami, w tym sposobu i czasu interakcji z Us\u0142ugami lub nawigacji po nich.<\/li>\n<\/ul>\n\n\n\n<h2 class=\"wp-block-heading\"><strong>\u0179r\u00f3d\u0142a informacji osobistych<\/strong><strong><\/strong><\/h2>\n\n\n\n<p>Dane osobowe mo\u017cemy zbiera\u0107 z nast\u0119puj\u0105cych \u017ar\u00f3de\u0142:<\/p>\n\n\n\n<ul class=\"wp-block-list\">\n<li><strong>Bezpo\u015brednio od Ciebie<\/strong>\u00a0w tym, gdy tworzysz konto, odwiedzasz lub korzystasz z Us\u0142ug, komunikujesz si\u0119 z nami lub w inny spos\u00f3b przekazujesz nam swoje dane osobowe;<\/li>\n\n\n\n<li><strong>Automatycznie poprzez Us\u0142ugi<\/strong>\u00a0w tym z Twojego urz\u0105dzenia, gdy korzystasz z naszych produkt\u00f3w lub us\u0142ug lub odwiedzasz nasze strony internetowe, a tak\u017ce poprzez stosowanie plik\u00f3w cookie i podobnych technologii;<\/li>\n\n\n\n<li><strong>Od naszych dostawc\u00f3w us\u0142ug<\/strong>\u00a0w tym, gdy anga\u017cujemy ich w celu umo\u017cliwienia korzystania z okre\u015blonych technologii oraz gdy zbieraj\u0105 lub przetwarzaj\u0105 Twoje dane osobowe w naszym imieniu;<\/li>\n\n\n\n<li><strong>Od naszych partner\u00f3w i innych os\u00f3b trzecich.<\/strong><\/li>\n<\/ul>\n\n\n\n<h2 class=\"wp-block-heading\"><strong>Jak wykorzystujemy Twoje dane osobowe<\/strong><strong><\/strong><\/h2>\n\n\n\n<p>W zale\u017cno\u015bci od tego, w jaki spos\u00f3b wchodzisz z nami w interakcj\u0119 lub z kt\u00f3rych Us\u0142ug korzystasz, mo\u017cemy wykorzystywa\u0107 Twoje dane osobowe w nast\u0119puj\u0105cych celach:<\/p>\n\n\n\n<ul class=\"wp-block-list\">\n<li><strong>Dostarczanie, dostosowywanie i ulepszanie us\u0142ug.<\/strong>\u00a0Wykorzystujemy Twoje dane osobowe, aby \u015bwiadczy\u0107 Ci Us\u0142ugi, w tym w celu realizacji zawartej z Tob\u0105 umowy, przetwarzania Twoich p\u0142atno\u015bci, realizacji Twoich zam\u00f3wie\u0144, zapami\u0119tywania Twoich preferencji i produkt\u00f3w, kt\u00f3rymi jeste\u015b zainteresowany, wysy\u0142ania Ci powiadomie\u0144 zwi\u0105zanych z Twoim kontem, przetwarzania zakup\u00f3w, zwrot\u00f3w, wymian lub innych transakcji, tworzenia, utrzymywania i zarz\u0105dzania Twoim kontem, organizowania wysy\u0142ki, u\u0142atwiania dokonywania zwrot\u00f3w i wymian, umo\u017cliwienia Ci publikowania recenzji oraz tworzenia spersonalizowanego do\u015bwiadczenia zakupowego, na przyk\u0142ad rekomendowania produkt\u00f3w powi\u0105zanych z Twoimi zakupami. Mo\u017ce to obejmowa\u0107 wykorzystywanie Twoich danych osobowych w celu lepszego dopasowania i udoskonalenia Us\u0142ug.<\/li>\n\n\n\n<li><strong>Marketing i reklama.<\/strong>\u00a0Wykorzystujemy Twoje dane osobowe w celach marketingowych i promocyjnych, np. do wysy\u0142ania materia\u0142\u00f3w marketingowych, reklam i komunikat\u00f3w promocyjnych za po\u015brednictwem poczty elektronicznej, wiadomo\u015bci tekstowych lub poczty tradycyjnej, a tak\u017ce do wy\u015bwietlania reklam online produkt\u00f3w lub us\u0142ug w ramach Us\u0142ug lub innych witryn internetowych, w tym na podstawie produkt\u00f3w, kt\u00f3re wcze\u015bniej kupi\u0142e\u015b lub doda\u0142e\u015b do koszyka, oraz innej aktywno\u015bci w ramach Us\u0142ug.<\/li>\n\n\n\n<li><strong>Bezpiecze\u0144stwo i zapobieganie oszustwom.<\/strong>\u00a0Wykorzystujemy Twoje dane osobowe do uwierzytelnienia Twojego konta, zapewnienia bezpiecze\u0144stwa p\u0142atno\u015bci i zakup\u00f3w, wykrywania, badania i podejmowania dzia\u0142a\u0144 w zwi\u0105zku z potencjalnymi oszustwami, dzia\u0142aniami niezgodnymi z prawem, niebezpiecznymi lub z\u0142o\u015bliwymi, ochrony bezpiecze\u0144stwa publicznego oraz zabezpieczenia naszych us\u0142ug. Je\u015bli zdecydujesz si\u0119 korzysta\u0107 z Us\u0142ug i zarejestrujesz konto, jeste\u015b odpowiedzialny za bezpiecze\u0144stwo swoich danych logowania. Zdecydowanie zalecamy, aby nie udost\u0119pnia\u0107 nikomu swojej nazwy u\u017cytkownika, has\u0142a ani innych danych dost\u0119powych.<\/li>\n\n\n\n<li><strong>Komunikowanie si\u0119 z Tob\u0105.<\/strong>\u00a0U\u017cywamy Twoich danych osobowych, aby zapewni\u0107 Ci obs\u0142ug\u0119 klienta, reagowa\u0107 na Twoje zapytania, \u015bwiadczy\u0107 Ci skuteczne us\u0142ugi i podtrzymywa\u0107 nasze relacje biznesowe z Tob\u0105.<\/li>\n\n\n\n<li><strong>Powody prawne.<\/strong>\u00a0Wykorzystujemy Twoje dane osobowe w celu przestrzegania obowi\u0105zuj\u0105cego prawa lub w odpowiedzi na wa\u017cne procesy prawne, w tym \u017c\u0105dania organ\u00f3w \u015bcigania lub agencji rz\u0105dowych, w celu zbadania lub uczestnictwa w cywilnym post\u0119powaniu ujawniaj\u0105cym dowody, potencjalnym lub faktycznym post\u0119powaniu s\u0105dowym lub innych post\u0119powaniach spornych, a tak\u017ce w celu egzekwowania lub zbadania potencjalnych narusze\u0144 naszych warunk\u00f3w lub zasad.<\/li>\n<\/ul>\n\n\n\n<h2 class=\"wp-block-heading\"><strong>Jak ujawniamy dane osobowe<\/strong><strong><\/strong><\/h2>\n\n\n\n<p>W pewnych okoliczno\u015bciach mo\u017cemy ujawni\u0107 Twoje dane osobowe stronom trzecim w uzasadnionych celach, zgodnie z niniejsz\u0105 Polityk\u0105 Prywatno\u015bci. Takie okoliczno\u015bci mog\u0105 obejmowa\u0107:<\/p>\n\n\n\n<ul class=\"wp-block-list\">\n<li>Dostawcom i innym podmiotom zewn\u0119trznym, kt\u00f3re \u015bwiadcz\u0105 us\u0142ugi w naszym imieniu (np. zarz\u0105dzanie IT, przetwarzanie p\u0142atno\u015bci, analiza danych, obs\u0142uga klienta, przechowywanie w chmurze, realizacja zam\u00f3wie\u0144 i wysy\u0142ka).<\/li>\n\n\n\n<li>Z partnerami biznesowymi i marketingowymi, kt\u00f3rzy \u015bwiadcz\u0105 us\u0142ugi marketingowe i reklamuj\u0105 si\u0119 dla Ciebie.<\/li>\n\n\n\n<li>Gdy zlecisz nam, poprosisz o udost\u0119pnienie lub w inny spos\u00f3b wyrazisz zgod\u0119 na ujawnienie przez nas pewnych informacji osobom trzecim, np. w celu wysy\u0142ki produkt\u00f3w lub gdy korzystasz z wid\u017cet\u00f3w medi\u00f3w spo\u0142eczno\u015bciowych lub integracji logowania.<\/li>\n\n\n\n<li>Naszym podmiotom stowarzyszonym lub w inny spos\u00f3b w ramach naszej grupy kapita\u0142owej.<\/li>\n\n\n\n<li>W zwi\u0105zku z transakcj\u0105 biznesow\u0105, tak\u0105 jak fuzja lub upad\u0142o\u015b\u0107, w celu wype\u0142nienia wszelkich obowi\u0105zuj\u0105cych obowi\u0105zk\u00f3w prawnych (w tym reagowania na wezwania s\u0105dowe, nakazy przeszukania i podobne \u017c\u0105dania), w celu egzekwowania obowi\u0105zuj\u0105cych warunk\u00f3w \u015bwiadczenia us\u0142ug lub polityk oraz w celu ochrony lub obrony Us\u0142ug, naszych praw oraz praw naszych u\u017cytkownik\u00f3w lub innych os\u00f3b.<\/li>\n<\/ul>\n\n\n\n<h2 class=\"wp-block-heading\"><strong>Strony internetowe i linki stron trzecich<\/strong><strong><\/strong><\/h2>\n\n\n\n<p>Us\u0142ugi mog\u0105 zawiera\u0107 linki do stron internetowych lub innych platform internetowych obs\u0142ugiwanych przez podmioty zewn\u0119trzne. Je\u015bli klikasz na linki do stron niepowi\u0105zanych z nami ani przez nas niekontrolowanych, powiniene\u015b zapozna\u0107 si\u0119 z ich polityk\u0105 prywatno\u015bci i bezpiecze\u0144stwa oraz innymi warunkami. Nie gwarantujemy i nie ponosimy odpowiedzialno\u015bci za prywatno\u015b\u0107 ani bezpiecze\u0144stwo takich stron, w tym za dok\u0142adno\u015b\u0107, kompletno\u015b\u0107 ani wiarygodno\u015b\u0107 informacji w nich zawartych. Informacje udost\u0119pniane w miejscach publicznych lub p\u00f3\u0142publicznych, w tym informacje udost\u0119pniane na zewn\u0119trznych platformach spo\u0142eczno\u015bciowych, mog\u0105 by\u0107 r\u00f3wnie\u017c widoczne dla innych u\u017cytkownik\u00f3w Us\u0142ug i\/lub u\u017cytkownik\u00f3w tych zewn\u0119trznych platform, bez ogranicze\u0144 co do ich wykorzystania przez nas lub przez podmioty zewn\u0119trzne. Samo umieszczenie przez nas takich link\u00f3w nie oznacza \u017cadnego poparcia dla tre\u015bci zawartych na takich platformach ani dla ich w\u0142a\u015bcicieli lub operator\u00f3w, z wyj\u0105tkiem informacji ujawnionych w Us\u0142ugach.<\/p>\n\n\n\n<h2 class=\"wp-block-heading\"><strong>Dane dzieci<\/strong><strong><\/strong><\/h2>\n\n\n\n<p>Us\u0142ugi nie s\u0105 przeznaczone dla dzieci i nie gromadzimy \u015bwiadomie \u017cadnych danych osobowych dzieci poni\u017cej pe\u0142noletno\u015bci w Twojej jurysdykcji. Je\u015bli jeste\u015b rodzicem lub opiekunem dziecka, kt\u00f3re przekaza\u0142o nam swoje dane osobowe, mo\u017cesz skontaktowa\u0107 si\u0119 z nami, korzystaj\u0105c z danych kontaktowych podanych poni\u017cej, aby za\u017c\u0105da\u0107 ich usuni\u0119cia. Na dzie\u0144 wej\u015bcia w \u017cycie niniejszej Polityki Prywatno\u015bci nie posiadamy faktycznej wiedzy o \u201eudost\u0119pnianiu\u201d lub \u201esprzedawaniu\u201d (zgodnie z definicj\u0105 tych termin\u00f3w w obowi\u0105zuj\u0105cym prawie) danych osobowych os\u00f3b poni\u017cej 16. roku \u017cycia.<\/p>\n\n\n\n<h2 class=\"wp-block-heading\"><strong>Bezpiecze\u0144stwo i przechowywanie Twoich informacji<\/strong><strong><\/strong><\/h2>\n\n\n\n<p>Nale\u017cy pami\u0119ta\u0107, \u017ce \u017cadne \u015brodki bezpiecze\u0144stwa nie s\u0105 idealne ani nieprzekraczalne i nie mo\u017cemy zagwarantowa\u0107 \u201edoskona\u0142ego bezpiecze\u0144stwa\u201d. Ponadto wszelkie informacje, kt\u00f3re nam Pa\u0144stwo przesy\u0142aj\u0105, mog\u0105 nie by\u0107 bezpieczne w trakcie transmisji. Zalecamy, aby nie korzysta\u0107 z niezabezpieczonych kana\u0142\u00f3w do przekazywania nam informacji wra\u017cliwych lub poufnych.<\/p>\n\n\n\n<p>Okres przechowywania Twoich danych osobowych zale\u017cy od r\u00f3\u017cnych czynnik\u00f3w, takich jak to, czy potrzebujemy tych informacji do prowadzenia Twojego konta, \u015bwiadczenia Ci Us\u0142ug, wype\u0142niania obowi\u0105zk\u00f3w prawnych, rozwi\u0105zywania spor\u00f3w lub egzekwowania innych obowi\u0105zuj\u0105cych um\u00f3w i zasad.<\/p>\n\n\n\n<h2 class=\"wp-block-heading\"><strong>Twoje prawa i wybory<\/strong><strong><\/strong><\/h2>\n\n\n\n<p>W zale\u017cno\u015bci od miejsca zamieszkania, mog\u0105 Ci przys\u0142ugiwa\u0107 niekt\u00f3re lub wszystkie z wymienionych poni\u017cej praw dotycz\u0105cych Twoich danych osobowych. Prawa te nie s\u0105 jednak bezwzgl\u0119dne i mog\u0105 obowi\u0105zywa\u0107 tylko w okre\u015blonych okoliczno\u015bciach, a w niekt\u00f3rych przypadkach mo\u017cemy odrzuci\u0107 Tw\u00f3j wniosek, je\u015bli zezwala na to prawo.<\/p>\n\n\n\n<ul class=\"wp-block-list\">\n<li><strong>Prawo dost\u0119pu\/wiedzy.<\/strong>\u00a0Mo\u017cesz mie\u0107 prawo za\u017c\u0105da\u0107 dost\u0119pu do danych osobowych, kt\u00f3re o Tobie przechowujemy.<\/li>\n\n\n\n<li><strong>Prawo do usuni\u0119cia.<\/strong>\u00a0Mo\u017cesz mie\u0107 prawo za\u017c\u0105da\u0107 usuni\u0119cia przechowywanych przez nas Twoich danych osobowych.<\/li>\n\n\n\n<li><strong>Prawo do poprawiania.<\/strong>\u00a0Masz prawo za\u017c\u0105da\u0107 od nas poprawienia nieprawid\u0142owych danych osobowych, kt\u00f3re o Tobie przechowujemy.<\/li>\n\n\n\n<li><strong>Prawo do przenoszenia.<\/strong>\u00a0W pewnych okoliczno\u015bciach i z pewnymi wyj\u0105tkami mo\u017cesz mie\u0107 prawo do otrzymania kopii swoich danych osobowych, jakie przechowujemy, a tak\u017ce do \u017c\u0105dania przekazania ich osobie trzeciej.<\/li>\n\n\n\n<li><strong>Prawo do rezygnacji ze sprzeda\u017cy lub udost\u0119pniania danych w celu kierowania reklam.<\/strong>\u00a0W zale\u017cno\u015bci od miejsca zamieszkania mo\u017cesz mie\u0107 prawo do rezygnacji ze \u201esprzeda\u017cy\u201d lub \u201eudost\u0119pniania\u201d swoich danych osobowych lub rezygnacji z przetwarzania swoich danych osobowych w celach uznawanych za \u201ereklam\u0119 ukierunkowan\u0105\u201d, zgodnie z definicj\u0105 zawart\u0105 w obowi\u0105zuj\u0105cych przepisach o ochronie prywatno\u015bci.<\/li>\n\n\n\n<li><strong>Zarz\u0105dzanie preferencjami komunikacyjnymi.<\/strong>\u00a0Mo\u017cemy wysy\u0142a\u0107 Ci e-maile promocyjne, z kt\u00f3rych mo\u017cesz zrezygnowa\u0107 w dowolnym momencie, korzystaj\u0105c z opcji rezygnacji z subskrypcji widocznej w naszych e-mailach. Je\u015bli zrezygnujesz, nadal mo\u017cemy wysy\u0142a\u0107 Ci e-maile o charakterze niepromocyjnym, na przyk\u0142ad dotycz\u0105ce Twojego konta lub z\u0142o\u017conych przez Ciebie zam\u00f3wie\u0144.<\/li>\n<\/ul>\n\n\n\n<p><strong>Je\u017celi mieszkasz w Wielkiej Brytanii lub Europejskim Obszarze Gospodarczym,<\/strong>&nbsp;z zastrze\u017ceniem wyj\u0105tk\u00f3w i ogranicze\u0144 przewidzianych przez prawo lokalne, opr\u00f3cz praw opisanych powy\u017cej, mo\u017cesz skorzysta\u0107 z nast\u0119puj\u0105cych praw:<\/p>\n\n\n\n<ul class=\"wp-block-list\">\n<li><strong>Sprzeciw wobec przetwarzania i ograniczenie przetwarzania:<\/strong>\u00a0Masz prawo poprosi\u0107 nas o wstrzymanie lub ograniczenie przetwarzania Twoich danych osobowych w okre\u015blonych celach.<\/li>\n\n\n\n<li><strong>Cofni\u0119cie zgody:<\/strong>\u00a0W przypadku, gdy przetwarzanie Twoich danych osobowych odbywa si\u0119 na podstawie zgody, masz prawo j\u0105 cofn\u0105\u0107. Cofni\u0119cie zgody nie wp\u0142ynie na zgodno\u015b\u0107 z prawem przetwarzania, kt\u00f3rego dokonano na podstawie Twojej zgody przed jej cofni\u0119ciem.<\/li>\n<\/ul>\n\n\n\n<p>Mo\u017cesz skorzysta\u0107 z dowolnego z tych praw w spos\u00f3b wskazany w Us\u0142ugach lub kontaktuj\u0105c si\u0119 z nami, korzystaj\u0105c z danych kontaktowych podanych poni\u017cej.<\/p>\n\n\n\n<p>Nie b\u0119dziemy Ci\u0119 dyskryminowa\u0107 z powodu korzystania z kt\u00f3regokolwiek z tych praw. Mo\u017cemy wymaga\u0107 weryfikacji Twojej to\u017csamo\u015bci przed rozpatrzeniem Twoich wniosk\u00f3w, zgodnie z obowi\u0105zuj\u0105cym prawem. Zgodnie z obowi\u0105zuj\u0105cym prawem mo\u017cesz wyznaczy\u0107 upowa\u017cnionego przedstawiciela do sk\u0142adania wniosk\u00f3w w Twoim imieniu w celu realizacji Twoich praw. Przed zaakceptowaniem takiego wniosku od przedstawiciela, b\u0119dziemy wymaga\u0107 od niego przedstawienia dowodu upowa\u017cnienia do dzia\u0142ania w Twoim imieniu, a tak\u017ce potwierdzenia Twojej to\u017csamo\u015bci bezpo\u015brednio u nas. Odpowiemy na Tw\u00f3j wniosek w odpowiednim czasie, zgodnie z obowi\u0105zuj\u0105cym prawem.<\/p>\n\n\n\n<h2 class=\"wp-block-heading\"><strong>Uskar\u017canie si\u0119<\/strong><strong><\/strong><\/h2>\n\n\n\n<p>Je\u015bli masz skargi dotycz\u0105ce sposobu, w jaki przetwarzamy Twoje dane osobowe, skontaktuj si\u0119 z nami, korzystaj\u0105c z danych kontaktowych podanych poni\u017cej. W zale\u017cno\u015bci od miejsca zamieszkania mo\u017cesz mie\u0107 prawo odwo\u0142a\u0107 si\u0119 od naszej decyzji, kontaktuj\u0105c si\u0119 z nami za pomoc\u0105 danych kontaktowych podanych poni\u017cej, lub z\u0142o\u017cy\u0107 skarg\u0119 do lokalnego organu ochrony danych. W przypadku EOG mo\u017cesz znale\u017a\u0107 list\u0119 w\u0142a\u015bciwych organ\u00f3w nadzoruj\u0105cych ochron\u0119 danych. <a href=\"https:\/\/edpb.europa.eu\/about-edpb\/about-edpb\/members\" target=\"_blank\" rel=\"noopener\"><u>Tutaj<\/u><\/a>.<\/p>\n\n\n\n<h2 class=\"wp-block-heading\"><strong>Transfery mi\u0119dzynarodowe<\/strong><strong><\/strong><\/h2>\n\n\n\n<p>Nale\u017cy pami\u0119ta\u0107, \u017ce mo\u017cemy przesy\u0142a\u0107, przechowywa\u0107 i przetwarza\u0107 Twoje dane osobowe poza krajem, w kt\u00f3rym mieszkasz.<\/p>\n\n\n\n<p>Je\u015bli przekazujemy Twoje dane osobowe poza Europejski Obszar Gospodarczy lub Wielk\u0105 Brytani\u0119, b\u0119dziemy opiera\u0107 si\u0119 na uznanych mechanizmach przekazywania danych, takich jak standardowe klauzule umowne Komisji Europejskiej lub wszelkie r\u00f3wnowa\u017cne umowy wydane przez w\u0142a\u015bciwy organ kompetentny w Wielkiej Brytanii, w zale\u017cno\u015bci od przypadku, chyba \u017ce przekazywanie danych nast\u0119puje do kraju, kt\u00f3ry zosta\u0142 uznany za zapewniaj\u0105cy odpowiedni poziom ochrony.<\/p>\n\n\n\n<h2 class=\"wp-block-heading\"><strong>Zmiany w niniejszej Polityce prywatno\u015bci<\/strong><strong><\/strong><\/h2>\n\n\n\n<p>Mo\u017cemy okresowo aktualizowa\u0107 niniejsz\u0105 Polityk\u0119 Prywatno\u015bci, w tym w celu odzwierciedlenia zmian w naszych praktykach lub z innych przyczyn operacyjnych, prawnych lub regulacyjnych. Zmienion\u0105 Polityk\u0119 Prywatno\u015bci opublikujemy na tej stronie internetowej, zaktualizujemy dat\u0119 \u201eOstatniej aktualizacji\u201d i powiadomimy o tym fakcie zgodnie z obowi\u0105zuj\u0105cym prawem.<\/p>\n\n\n\n<h2 class=\"wp-block-heading\"><strong>Kontakt<\/strong><strong><\/strong><\/h2>\n\n\n\n<p>Je\u015bli masz jakiekolwiek pytania dotycz\u0105ce naszych praktyk ochrony prywatno\u015bci lub niniejszej Polityki prywatno\u015bci albo chcesz skorzysta\u0107 z przys\u0142uguj\u0105cych Ci praw, zadzwo\u0144 lub napisz do nas na adres M@K-LEVEL.COM lub skontaktuj si\u0119 z nami pod adresem No. 1, Hexie Road, Heshu Village, Lijia Town Chang Zhou Shi, 213152 Jiangsu, CN. Zgodnie z obowi\u0105zuj\u0105cymi przepisami o ochronie danych jeste\u015bmy administratorem Twoich danych osobowych.<\/p>\n\n\n\n<p>Ostatnia aktualizacja: 21 lipca 2025 r.<\/p>\n\n\n\n<p><\/p>","protected":false},"excerpt":{"rendered":"<p>Privacy Policy K-Level\u00a0operates this store and website, including all related information, content, features, tools, products and services, in order to provide you, the customer, with a curated shopping experience (the &#8220;Services&#8221;). This Privacy Policy describes how we collect, use, and disclose your personal information when you visit, use, or make a purchase or other transaction [&hellip;]<\/p>","protected":false},"author":1,"featured_media":0,"parent":0,"menu_order":0,"comment_status":"closed","ping_status":"open","template":"","meta":{"footnotes":""},"class_list":["post-3","page","type-page","status-publish","hentry"],"_links":{"self":[{"href":"https:\/\/k-level.com\/pl\/wp-json\/wp\/v2\/pages\/3","targetHints":{"allow":["GET"]}}],"collection":[{"href":"https:\/\/k-level.com\/pl\/wp-json\/wp\/v2\/pages"}],"about":[{"href":"https:\/\/k-level.com\/pl\/wp-json\/wp\/v2\/types\/page"}],"author":[{"embeddable":true,"href":"https:\/\/k-level.com\/pl\/wp-json\/wp\/v2\/users\/1"}],"replies":[{"embeddable":true,"href":"https:\/\/k-level.com\/pl\/wp-json\/wp\/v2\/comments?post=3"}],"version-history":[{"count":2,"href":"https:\/\/k-level.com\/pl\/wp-json\/wp\/v2\/pages\/3\/revisions"}],"predecessor-version":[{"id":13879,"href":"https:\/\/k-level.com\/pl\/wp-json\/wp\/v2\/pages\/3\/revisions\/13879"}],"wp:attachment":[{"href":"https:\/\/k-level.com\/pl\/wp-json\/wp\/v2\/media?parent=3"}],"curies":[{"name":"wp","href":"https:\/\/api.w.org\/{rel}","templated":true}]}}