{"id":13870,"date":"2025-07-18T17:25:28","date_gmt":"2025-07-18T09:25:28","guid":{"rendered":"https:\/\/k-level.com\/?post_type=product&#038;p=13870"},"modified":"2025-07-25T09:39:30","modified_gmt":"2025-07-25T01:39:30","slug":"l8s8-35-bastone-di-livellamento","status":"publish","type":"product","link":"https:\/\/k-level.com\/it\/prodotto\/l8s8-35-bastone-di-livellamento\/","title":{"rendered":"L8S8-35 Bastone di livellamento"},"content":{"rendered":"<p>Stadia di livellamento L8S8-35 di K-level, una scelta premium per i professionisti del settore della topografia. Questa versatile <a href=\"https:\/\/k-level.com\/it\/chi-siamo\/\">palo di livello laser<\/a> \u00e8 progettato per soddisfare una variet\u00e0 di esigenze di rilevamento, combinando precisione, durata e facilit\u00e0 d&#039;uso. Il nostro personale per topografi in vendita include questo modello eccezionale, meticolosamente realizzato per migliorare la vostra esperienza di rilevamento.<\/p>\n<p>La stadia di livellamento L8S8-35 offre una scelta di scale di misurazione, consentendo agli utenti di scegliere tra piedi\/decimi o piedi\/pollici. Realizzata in lega di alluminio leggera ma resistente, questa stadia di livellamento di forma rettangolare \u00e8 progettata per resistere alle sollecitazioni del lavoro sul campo. La scala sul retro facilita la lettura dell&#039;altezza complessiva, garantendo ai topografi una misurazione rapida e accurata.<\/p>\n<p><img fetchpriority=\"high\" decoding=\"async\" class=\"aligncenter wp-image-13871 size-medium\" src=\"https:\/\/k-level.com\/wp-content\/uploads\/2025\/07\/L8S8-351-300x300.jpg\" alt=\"palo di livello laser\" width=\"300\" height=\"300\" srcset=\"https:\/\/k-level.com\/wp-content\/uploads\/2025\/07\/L8S8-351-300x300.jpg 300w, https:\/\/k-level.com\/wp-content\/uploads\/2025\/07\/L8S8-351-150x150.jpg 150w, https:\/\/k-level.com\/wp-content\/uploads\/2025\/07\/L8S8-351-768x768.jpg 768w, https:\/\/k-level.com\/wp-content\/uploads\/2025\/07\/L8S8-351-12x12.jpg 12w, https:\/\/k-level.com\/wp-content\/uploads\/2025\/07\/L8S8-351-370x370.jpg 370w, https:\/\/k-level.com\/wp-content\/uploads\/2025\/07\/L8S8-351-400x400.jpg 400w, https:\/\/k-level.com\/wp-content\/uploads\/2025\/07\/L8S8-351-100x100.jpg 100w, https:\/\/k-level.com\/wp-content\/uploads\/2025\/07\/L8S8-351-50x50.jpg 50w, https:\/\/k-level.com\/wp-content\/uploads\/2025\/07\/L8S8-351.jpg 800w\" sizes=\"(max-width: 300px) 100vw, 300px\" \/><\/p>\n<p>Con quattro sezioni regolabili e un pulsante di bloccaggio sicuro, il<a href=\"https:\/\/k-level.com\/it\/chi-siamo\/\"> Palo di livello laser L8S8-35<\/a> Offre flessibilit\u00e0 e stabilit\u00e0 durante l&#039;uso. \u00c8 inoltre resistente all&#039;acqua e alla corrosione, il che lo rende ideale per diverse condizioni meteorologiche. Per migliorarne la portabilit\u00e0, la stadia di livellamento \u00e8 dotata di una comoda borsa per il trasporto, che consente ai topografi di trasportarla facilmente da un cantiere all&#039;altro.<\/p>\n<p>Hai bisogno di una soluzione?<\/p>\n<p>K-level offre servizi di consulenza per attrezzature di rilevamento topografico. Contattateci per ordini all&#039;ingrosso o supporto tecnico!<\/p>\n<p>&nbsp;<\/p>","protected":false},"excerpt":{"rendered":"<ul>\n<li>K-level garantisce che ogni asta di livello laser sia progettata per garantire precisione e affidabilit\u00e0<\/li>\n<li>rendendolo un&#039;aggiunta preziosa a qualsiasi kit di strumenti di rilevamento.<\/li>\n<li>Il nostro personale per geometri in vendita, incluso il modello L8S8-35, \u00e8 perfetto sia per i professionisti esperti che per i nuovi arrivati nel settore<\/li>\n<\/ul>\n<p><img decoding=\"async\" class=\"alignnone size-medium wp-image-13646\" src=\"https:\/\/k-level.com\/wp-content\/uploads\/2025\/05\/logo-300x98.png\" alt=\"\" width=\"300\" height=\"98\" srcset=\"https:\/\/k-level.com\/wp-content\/uploads\/2025\/05\/logo-300x98.png 300w, https:\/\/k-level.com\/wp-content\/uploads\/2025\/05\/logo-18x6.png 18w, https:\/\/k-level.com\/wp-content\/uploads\/2025\/05\/logo.png 307w\" sizes=\"(max-width: 300px) 100vw, 300px\" \/><\/p>","protected":false},"featured_media":13875,"comment_status":"open","ping_status":"closed","template":"","meta":[],"product_brand":[],"product_cat":[248],"product_tag":[237],"class_list":{"0":"post-13870","1":"product","2":"type-product","3":"status-publish","4":"has-post-thumbnail","6":"product_cat-leveling-staff","7":"product_tag-professional-engineering","9":"first","10":"instock","11":"shipping-taxable","12":"product-type-simple"},"_links":{"self":[{"href":"https:\/\/k-level.com\/it\/wp-json\/wp\/v2\/product\/13870","targetHints":{"allow":["GET"]}}],"collection":[{"href":"https:\/\/k-level.com\/it\/wp-json\/wp\/v2\/product"}],"about":[{"href":"https:\/\/k-level.com\/it\/wp-json\/wp\/v2\/types\/product"}],"replies":[{"embeddable":true,"href":"https:\/\/k-level.com\/it\/wp-json\/wp\/v2\/comments?post=13870"}],"version-history":[{"count":2,"href":"https:\/\/k-level.com\/it\/wp-json\/wp\/v2\/product\/13870\/revisions"}],"predecessor-version":[{"id":13877,"href":"https:\/\/k-level.com\/it\/wp-json\/wp\/v2\/product\/13870\/revisions\/13877"}],"wp:featuredmedia":[{"embeddable":true,"href":"https:\/\/k-level.com\/it\/wp-json\/wp\/v2\/media\/13875"}],"wp:attachment":[{"href":"https:\/\/k-level.com\/it\/wp-json\/wp\/v2\/media?parent=13870"}],"wp:term":[{"taxonomy":"product_brand","embeddable":true,"href":"https:\/\/k-level.com\/it\/wp-json\/wp\/v2\/product_brand?post=13870"},{"taxonomy":"product_cat","embeddable":true,"href":"https:\/\/k-level.com\/it\/wp-json\/wp\/v2\/product_cat?post=13870"},{"taxonomy":"product_tag","embeddable":true,"href":"https:\/\/k-level.com\/it\/wp-json\/wp\/v2\/product_tag?post=13870"}],"curies":[{"name":"parola chiave","href":"https:\/\/api.w.org\/{rel}","templated":true}]}}