{"id":13565,"date":"2025-06-30T16:40:23","date_gmt":"2025-06-30T08:40:23","guid":{"rendered":"https:\/\/k-level.com\/?post_type=product&#038;p=13565"},"modified":"2025-07-15T15:27:15","modified_gmt":"2025-07-15T07:27:15","slug":"staffa-laser-lineare-llb04","status":"publish","type":"product","link":"https:\/\/k-level.com\/it\/prodotto\/staffa-laser-lineare-llb04\/","title":{"rendered":"Staffa laser lineare LLB04"},"content":{"rendered":"<p>La staffa laser lineare LLB04 \u00e8 uno strumento versatile e durevole, progettato per applicazioni laser, caratterizzato da una barra a L magnetica e disponibile in due stili di filettatura.<\/p>\n<p>La staffa laser lineare LLB04 \u00e8 di natura telescopica e consente facili regolazioni, mentre la modalit\u00e0 di funzionamento automatico aumenta la comodit\u00e0 dell&#039;utente.<\/p>\n<p>LLB04A Staffa laser lineare: filettatura 1\/4\u2033-20<br \/>\nLLB04B Staffa laser lineare: filettatura 5\/8\u2033-11<\/p>\n<p>Staffa laser lineare LLB04A\/04B e<a href=\"https:\/\/k-level.com\/it\/chi-siamo\/\"> Supporto magnetico a forma di L per livella laser<\/a>, progettato per soddisfare diverse esigenze di montaggio in ambito edile, di interior design e di allineamento industriale.<\/p>\n<p>IL <a href=\"https:\/\/k-level.com\/it\/chi-siamo\/\">Staffa per laser lineare LLB04A\/04B<\/a> Il sistema offre opzioni di montaggio versatili grazie al suo design regolabile, consentendo un posizionamento angolare preciso e un fissaggio sicuro a diverse superfici. Per i professionisti che necessitano della praticit\u00e0 del magnetismo, la nostra staffa magnetica a L per livella laser offre funzionalit\u00e0 eccezionali grazie alla sua robusta base magnetica che si fissa saldamente alle superfici metalliche mantenendo un perfetto allineamento a 90\u00b0. Sia la staffa laser lineare LLB04A\/04B che la staffa magnetica a L per livella laser sono realizzate con materiali resistenti per resistere alle condizioni di lavoro pi\u00f9 impegnative.<\/p>\n<p>Progettata per l&#039;efficienza, la staffa magnetica a L per livella laser consente una rapida installazione e riposizionamento, migliorando significativamente la produttivit\u00e0 del flusso di lavoro. Allo stesso tempo, la staffa per laser lineare LLB04A\/04B offre una maggiore stabilit\u00e0 per periodi di funzionamento prolungati.<\/p>\n<p><img fetchpriority=\"high\" decoding=\"async\" class=\"aligncenter wp-image-13567 size-medium\" src=\"https:\/\/k-level.com\/wp-content\/uploads\/2025\/06\/02-3-300x300.jpg\" alt=\"Supporto magnetico a forma di L per livella laser\" width=\"300\" height=\"300\" srcset=\"https:\/\/k-level.com\/wp-content\/uploads\/2025\/06\/02-3-300x300.jpg 300w, https:\/\/k-level.com\/wp-content\/uploads\/2025\/06\/02-3-150x150.jpg 150w, https:\/\/k-level.com\/wp-content\/uploads\/2025\/06\/02-3-768x768.jpg 768w, https:\/\/k-level.com\/wp-content\/uploads\/2025\/06\/02-3-12x12.jpg 12w, https:\/\/k-level.com\/wp-content\/uploads\/2025\/06\/02-3-370x370.jpg 370w, https:\/\/k-level.com\/wp-content\/uploads\/2025\/06\/02-3-400x400.jpg 400w, https:\/\/k-level.com\/wp-content\/uploads\/2025\/06\/02-3-100x100.jpg 100w, https:\/\/k-level.com\/wp-content\/uploads\/2025\/06\/02-3-50x50.jpg 50w, https:\/\/k-level.com\/wp-content\/uploads\/2025\/06\/02-3.jpg 800w\" sizes=\"(max-width: 300px) 100vw, 300px\" \/><\/p>\n<p>Questa staffa \u00e8 l&#039;aggiunta perfetta per i professionisti che cercano affidabilit\u00e0 e precisione nelle loro configurazioni laser.<\/p>\n<p>Hai bisogno di una soluzione?<br \/>\n<a href=\"https:\/\/k-level.com\/it\/chi-siamo\/\">Livello K<\/a> Offriamo servizi di consulenza per attrezzature di rilevamento topografico. Contattateci per ordini all&#039;ingrosso o supporto tecnico!<\/p>","protected":false},"excerpt":{"rendered":"<ul>\n<li>LLB04 Supporto laser lineare con modalit\u00e0 di funzionamento automatica<\/li>\n<li>La staffa per laser lineare LLB04 semplifica l&#039;installazione e garantisce regolazioni rapide.<\/li>\n<li>Diventa cos\u00ec uno strumento indispensabile per i professionisti dell&#039;edilizia e della topografia.<\/li>\n<\/ul>\n<p><img decoding=\"async\" class=\"alignnone size-medium wp-image-13646\" src=\"https:\/\/k-level.com\/wp-content\/uploads\/2025\/05\/logo-300x98.png\" alt=\"\" width=\"300\" height=\"98\" srcset=\"https:\/\/k-level.com\/wp-content\/uploads\/2025\/05\/logo-300x98.png 300w, https:\/\/k-level.com\/wp-content\/uploads\/2025\/05\/logo-18x6.png 18w, https:\/\/k-level.com\/wp-content\/uploads\/2025\/05\/logo.png 307w\" sizes=\"(max-width: 300px) 100vw, 300px\" \/><\/p>","protected":false},"featured_media":13566,"comment_status":"open","ping_status":"closed","template":"","meta":[],"product_brand":[],"product_cat":[260],"product_tag":[238],"class_list":{"0":"post-13565","1":"product","2":"type-product","3":"status-publish","4":"has-post-thumbnail","6":"product_cat-line-laser-bracket","7":"product_tag-carpentry-and-furniture","9":"first","10":"instock","11":"shipping-taxable","12":"product-type-simple"},"_links":{"self":[{"href":"https:\/\/k-level.com\/it\/wp-json\/wp\/v2\/product\/13565","targetHints":{"allow":["GET"]}}],"collection":[{"href":"https:\/\/k-level.com\/it\/wp-json\/wp\/v2\/product"}],"about":[{"href":"https:\/\/k-level.com\/it\/wp-json\/wp\/v2\/types\/product"}],"replies":[{"embeddable":true,"href":"https:\/\/k-level.com\/it\/wp-json\/wp\/v2\/comments?post=13565"}],"version-history":[{"count":4,"href":"https:\/\/k-level.com\/it\/wp-json\/wp\/v2\/product\/13565\/revisions"}],"predecessor-version":[{"id":13783,"href":"https:\/\/k-level.com\/it\/wp-json\/wp\/v2\/product\/13565\/revisions\/13783"}],"wp:featuredmedia":[{"embeddable":true,"href":"https:\/\/k-level.com\/it\/wp-json\/wp\/v2\/media\/13566"}],"wp:attachment":[{"href":"https:\/\/k-level.com\/it\/wp-json\/wp\/v2\/media?parent=13565"}],"wp:term":[{"taxonomy":"product_brand","embeddable":true,"href":"https:\/\/k-level.com\/it\/wp-json\/wp\/v2\/product_brand?post=13565"},{"taxonomy":"product_cat","embeddable":true,"href":"https:\/\/k-level.com\/it\/wp-json\/wp\/v2\/product_cat?post=13565"},{"taxonomy":"product_tag","embeddable":true,"href":"https:\/\/k-level.com\/it\/wp-json\/wp\/v2\/product_tag?post=13565"}],"curies":[{"name":"parola chiave","href":"https:\/\/api.w.org\/{rel}","templated":true}]}}