{"id":13532,"date":"2025-06-25T17:20:58","date_gmt":"2025-06-25T09:20:58","guid":{"rendered":"https:\/\/k-level.com\/?post_type=product&#038;p=13532"},"modified":"2025-07-15T14:16:30","modified_gmt":"2025-07-15T06:16:30","slug":"piastra-di-mira-laser-ltp01","status":"publish","type":"product","link":"https:\/\/k-level.com\/it\/prodotto\/piastra-di-mira-laser-ltp01\/","title":{"rendered":"Piastra di mira laser LTP01"},"content":{"rendered":"<p><strong>Piastre di mira laser LTP01R\/LTP01G<\/strong> \u2013 Strumenti di misurazione di precisione per livelli laser<\/p>\n<p>IL<a href=\"https:\/\/k-level.com\/it\/\"> Piastra di mira laser LTP01<\/a> \u00e8 uno strumento di precisione essenziale che migliora significativamente la precisione di misurazione per varie applicazioni di livellamento laser.<\/p>\n<p>Disponibili in due modelli specializzati, LTP01R per laser rossi e LTP01G per laser verdi, questi bersagli laser magnetici garantiscono una chiara visibilit\u00e0 del raggio e capacit\u00e0 di misurazione precise, anche a distanze elevate dall&#039;unit\u00e0 laser.<\/p>\n<p>A K-level, siamo orgogliosi di fornire strumenti di misura ad alta precisione e il nostro <a href=\"https:\/\/k-level.com\/it\/contattaci\/\">Piastra di mira laser LTP01<\/a> \u00e8 una soluzione eccezionale per operazioni di allineamento e livellamento laser accurate. Progettata per i professionisti nei settori dell&#039;edilizia, della topografia e delle applicazioni industriali, questa categoria di prodotti include varianti specializzate come la piastra di puntamento magnetica verde e la piastra di puntamento laser magnetica da pavimento, garantendo versatilit\u00e0 e affidabilit\u00e0 in diversi ambienti di lavoro.<\/p>\n<p>IL <a href=\"https:\/\/k-level.com\/it\/contattaci\/\">Piastra bersaglio magnetica verde<\/a> Progettato per garantire visibilit\u00e0 e durata superiori, presenta una superficie verde brillante che migliora il rilevamento del raggio laser anche in condizioni di scarsa illuminazione. Il suo robusto supporto magnetico consente un fissaggio sicuro alle superfici metalliche, rendendolo ideale per l&#039;allineamento di strutture in acciaio, condutture e macchinari. La piastra laser magnetica da pavimento offre un design leggero ma robusto, perfetto per misurazioni a pavimento e marcatura di tracciati.<\/p>\n<p>Sia la piastra di mira magnetica verde che la scheda di mira laser magnetica da pavimento sono strumenti essenziali per i professionisti che richiedono precisione ed efficienza.<\/p>\n<p><img fetchpriority=\"high\" decoding=\"async\" class=\"aligncenter wp-image-13534 size-medium\" src=\"https:\/\/k-level.com\/wp-content\/uploads\/2025\/06\/LTP012-300x300.jpg\" alt=\"Piastra bersaglio magnetica verde\" width=\"300\" height=\"300\" srcset=\"https:\/\/k-level.com\/wp-content\/uploads\/2025\/06\/LTP012-300x300.jpg 300w, https:\/\/k-level.com\/wp-content\/uploads\/2025\/06\/LTP012-150x150.jpg 150w, https:\/\/k-level.com\/wp-content\/uploads\/2025\/06\/LTP012-768x768.jpg 768w, https:\/\/k-level.com\/wp-content\/uploads\/2025\/06\/LTP012-12x12.jpg 12w, https:\/\/k-level.com\/wp-content\/uploads\/2025\/06\/LTP012-370x370.jpg 370w, https:\/\/k-level.com\/wp-content\/uploads\/2025\/06\/LTP012-400x400.jpg 400w, https:\/\/k-level.com\/wp-content\/uploads\/2025\/06\/LTP012-100x100.jpg 100w, https:\/\/k-level.com\/wp-content\/uploads\/2025\/06\/LTP012-50x50.jpg 50w, https:\/\/k-level.com\/wp-content\/uploads\/2025\/06\/LTP012.jpg 800w\" sizes=\"(max-width: 300px) 100vw, 300px\" \/><\/p>\n<p><strong>Compatibilit\u00e0 universale<\/strong><\/p>\n<p>Funziona con tutti i tipi di livelli laser, tra cui:<br \/>\nLaser rotanti<br \/>\nLaser a linee incrociate<br \/>\nLaser a punti<br \/>\nMisure laser<\/p>\n<p>&nbsp;<\/p>\n<p>Hai bisogno di una soluzione?<br \/>\nK-level offre servizi di consulenza per attrezzature di rilevamento topografico. Contattateci per ordini all&#039;ingrosso o supporto tecnico!<\/p>","protected":false},"excerpt":{"rendered":"<ul>\n<li>Misurazione di precisione: le scale precise in pollici\/cm garantiscono misurazioni affidabili<\/li>\n<li>Visibilit\u00e0 migliorata: le superfici specializzate fanno s\u00ec che i raggi laser risaltino chiaramente<\/li>\n<li>Compatibilit\u00e0 universale: la piastra di mira magnetica verde funziona con tutte le principali marche di livelli laser<\/li>\n<\/ul>\n<p><img decoding=\"async\" class=\"alignnone size-medium wp-image-13646\" src=\"https:\/\/k-level.com\/wp-content\/uploads\/2025\/05\/logo-300x98.png\" alt=\"\" width=\"300\" height=\"98\" srcset=\"https:\/\/k-level.com\/wp-content\/uploads\/2025\/05\/logo-300x98.png 300w, https:\/\/k-level.com\/wp-content\/uploads\/2025\/05\/logo-18x6.png 18w, https:\/\/k-level.com\/wp-content\/uploads\/2025\/05\/logo.png 307w\" sizes=\"(max-width: 300px) 100vw, 300px\" \/><\/p>","protected":false},"featured_media":13533,"comment_status":"open","ping_status":"closed","template":"","meta":[],"product_brand":[],"product_cat":[255],"product_tag":[238],"class_list":{"0":"post-13532","1":"product","2":"type-product","3":"status-publish","4":"has-post-thumbnail","6":"product_cat-laser-target-plate","7":"product_tag-carpentry-and-furniture","9":"first","10":"instock","11":"shipping-taxable","12":"product-type-simple"},"_links":{"self":[{"href":"https:\/\/k-level.com\/it\/wp-json\/wp\/v2\/product\/13532","targetHints":{"allow":["GET"]}}],"collection":[{"href":"https:\/\/k-level.com\/it\/wp-json\/wp\/v2\/product"}],"about":[{"href":"https:\/\/k-level.com\/it\/wp-json\/wp\/v2\/types\/product"}],"replies":[{"embeddable":true,"href":"https:\/\/k-level.com\/it\/wp-json\/wp\/v2\/comments?post=13532"}],"version-history":[{"count":4,"href":"https:\/\/k-level.com\/it\/wp-json\/wp\/v2\/product\/13532\/revisions"}],"predecessor-version":[{"id":13779,"href":"https:\/\/k-level.com\/it\/wp-json\/wp\/v2\/product\/13532\/revisions\/13779"}],"wp:featuredmedia":[{"embeddable":true,"href":"https:\/\/k-level.com\/it\/wp-json\/wp\/v2\/media\/13533"}],"wp:attachment":[{"href":"https:\/\/k-level.com\/it\/wp-json\/wp\/v2\/media?parent=13532"}],"wp:term":[{"taxonomy":"product_brand","embeddable":true,"href":"https:\/\/k-level.com\/it\/wp-json\/wp\/v2\/product_brand?post=13532"},{"taxonomy":"product_cat","embeddable":true,"href":"https:\/\/k-level.com\/it\/wp-json\/wp\/v2\/product_cat?post=13532"},{"taxonomy":"product_tag","embeddable":true,"href":"https:\/\/k-level.com\/it\/wp-json\/wp\/v2\/product_tag?post=13532"}],"curies":[{"name":"parola chiave","href":"https:\/\/api.w.org\/{rel}","templated":true}]}}