{"id":13464,"date":"2025-06-20T17:04:48","date_gmt":"2025-06-20T09:04:48","guid":{"rendered":"https:\/\/k-level.com\/?post_type=product&#038;p=13464"},"modified":"2026-03-30T10:04:24","modified_gmt":"2026-03-30T02:04:24","slug":"ricevitore-laser-lp700-per-livello-laser","status":"publish","type":"product","link":"https:\/\/k-level.com\/it\/prodotto\/ricevitore-laser-lp700-per-livello-laser\/","title":{"rendered":"Ricevitore LP700"},"content":{"rendered":"<p>Ricevitore LP700: il compagno ideale per misurazioni precise<\/p>\n<p>Progettato per migliorare la funzionalit\u00e0 dei livelli laser, l&#039;LP700 \u00e8 un dispositivo avanzato <a href=\"https:\/\/k-level.com\/it\/chi-siamo\/\">ricevitore laser per livello laser<\/a> applicazioni, rendendolo uno strumento essenziale per i professionisti dell&#039;edilizia, della topografia e di vari progetti fai da te.<\/p>\n<p>Essendo un rilevatore laser versatile, l&#039;LP700 \u00e8 dotato di un display chiaro e di facile lettura che fornisce feedback in tempo reale. Gli utenti possono scegliere tra indicatori acustici e visivi, consentendo un funzionamento fluido indipendentemente dalle condizioni ambientali. Che si tratti di picchettare un sito, allineare strutture o eseguire attivit\u00e0 di livellamento, il ricevitore laser LP700 per applicazioni di livellamento laser garantisce il raggiungimento sicuro dei propri obiettivi.<\/p>\n<p>L&#039;LP700 \u00e8 progettato pensando alla praticit\u00e0 d&#039;uso. Il suo design leggero e compatto lo rende portatile e maneggevole, mentre la sua struttura robusta garantisce la massima durata anche in ambienti di lavoro impegnativi. Il ricevitore pu\u00f2 essere facilmente montato su treppiedi o altre superfici, offrendo flessibilit\u00e0 in diverse applicazioni. Inoltre, la lunga durata della batteria garantisce l&#039;affidabilit\u00e0 dell&#039;LP700 per tutta la giornata lavorativa, senza interruzioni.<\/p>\n<p><img fetchpriority=\"high\" decoding=\"async\" class=\"aligncenter wp-image-13467 size-medium\" src=\"https:\/\/k-level.com\/wp-content\/uploads\/2025\/06\/03-1-300x300.jpg\" alt=\"Ricevitore laser LP700 per livello laser\" width=\"300\" height=\"300\" srcset=\"https:\/\/k-level.com\/wp-content\/uploads\/2025\/06\/03-1-300x300.jpg 300w, https:\/\/k-level.com\/wp-content\/uploads\/2025\/06\/03-1-150x150.jpg 150w, https:\/\/k-level.com\/wp-content\/uploads\/2025\/06\/03-1-768x768.jpg 768w, https:\/\/k-level.com\/wp-content\/uploads\/2025\/06\/03-1-12x12.jpg 12w, https:\/\/k-level.com\/wp-content\/uploads\/2025\/06\/03-1-370x370.jpg 370w, https:\/\/k-level.com\/wp-content\/uploads\/2025\/06\/03-1-400x400.jpg 400w, https:\/\/k-level.com\/wp-content\/uploads\/2025\/06\/03-1-100x100.jpg 100w, https:\/\/k-level.com\/wp-content\/uploads\/2025\/06\/03-1-50x50.jpg 50w, https:\/\/k-level.com\/wp-content\/uploads\/2025\/06\/03-1.jpg 800w\" sizes=\"(max-width: 300px) 100vw, 300px\" \/><\/p>\n<p>IL <a href=\"https:\/\/k-level.com\/it\/chi-siamo\/\">Ricevitore LP700<\/a> Pu\u00f2 essere utilizzato fino a 400 metri (se utilizzato con il laser rotante K-LEVEL) e fino a 300 metri se utilizzato con altri laser rotanti. Dotato di un morsetto, \u00e8 facile da fissare e regolare la posizione. \u00c8 alimentato da batterie alcaline n. 5 e pu\u00f2 visualizzare chiaramente la distanza misurata.<\/p>\n<p>Hai bisogno di una soluzione?<br \/>\nK-level offre servizi di consulenza per attrezzature di rilevamento topografico. Contattateci per ordini all&#039;ingrosso o supporto tecnico!<\/p>\n<p>&nbsp;<\/p>","protected":false},"excerpt":{"rendered":"<ul>\n<li>Il ricevitore LP700 \u00e8 un ricevitore di misura efficiente e durevole.<\/li>\n<li>Adatto per l&#039;uso con il kit LASER ROTANTE.<\/li>\n<li>Il ricevitore laser LP700 per livella laser pu\u00f2 garantire misurazioni precise e affidabili.<\/li>\n<\/ul>\n<p><img decoding=\"async\" class=\"alignnone size-medium wp-image-13646\" src=\"https:\/\/k-level.com\/wp-content\/uploads\/2025\/05\/logo-300x98.png\" alt=\"\" width=\"300\" height=\"98\" srcset=\"https:\/\/k-level.com\/wp-content\/uploads\/2025\/05\/logo-300x98.png 300w, https:\/\/k-level.com\/wp-content\/uploads\/2025\/05\/logo-18x6.png 18w, https:\/\/k-level.com\/wp-content\/uploads\/2025\/05\/logo.png 307w\" sizes=\"(max-width: 300px) 100vw, 300px\" \/><\/p>","protected":false},"featured_media":14003,"comment_status":"open","ping_status":"closed","template":"","meta":[],"product_brand":[],"product_cat":[223],"product_tag":[237],"class_list":{"0":"post-13464","1":"product","2":"type-product","3":"status-publish","4":"has-post-thumbnail","6":"product_cat-rotary-laser-detector","7":"product_tag-professional-engineering","9":"first","10":"instock","11":"shipping-taxable","12":"product-type-simple"},"_links":{"self":[{"href":"https:\/\/k-level.com\/it\/wp-json\/wp\/v2\/product\/13464","targetHints":{"allow":["GET"]}}],"collection":[{"href":"https:\/\/k-level.com\/it\/wp-json\/wp\/v2\/product"}],"about":[{"href":"https:\/\/k-level.com\/it\/wp-json\/wp\/v2\/types\/product"}],"replies":[{"embeddable":true,"href":"https:\/\/k-level.com\/it\/wp-json\/wp\/v2\/comments?post=13464"}],"version-history":[{"count":4,"href":"https:\/\/k-level.com\/it\/wp-json\/wp\/v2\/product\/13464\/revisions"}],"predecessor-version":[{"id":13767,"href":"https:\/\/k-level.com\/it\/wp-json\/wp\/v2\/product\/13464\/revisions\/13767"}],"wp:featuredmedia":[{"embeddable":true,"href":"https:\/\/k-level.com\/it\/wp-json\/wp\/v2\/media\/14003"}],"wp:attachment":[{"href":"https:\/\/k-level.com\/it\/wp-json\/wp\/v2\/media?parent=13464"}],"wp:term":[{"taxonomy":"product_brand","embeddable":true,"href":"https:\/\/k-level.com\/it\/wp-json\/wp\/v2\/product_brand?post=13464"},{"taxonomy":"product_cat","embeddable":true,"href":"https:\/\/k-level.com\/it\/wp-json\/wp\/v2\/product_cat?post=13464"},{"taxonomy":"product_tag","embeddable":true,"href":"https:\/\/k-level.com\/it\/wp-json\/wp\/v2\/product_tag?post=13464"}],"curies":[{"name":"parola chiave","href":"https:\/\/api.w.org\/{rel}","templated":true}]}}