{"id":13007,"date":"2025-06-10T17:34:48","date_gmt":"2025-06-10T09:34:48","guid":{"rendered":"https:\/\/k-level.com\/?post_type=product&#038;p=13007"},"modified":"2025-07-10T13:19:42","modified_gmt":"2025-07-10T05:19:42","slug":"laser-lineare-kll-012","status":"publish","type":"product","link":"https:\/\/k-level.com\/it\/prodotto\/laser-lineare-kll-012\/","title":{"rendered":"Laser lineare KLL-012"},"content":{"rendered":"<p>K-level presenta con orgoglio il <a href=\"https:\/\/k-level.com\/it\/negozio\/\">Laser lineare KLL-012<\/a>, un livello laser lineare all&#039;avanguardia progettato per i professionisti che richiedono la massima precisione e versatilit\u00e0 nei progetti di costruzione, ristrutturazione e interior design. Come parte della nostra serie di livelli laser avanzati, il KLL-012 si distingue per la sua capacit\u00e0 di proiezione a 4 linee, offrendo una copertura a 360\u00b0 per layout complessi con una precisione ineguagliabile.<\/p>\n<p>Il KLL-012 <a href=\"https:\/\/k-level.com\/it\/negozio\/\">\u00a0livello laser lineare<\/a> \u00c8 dotato di raggi laser verdi ad alta visibilit\u00e0, che offrono una visibilit\u00e0 4 volte superiore rispetto ai tradizionali laser rossi, perfetta per cantieri molto illuminati e progetti su larga scala. Grazie alla tecnologia di autolivellamento e a una precisione di \u00b10,1 mm\/m, questa livella laser a 4 linee garantisce un allineamento impeccabile per attivit\u00e0 come la posa di piastrelle, l&#039;installazione di soffitti e la costruzione di strutture murali.<\/p>\n<p><img fetchpriority=\"high\" decoding=\"async\" class=\"aligncenter wp-image-13008 size-medium\" src=\"https:\/\/k-level.com\/wp-content\/uploads\/2025\/06\/KLL-0122-300x300.jpg\" alt=\"Livello laser a 16 linee\" width=\"300\" height=\"300\" srcset=\"https:\/\/k-level.com\/wp-content\/uploads\/2025\/06\/KLL-0122-300x300.jpg 300w, https:\/\/k-level.com\/wp-content\/uploads\/2025\/06\/KLL-0122-370x370.jpg 370w, https:\/\/k-level.com\/wp-content\/uploads\/2025\/06\/KLL-0122-100x100.jpg 100w, https:\/\/k-level.com\/wp-content\/uploads\/2025\/06\/KLL-0122-400x400.jpg 400w, https:\/\/k-level.com\/wp-content\/uploads\/2025\/06\/KLL-0122-150x150.jpg 150w, https:\/\/k-level.com\/wp-content\/uploads\/2025\/06\/KLL-0122-768x768.jpg 768w, https:\/\/k-level.com\/wp-content\/uploads\/2025\/06\/KLL-0122-12x12.jpg 12w, https:\/\/k-level.com\/wp-content\/uploads\/2025\/06\/KLL-0122-50x50.jpg 50w, https:\/\/k-level.com\/wp-content\/uploads\/2025\/06\/KLL-0122.jpg 800w\" sizes=\"(max-width: 300px) 100vw, 300px\" \/><\/p>\n<p><a href=\"https:\/\/k-level.com\/it\/\">Laser lineare KLL-012<\/a> Ampie applicazioni<br \/>\nChe tu sia un appaltatore, un elettricista o un appassionato del fai da te, il KLL-012 si adatta a compiti come:<\/p>\n<p>Allineamento di pareti e pavimenti<\/p>\n<p>Installazione del controsoffitto<\/p>\n<p>Inquadratura e classificazione<\/p>\n<p>Lavori di riscaldamento, ventilazione e condizionamento dell&#039;aria e dell&#039;elettricit\u00e0<\/p>\n<p>Hai bisogno di una soluzione?<br \/>\nK-level offre servizi di consulenza per attrezzature di rilevamento topografico. Contattateci per ordini all&#039;ingrosso o supporto tecnico!<\/p>","protected":false},"excerpt":{"rendered":"<ul>\n<li>Posizionare il laser lineare su una superficie stabile.<\/li>\n<li>accendere il dispositivo<\/li>\n<li>regolare il laser lineare all&#039;altezza desiderata.<\/li>\n<li>il livello laser a 4 linee proietter\u00e0 una linea orizzontale o verticale nitida.<\/li>\n<\/ul>\n<p><img decoding=\"async\" class=\"alignnone size-medium wp-image-13646\" src=\"https:\/\/k-level.com\/wp-content\/uploads\/2025\/05\/logo-300x98.png\" alt=\"\" width=\"300\" height=\"98\" srcset=\"https:\/\/k-level.com\/wp-content\/uploads\/2025\/05\/logo-300x98.png 300w, https:\/\/k-level.com\/wp-content\/uploads\/2025\/05\/logo-18x6.png 18w, https:\/\/k-level.com\/wp-content\/uploads\/2025\/05\/logo.png 307w\" sizes=\"(max-width: 300px) 100vw, 300px\" \/><\/p>","protected":false},"featured_media":13008,"comment_status":"open","ping_status":"closed","template":"","meta":[],"product_brand":[],"product_cat":[133],"product_tag":[235],"class_list":{"0":"post-13007","1":"product","2":"type-product","3":"status-publish","4":"has-post-thumbnail","6":"product_cat-electronic-line-laser-for-sale","7":"product_tag-interior-decoration","9":"first","10":"instock","11":"shipping-taxable","12":"product-type-simple"},"_links":{"self":[{"href":"https:\/\/k-level.com\/it\/wp-json\/wp\/v2\/product\/13007","targetHints":{"allow":["GET"]}}],"collection":[{"href":"https:\/\/k-level.com\/it\/wp-json\/wp\/v2\/product"}],"about":[{"href":"https:\/\/k-level.com\/it\/wp-json\/wp\/v2\/types\/product"}],"replies":[{"embeddable":true,"href":"https:\/\/k-level.com\/it\/wp-json\/wp\/v2\/comments?post=13007"}],"version-history":[{"count":5,"href":"https:\/\/k-level.com\/it\/wp-json\/wp\/v2\/product\/13007\/revisions"}],"predecessor-version":[{"id":13760,"href":"https:\/\/k-level.com\/it\/wp-json\/wp\/v2\/product\/13007\/revisions\/13760"}],"wp:featuredmedia":[{"embeddable":true,"href":"https:\/\/k-level.com\/it\/wp-json\/wp\/v2\/media\/13008"}],"wp:attachment":[{"href":"https:\/\/k-level.com\/it\/wp-json\/wp\/v2\/media?parent=13007"}],"wp:term":[{"taxonomy":"product_brand","embeddable":true,"href":"https:\/\/k-level.com\/it\/wp-json\/wp\/v2\/product_brand?post=13007"},{"taxonomy":"product_cat","embeddable":true,"href":"https:\/\/k-level.com\/it\/wp-json\/wp\/v2\/product_cat?post=13007"},{"taxonomy":"product_tag","embeddable":true,"href":"https:\/\/k-level.com\/it\/wp-json\/wp\/v2\/product_tag?post=13007"}],"curies":[{"name":"parola chiave","href":"https:\/\/api.w.org\/{rel}","templated":true}]}}