{"id":13964,"date":"2025-07-23T14:39:04","date_gmt":"2025-07-23T06:39:04","guid":{"rendered":"https:\/\/k-level.com\/?post_type=product&#038;p=13964"},"modified":"2025-07-23T14:59:49","modified_gmt":"2025-07-23T06:59:49","slug":"mini-trepied-de-niveau-laser-en-aluminium-argente","status":"publish","type":"product","link":"https:\/\/k-level.com\/fr\/produit\/mini-trepied-de-niveau-laser-en-aluminium-argente\/","title":{"rendered":"Mini tr\u00e9pied de niveau laser en aluminium argent\u00e9 s\u00e9rie SA11"},"content":{"rendered":"<p>Pr\u00e9sentation du mini tr\u00e9pied de niveau laser en aluminium argent\u00e9 de la s\u00e9rie SA11<\/p>\n<p>La s\u00e9rie SA11 <a href=\"https:\/\/k-level.com\/fr\/boutique\/\">Mini tr\u00e9pied de niveau laser en aluminium argent\u00e9<\/a> par K-level est une prime<a href=\"https:\/\/k-level.com\/fr\/boutique\/\"> tr\u00e9pied r\u00e9glable pour niveau laser<\/a>, con\u00e7u pour la pr\u00e9cision et la portabilit\u00e9.<br \/>\nId\u00e9al pour les g\u00e9om\u00e8tres, les entrepreneurs et les bricoleurs, ce tr\u00e9pied de niveau laser portable en aluminium combine durabilit\u00e9, construction l\u00e9g\u00e8re et stabilit\u00e9 de qualit\u00e9 professionnelle pour des mesures pr\u00e9cises dans diverses applications.<\/p>\n<p>Silver Mini Elevator Tripod propose deux mod\u00e8les, qui se distinguent par le tr\u00e9pied de niveau laser \u00e0 hauteur r\u00e9glable.<\/p>\n<p><img fetchpriority=\"high\" decoding=\"async\" class=\"aligncenter wp-image-13968 size-medium\" src=\"https:\/\/k-level.com\/wp-content\/uploads\/2025\/07\/S110507-300x300.jpg\" alt=\"Mini tr\u00e9pied de niveau laser en aluminium argent\u00e9\" width=\"300\" height=\"300\" srcset=\"https:\/\/k-level.com\/wp-content\/uploads\/2025\/07\/S110507-300x300.jpg 300w, https:\/\/k-level.com\/wp-content\/uploads\/2025\/07\/S110507-150x150.jpg 150w, https:\/\/k-level.com\/wp-content\/uploads\/2025\/07\/S110507-768x768.jpg 768w, https:\/\/k-level.com\/wp-content\/uploads\/2025\/07\/S110507-12x12.jpg 12w, https:\/\/k-level.com\/wp-content\/uploads\/2025\/07\/S110507-370x370.jpg 370w, https:\/\/k-level.com\/wp-content\/uploads\/2025\/07\/S110507-400x400.jpg 400w, https:\/\/k-level.com\/wp-content\/uploads\/2025\/07\/S110507-100x100.jpg 100w, https:\/\/k-level.com\/wp-content\/uploads\/2025\/07\/S110507-50x50.jpg 50w, https:\/\/k-level.com\/wp-content\/uploads\/2025\/07\/S110507.jpg 800w\" sizes=\"(max-width: 300px) 100vw, 300px\" \/><br \/>\nNum\u00e9ro de mod\u00e8le de la s\u00e9rie SA11\u00a0:<\/p>\n<p>SA11-050F\u00a0: Argent, 0,50\u00a0m, t\u00eate inclinable fixe avec filetage amovible 1\/4\u2033-20<br \/>\nSA11-100F\u00a0: Argent, 1,00\u00a0m, t\u00eate inclinable fixe avec filetage amovible 1\/4\u2033-20<\/p>\n<p><img decoding=\"async\" class=\"aligncenter wp-image-13967 size-medium\" src=\"https:\/\/k-level.com\/wp-content\/uploads\/2025\/07\/S1105051-300x300.jpg\" alt=\"Mini tr\u00e9pied de niveau laser en aluminium argent\u00e9 SA11-100F\" width=\"300\" height=\"300\" srcset=\"https:\/\/k-level.com\/wp-content\/uploads\/2025\/07\/S1105051-300x300.jpg 300w, https:\/\/k-level.com\/wp-content\/uploads\/2025\/07\/S1105051-150x150.jpg 150w, https:\/\/k-level.com\/wp-content\/uploads\/2025\/07\/S1105051-768x768.jpg 768w, https:\/\/k-level.com\/wp-content\/uploads\/2025\/07\/S1105051-12x12.jpg 12w, https:\/\/k-level.com\/wp-content\/uploads\/2025\/07\/S1105051-370x370.jpg 370w, https:\/\/k-level.com\/wp-content\/uploads\/2025\/07\/S1105051-400x400.jpg 400w, https:\/\/k-level.com\/wp-content\/uploads\/2025\/07\/S1105051-100x100.jpg 100w, https:\/\/k-level.com\/wp-content\/uploads\/2025\/07\/S1105051-50x50.jpg 50w, https:\/\/k-level.com\/wp-content\/uploads\/2025\/07\/S1105051.jpg 800w\" sizes=\"(max-width: 300px) 100vw, 300px\" \/><\/p>\n<p>Besoin d&#039;une solution?<\/p>\n<p><a href=\"https:\/\/k-level.com\/fr\/boutique\/\">Niveau K<\/a>\u00a0Nous fournissons des services de conseil en \u00e9quipement d&#039;arpentage. Contactez-nous pour les commandes group\u00e9es ou l&#039;assistance technique\u00a0!<\/p>","protected":false},"excerpt":{"rendered":"<ul>\n<li>Que vous ayez besoin d&#039;un tr\u00e9pied r\u00e9glable pour niveau laser pour le nivellement int\u00e9rieur ou l&#039;arpentage ext\u00e9rieur<\/li>\n<li>Le tr\u00e9pied de niveau laser \u00e0 t\u00eate inclinable offre fiabilit\u00e9 et pr\u00e9cision dans une forme compacte.<\/li>\n<\/ul>\n<p><img decoding=\"async\" class=\"alignnone size-medium wp-image-13646\" src=\"https:\/\/k-level.com\/wp-content\/uploads\/2025\/05\/logo-300x98.png\" alt=\"\" width=\"300\" height=\"98\" srcset=\"https:\/\/k-level.com\/wp-content\/uploads\/2025\/05\/logo-300x98.png 300w, https:\/\/k-level.com\/wp-content\/uploads\/2025\/05\/logo-18x6.png 18w, https:\/\/k-level.com\/wp-content\/uploads\/2025\/05\/logo.png 307w\" sizes=\"(max-width: 300px) 100vw, 300px\" \/><\/p>","protected":false},"featured_media":13965,"comment_status":"open","ping_status":"closed","template":"","meta":[],"product_brand":[],"product_cat":[263],"product_tag":[238],"class_list":{"0":"post-13964","1":"product","2":"type-product","3":"status-publish","4":"has-post-thumbnail","6":"product_cat-laser-level-tripod","7":"product_tag-carpentry-and-furniture","9":"first","10":"instock","11":"shipping-taxable","12":"product-type-simple"},"_links":{"self":[{"href":"https:\/\/k-level.com\/fr\/wp-json\/wp\/v2\/product\/13964","targetHints":{"allow":["GET"]}}],"collection":[{"href":"https:\/\/k-level.com\/fr\/wp-json\/wp\/v2\/product"}],"about":[{"href":"https:\/\/k-level.com\/fr\/wp-json\/wp\/v2\/types\/product"}],"replies":[{"embeddable":true,"href":"https:\/\/k-level.com\/fr\/wp-json\/wp\/v2\/comments?post=13964"}],"version-history":[{"count":3,"href":"https:\/\/k-level.com\/fr\/wp-json\/wp\/v2\/product\/13964\/revisions"}],"predecessor-version":[{"id":13977,"href":"https:\/\/k-level.com\/fr\/wp-json\/wp\/v2\/product\/13964\/revisions\/13977"}],"wp:featuredmedia":[{"embeddable":true,"href":"https:\/\/k-level.com\/fr\/wp-json\/wp\/v2\/media\/13965"}],"wp:attachment":[{"href":"https:\/\/k-level.com\/fr\/wp-json\/wp\/v2\/media?parent=13964"}],"wp:term":[{"taxonomy":"product_brand","embeddable":true,"href":"https:\/\/k-level.com\/fr\/wp-json\/wp\/v2\/product_brand?post=13964"},{"taxonomy":"product_cat","embeddable":true,"href":"https:\/\/k-level.com\/fr\/wp-json\/wp\/v2\/product_cat?post=13964"},{"taxonomy":"product_tag","embeddable":true,"href":"https:\/\/k-level.com\/fr\/wp-json\/wp\/v2\/product_tag?post=13964"}],"curies":[{"name":"wp","href":"https:\/\/api.w.org\/{rel}","templated":true}]}}