{"id":13870,"date":"2025-07-18T17:25:28","date_gmt":"2025-07-18T09:25:28","guid":{"rendered":"https:\/\/k-level.com\/?post_type=product&#038;p=13870"},"modified":"2025-07-25T09:39:30","modified_gmt":"2025-07-25T01:39:30","slug":"l8s8-35-baton-de-nivellement","status":"publish","type":"product","link":"https:\/\/k-level.com\/fr\/produit\/l8s8-35-baton-de-nivellement\/","title":{"rendered":"L8S8-35 Mire de nivellement"},"content":{"rendered":"<p>La mire de nivellement L8S8-35 de K-level est un choix haut de gamme pour les professionnels de la topographie. Polyvalente, elle est id\u00e9ale pour les professionnels de la topographie. <a href=\"https:\/\/k-level.com\/fr\/a-propos-de-nous\/\">poteau de niveau laser<\/a> Con\u00e7u pour r\u00e9pondre \u00e0 divers besoins d&#039;arpentage, il allie pr\u00e9cision, durabilit\u00e9 et simplicit\u00e9 d&#039;utilisation. Notre \u00e9quipe de g\u00e9om\u00e8tres propose \u00e0 la vente ce mod\u00e8le exceptionnel, soigneusement con\u00e7u pour am\u00e9liorer votre exp\u00e9rience d&#039;arpentage.<\/p>\n<p>La mire de nivellement L8S8-35 offre un choix d&#039;\u00e9chelles de mesure, permettant aux utilisateurs de choisir entre pieds\/dixi\u00e8mes ou pieds\/pouces. Fabriqu\u00e9e en alliage d&#039;aluminium l\u00e9ger et robuste, cette mire de forme rectangulaire est con\u00e7ue pour r\u00e9sister aux rigueurs du travail de terrain. L&#039;\u00e9chelle au dos facilite la lecture de la hauteur totale, permettant aux g\u00e9om\u00e8tres de d\u00e9terminer les mesures rapidement et pr\u00e9cis\u00e9ment.<\/p>\n<p><img fetchpriority=\"high\" decoding=\"async\" class=\"aligncenter wp-image-13871 size-medium\" src=\"https:\/\/k-level.com\/wp-content\/uploads\/2025\/07\/L8S8-351-300x300.jpg\" alt=\"poteau de niveau laser\" width=\"300\" height=\"300\" srcset=\"https:\/\/k-level.com\/wp-content\/uploads\/2025\/07\/L8S8-351-300x300.jpg 300w, https:\/\/k-level.com\/wp-content\/uploads\/2025\/07\/L8S8-351-150x150.jpg 150w, https:\/\/k-level.com\/wp-content\/uploads\/2025\/07\/L8S8-351-768x768.jpg 768w, https:\/\/k-level.com\/wp-content\/uploads\/2025\/07\/L8S8-351-12x12.jpg 12w, https:\/\/k-level.com\/wp-content\/uploads\/2025\/07\/L8S8-351-370x370.jpg 370w, https:\/\/k-level.com\/wp-content\/uploads\/2025\/07\/L8S8-351-400x400.jpg 400w, https:\/\/k-level.com\/wp-content\/uploads\/2025\/07\/L8S8-351-100x100.jpg 100w, https:\/\/k-level.com\/wp-content\/uploads\/2025\/07\/L8S8-351-50x50.jpg 50w, https:\/\/k-level.com\/wp-content\/uploads\/2025\/07\/L8S8-351.jpg 800w\" sizes=\"(max-width: 300px) 100vw, 300px\" \/><\/p>\n<p>Avec quatre sections r\u00e9glables et un bouton de verrouillage s\u00e9curis\u00e9, le<a href=\"https:\/\/k-level.com\/fr\/a-propos-de-nous\/\"> Poteau de niveau laser L8S8-35<\/a> Offre flexibilit\u00e9 et stabilit\u00e9 \u00e0 l&#039;utilisation. R\u00e9sistant \u00e0 l&#039;eau et \u00e0 la corrosion, il est id\u00e9al pour diverses conditions m\u00e9t\u00e9orologiques. Pour une meilleure portabilit\u00e9, la mire de nivellement est livr\u00e9e avec un sac de transport pratique, permettant aux g\u00e9om\u00e8tres de la transporter facilement d&#039;un chantier \u00e0 l&#039;autre.<\/p>\n<p>Besoin d&#039;une solution?<\/p>\n<p>K-level propose des services de conseil en \u00e9quipement d&#039;arpentage. Contactez-nous pour les commandes group\u00e9es ou l&#039;assistance technique\u00a0!<\/p>\n<p>&nbsp;<\/p>","protected":false},"excerpt":{"rendered":"<ul>\n<li>K-level garantit que chaque poteau de niveau laser est con\u00e7u pour la pr\u00e9cision et la fiabilit\u00e9<\/li>\n<li>ce qui en fait un ajout pr\u00e9cieux \u00e0 toute bo\u00eete \u00e0 outils d&#039;arpentage.<\/li>\n<li>Notre personnel de g\u00e9om\u00e8tres \u00e0 vendre, y compris le L8S8-35, est parfait pour les professionnels chevronn\u00e9s et les nouveaux venus dans le domaine<\/li>\n<\/ul>\n<p><img decoding=\"async\" class=\"alignnone size-medium wp-image-13646\" src=\"https:\/\/k-level.com\/wp-content\/uploads\/2025\/05\/logo-300x98.png\" alt=\"\" width=\"300\" height=\"98\" srcset=\"https:\/\/k-level.com\/wp-content\/uploads\/2025\/05\/logo-300x98.png 300w, https:\/\/k-level.com\/wp-content\/uploads\/2025\/05\/logo-18x6.png 18w, https:\/\/k-level.com\/wp-content\/uploads\/2025\/05\/logo.png 307w\" sizes=\"(max-width: 300px) 100vw, 300px\" \/><\/p>","protected":false},"featured_media":13875,"comment_status":"open","ping_status":"closed","template":"","meta":[],"product_brand":[],"product_cat":[248],"product_tag":[237],"class_list":{"0":"post-13870","1":"product","2":"type-product","3":"status-publish","4":"has-post-thumbnail","6":"product_cat-leveling-staff","7":"product_tag-professional-engineering","9":"first","10":"instock","11":"shipping-taxable","12":"product-type-simple"},"_links":{"self":[{"href":"https:\/\/k-level.com\/fr\/wp-json\/wp\/v2\/product\/13870","targetHints":{"allow":["GET"]}}],"collection":[{"href":"https:\/\/k-level.com\/fr\/wp-json\/wp\/v2\/product"}],"about":[{"href":"https:\/\/k-level.com\/fr\/wp-json\/wp\/v2\/types\/product"}],"replies":[{"embeddable":true,"href":"https:\/\/k-level.com\/fr\/wp-json\/wp\/v2\/comments?post=13870"}],"version-history":[{"count":2,"href":"https:\/\/k-level.com\/fr\/wp-json\/wp\/v2\/product\/13870\/revisions"}],"predecessor-version":[{"id":13877,"href":"https:\/\/k-level.com\/fr\/wp-json\/wp\/v2\/product\/13870\/revisions\/13877"}],"wp:featuredmedia":[{"embeddable":true,"href":"https:\/\/k-level.com\/fr\/wp-json\/wp\/v2\/media\/13875"}],"wp:attachment":[{"href":"https:\/\/k-level.com\/fr\/wp-json\/wp\/v2\/media?parent=13870"}],"wp:term":[{"taxonomy":"product_brand","embeddable":true,"href":"https:\/\/k-level.com\/fr\/wp-json\/wp\/v2\/product_brand?post=13870"},{"taxonomy":"product_cat","embeddable":true,"href":"https:\/\/k-level.com\/fr\/wp-json\/wp\/v2\/product_cat?post=13870"},{"taxonomy":"product_tag","embeddable":true,"href":"https:\/\/k-level.com\/fr\/wp-json\/wp\/v2\/product_tag?post=13870"}],"curies":[{"name":"wp","href":"https:\/\/api.w.org\/{rel}","templated":true}]}}