{"id":13846,"date":"2025-07-17T16:51:27","date_gmt":"2025-07-17T08:51:27","guid":{"rendered":"https:\/\/k-level.com\/?post_type=product&#038;p=13846"},"modified":"2025-07-21T17:49:12","modified_gmt":"2025-07-21T09:49:12","slug":"poteau-de-support-sp1-sp2","status":"publish","type":"product","link":"https:\/\/k-level.com\/fr\/produit\/poteau-de-support-sp1-sp2\/","title":{"rendered":"Poteau de support SP1\/SP2"},"content":{"rendered":"<p>Poteau de support SP1\/SP2 \u2013 la solution ultime pour un support de niveau laser stable et r\u00e9glable.<\/p>\n<p>Que vous ayez besoin d&#039;un <a href=\"https:\/\/k-level.com\/fr\/a-propos-de-nous\/\">Niveau laser multifonctionnel<\/a> Pour des r\u00e9glages de hauteur polyvalents ou un niveau laser professionnel avec tr\u00e9pied pour une stabilit\u00e9 accrue, K-Level fournit des outils hautes performances pour les t\u00e2ches de construction, d&#039;arpentage et d&#039;alignement.<\/p>\n<p><img fetchpriority=\"high\" decoding=\"async\" class=\"aligncenter wp-image-13848 size-medium\" src=\"https:\/\/k-level.com\/wp-content\/uploads\/2025\/07\/3-300x300.jpg\" alt=\"Niveau laser multifonctionnel\" width=\"300\" height=\"300\" srcset=\"https:\/\/k-level.com\/wp-content\/uploads\/2025\/07\/3-300x300.jpg 300w, https:\/\/k-level.com\/wp-content\/uploads\/2025\/07\/3-150x150.jpg 150w, https:\/\/k-level.com\/wp-content\/uploads\/2025\/07\/3-768x768.jpg 768w, https:\/\/k-level.com\/wp-content\/uploads\/2025\/07\/3-12x12.jpg 12w, https:\/\/k-level.com\/wp-content\/uploads\/2025\/07\/3-370x370.jpg 370w, https:\/\/k-level.com\/wp-content\/uploads\/2025\/07\/3-400x400.jpg 400w, https:\/\/k-level.com\/wp-content\/uploads\/2025\/07\/3-100x100.jpg 100w, https:\/\/k-level.com\/wp-content\/uploads\/2025\/07\/3-50x50.jpg 50w, https:\/\/k-level.com\/wp-content\/uploads\/2025\/07\/3.jpg 800w\" sizes=\"(max-width: 300px) 100vw, 300px\" \/><\/p>\n<p><strong>Poteau de support SP1 contre poteau de support SP2\u00a0:<\/strong><\/p>\n<p>Poteau de support SP1 \u2013 A <a href=\"https:\/\/k-level.com\/fr\/a-propos-de-nous\/\">Niveau laser multifonctionnel<\/a> avec r\u00e9glage t\u00e9lescopique de la hauteur (options 3,0 m\u20134,8 m).<\/p>\n<p><a href=\"https:\/\/k-level.com\/fr\/a-propos-de-nous\/\">Poteau de support SP2<\/a> \u2013 Un niveau laser professionnel avec tr\u00e9pied, offrant les m\u00eames fonctionnalit\u00e9s que le SP1 mais avec une stabilit\u00e9 de tr\u00e9pied suppl\u00e9mentaire (options 3,0 m \u00e0 4,8 m).<\/p>\n<p>Besoin d&#039;une solution?<\/p>\n<p>K-level propose des services de conseil en \u00e9quipement d&#039;arpentage. Contactez-nous pour les commandes group\u00e9es ou l&#039;assistance technique\u00a0!<\/p>","protected":false},"excerpt":{"rendered":"<ul>\n<li>Disponible en plusieurs hauteurs (SP1-36, SP2-36, SP1-30\/40\/42\/48, SP2-30\/40\/42\/48).<\/li>\n<li>Niveau laser multifonctionnel et niveau laser professionnel avec tr\u00e9pied de K-Level<\/li>\n<li>assurer l&#039;exactitude et l&#039;efficacit\u00e9 de chaque projet.<\/li>\n<\/ul>\n<p><img decoding=\"async\" class=\"alignnone size-medium wp-image-13646\" src=\"https:\/\/k-level.com\/wp-content\/uploads\/2025\/05\/logo-300x98.png\" alt=\"\" width=\"300\" height=\"98\" srcset=\"https:\/\/k-level.com\/wp-content\/uploads\/2025\/05\/logo-300x98.png 300w, https:\/\/k-level.com\/wp-content\/uploads\/2025\/05\/logo-18x6.png 18w, https:\/\/k-level.com\/wp-content\/uploads\/2025\/05\/logo.png 307w\" sizes=\"(max-width: 300px) 100vw, 300px\" \/><\/p>","protected":false},"featured_media":13845,"comment_status":"open","ping_status":"closed","template":"","meta":[],"product_brand":[],"product_cat":[247],"product_tag":[238],"class_list":{"0":"post-13846","1":"product","2":"type-product","3":"status-publish","4":"has-post-thumbnail","6":"product_cat-laser-level-support-pole","7":"product_tag-carpentry-and-furniture","9":"first","10":"instock","11":"shipping-taxable","12":"product-type-simple"},"_links":{"self":[{"href":"https:\/\/k-level.com\/fr\/wp-json\/wp\/v2\/product\/13846","targetHints":{"allow":["GET"]}}],"collection":[{"href":"https:\/\/k-level.com\/fr\/wp-json\/wp\/v2\/product"}],"about":[{"href":"https:\/\/k-level.com\/fr\/wp-json\/wp\/v2\/types\/product"}],"replies":[{"embeddable":true,"href":"https:\/\/k-level.com\/fr\/wp-json\/wp\/v2\/comments?post=13846"}],"version-history":[{"count":2,"href":"https:\/\/k-level.com\/fr\/wp-json\/wp\/v2\/product\/13846\/revisions"}],"predecessor-version":[{"id":13851,"href":"https:\/\/k-level.com\/fr\/wp-json\/wp\/v2\/product\/13846\/revisions\/13851"}],"wp:featuredmedia":[{"embeddable":true,"href":"https:\/\/k-level.com\/fr\/wp-json\/wp\/v2\/media\/13845"}],"wp:attachment":[{"href":"https:\/\/k-level.com\/fr\/wp-json\/wp\/v2\/media?parent=13846"}],"wp:term":[{"taxonomy":"product_brand","embeddable":true,"href":"https:\/\/k-level.com\/fr\/wp-json\/wp\/v2\/product_brand?post=13846"},{"taxonomy":"product_cat","embeddable":true,"href":"https:\/\/k-level.com\/fr\/wp-json\/wp\/v2\/product_cat?post=13846"},{"taxonomy":"product_tag","embeddable":true,"href":"https:\/\/k-level.com\/fr\/wp-json\/wp\/v2\/product_tag?post=13846"}],"curies":[{"name":"wp","href":"https:\/\/api.w.org\/{rel}","templated":true}]}}