{"id":13841,"date":"2025-07-16T17:43:50","date_gmt":"2025-07-16T09:43:50","guid":{"rendered":"https:\/\/k-level.com\/?post_type=product&#038;p=13841"},"modified":"2025-07-16T17:43:50","modified_gmt":"2025-07-16T09:43:50","slug":"adaptateur-rotatif-pour-niveau-laser-llra09a-09b","status":"publish","type":"product","link":"https:\/\/k-level.com\/fr\/produit\/adaptateur-rotatif-pour-niveau-laser-llra09a-09b\/","title":{"rendered":"Adaptateur rotatif pour niveau laser LLRA09A\/09B"},"content":{"rendered":"<p>Adaptateur rotatif pour niveau laser LLRA09A\/09B permettant de fixer des niveaux laser sur tr\u00e9pieds avec un contr\u00f4le de rotation am\u00e9lior\u00e9. Cet adaptateur est indispensable. <a href=\"https:\/\/k-level.com\/fr\/boutique\/\">adaptateur de tr\u00e9pied pour niveau laser<\/a> pour les professionnels qui ont besoin de polyvalence, de pr\u00e9cision et de durabilit\u00e9 sur le terrain.<\/p>\n<p>L&#039;adaptateur rotatif pour niveau laser LLRA09A\/09B propose deux options de filetage pour s&#039;adapter \u00e0 diff\u00e9rentes configurations de laser et de tr\u00e9pied. L&#039;adaptateur rotatif LLRA09A est dot\u00e9 d&#039;un filetage 1\/4\u2033-20, tandis que l&#039;adaptateur rotatif LLRA09B est \u00e9quip\u00e9 d&#039;un filetage 5\/8\u2033-11, offrant ainsi une compatibilit\u00e9 avec une large gamme de niveaux laser et de tr\u00e9pieds couramment utilis\u00e9s dans la construction et la topographie. Que vous utilisiez des lasers rotatifs ou lin\u00e9aires, cet adaptateur garantit un ajustement s\u00fbr et un alignement pr\u00e9cis.<\/p>\n<p>En tant que fiable <a href=\"https:\/\/k-level.com\/fr\/a-propos-de-nous\/\">adaptateur de tr\u00e9pied pour niveau laser<\/a>Les deux mod\u00e8les sont con\u00e7us pour une rotation fluide \u00e0 360\u00b0, permettant des r\u00e9glages directionnels pr\u00e9cis sans d\u00e9placer le tr\u00e9pied. Cela am\u00e9liore consid\u00e9rablement l&#039;efficacit\u00e9 lors de l&#039;installation et de l&#039;am\u00e9nagement. Fabriqu\u00e9s avec des mat\u00e9riaux de haute qualit\u00e9, les mod\u00e8les LLRA09A\/09B offrent une durabilit\u00e9 \u00e0 long terme et une plateforme stable pour vos outils laser dans les environnements de chantier exigeants.<\/p>\n<p><img fetchpriority=\"high\" decoding=\"async\" class=\"aligncenter wp-image-13842 size-medium\" src=\"https:\/\/k-level.com\/wp-content\/uploads\/2025\/07\/LLRA091-300x300.jpg\" alt=\"adaptateur de tr\u00e9pied pour niveau laser\" width=\"300\" height=\"300\" srcset=\"https:\/\/k-level.com\/wp-content\/uploads\/2025\/07\/LLRA091-300x300.jpg 300w, https:\/\/k-level.com\/wp-content\/uploads\/2025\/07\/LLRA091-150x150.jpg 150w, https:\/\/k-level.com\/wp-content\/uploads\/2025\/07\/LLRA091-768x768.jpg 768w, https:\/\/k-level.com\/wp-content\/uploads\/2025\/07\/LLRA091-12x12.jpg 12w, https:\/\/k-level.com\/wp-content\/uploads\/2025\/07\/LLRA091-370x370.jpg 370w, https:\/\/k-level.com\/wp-content\/uploads\/2025\/07\/LLRA091-400x400.jpg 400w, https:\/\/k-level.com\/wp-content\/uploads\/2025\/07\/LLRA091-100x100.jpg 100w, https:\/\/k-level.com\/wp-content\/uploads\/2025\/07\/LLRA091-50x50.jpg 50w, https:\/\/k-level.com\/wp-content\/uploads\/2025\/07\/LLRA091.jpg 800w\" sizes=\"(max-width: 300px) 100vw, 300px\" \/><\/p>\n<p>Besoin d&#039;une solution?<\/p>\n<p><a href=\"https:\/\/k-level.com\/fr\/a-propos-de-nous\/\">Niveau K<\/a>\u00a0Nous fournissons des services de conseil en \u00e9quipement d&#039;arpentage. Contactez-nous pour les commandes group\u00e9es ou l&#039;assistance technique\u00a0!<\/p>\n<p>&nbsp;<\/p>","protected":false},"excerpt":{"rendered":"<ul>\n<li>K-level continue de fournir des solutions de qualit\u00e9 professionnelle qui sont simples, intelligentes et efficaces.<\/li>\n<li>L&#039;adaptateur de tr\u00e9pied de niveau laser parfait pour am\u00e9liorer votre flux de travail et votre pr\u00e9cision laser.<\/li>\n<\/ul>\n<p><img decoding=\"async\" class=\"alignnone size-medium wp-image-13646\" src=\"https:\/\/k-level.com\/wp-content\/uploads\/2025\/05\/logo-300x98.png\" alt=\"\" width=\"300\" height=\"98\" srcset=\"https:\/\/k-level.com\/wp-content\/uploads\/2025\/05\/logo-300x98.png 300w, https:\/\/k-level.com\/wp-content\/uploads\/2025\/05\/logo-18x6.png 18w, https:\/\/k-level.com\/wp-content\/uploads\/2025\/05\/logo.png 307w\" sizes=\"(max-width: 300px) 100vw, 300px\" \/><\/p>","protected":false},"featured_media":13842,"comment_status":"open","ping_status":"closed","template":"","meta":[],"product_brand":[],"product_cat":[264],"product_tag":[238],"class_list":{"0":"post-13841","1":"product","2":"type-product","3":"status-publish","4":"has-post-thumbnail","6":"product_cat-rotation-adapter","7":"product_tag-carpentry-and-furniture","9":"first","10":"instock","11":"shipping-taxable","12":"product-type-simple"},"_links":{"self":[{"href":"https:\/\/k-level.com\/fr\/wp-json\/wp\/v2\/product\/13841","targetHints":{"allow":["GET"]}}],"collection":[{"href":"https:\/\/k-level.com\/fr\/wp-json\/wp\/v2\/product"}],"about":[{"href":"https:\/\/k-level.com\/fr\/wp-json\/wp\/v2\/types\/product"}],"replies":[{"embeddable":true,"href":"https:\/\/k-level.com\/fr\/wp-json\/wp\/v2\/comments?post=13841"}],"version-history":[{"count":2,"href":"https:\/\/k-level.com\/fr\/wp-json\/wp\/v2\/product\/13841\/revisions"}],"predecessor-version":[{"id":13844,"href":"https:\/\/k-level.com\/fr\/wp-json\/wp\/v2\/product\/13841\/revisions\/13844"}],"wp:featuredmedia":[{"embeddable":true,"href":"https:\/\/k-level.com\/fr\/wp-json\/wp\/v2\/media\/13842"}],"wp:attachment":[{"href":"https:\/\/k-level.com\/fr\/wp-json\/wp\/v2\/media?parent=13841"}],"wp:term":[{"taxonomy":"product_brand","embeddable":true,"href":"https:\/\/k-level.com\/fr\/wp-json\/wp\/v2\/product_brand?post=13841"},{"taxonomy":"product_cat","embeddable":true,"href":"https:\/\/k-level.com\/fr\/wp-json\/wp\/v2\/product_cat?post=13841"},{"taxonomy":"product_tag","embeddable":true,"href":"https:\/\/k-level.com\/fr\/wp-json\/wp\/v2\/product_tag?post=13841"}],"curies":[{"name":"wp","href":"https:\/\/api.w.org\/{rel}","templated":true}]}}