{"id":13831,"date":"2025-07-16T17:20:17","date_gmt":"2025-07-16T09:20:17","guid":{"rendered":"https:\/\/k-level.com\/?post_type=product&#038;p=13831"},"modified":"2025-07-16T17:20:18","modified_gmt":"2025-07-16T09:20:18","slug":"adaptateur-rotatif-pour-niveau-laser-llra04","status":"publish","type":"product","link":"https:\/\/k-level.com\/fr\/produit\/adaptateur-rotatif-pour-niveau-laser-llra04\/","title":{"rendered":"Adaptateur rotatif pour niveau laser LLRA04"},"content":{"rendered":"<p>Support de tr\u00e9pied rotatif pour niveau laser K-Level LLRA04 \u2013 Pr\u00e9cision ultime pour un nivellement professionnel<\/p>\n<p>Le <a href=\"https:\/\/k-level.com\/fr\/contactez-nous\/\">Support de tr\u00e9pied pour niveau laser rotatif r\u00e9glable<\/a> (Mod\u00e8le LLRA04) r\u00e9volutionne votre exp\u00e9rience de nivellement gr\u00e2ce \u00e0 sa rotation \u00e0 360\u00b0 sup\u00e9rieure. Cet adaptateur de niveau laser haut de gamme pour tr\u00e9pied est dot\u00e9 d&#039;un filetage universel 1\/4\u2033-20 qui assure une compatibilit\u00e9 parfaite avec toutes les grandes marques de niveaux laser et de tr\u00e9pieds.<\/p>\n<p>Con\u00e7u comme le parfait <a href=\"https:\/\/k-level.com\/fr\/contactez-nous\/\">Support de tr\u00e9pied pour niveau laser rotatif r\u00e9glable<\/a>, il offre une stabilit\u00e9 et une pr\u00e9cision in\u00e9gal\u00e9es pour les projets de construction, d&#039;arpentage et de bricolage.<\/p>\n<p><img fetchpriority=\"high\" decoding=\"async\" class=\"aligncenter wp-image-13833 size-medium\" src=\"https:\/\/k-level.com\/wp-content\/uploads\/2025\/07\/LLRA042-300x300.jpg\" alt=\"Support de tr\u00e9pied pour niveau laser rotatif r\u00e9glable\" width=\"300\" height=\"300\" srcset=\"https:\/\/k-level.com\/wp-content\/uploads\/2025\/07\/LLRA042-300x300.jpg 300w, https:\/\/k-level.com\/wp-content\/uploads\/2025\/07\/LLRA042-150x150.jpg 150w, https:\/\/k-level.com\/wp-content\/uploads\/2025\/07\/LLRA042-768x768.jpg 768w, https:\/\/k-level.com\/wp-content\/uploads\/2025\/07\/LLRA042-12x12.jpg 12w, https:\/\/k-level.com\/wp-content\/uploads\/2025\/07\/LLRA042-370x370.jpg 370w, https:\/\/k-level.com\/wp-content\/uploads\/2025\/07\/LLRA042-400x400.jpg 400w, https:\/\/k-level.com\/wp-content\/uploads\/2025\/07\/LLRA042-100x100.jpg 100w, https:\/\/k-level.com\/wp-content\/uploads\/2025\/07\/LLRA042-50x50.jpg 50w, https:\/\/k-level.com\/wp-content\/uploads\/2025\/07\/LLRA042.jpg 800w\" sizes=\"(max-width: 300px) 100vw, 300px\" \/><\/p>\n<p>Besoin d&#039;une solution?<\/p>\n<p><a href=\"https:\/\/k-level.com\/fr\/contactez-nous\/\">Niveau K<\/a>\u00a0Nous fournissons des services de conseil en \u00e9quipement d&#039;arpentage. Contactez-nous pour les commandes group\u00e9es ou l&#039;assistance technique\u00a0!<\/p>","protected":false},"excerpt":{"rendered":"<ul>\n<li>Le support de tr\u00e9pied de niveau laser \u00e0 rotation r\u00e9glable est con\u00e7u pour transformer votre adaptateur de niveau laser pour<\/li>\n<li>Le tr\u00e9pied devient un instrument de haute pr\u00e9cision.<\/li>\n<li>D\u00e9couvrez la diff\u00e9rence avec notre solution innovante de support rotatif.<\/li>\n<\/ul>\n<p><img decoding=\"async\" class=\"alignnone size-medium wp-image-13646\" src=\"https:\/\/k-level.com\/wp-content\/uploads\/2025\/05\/logo-300x98.png\" alt=\"\" width=\"300\" height=\"98\" srcset=\"https:\/\/k-level.com\/wp-content\/uploads\/2025\/05\/logo-300x98.png 300w, https:\/\/k-level.com\/wp-content\/uploads\/2025\/05\/logo-18x6.png 18w, https:\/\/k-level.com\/wp-content\/uploads\/2025\/05\/logo.png 307w\" sizes=\"(max-width: 300px) 100vw, 300px\" \/><\/p>","protected":false},"featured_media":13832,"comment_status":"open","ping_status":"closed","template":"","meta":[],"product_brand":[],"product_cat":[264],"product_tag":[238],"class_list":{"0":"post-13831","1":"product","2":"type-product","3":"status-publish","4":"has-post-thumbnail","6":"product_cat-rotation-adapter","7":"product_tag-carpentry-and-furniture","9":"first","10":"instock","11":"shipping-taxable","12":"product-type-simple"},"_links":{"self":[{"href":"https:\/\/k-level.com\/fr\/wp-json\/wp\/v2\/product\/13831","targetHints":{"allow":["GET"]}}],"collection":[{"href":"https:\/\/k-level.com\/fr\/wp-json\/wp\/v2\/product"}],"about":[{"href":"https:\/\/k-level.com\/fr\/wp-json\/wp\/v2\/types\/product"}],"replies":[{"embeddable":true,"href":"https:\/\/k-level.com\/fr\/wp-json\/wp\/v2\/comments?post=13831"}],"version-history":[{"count":2,"href":"https:\/\/k-level.com\/fr\/wp-json\/wp\/v2\/product\/13831\/revisions"}],"predecessor-version":[{"id":13836,"href":"https:\/\/k-level.com\/fr\/wp-json\/wp\/v2\/product\/13831\/revisions\/13836"}],"wp:featuredmedia":[{"embeddable":true,"href":"https:\/\/k-level.com\/fr\/wp-json\/wp\/v2\/media\/13832"}],"wp:attachment":[{"href":"https:\/\/k-level.com\/fr\/wp-json\/wp\/v2\/media?parent=13831"}],"wp:term":[{"taxonomy":"product_brand","embeddable":true,"href":"https:\/\/k-level.com\/fr\/wp-json\/wp\/v2\/product_brand?post=13831"},{"taxonomy":"product_cat","embeddable":true,"href":"https:\/\/k-level.com\/fr\/wp-json\/wp\/v2\/product_cat?post=13831"},{"taxonomy":"product_tag","embeddable":true,"href":"https:\/\/k-level.com\/fr\/wp-json\/wp\/v2\/product_tag?post=13831"}],"curies":[{"name":"wp","href":"https:\/\/api.w.org\/{rel}","templated":true}]}}