{"id":13825,"date":"2025-07-16T16:54:52","date_gmt":"2025-07-16T08:54:52","guid":{"rendered":"https:\/\/k-level.com\/?post_type=product&#038;p=13825"},"modified":"2025-07-16T17:11:06","modified_gmt":"2025-07-16T09:11:06","slug":"adaptateur-rotatif-pour-niveau-laser-llra02","status":"publish","type":"product","link":"https:\/\/k-level.com\/fr\/produit\/adaptateur-rotatif-pour-niveau-laser-llra02\/","title":{"rendered":"Adaptateur rotatif pour niveau laser LLRA02"},"content":{"rendered":"<p>Niveau K <strong>Adaptateur rotatif pour niveau laser LLRA02<\/strong> \u2013 Rotation de pr\u00e9cision pour le nivellement laser<\/p>\n<p>Le niveau laser rotatif LLRA02 est un accessoire haute performance con\u00e7u pour am\u00e9liorer la fonctionnalit\u00e9 des niveaux laser dans les applications de construction et d&#039;arpentage.<\/p>\n<p><a href=\"https:\/\/k-level.com\/fr\/contactez-nous\/\">Adaptateur rotatif pour niveau laser LLRA02<\/a> est un filetage 1\/4\u2033-20, ceci <a href=\"https:\/\/k-level.com\/fr\/contactez-nous\/\">Adaptateur de nivellement laser avec base rotative de r\u00e9glage<\/a> assure une compatibilit\u00e9 transparente avec la plupart des tr\u00e9pieds et unit\u00e9s de niveau laser, offrant une rotation fluide \u00e0 360\u00b0 pour un alignement pr\u00e9cis.<\/p>\n<p><img fetchpriority=\"high\" decoding=\"async\" class=\"aligncenter wp-image-13828 size-medium\" src=\"https:\/\/k-level.com\/wp-content\/uploads\/2025\/07\/LLRA025-300x300.jpg\" alt=\"Adaptateur rotatif pour niveau laser LLRA02\" width=\"300\" height=\"300\" srcset=\"https:\/\/k-level.com\/wp-content\/uploads\/2025\/07\/LLRA025-300x300.jpg 300w, https:\/\/k-level.com\/wp-content\/uploads\/2025\/07\/LLRA025-150x150.jpg 150w, https:\/\/k-level.com\/wp-content\/uploads\/2025\/07\/LLRA025-768x768.jpg 768w, https:\/\/k-level.com\/wp-content\/uploads\/2025\/07\/LLRA025-12x12.jpg 12w, https:\/\/k-level.com\/wp-content\/uploads\/2025\/07\/LLRA025-370x370.jpg 370w, https:\/\/k-level.com\/wp-content\/uploads\/2025\/07\/LLRA025-400x400.jpg 400w, https:\/\/k-level.com\/wp-content\/uploads\/2025\/07\/LLRA025-100x100.jpg 100w, https:\/\/k-level.com\/wp-content\/uploads\/2025\/07\/LLRA025-50x50.jpg 50w, https:\/\/k-level.com\/wp-content\/uploads\/2025\/07\/LLRA025.jpg 800w\" sizes=\"(max-width: 300px) 100vw, 300px\" \/><\/p>\n<p>Besoin d&#039;une solution?<\/p>\n<p><a href=\"https:\/\/k-level.com\/fr\/contactez-nous\/\">Niveau K<\/a>\u00a0Nous fournissons des services de conseil en \u00e9quipement d&#039;arpentage. Contactez-nous pour les commandes group\u00e9es ou l&#039;assistance technique\u00a0!<\/p>\n<p>&nbsp;<\/p>","protected":false},"excerpt":{"rendered":"<ul>\n<li>L&#039;adaptateur de niveau laser rotatif et de nivellement laser LLRA02 avec base rotative de r\u00e9glage offre une pr\u00e9cision et une fiabilit\u00e9 in\u00e9gal\u00e9es.<\/li>\n<li>Am\u00e9liorez votre configuration de niveau laser avec l&#039;adaptateur rotatif de qualit\u00e9 professionnelle de K-Level\u00a0!<\/li>\n<\/ul>\n<p><img decoding=\"async\" class=\"alignnone size-medium wp-image-13646\" src=\"https:\/\/k-level.com\/wp-content\/uploads\/2025\/05\/logo-300x98.png\" alt=\"\" width=\"300\" height=\"98\" srcset=\"https:\/\/k-level.com\/wp-content\/uploads\/2025\/05\/logo-300x98.png 300w, https:\/\/k-level.com\/wp-content\/uploads\/2025\/05\/logo-18x6.png 18w, https:\/\/k-level.com\/wp-content\/uploads\/2025\/05\/logo.png 307w\" sizes=\"(max-width: 300px) 100vw, 300px\" \/><\/p>","protected":false},"featured_media":13827,"comment_status":"open","ping_status":"closed","template":"","meta":[],"product_brand":[],"product_cat":[264],"product_tag":[238],"class_list":{"0":"post-13825","1":"product","2":"type-product","3":"status-publish","4":"has-post-thumbnail","6":"product_cat-rotation-adapter","7":"product_tag-carpentry-and-furniture","9":"first","10":"instock","11":"shipping-taxable","12":"product-type-simple"},"_links":{"self":[{"href":"https:\/\/k-level.com\/fr\/wp-json\/wp\/v2\/product\/13825","targetHints":{"allow":["GET"]}}],"collection":[{"href":"https:\/\/k-level.com\/fr\/wp-json\/wp\/v2\/product"}],"about":[{"href":"https:\/\/k-level.com\/fr\/wp-json\/wp\/v2\/types\/product"}],"replies":[{"embeddable":true,"href":"https:\/\/k-level.com\/fr\/wp-json\/wp\/v2\/comments?post=13825"}],"version-history":[{"count":2,"href":"https:\/\/k-level.com\/fr\/wp-json\/wp\/v2\/product\/13825\/revisions"}],"predecessor-version":[{"id":13830,"href":"https:\/\/k-level.com\/fr\/wp-json\/wp\/v2\/product\/13825\/revisions\/13830"}],"wp:featuredmedia":[{"embeddable":true,"href":"https:\/\/k-level.com\/fr\/wp-json\/wp\/v2\/media\/13827"}],"wp:attachment":[{"href":"https:\/\/k-level.com\/fr\/wp-json\/wp\/v2\/media?parent=13825"}],"wp:term":[{"taxonomy":"product_brand","embeddable":true,"href":"https:\/\/k-level.com\/fr\/wp-json\/wp\/v2\/product_brand?post=13825"},{"taxonomy":"product_cat","embeddable":true,"href":"https:\/\/k-level.com\/fr\/wp-json\/wp\/v2\/product_cat?post=13825"},{"taxonomy":"product_tag","embeddable":true,"href":"https:\/\/k-level.com\/fr\/wp-json\/wp\/v2\/product_tag?post=13825"}],"curies":[{"name":"wp","href":"https:\/\/api.w.org\/{rel}","templated":true}]}}