{"id":13821,"date":"2025-07-16T16:41:09","date_gmt":"2025-07-16T08:41:09","guid":{"rendered":"https:\/\/k-level.com\/?post_type=product&#038;p=13821"},"modified":"2025-07-16T16:41:09","modified_gmt":"2025-07-16T08:41:09","slug":"adaptateur-rotatif-pour-niveau-laser-llra01","status":"publish","type":"product","link":"https:\/\/k-level.com\/fr\/produit\/adaptateur-rotatif-pour-niveau-laser-llra01\/","title":{"rendered":"Adaptateur rotatif pour niveau laser LLRA01"},"content":{"rendered":"<p><strong>Pr\u00e9sentation de l&#039;adaptateur rotatif pour niveau laser LLRA01<\/strong><\/p>\n<p>En tant que fiable <a href=\"https:\/\/k-level.com\/fr\/boutique\/\">Adaptateur de mesure de niveau<\/a>L&#039;adaptateur rotatif de niveau laser LLRA01 est id\u00e9al pour aligner les outils laser avec une plus grande stabilit\u00e9 et pr\u00e9cision sur les chantiers.<\/p>\n<p>L&#039;adaptateur rotatif pour niveau laser LLRA01 est con\u00e7u pour des r\u00e9glages de rotation fluides et pr\u00e9cis, ce qui en fait une excellente solution pour affiner votre laser lors des t\u00e2ches d&#039;implantation, de nivellement et d&#039;alignement. Sa compatibilit\u00e9 avec un double filetage (1\/4\u2033-20 en haut et 5\/8\u2033-11 en bas) lui permet de connecter une large gamme de niveaux laser, de tr\u00e9pieds et d&#039;instruments de topographie. Il est ainsi hautement compatible. <a href=\"https:\/\/k-level.com\/fr\/boutique\/\">Adaptateur de mesure de niveau<\/a> pour les applications professionnelles et de bricolage.<\/p>\n<p>Avec un diam\u00e8tre ext\u00e9rieur de 65 mm, le LLRA01 offre une base compacte et stable pour les op\u00e9rations de rotation. La conception pr\u00e9cise de l&#039;adaptateur permet une rotation \u00e0 360\u00b0, offrant ainsi aux utilisateurs un contr\u00f4le total sur la direction du faisceau laser sans avoir \u00e0 repositionner l&#039;ensemble. Que vous travailliez sur des trac\u00e9s horizontaux ou verticaux, le <a href=\"https:\/\/k-level.com\/fr\/contactez-nous\/\">Adaptateur rotatif pour niveau laser LLRA01<\/a> offre la stabilit\u00e9 et la flexibilit\u00e9 dont vous avez besoin.<img fetchpriority=\"high\" decoding=\"async\" class=\"aligncenter wp-image-13822 size-medium\" src=\"https:\/\/k-level.com\/wp-content\/uploads\/2025\/07\/LLRA011-300x300.jpg\" alt=\"Adaptateur de mesure de niveau\" width=\"300\" height=\"300\" srcset=\"https:\/\/k-level.com\/wp-content\/uploads\/2025\/07\/LLRA011-300x300.jpg 300w, https:\/\/k-level.com\/wp-content\/uploads\/2025\/07\/LLRA011-150x150.jpg 150w, https:\/\/k-level.com\/wp-content\/uploads\/2025\/07\/LLRA011-768x768.jpg 768w, https:\/\/k-level.com\/wp-content\/uploads\/2025\/07\/LLRA011-12x12.jpg 12w, https:\/\/k-level.com\/wp-content\/uploads\/2025\/07\/LLRA011-370x370.jpg 370w, https:\/\/k-level.com\/wp-content\/uploads\/2025\/07\/LLRA011-400x400.jpg 400w, https:\/\/k-level.com\/wp-content\/uploads\/2025\/07\/LLRA011-100x100.jpg 100w, https:\/\/k-level.com\/wp-content\/uploads\/2025\/07\/LLRA011-50x50.jpg 50w, https:\/\/k-level.com\/wp-content\/uploads\/2025\/07\/LLRA011.jpg 800w\" sizes=\"(max-width: 300px) 100vw, 300px\" \/><\/p>\n<p>Adaptateur d&#039;arpentage de niveau de confiance, ce produit est fabriqu\u00e9 \u00e0 partir de mat\u00e9riaux de haute qualit\u00e9 pour assurer la durabilit\u00e9 dans les environnements int\u00e9rieurs et ext\u00e9rieurs.<\/p>\n<p>Besoin d&#039;une solution?<\/p>\n<p>K-level propose des services de conseil en \u00e9quipement d&#039;arpentage. Contactez-nous pour les commandes group\u00e9es ou l&#039;assistance technique\u00a0!<\/p>","protected":false},"excerpt":{"rendered":"<ul>\n<li>L&#039;engagement de K-level envers la fonctionnalit\u00e9, la pr\u00e9cision et les performances de niveau professionnel<\/li>\n<li>Fait du LLRA01 un outil essentiel dans chaque configuration de lev\u00e9 laser.<\/li>\n<\/ul>\n<p><img decoding=\"async\" class=\"alignnone size-medium wp-image-13646\" src=\"https:\/\/k-level.com\/wp-content\/uploads\/2025\/05\/logo-300x98.png\" alt=\"\" width=\"300\" height=\"98\" srcset=\"https:\/\/k-level.com\/wp-content\/uploads\/2025\/05\/logo-300x98.png 300w, https:\/\/k-level.com\/wp-content\/uploads\/2025\/05\/logo-18x6.png 18w, https:\/\/k-level.com\/wp-content\/uploads\/2025\/05\/logo.png 307w\" sizes=\"(max-width: 300px) 100vw, 300px\" \/><\/p>","protected":false},"featured_media":13822,"comment_status":"open","ping_status":"closed","template":"","meta":[],"product_brand":[],"product_cat":[264],"product_tag":[238],"class_list":{"0":"post-13821","1":"product","2":"type-product","3":"status-publish","4":"has-post-thumbnail","6":"product_cat-rotation-adapter","7":"product_tag-carpentry-and-furniture","9":"first","10":"instock","11":"shipping-taxable","12":"product-type-simple"},"_links":{"self":[{"href":"https:\/\/k-level.com\/fr\/wp-json\/wp\/v2\/product\/13821","targetHints":{"allow":["GET"]}}],"collection":[{"href":"https:\/\/k-level.com\/fr\/wp-json\/wp\/v2\/product"}],"about":[{"href":"https:\/\/k-level.com\/fr\/wp-json\/wp\/v2\/types\/product"}],"replies":[{"embeddable":true,"href":"https:\/\/k-level.com\/fr\/wp-json\/wp\/v2\/comments?post=13821"}],"version-history":[{"count":2,"href":"https:\/\/k-level.com\/fr\/wp-json\/wp\/v2\/product\/13821\/revisions"}],"predecessor-version":[{"id":13824,"href":"https:\/\/k-level.com\/fr\/wp-json\/wp\/v2\/product\/13821\/revisions\/13824"}],"wp:featuredmedia":[{"embeddable":true,"href":"https:\/\/k-level.com\/fr\/wp-json\/wp\/v2\/media\/13822"}],"wp:attachment":[{"href":"https:\/\/k-level.com\/fr\/wp-json\/wp\/v2\/media?parent=13821"}],"wp:term":[{"taxonomy":"product_brand","embeddable":true,"href":"https:\/\/k-level.com\/fr\/wp-json\/wp\/v2\/product_brand?post=13821"},{"taxonomy":"product_cat","embeddable":true,"href":"https:\/\/k-level.com\/fr\/wp-json\/wp\/v2\/product_cat?post=13821"},{"taxonomy":"product_tag","embeddable":true,"href":"https:\/\/k-level.com\/fr\/wp-json\/wp\/v2\/product_tag?post=13821"}],"curies":[{"name":"wp","href":"https:\/\/api.w.org\/{rel}","templated":true}]}}