{"id":13805,"date":"2025-07-16T15:29:23","date_gmt":"2025-07-16T07:29:23","guid":{"rendered":"https:\/\/k-level.com\/?post_type=product&#038;p=13805"},"modified":"2025-07-16T15:31:45","modified_gmt":"2025-07-16T07:31:45","slug":"support-laser-rotatif-rlb02a-02b","status":"publish","type":"product","link":"https:\/\/k-level.com\/fr\/produit\/support-laser-rotatif-rlb02a-02b\/","title":{"rendered":"Support laser rotatif RLB02A\/02B"},"content":{"rendered":"<p><strong>Pr\u00e9sentation du support laser rotatif RLB02A\/02B<\/strong><\/p>\n<p><a href=\"https:\/\/k-level.com\/fr\/a-propos-de-nous\/\">Support laser rotatif RLB02A\/02B<\/a> s\u00e9rie \u2014 une solution polyvalente con\u00e7ue pour les professionnels \u00e0 la recherche de <a href=\"https:\/\/k-level.com\/fr\/a-propos-de-nous\/\">Meilleur support laser rotatif<\/a> Pour les installations au plafond et sur ch\u00e2ssis en acier en L. Con\u00e7u avec un corps enti\u00e8rement m\u00e9tallique, le support laser rotatif RLB02A\/02B offre durabilit\u00e9, stabilit\u00e9 et facilit\u00e9 d&#039;utilisation sur les chantiers exigeants.<\/p>\n<p><img fetchpriority=\"high\" decoding=\"async\" class=\"aligncenter wp-image-13809 size-medium\" src=\"https:\/\/k-level.com\/wp-content\/uploads\/2025\/07\/RLB02B1-1-300x300.jpg\" alt=\"Meilleur support laser rotatif\" width=\"300\" height=\"300\" srcset=\"https:\/\/k-level.com\/wp-content\/uploads\/2025\/07\/RLB02B1-1-300x300.jpg 300w, https:\/\/k-level.com\/wp-content\/uploads\/2025\/07\/RLB02B1-1-150x150.jpg 150w, https:\/\/k-level.com\/wp-content\/uploads\/2025\/07\/RLB02B1-1-768x768.jpg 768w, https:\/\/k-level.com\/wp-content\/uploads\/2025\/07\/RLB02B1-1-12x12.jpg 12w, https:\/\/k-level.com\/wp-content\/uploads\/2025\/07\/RLB02B1-1-370x370.jpg 370w, https:\/\/k-level.com\/wp-content\/uploads\/2025\/07\/RLB02B1-1-400x400.jpg 400w, https:\/\/k-level.com\/wp-content\/uploads\/2025\/07\/RLB02B1-1-100x100.jpg 100w, https:\/\/k-level.com\/wp-content\/uploads\/2025\/07\/RLB02B1-1-50x50.jpg 50w, https:\/\/k-level.com\/wp-content\/uploads\/2025\/07\/RLB02B1-1.jpg 800w\" sizes=\"(max-width: 300px) 100vw, 300px\" \/><\/p>\n<p>La s\u00e9rie de supports laser rotatifs RLB02 comprend deux mod\u00e8les\u00a0: les supports laser rotatifs RLB02A et RLB02B, chacun offrant des m\u00e9thodes de montage diff\u00e9rentes pour s&#039;adapter \u00e0 diff\u00e9rents sc\u00e9narios de construction. Que vous travailliez sur une ossature de plafond en bois ou sur un syst\u00e8me de profil\u00e9s en acier, ces supports sont con\u00e7us pour une installation plus efficace et plus s\u00fbre du niveau laser.<\/p>\n<p>Support laser rotatif RLB02A pour acier l\u00e9ger.<\/p>\n<p>Support laser rotatif RLB02B pour bois.<\/p>\n<p>Reconnu comme l\u2019un des <a href=\"https:\/\/k-level.com\/fr\/a-propos-de-nous\/\">Meilleur support laser rotatif<\/a> Parmi les options disponibles sur le march\u00e9, le RLB02A\/02B est largement utilis\u00e9 dans le travail du bois, la construction de plafonds suspendus et les projets de profil\u00e9s en L en acier. Les supports permettent un montage et un positionnement rapides des lasers rotatifs, offrant une flexibilit\u00e9 maximale sans compromettre la pr\u00e9cision. Gr\u00e2ce \u00e0 leur conception robuste enti\u00e8rement m\u00e9tallique, ils r\u00e9sistent \u00e0 l&#039;usure tout en conservant des performances \u00e9lev\u00e9es.<\/p>\n<p>Besoin d&#039;une solution?<\/p>\n<p>K-level propose des services de conseil en \u00e9quipement d&#039;arpentage. Contactez-nous pour les commandes group\u00e9es ou l&#039;assistance technique\u00a0!<\/p>","protected":false},"excerpt":{"rendered":"<ul>\n<li>Le support laser rotatif RLB02A est un support mural multifonctionnel pour acier l\u00e9ger<\/li>\n<li>Le support laser rotatif RLB02B est un support mural multifonctionnel pour le bois<\/li>\n<\/ul>\n<p><img decoding=\"async\" class=\"alignnone size-medium wp-image-13646\" src=\"https:\/\/k-level.com\/wp-content\/uploads\/2025\/05\/logo-300x98.png\" alt=\"\" width=\"300\" height=\"98\" srcset=\"https:\/\/k-level.com\/wp-content\/uploads\/2025\/05\/logo-300x98.png 300w, https:\/\/k-level.com\/wp-content\/uploads\/2025\/05\/logo-18x6.png 18w, https:\/\/k-level.com\/wp-content\/uploads\/2025\/05\/logo.png 307w\" sizes=\"(max-width: 300px) 100vw, 300px\" \/><\/p>","protected":false},"featured_media":13806,"comment_status":"open","ping_status":"closed","template":"","meta":[],"product_brand":[],"product_cat":[261],"product_tag":[238],"class_list":{"0":"post-13805","1":"product","2":"type-product","3":"status-publish","4":"has-post-thumbnail","6":"product_cat-rotary-laser-bracket","7":"product_tag-carpentry-and-furniture","9":"first","10":"instock","11":"shipping-taxable","12":"product-type-simple"},"_links":{"self":[{"href":"https:\/\/k-level.com\/fr\/wp-json\/wp\/v2\/product\/13805","targetHints":{"allow":["GET"]}}],"collection":[{"href":"https:\/\/k-level.com\/fr\/wp-json\/wp\/v2\/product"}],"about":[{"href":"https:\/\/k-level.com\/fr\/wp-json\/wp\/v2\/types\/product"}],"replies":[{"embeddable":true,"href":"https:\/\/k-level.com\/fr\/wp-json\/wp\/v2\/comments?post=13805"}],"version-history":[{"count":2,"href":"https:\/\/k-level.com\/fr\/wp-json\/wp\/v2\/product\/13805\/revisions"}],"predecessor-version":[{"id":13811,"href":"https:\/\/k-level.com\/fr\/wp-json\/wp\/v2\/product\/13805\/revisions\/13811"}],"wp:featuredmedia":[{"embeddable":true,"href":"https:\/\/k-level.com\/fr\/wp-json\/wp\/v2\/media\/13806"}],"wp:attachment":[{"href":"https:\/\/k-level.com\/fr\/wp-json\/wp\/v2\/media?parent=13805"}],"wp:term":[{"taxonomy":"product_brand","embeddable":true,"href":"https:\/\/k-level.com\/fr\/wp-json\/wp\/v2\/product_brand?post=13805"},{"taxonomy":"product_cat","embeddable":true,"href":"https:\/\/k-level.com\/fr\/wp-json\/wp\/v2\/product_cat?post=13805"},{"taxonomy":"product_tag","embeddable":true,"href":"https:\/\/k-level.com\/fr\/wp-json\/wp\/v2\/product_tag?post=13805"}],"curies":[{"name":"wp","href":"https:\/\/api.w.org\/{rel}","templated":true}]}}