{"id":13796,"date":"2025-07-16T14:40:47","date_gmt":"2025-07-16T06:40:47","guid":{"rendered":"https:\/\/k-level.com\/?post_type=product&#038;p=13796"},"modified":"2025-07-16T14:43:26","modified_gmt":"2025-07-16T06:43:26","slug":"support-laser-rotatif-rlb01a","status":"publish","type":"product","link":"https:\/\/k-level.com\/fr\/produit\/support-laser-rotatif-rlb01a\/","title":{"rendered":"Support laser rotatif RLB01A"},"content":{"rendered":"<p><strong>Pr\u00e9sentation du support laser rotatif RLB01A<\/strong><\/p>\n<p>L&#039;un de nos produits phares dans notre gamme d&#039;accessoires laser est le support laser rotatif RLB01A, sp\u00e9cialement con\u00e7u pour ceux qui exigent pr\u00e9cision et durabilit\u00e9 \u00e0 chaque t\u00e2che. Issu de notre gamme de supports muraux Ultimate, il <a href=\"https:\/\/k-level.com\/fr\/a-propos-de-nous\/\">Support laser rotatif RLB01A<\/a> offre une conception robuste enti\u00e8rement m\u00e9tallique qui garantit des performances durables dans des environnements de travail difficiles.<\/p>\n<p>Le <a href=\"https:\/\/k-level.com\/fr\/a-propos-de-nous\/\">Support laser rotatif RLB01A<\/a> Con\u00e7u pour offrir une stabilit\u00e9 sup\u00e9rieure lors du montage mural des lasers rotatifs, pour les applications int\u00e9rieures et ext\u00e9rieures. Dot\u00e9 d&#039;un micro-r\u00e9glage de pr\u00e9cision, il permet d&#039;ajuster facilement la direction du plan vertical. Il est ainsi particuli\u00e8rement utile pour l&#039;alignement des niveaux laser dans les installations au plafond, les cloisons et autres t\u00e2ches de haute pr\u00e9cision.<\/p>\n<p><img fetchpriority=\"high\" decoding=\"async\" class=\"size-medium wp-image-13801 aligncenter\" src=\"https:\/\/k-level.com\/wp-content\/uploads\/2025\/07\/RLB01A5-300x300.jpg\" alt=\"Support laser rotatif RLB01A\" width=\"300\" height=\"300\" srcset=\"https:\/\/k-level.com\/wp-content\/uploads\/2025\/07\/RLB01A5-300x300.jpg 300w, https:\/\/k-level.com\/wp-content\/uploads\/2025\/07\/RLB01A5-150x150.jpg 150w, https:\/\/k-level.com\/wp-content\/uploads\/2025\/07\/RLB01A5-768x768.jpg 768w, https:\/\/k-level.com\/wp-content\/uploads\/2025\/07\/RLB01A5-12x12.jpg 12w, https:\/\/k-level.com\/wp-content\/uploads\/2025\/07\/RLB01A5-370x370.jpg 370w, https:\/\/k-level.com\/wp-content\/uploads\/2025\/07\/RLB01A5-400x400.jpg 400w, https:\/\/k-level.com\/wp-content\/uploads\/2025\/07\/RLB01A5-100x100.jpg 100w, https:\/\/k-level.com\/wp-content\/uploads\/2025\/07\/RLB01A5-50x50.jpg 50w, https:\/\/k-level.com\/wp-content\/uploads\/2025\/07\/RLB01A5.jpg 800w\" sizes=\"(max-width: 300px) 100vw, 300px\" \/><\/p>\n<p>Faisant partie de la gamme de supports muraux Ultimate, le RLB01A est compatible avec la plupart des niveaux laser rotatifs standards. Sa construction m\u00e9tallique robuste r\u00e9siste \u00e0 l&#039;usure et aux dommages, ce qui en fait un investissement \u00e0 long terme pour les professionnels du b\u00e2timent et les entrepreneurs. Sa conception intuitive comprend des m\u00e9canismes de montage et de verrouillage simples pour r\u00e9duire le temps d&#039;installation et optimiser l&#039;efficacit\u00e9 sur chantier.<\/p>\n<p>Besoin d&#039;une solution?<\/p>\n<p><a href=\"https:\/\/k-level.com\/fr\/\">Niveau K<\/a>\u00a0Nous fournissons des services de conseil en \u00e9quipement d&#039;arpentage. Contactez-nous pour les commandes group\u00e9es ou l&#039;assistance technique\u00a0!<\/p>","protected":false},"excerpt":{"rendered":"<ul>\n<li>Choisissez le support laser rotatif RLB01A et faites l&#039;exp\u00e9rience<\/li>\n<li>Assistance de qualit\u00e9 professionnelle approuv\u00e9e par des experts du monde entier.<\/li>\n<\/ul>\n<p><img decoding=\"async\" class=\"alignnone size-medium wp-image-13646\" src=\"https:\/\/k-level.com\/wp-content\/uploads\/2025\/05\/logo-300x98.png\" alt=\"\" width=\"300\" height=\"98\" srcset=\"https:\/\/k-level.com\/wp-content\/uploads\/2025\/05\/logo-300x98.png 300w, https:\/\/k-level.com\/wp-content\/uploads\/2025\/05\/logo-18x6.png 18w, https:\/\/k-level.com\/wp-content\/uploads\/2025\/05\/logo.png 307w\" sizes=\"(max-width: 300px) 100vw, 300px\" \/><\/p>","protected":false},"featured_media":13797,"comment_status":"open","ping_status":"closed","template":"","meta":[],"product_brand":[],"product_cat":[261],"product_tag":[238],"class_list":{"0":"post-13796","1":"product","2":"type-product","3":"status-publish","4":"has-post-thumbnail","6":"product_cat-rotary-laser-bracket","7":"product_tag-carpentry-and-furniture","9":"first","10":"instock","11":"shipping-taxable","12":"product-type-simple"},"_links":{"self":[{"href":"https:\/\/k-level.com\/fr\/wp-json\/wp\/v2\/product\/13796","targetHints":{"allow":["GET"]}}],"collection":[{"href":"https:\/\/k-level.com\/fr\/wp-json\/wp\/v2\/product"}],"about":[{"href":"https:\/\/k-level.com\/fr\/wp-json\/wp\/v2\/types\/product"}],"replies":[{"embeddable":true,"href":"https:\/\/k-level.com\/fr\/wp-json\/wp\/v2\/comments?post=13796"}],"version-history":[{"count":3,"href":"https:\/\/k-level.com\/fr\/wp-json\/wp\/v2\/product\/13796\/revisions"}],"predecessor-version":[{"id":13804,"href":"https:\/\/k-level.com\/fr\/wp-json\/wp\/v2\/product\/13796\/revisions\/13804"}],"wp:featuredmedia":[{"embeddable":true,"href":"https:\/\/k-level.com\/fr\/wp-json\/wp\/v2\/media\/13797"}],"wp:attachment":[{"href":"https:\/\/k-level.com\/fr\/wp-json\/wp\/v2\/media?parent=13796"}],"wp:term":[{"taxonomy":"product_brand","embeddable":true,"href":"https:\/\/k-level.com\/fr\/wp-json\/wp\/v2\/product_brand?post=13796"},{"taxonomy":"product_cat","embeddable":true,"href":"https:\/\/k-level.com\/fr\/wp-json\/wp\/v2\/product_cat?post=13796"},{"taxonomy":"product_tag","embeddable":true,"href":"https:\/\/k-level.com\/fr\/wp-json\/wp\/v2\/product_tag?post=13796"}],"curies":[{"name":"wp","href":"https:\/\/api.w.org\/{rel}","templated":true}]}}