{"id":13597,"date":"2025-07-01T14:55:06","date_gmt":"2025-07-01T06:55:06","guid":{"rendered":"https:\/\/k-level.com\/?post_type=product&#038;p=13597"},"modified":"2025-07-15T17:28:17","modified_gmt":"2025-07-15T09:28:17","slug":"support-laser-de-ligne-llb24a-24ab","status":"publish","type":"product","link":"https:\/\/k-level.com\/fr\/produit\/support-laser-de-ligne-llb24a-24ab\/","title":{"rendered":"Support pour laser de ligne LLB24A\/24AB"},"content":{"rendered":"<p>Le support pour laser de ligne LLB24A\/24AB est l&#039;accessoire id\u00e9al pour tous les niveaux laser. Son filetage 1\/4\u2033 est compatible avec toutes les marques d&#039;\u00e9quipements laser et convient \u00e0 tous les chantiers, garantissant des mesures stables et pr\u00e9cises. Que ce soit sur un chantier ou pour la r\u00e9novation, ce support offre un excellent maintien.<\/p>\n<p>Ce support laser de ligne LLB24A\/24AB est dot\u00e9 d&#039;aimants puissants et peut \u00eatre facilement fix\u00e9 sur des cadres m\u00e9talliques.<\/p>\n<p>Le support mural pour niveaux laser multidirectionnels est une caract\u00e9ristique cl\u00e9 du<a href=\"https:\/\/k-level.com\/fr\/boutique\/\"> Support LLB24A\/24AB<\/a>Sa conception unique permet une installation facile sur diverses surfaces murales, offrant ainsi une plateforme stable \u00e0 votre niveau laser. En fixant solidement votre laser, le support garantit des mesures pr\u00e9cises et coh\u00e9rentes, r\u00e9duisant ainsi les risques d&#039;erreurs. Que vous travailliez sur des chantiers, des r\u00e9novations ou des installations artistiques, ce support mural simplifie votre travail.<\/p>\n<p>L&#039;un des principaux avantages du LLB24A\/24AB est sa capacit\u00e9 multidirectionnelle. <a href=\"https:\/\/k-level.com\/fr\/boutique\/\">Support mural pour niveaux laser multidirectionnels<\/a> Permet aux utilisateurs de projeter des lignes laser dans plusieurs orientations, ce qui le rend incroyablement polyvalent. Cette fonctionnalit\u00e9 est id\u00e9ale pour les t\u00e2ches n\u00e9cessitant un alignement pr\u00e9cis, comme la suspension d&#039;\u00e9tag\u00e8res, l&#039;alignement de carrelage ou la mise \u00e0 niveau d&#039;armoires.<\/p>\n<p><img fetchpriority=\"high\" decoding=\"async\" class=\"aligncenter wp-image-13600 size-medium\" src=\"https:\/\/k-level.com\/wp-content\/uploads\/2025\/07\/06-300x300.jpg\" alt=\"Support mural pour niveaux laser multidirectionnels\" width=\"300\" height=\"300\" srcset=\"https:\/\/k-level.com\/wp-content\/uploads\/2025\/07\/06-300x300.jpg 300w, https:\/\/k-level.com\/wp-content\/uploads\/2025\/07\/06-150x150.jpg 150w, https:\/\/k-level.com\/wp-content\/uploads\/2025\/07\/06-768x768.jpg 768w, https:\/\/k-level.com\/wp-content\/uploads\/2025\/07\/06-12x12.jpg 12w, https:\/\/k-level.com\/wp-content\/uploads\/2025\/07\/06-370x370.jpg 370w, https:\/\/k-level.com\/wp-content\/uploads\/2025\/07\/06-400x400.jpg 400w, https:\/\/k-level.com\/wp-content\/uploads\/2025\/07\/06-100x100.jpg 100w, https:\/\/k-level.com\/wp-content\/uploads\/2025\/07\/06-50x50.jpg 50w, https:\/\/k-level.com\/wp-content\/uploads\/2025\/07\/06.jpg 800w\" sizes=\"(max-width: 300px) 100vw, 300px\" \/><br \/>\nLe support laser de ligne LLB24A\/24AB peut \u00e9galement \u00eatre fix\u00e9 sur une cloison s\u00e8che par le trou sup\u00e9rieur ou utilis\u00e9 avec une perche t\u00e9lescopique professionnelle. Le syst\u00e8me de r\u00e9glage pr\u00e9cis de la hauteur permet un alignement rapide et pr\u00e9cis de la ligne laser et une efficacit\u00e9 accrue.<\/p>\n<p>Il existe deux mod\u00e8les de support laser de ligne LLB24\u00a0: le LLB24A et le LLB24AB. Le support laser de ligne LLB24AB est dot\u00e9 d&#039;un support \u00e0 l&#039;arri\u00e8re.<\/p>\n<p>Besoin d&#039;une solution?<br \/>\nK-level propose des services de conseil en \u00e9quipement d&#039;arpentage. Contactez-nous pour les commandes group\u00e9es ou l&#039;assistance technique\u00a0!<\/p>","protected":false},"excerpt":{"rendered":"<ul>\n<li>Le support laser de ligne LLB24A\/24AB est un choix id\u00e9al pour la mesure<\/li>\n<li>construction avec ses fonctions puissantes et sa conception pratique.<\/li>\n<li>Que vous recherchiez un outil d&#039;alignement laser pr\u00e9cis ou que vous ayez besoin d&#039;un support portable.<\/li>\n<\/ul>\n<p><img decoding=\"async\" class=\"alignnone size-medium wp-image-13646\" src=\"https:\/\/k-level.com\/wp-content\/uploads\/2025\/05\/logo-300x98.png\" alt=\"\" width=\"300\" height=\"98\" srcset=\"https:\/\/k-level.com\/wp-content\/uploads\/2025\/05\/logo-300x98.png 300w, https:\/\/k-level.com\/wp-content\/uploads\/2025\/05\/logo-18x6.png 18w, https:\/\/k-level.com\/wp-content\/uploads\/2025\/05\/logo.png 307w\" sizes=\"(max-width: 300px) 100vw, 300px\" \/><\/p>","protected":false},"featured_media":13598,"comment_status":"open","ping_status":"closed","template":"","meta":[],"product_brand":[],"product_cat":[260],"product_tag":[238],"class_list":{"0":"post-13597","1":"product","2":"type-product","3":"status-publish","4":"has-post-thumbnail","6":"product_cat-line-laser-bracket","7":"product_tag-carpentry-and-furniture","9":"first","10":"instock","11":"shipping-taxable","12":"product-type-simple"},"_links":{"self":[{"href":"https:\/\/k-level.com\/fr\/wp-json\/wp\/v2\/product\/13597","targetHints":{"allow":["GET"]}}],"collection":[{"href":"https:\/\/k-level.com\/fr\/wp-json\/wp\/v2\/product"}],"about":[{"href":"https:\/\/k-level.com\/fr\/wp-json\/wp\/v2\/types\/product"}],"replies":[{"embeddable":true,"href":"https:\/\/k-level.com\/fr\/wp-json\/wp\/v2\/comments?post=13597"}],"version-history":[{"count":5,"href":"https:\/\/k-level.com\/fr\/wp-json\/wp\/v2\/product\/13597\/revisions"}],"predecessor-version":[{"id":13792,"href":"https:\/\/k-level.com\/fr\/wp-json\/wp\/v2\/product\/13597\/revisions\/13792"}],"wp:featuredmedia":[{"embeddable":true,"href":"https:\/\/k-level.com\/fr\/wp-json\/wp\/v2\/media\/13598"}],"wp:attachment":[{"href":"https:\/\/k-level.com\/fr\/wp-json\/wp\/v2\/media?parent=13597"}],"wp:term":[{"taxonomy":"product_brand","embeddable":true,"href":"https:\/\/k-level.com\/fr\/wp-json\/wp\/v2\/product_brand?post=13597"},{"taxonomy":"product_cat","embeddable":true,"href":"https:\/\/k-level.com\/fr\/wp-json\/wp\/v2\/product_cat?post=13597"},{"taxonomy":"product_tag","embeddable":true,"href":"https:\/\/k-level.com\/fr\/wp-json\/wp\/v2\/product_tag?post=13597"}],"curies":[{"name":"wp","href":"https:\/\/api.w.org\/{rel}","templated":true}]}}