{"id":13591,"date":"2025-07-01T14:00:59","date_gmt":"2025-07-01T06:00:59","guid":{"rendered":"https:\/\/k-level.com\/?post_type=product&#038;p=13591"},"modified":"2025-07-15T17:12:27","modified_gmt":"2025-07-15T09:12:27","slug":"kit-daccessoires-pour-support-de-laser-de-ligne-llb23a","status":"publish","type":"product","link":"https:\/\/k-level.com\/fr\/produit\/kit-daccessoires-pour-support-de-laser-de-ligne-llb23a\/","title":{"rendered":"Support pour laser de ligne LLB23A"},"content":{"rendered":"<p>Support laser polyvalent LLB23A \u2013 Conception magn\u00e9tique et pince r\u00e9glable<\/p>\n<p>Le support laser de ligne LLB23A est le compagnon id\u00e9al de vos outils de mesure, alliant un design innovant \u00e0 une fonctionnalit\u00e9 pratique.<br \/>\nLe support laser de ligne LLB23A est \u00e9quip\u00e9 d&#039;une pince r\u00e9glable \u00e0 visser qui peut \u00eatre mont\u00e9e en toute s\u00e9curit\u00e9 sur des panneaux jusqu&#039;\u00e0 8,7 cm de hauteur, offrant une plage de serrage plus large que les conceptions \u00e0 ressort traditionnelles, s&#039;adaptant \u00e0 une vari\u00e9t\u00e9 de sc\u00e9narios d&#039;utilisation.<\/p>\n<p><a href=\"https:\/\/k-level.com\/fr\/boutique\/\">Support pour laser de ligne LLB23A<\/a>, la pi\u00e8ce ma\u00eetresse de notre approche globale <a href=\"https:\/\/k-level.com\/fr\/boutique\/\">Kit d&#039;accessoires pour niveau laser<\/a>Con\u00e7ue pour les professionnels qui exigent polyvalence et pr\u00e9cision, cette solution de montage compl\u00e8te transforme votre fa\u00e7on de travailler avec les lasers \u00e0 ligne dans les applications de construction, d&#039;arpentage et industrielles.<\/p>\n<p>Le kit d&#039;accessoires pour niveau laser se distingue par son syst\u00e8me innovant de changement rapide qui permet de passer facilement d&#039;une configuration de montage \u00e0 l&#039;autre en quelques secondes. Que vous ayez besoin d&#039;un montage au plafond, d&#039;une fixation murale ou d&#039;un tr\u00e9pied, ce kit est fait pour vous. <a href=\"https:\/\/k-level.com\/fr\/boutique\/\">Kit d&#039;accessoires pour niveau laser<\/a> La solution id\u00e9ale. La construction en aluminium de qualit\u00e9 a\u00e9ronautique du LLB23A garantit durabilit\u00e9 et l\u00e9g\u00e8ret\u00e9.<\/p>\n<p><img fetchpriority=\"high\" decoding=\"async\" class=\"aligncenter wp-image-13592 size-medium\" src=\"https:\/\/k-level.com\/wp-content\/uploads\/2025\/07\/01-300x300.jpg\" alt=\"Kit d&#039;accessoires pour niveau laser\" width=\"300\" height=\"300\" srcset=\"https:\/\/k-level.com\/wp-content\/uploads\/2025\/07\/01-300x300.jpg 300w, https:\/\/k-level.com\/wp-content\/uploads\/2025\/07\/01-150x150.jpg 150w, https:\/\/k-level.com\/wp-content\/uploads\/2025\/07\/01-768x768.jpg 768w, https:\/\/k-level.com\/wp-content\/uploads\/2025\/07\/01-12x12.jpg 12w, https:\/\/k-level.com\/wp-content\/uploads\/2025\/07\/01-370x370.jpg 370w, https:\/\/k-level.com\/wp-content\/uploads\/2025\/07\/01-400x400.jpg 400w, https:\/\/k-level.com\/wp-content\/uploads\/2025\/07\/01-100x100.jpg 100w, https:\/\/k-level.com\/wp-content\/uploads\/2025\/07\/01-50x50.jpg 50w, https:\/\/k-level.com\/wp-content\/uploads\/2025\/07\/01.jpg 800w\" sizes=\"(max-width: 300px) 100vw, 300px\" \/><\/p>\n<p>Que ce soit en int\u00e9rieur ou en ext\u00e9rieur, ce support offre quatre options de fixation\u00a0: fixation magn\u00e9tique, plaque de serrage, suspension sur clous ou fixation sur tr\u00e9pied avec filetage 1\/4\u2033-20. Son r\u00e9glage multidirectionnel vous permet d&#039;ajuster facilement l&#039;angle du laser pour garantir la pr\u00e9cision de chaque mesure.<\/p>\n<p>Besoin d&#039;une solution?<br \/>\nK-level propose des services de conseil en \u00e9quipement d&#039;arpentage. Contactez-nous pour les commandes group\u00e9es ou l&#039;assistance technique\u00a0!<\/p>","protected":false},"excerpt":{"rendered":"<ul>\n<li>Le support laser de ligne LLB23A est un choix id\u00e9al pour<\/li>\n<li>Travaux de mesure gr\u00e2ce \u00e0 sa construction robuste et sa polyvalence.<\/li>\n<li>Le support peut fournir un excellent support et une excellente stabilit\u00e9 pour vous aider \u00e0 effectuer facilement chaque t\u00e2che de mesure.<\/li>\n<\/ul>\n<p><img decoding=\"async\" class=\"alignnone size-medium wp-image-13646\" src=\"https:\/\/k-level.com\/wp-content\/uploads\/2025\/05\/logo-300x98.png\" alt=\"\" width=\"300\" height=\"98\" srcset=\"https:\/\/k-level.com\/wp-content\/uploads\/2025\/05\/logo-300x98.png 300w, https:\/\/k-level.com\/wp-content\/uploads\/2025\/05\/logo-18x6.png 18w, https:\/\/k-level.com\/wp-content\/uploads\/2025\/05\/logo.png 307w\" sizes=\"(max-width: 300px) 100vw, 300px\" \/><\/p>","protected":false},"featured_media":13593,"comment_status":"open","ping_status":"closed","template":"","meta":[],"product_brand":[],"product_cat":[260],"product_tag":[238],"class_list":{"0":"post-13591","1":"product","2":"type-product","3":"status-publish","4":"has-post-thumbnail","6":"product_cat-line-laser-bracket","7":"product_tag-carpentry-and-furniture","9":"first","10":"instock","11":"shipping-taxable","12":"product-type-simple"},"_links":{"self":[{"href":"https:\/\/k-level.com\/fr\/wp-json\/wp\/v2\/product\/13591","targetHints":{"allow":["GET"]}}],"collection":[{"href":"https:\/\/k-level.com\/fr\/wp-json\/wp\/v2\/product"}],"about":[{"href":"https:\/\/k-level.com\/fr\/wp-json\/wp\/v2\/types\/product"}],"replies":[{"embeddable":true,"href":"https:\/\/k-level.com\/fr\/wp-json\/wp\/v2\/comments?post=13591"}],"version-history":[{"count":3,"href":"https:\/\/k-level.com\/fr\/wp-json\/wp\/v2\/product\/13591\/revisions"}],"predecessor-version":[{"id":13791,"href":"https:\/\/k-level.com\/fr\/wp-json\/wp\/v2\/product\/13591\/revisions\/13791"}],"wp:featuredmedia":[{"embeddable":true,"href":"https:\/\/k-level.com\/fr\/wp-json\/wp\/v2\/media\/13593"}],"wp:attachment":[{"href":"https:\/\/k-level.com\/fr\/wp-json\/wp\/v2\/media?parent=13591"}],"wp:term":[{"taxonomy":"product_brand","embeddable":true,"href":"https:\/\/k-level.com\/fr\/wp-json\/wp\/v2\/product_brand?post=13591"},{"taxonomy":"product_cat","embeddable":true,"href":"https:\/\/k-level.com\/fr\/wp-json\/wp\/v2\/product_cat?post=13591"},{"taxonomy":"product_tag","embeddable":true,"href":"https:\/\/k-level.com\/fr\/wp-json\/wp\/v2\/product_tag?post=13591"}],"curies":[{"name":"wp","href":"https:\/\/api.w.org\/{rel}","templated":true}]}}