{"id":13580,"date":"2025-06-30T17:14:13","date_gmt":"2025-06-30T09:14:13","guid":{"rendered":"https:\/\/k-level.com\/?post_type=product&#038;p=13580"},"modified":"2025-07-15T17:00:58","modified_gmt":"2025-07-15T09:00:58","slug":"support-de-laser-de-ligne-llb19","status":"publish","type":"product","link":"https:\/\/k-level.com\/fr\/produit\/support-de-laser-de-ligne-llb19\/","title":{"rendered":"Support pour laser de ligne LLB19"},"content":{"rendered":"<p>Le support laser de ligne LLB19 est un outil polyvalent con\u00e7u pour les applications laser.<\/p>\n<p>Support laser de ligne LLB19 dot\u00e9 d&#039;une base magn\u00e9tique puissante et d&#039;un filetage 1\/4\u2033-20 pour une fixation facile aux outils laser.<\/p>\n<p>Le <a href=\"https:\/\/k-level.com\/fr\/a-propos-de-nous\/\">Support pour laser de ligne LLB19<\/a>, dot\u00e9 de notre technologie innovante de support en L \u00e0 aimant puissant. Con\u00e7ue pour les professionnels exigeant fiabilit\u00e9 et efficacit\u00e9, cette solution de montage r\u00e9volutionne le positionnement du niveau laser dans la construction, la fabrication m\u00e9tallique et les applications industrielles.<\/p>\n<p>Les LLB19 <a href=\"https:\/\/k-level.com\/fr\/a-propos-de-nous\/\">Support en L \u00e0 aimant puissant<\/a> Le syst\u00e8me est dot\u00e9 d&#039;une base magn\u00e9tique exceptionnellement puissante qui assure une fixation s\u00fbre sur toute surface ferreuse tout en maintenant un alignement parfait \u00e0 90\u00b0.<br \/>\nLa conception en forme de L offre une stabilit\u00e9 optimale tout en gardant votre niveau laser parfaitement positionn\u00e9 pour les projections verticales ou horizontales.<\/p>\n<p><img fetchpriority=\"high\" decoding=\"async\" class=\"aligncenter wp-image-13581 size-medium\" src=\"https:\/\/k-level.com\/wp-content\/uploads\/2025\/06\/LLB192-300x300.jpg\" alt=\"Support en L \u00e0 aimant puissant\" width=\"300\" height=\"300\" srcset=\"https:\/\/k-level.com\/wp-content\/uploads\/2025\/06\/LLB192-300x300.jpg 300w, https:\/\/k-level.com\/wp-content\/uploads\/2025\/06\/LLB192-150x150.jpg 150w, https:\/\/k-level.com\/wp-content\/uploads\/2025\/06\/LLB192-768x768.jpg 768w, https:\/\/k-level.com\/wp-content\/uploads\/2025\/06\/LLB192-12x12.jpg 12w, https:\/\/k-level.com\/wp-content\/uploads\/2025\/06\/LLB192-370x370.jpg 370w, https:\/\/k-level.com\/wp-content\/uploads\/2025\/06\/LLB192-400x400.jpg 400w, https:\/\/k-level.com\/wp-content\/uploads\/2025\/06\/LLB192-100x100.jpg 100w, https:\/\/k-level.com\/wp-content\/uploads\/2025\/06\/LLB192-50x50.jpg 50w, https:\/\/k-level.com\/wp-content\/uploads\/2025\/06\/LLB192.jpg 800w\" sizes=\"(max-width: 300px) 100vw, 300px\" \/><br \/>\nLe support laser de ligne LLB19 est de conception l\u00e9g\u00e8re et durable, ainsi que ses fonctionnalit\u00e9s r\u00e9glables, le rendent parfait pour r\u00e9aliser des mesures pr\u00e9cises dans les t\u00e2ches de construction et d&#039;arpentage.<\/p>\n<p>Besoin d&#039;une solution?<br \/>\nK-level propose des services de conseil en \u00e9quipement d&#039;arpentage. Contactez-nous pour les commandes group\u00e9es ou l&#039;assistance technique\u00a0!<\/p>","protected":false},"excerpt":{"rendered":"<ul>\n<li>Le support laser de ligne LLB19 est un support de barre en L<\/li>\n<li>LLB19 avec aimant et filetage 1\/4\u2033-20<\/li>\n<\/ul>\n<p><img decoding=\"async\" class=\"alignnone size-medium wp-image-13646\" src=\"https:\/\/k-level.com\/wp-content\/uploads\/2025\/05\/logo-300x98.png\" alt=\"\" width=\"300\" height=\"98\" srcset=\"https:\/\/k-level.com\/wp-content\/uploads\/2025\/05\/logo-300x98.png 300w, https:\/\/k-level.com\/wp-content\/uploads\/2025\/05\/logo-18x6.png 18w, https:\/\/k-level.com\/wp-content\/uploads\/2025\/05\/logo.png 307w\" sizes=\"(max-width: 300px) 100vw, 300px\" \/><\/p>","protected":false},"featured_media":13583,"comment_status":"open","ping_status":"closed","template":"","meta":[],"product_brand":[],"product_cat":[261],"product_tag":[238],"class_list":{"0":"post-13580","1":"product","2":"type-product","3":"status-publish","4":"has-post-thumbnail","6":"product_cat-rotary-laser-bracket","7":"product_tag-carpentry-and-furniture","9":"first","10":"instock","11":"shipping-taxable","12":"product-type-simple"},"_links":{"self":[{"href":"https:\/\/k-level.com\/fr\/wp-json\/wp\/v2\/product\/13580","targetHints":{"allow":["GET"]}}],"collection":[{"href":"https:\/\/k-level.com\/fr\/wp-json\/wp\/v2\/product"}],"about":[{"href":"https:\/\/k-level.com\/fr\/wp-json\/wp\/v2\/types\/product"}],"replies":[{"embeddable":true,"href":"https:\/\/k-level.com\/fr\/wp-json\/wp\/v2\/comments?post=13580"}],"version-history":[{"count":4,"href":"https:\/\/k-level.com\/fr\/wp-json\/wp\/v2\/product\/13580\/revisions"}],"predecessor-version":[{"id":13789,"href":"https:\/\/k-level.com\/fr\/wp-json\/wp\/v2\/product\/13580\/revisions\/13789"}],"wp:featuredmedia":[{"embeddable":true,"href":"https:\/\/k-level.com\/fr\/wp-json\/wp\/v2\/media\/13583"}],"wp:attachment":[{"href":"https:\/\/k-level.com\/fr\/wp-json\/wp\/v2\/media?parent=13580"}],"wp:term":[{"taxonomy":"product_brand","embeddable":true,"href":"https:\/\/k-level.com\/fr\/wp-json\/wp\/v2\/product_brand?post=13580"},{"taxonomy":"product_cat","embeddable":true,"href":"https:\/\/k-level.com\/fr\/wp-json\/wp\/v2\/product_cat?post=13580"},{"taxonomy":"product_tag","embeddable":true,"href":"https:\/\/k-level.com\/fr\/wp-json\/wp\/v2\/product_tag?post=13580"}],"curies":[{"name":"wp","href":"https:\/\/api.w.org\/{rel}","templated":true}]}}